{"id":99,"date":"2025-03-19T11:20:19","date_gmt":"2025-03-19T09:20:19","guid":{"rendered":"https:\/\/sisu.ut.ee\/gebhardt\/?page_id=99"},"modified":"2025-04-03T14:52:52","modified_gmt":"2025-04-03T11:52:52","slug":"4-tund","status":"publish","type":"page","link":"https:\/\/sisu.ut.ee\/gebhardt\/4-tund\/","title":{"rendered":"4. THEMA: Gr\u00fcndonnerstag"},"content":{"rendered":"<p><\/p>\n\n\n\n<figure class=\"wp-block-image aligncenter size-full is-resized\"><img loading=\"lazy\" decoding=\"async\" width=\"846\" height=\"524\" src=\"https:\/\/sisu.ut.ee\/wp-content\/uploads\/sites\/896\/Das-letzte-Abendmahl-Berlin-Nationalgalerie.png\" alt=\"\" class=\"wp-image-100\" style=\"width:800px\" srcset=\"https:\/\/sisu.ut.ee\/wp-content\/uploads\/sites\/896\/Das-letzte-Abendmahl-Berlin-Nationalgalerie.png 846w, https:\/\/sisu.ut.ee\/wp-content\/uploads\/sites\/896\/Das-letzte-Abendmahl-Berlin-Nationalgalerie-300x186.png 300w, https:\/\/sisu.ut.ee\/wp-content\/uploads\/sites\/896\/Das-letzte-Abendmahl-Berlin-Nationalgalerie-768x476.png 768w\" sizes=\"auto, (max-width: 846px) 100vw, 846px\"><\/figure>\n\n\n<p style=\"text-align: center;\">Das letzte Abendmahl (1870)\u00a0<\/p>\n<p style=\"text-align: center;\">\u00d6l auf Leinwand, H\u00f6he x Breite: 193 x 304,5 cm; Rahmenma\u00df: 228 x 349 x 6 cm<\/p>\n<p style=\"text-align: center;\">Eduard von Gebhardt<\/p>\n<p style=\"text-align: center;\">Nationalgalerie Berlin<\/p>\n","protected":false},"excerpt":{"rendered":"<p>Das letzte Abendmahl (1870)\u00a0 \u00d6l auf Leinwand, H\u00f6he x Breite: 193 x 304,5 cm; Rahmenma\u00df: 228 x 349 x 6 cm Eduard von Gebhardt Nationalgalerie Berlin<\/p>\n","protected":false},"author":816,"featured_media":0,"parent":0,"menu_order":0,"comment_status":"closed","ping_status":"closed","template":"","meta":{"_acf_changed":false,"inline_featured_image":false,"footnotes":""},"class_list":["post-99","page","type-page","status-publish","hentry"],"acf":[],"_links":{"self":[{"href":"https:\/\/sisu.ut.ee\/gebhardt\/wp-json\/wp\/v2\/pages\/99","targetHints":{"allow":["GET"]}}],"collection":[{"href":"https:\/\/sisu.ut.ee\/gebhardt\/wp-json\/wp\/v2\/pages"}],"about":[{"href":"https:\/\/sisu.ut.ee\/gebhardt\/wp-json\/wp\/v2\/types\/page"}],"author":[{"embeddable":true,"href":"https:\/\/sisu.ut.ee\/gebhardt\/wp-json\/wp\/v2\/users\/816"}],"replies":[{"embeddable":true,"href":"https:\/\/sisu.ut.ee\/gebhardt\/wp-json\/wp\/v2\/comments?post=99"}],"version-history":[{"count":7,"href":"https:\/\/sisu.ut.ee\/gebhardt\/wp-json\/wp\/v2\/pages\/99\/revisions"}],"predecessor-version":[{"id":609,"href":"https:\/\/sisu.ut.ee\/gebhardt\/wp-json\/wp\/v2\/pages\/99\/revisions\/609"}],"wp:attachment":[{"href":"https:\/\/sisu.ut.ee\/gebhardt\/wp-json\/wp\/v2\/media?parent=99"}],"curies":[{"name":"wp","href":"https:\/\/api.w.org\/{rel}","templated":true}]}}