{"id":93,"date":"2025-03-19T11:18:24","date_gmt":"2025-03-19T09:18:24","guid":{"rendered":"https:\/\/sisu.ut.ee\/gebhardt\/?page_id=93"},"modified":"2025-04-02T17:46:09","modified_gmt":"2025-04-02T14:46:09","slug":"3-5-ubung","status":"publish","type":"page","link":"https:\/\/sisu.ut.ee\/gebhardt\/3-5-ubung\/","title":{"rendered":"3.5 Lesetext"},"content":{"rendered":"<p><strong>Die liturgischen Farben<\/strong><\/p>\n<p>Die liturgischen Farben zeigen die Bedeutung eines Sonntags oder Feiertags. In der evangelischen Kirche gibt es f\u00fcnf Farben: <strong>wei\u00df, rot, violett, gr\u00fcn und schwarz<\/strong>. Jede Farbe hat eine besondere Bedeutung.<\/p>\n<ul>\n<li><strong>Wei\u00df<\/strong> steht f\u00fcr Licht, Reinheit und Wahrheit. Es wird an Weihnachten, Ostern, Himmelfahrt benutzt.<\/li>\n<li><strong>Rot<\/strong> ist die Farbe von Blut und Feuer. Sie symbolisiert Leben, Kraft und das Leiden der M\u00e4rtyrer. Es wird an Pfingsten und am Reformationstag verwendet.<\/li>\n<li><strong>Violett<\/strong> ist die Farbe der Stille, Besinnung und Umkehr. Es wird in der Advents- und Fastenzeit benutzt.<\/li>\n<li><strong>Gr\u00fcn<\/strong> steht f\u00fcr Leben, Wachstum und Hoffnung. Es ist die Farbe f\u00fcr gew\u00f6hnliche Sonntage.<\/li>\n<li><strong>Schwarz<\/strong> bedeutet Tod und Trauer. Es ist Farbe f\u00fcr Karfreitag.<\/li>\n<\/ul>\n\n\n<div class=\"h5p-iframe-wrapper\"><div class=\"video-placeholder-wrapper video-placeholder-wrapper--fixed\" style=\"height: 366px;\">\n\t\t\t    <div class=\"video-placeholder d-flex justify-content-center align-items-center\">\n\t\t\t        <div class=\"overlay text-white p-2 w-100 text-center d-block justify-content-center align-items-center\">\n\t\t\t            <div>Kolmandate osapoolte sisu n\u00e4gemiseks palun n\u00f5ustu k\u00fcpsistega.<\/div>\n\t\t\t            <button class=\"btn btn-secondary btn-sm mt-1 consent-change\">Muuda n\u00f5usolekut<\/button>\n\t\t\t        <\/div>\n\t\t\t    <\/div>\n\t\t\t<\/div>\n<\/div>\n","protected":false},"excerpt":{"rendered":"<p>Die liturgischen Farben Die liturgischen Farben zeigen die Bedeutung eines Sonntags oder Feiertags. In der evangelischen Kirche gibt es f\u00fcnf Farben: wei\u00df, rot, violett, gr\u00fcn und schwarz. Jede Farbe hat eine besondere Bedeutung. Wei\u00df steht f\u00fcr Licht, Reinheit und Wahrheit. &#8230;<\/p>\n","protected":false},"author":816,"featured_media":0,"parent":0,"menu_order":0,"comment_status":"closed","ping_status":"closed","template":"","meta":{"_acf_changed":false,"inline_featured_image":false,"footnotes":""},"class_list":["post-93","page","type-page","status-publish","hentry"],"acf":[],"_links":{"self":[{"href":"https:\/\/sisu.ut.ee\/gebhardt\/wp-json\/wp\/v2\/pages\/93","targetHints":{"allow":["GET"]}}],"collection":[{"href":"https:\/\/sisu.ut.ee\/gebhardt\/wp-json\/wp\/v2\/pages"}],"about":[{"href":"https:\/\/sisu.ut.ee\/gebhardt\/wp-json\/wp\/v2\/types\/page"}],"author":[{"embeddable":true,"href":"https:\/\/sisu.ut.ee\/gebhardt\/wp-json\/wp\/v2\/users\/816"}],"replies":[{"embeddable":true,"href":"https:\/\/sisu.ut.ee\/gebhardt\/wp-json\/wp\/v2\/comments?post=93"}],"version-history":[{"count":5,"href":"https:\/\/sisu.ut.ee\/gebhardt\/wp-json\/wp\/v2\/pages\/93\/revisions"}],"predecessor-version":[{"id":513,"href":"https:\/\/sisu.ut.ee\/gebhardt\/wp-json\/wp\/v2\/pages\/93\/revisions\/513"}],"wp:attachment":[{"href":"https:\/\/sisu.ut.ee\/gebhardt\/wp-json\/wp\/v2\/media?parent=93"}],"curies":[{"name":"wp","href":"https:\/\/api.w.org\/{rel}","templated":true}]}}