{"id":90,"date":"2025-03-19T11:17:42","date_gmt":"2025-03-19T09:17:42","guid":{"rendered":"https:\/\/sisu.ut.ee\/gebhardt\/?page_id=90"},"modified":"2025-04-02T22:29:47","modified_gmt":"2025-04-02T19:29:47","slug":"3-4-ubung","status":"publish","type":"page","link":"https:\/\/sisu.ut.ee\/gebhardt\/3-4-ubung\/","title":{"rendered":"3.4 Wortschatztraining und Bildbeschreibung"},"content":{"rendered":"<p>\u00a0<\/p>\n<div class=\"h5p-iframe-wrapper\"><div class=\"video-placeholder-wrapper video-placeholder-wrapper--fixed\" style=\"height: 366px;\">\n\t\t\t    <div class=\"video-placeholder d-flex justify-content-center align-items-center\">\n\t\t\t        <div class=\"overlay text-white p-2 w-100 text-center d-block justify-content-center align-items-center\">\n\t\t\t            <div>Kolmandate osapoolte sisu n\u00e4gemiseks palun n\u00f5ustu k\u00fcpsistega.<\/div>\n\t\t\t            <button class=\"btn btn-secondary btn-sm mt-1 consent-change\">Muuda n\u00f5usolekut<\/button>\n\t\t\t        <\/div>\n\t\t\t    <\/div>\n\t\t\t<\/div>\n<\/div>\n<p><strong>Bilden Sie Komposita aus einem Substantiv und einem Farbadjektiv und finden Sie diese Farben auf dem Gem\u00e4lde von Gebhardt.<\/strong><\/p>\n\n\n<figure class=\"wp-block-image size-full\"><img loading=\"lazy\" decoding=\"async\" width=\"1000\" height=\"907\" src=\"https:\/\/sisu.ut.ee\/wp-content\/uploads\/sites\/896\/89317f75-17e9-4bce-843e-7341cfd371a4-%E2%80%93-koopia.jpg\" alt=\"\" class=\"wp-image-274\" srcset=\"https:\/\/sisu.ut.ee\/wp-content\/uploads\/sites\/896\/89317f75-17e9-4bce-843e-7341cfd371a4-\u2013-koopia.jpg 1000w, https:\/\/sisu.ut.ee\/wp-content\/uploads\/sites\/896\/89317f75-17e9-4bce-843e-7341cfd371a4-\u2013-koopia-300x272.jpg 300w, https:\/\/sisu.ut.ee\/wp-content\/uploads\/sites\/896\/89317f75-17e9-4bce-843e-7341cfd371a4-\u2013-koopia-768x697.jpg 768w\" sizes=\"auto, (max-width: 1000px) 100vw, 1000px\"><\/figure>\n\n\n\n<p><\/p>\n","protected":false},"excerpt":{"rendered":"<p>\u00a0 Bilden Sie Komposita aus einem Substantiv und einem Farbadjektiv und finden Sie diese Farben auf dem Gem\u00e4lde von Gebhardt.<\/p>\n","protected":false},"author":816,"featured_media":0,"parent":0,"menu_order":0,"comment_status":"closed","ping_status":"closed","template":"","meta":{"_acf_changed":false,"inline_featured_image":false,"footnotes":""},"class_list":["post-90","page","type-page","status-publish","hentry"],"acf":[],"_links":{"self":[{"href":"https:\/\/sisu.ut.ee\/gebhardt\/wp-json\/wp\/v2\/pages\/90","targetHints":{"allow":["GET"]}}],"collection":[{"href":"https:\/\/sisu.ut.ee\/gebhardt\/wp-json\/wp\/v2\/pages"}],"about":[{"href":"https:\/\/sisu.ut.ee\/gebhardt\/wp-json\/wp\/v2\/types\/page"}],"author":[{"embeddable":true,"href":"https:\/\/sisu.ut.ee\/gebhardt\/wp-json\/wp\/v2\/users\/816"}],"replies":[{"embeddable":true,"href":"https:\/\/sisu.ut.ee\/gebhardt\/wp-json\/wp\/v2\/comments?post=90"}],"version-history":[{"count":12,"href":"https:\/\/sisu.ut.ee\/gebhardt\/wp-json\/wp\/v2\/pages\/90\/revisions"}],"predecessor-version":[{"id":599,"href":"https:\/\/sisu.ut.ee\/gebhardt\/wp-json\/wp\/v2\/pages\/90\/revisions\/599"}],"wp:attachment":[{"href":"https:\/\/sisu.ut.ee\/gebhardt\/wp-json\/wp\/v2\/media?parent=90"}],"curies":[{"name":"wp","href":"https:\/\/api.w.org\/{rel}","templated":true}]}}