{"id":87,"date":"2025-03-19T11:16:42","date_gmt":"2025-03-19T09:16:42","guid":{"rendered":"https:\/\/sisu.ut.ee\/gebhardt\/?page_id=87"},"modified":"2025-04-04T23:15:57","modified_gmt":"2025-04-04T20:15:57","slug":"3-3-ubung","status":"publish","type":"page","link":"https:\/\/sisu.ut.ee\/gebhardt\/3-3-ubung\/","title":{"rendered":"3.2 Bildbeschreibung"},"content":{"rendered":"<p><strong>Lesen Sie den folgenden Text<\/strong><\/p>\n<p>Auf dem Bild reitet Jesus auf einem Esel in eine Stadt mit einer alten Stadtmauer. Er hat die Arme weit ge\u00f6ffnet und segnet die Menschen. Die Menschen in der Stadt reagieren unterschiedlich: Ein M\u00e4dchen winkt am Fenster, Kinder sind \u00fcberrascht oder erschrocken, ein kleiner Hund schaut neugierig. Bettler und Kranke knien nieder. Ein Junge klettert auf eine Mauer, um besser zu sehen. Ein Vogel fliegt am Himmel. Auf dem Dach eines Hauses sitzen zwei Tauben \u2013 eine graue und eine wei\u00dfe. Diese Szenen zeigen, wie Gebhardt biblische Geschichten lebendig macht. Links von Jesus stehen zwei Frauen. Die \u00e4ltere Frau ist seine Mutter. Im Hintergrund sieht man H\u00fcgel.<\/p>\n<p><strong>H\u00f6ren Sie den Text\u00a0<\/strong><\/p>\n<p>Der Text wird von Marcus Wetter gelesen.<\/p>\n\n\n<p><\/p>\n\n\n\n<figure class=\"wp-block-audio\"><audio controls src=\"https:\/\/sisu.ut.ee\/wp-content\/uploads\/sites\/896\/Gebhardt-3-3-ubung-1.mp3\"><\/audio><\/figure>\n\n\n\n<p><\/p>\n\n\n\n<div class=\"h5p-iframe-wrapper\"><div class=\"video-placeholder-wrapper video-placeholder-wrapper--fixed\" style=\"height: 366px;\">\n\t\t\t    <div class=\"video-placeholder d-flex justify-content-center align-items-center\">\n\t\t\t        <div class=\"overlay text-white p-2 w-100 text-center d-block justify-content-center align-items-center\">\n\t\t\t            <div>Kolmandate osapoolte sisu n\u00e4gemiseks palun n\u00f5ustu k\u00fcpsistega.<\/div>\n\t\t\t            <button class=\"btn btn-secondary btn-sm mt-1 consent-change\">Muuda n\u00f5usolekut<\/button>\n\t\t\t        <\/div>\n\t\t\t    <\/div>\n\t\t\t<\/div>\n<\/div>\n","protected":false},"excerpt":{"rendered":"<p>Lesen Sie den folgenden Text Auf dem Bild reitet Jesus auf einem Esel in eine Stadt mit einer alten Stadtmauer. Er hat die Arme weit ge\u00f6ffnet und segnet die Menschen. Die Menschen in der Stadt reagieren unterschiedlich: Ein M\u00e4dchen winkt &#8230;<\/p>\n","protected":false},"author":816,"featured_media":0,"parent":0,"menu_order":0,"comment_status":"closed","ping_status":"closed","template":"","meta":{"_acf_changed":false,"inline_featured_image":false,"footnotes":""},"class_list":["post-87","page","type-page","status-publish","hentry"],"acf":[],"_links":{"self":[{"href":"https:\/\/sisu.ut.ee\/gebhardt\/wp-json\/wp\/v2\/pages\/87","targetHints":{"allow":["GET"]}}],"collection":[{"href":"https:\/\/sisu.ut.ee\/gebhardt\/wp-json\/wp\/v2\/pages"}],"about":[{"href":"https:\/\/sisu.ut.ee\/gebhardt\/wp-json\/wp\/v2\/types\/page"}],"author":[{"embeddable":true,"href":"https:\/\/sisu.ut.ee\/gebhardt\/wp-json\/wp\/v2\/users\/816"}],"replies":[{"embeddable":true,"href":"https:\/\/sisu.ut.ee\/gebhardt\/wp-json\/wp\/v2\/comments?post=87"}],"version-history":[{"count":10,"href":"https:\/\/sisu.ut.ee\/gebhardt\/wp-json\/wp\/v2\/pages\/87\/revisions"}],"predecessor-version":[{"id":676,"href":"https:\/\/sisu.ut.ee\/gebhardt\/wp-json\/wp\/v2\/pages\/87\/revisions\/676"}],"wp:attachment":[{"href":"https:\/\/sisu.ut.ee\/gebhardt\/wp-json\/wp\/v2\/media?parent=87"}],"curies":[{"name":"wp","href":"https:\/\/api.w.org\/{rel}","templated":true}]}}