{"id":81,"date":"2025-03-19T11:02:56","date_gmt":"2025-03-19T09:02:56","guid":{"rendered":"https:\/\/sisu.ut.ee\/gebhardt\/?page_id=81"},"modified":"2025-04-02T22:10:49","modified_gmt":"2025-04-02T19:10:49","slug":"3-2-ubung","status":"publish","type":"page","link":"https:\/\/sisu.ut.ee\/gebhardt\/3-2-ubung\/","title":{"rendered":"3.1 Lesetext"},"content":{"rendered":"<p><strong>Lesen Sie den folgenden Text<\/strong><\/p>\n<p><strong>Der Palmsonntag<\/strong><\/p>\n<p>Der Palmsonntag ist der erste Tag der Karwoche. An diesem Tag erinnert sich die Kirche an den <strong>Einzug von Jesus in Jerusalem<\/strong>. Viele Menschen freuen sich und winken ihm mit <strong>Palmzweigen<\/strong> zu. Sie <strong>legen Zweige und Kleider auf den Boden<\/strong> und begr\u00fc\u00dfen ihn wie einen K\u00f6nig. Aber Jesus wei\u00df, dass er verraten wird und sterben muss. Er sagt auch, dass er nach drei Tagen auferstehen wird. Weil in Estland keine Palmen wachsen, schm\u00fcckt man zum Palmsonntag die H\u00e4user und Kirchen mit <strong>Weidenk\u00e4tzchen<\/strong>.<\/p>\n<p>\u00a0<\/p>\n\n\n<p><\/p>\n\n\n\n<div class=\"h5p-iframe-wrapper\"><div class=\"video-placeholder-wrapper video-placeholder-wrapper--fixed\" style=\"height: 366px;\">\n\t\t\t    <div class=\"video-placeholder d-flex justify-content-center align-items-center\">\n\t\t\t        <div class=\"overlay text-white p-2 w-100 text-center d-block justify-content-center align-items-center\">\n\t\t\t            <div>Kolmandate osapoolte sisu n\u00e4gemiseks palun n\u00f5ustu k\u00fcpsistega.<\/div>\n\t\t\t            <button class=\"btn btn-secondary btn-sm mt-1 consent-change\">Muuda n\u00f5usolekut<\/button>\n\t\t\t        <\/div>\n\t\t\t    <\/div>\n\t\t\t<\/div>\n<\/div>\n\n\n\n<figure class=\"wp-block-image aligncenter size-full is-resized\"><img loading=\"lazy\" decoding=\"async\" width=\"1000\" height=\"907\" src=\"https:\/\/sisu.ut.ee\/wp-content\/uploads\/sites\/896\/89317f75-17e9-4bce-843e-7341cfd371a4-%E2%80%93-koopia-2.jpg\" alt=\"\" class=\"wp-image-590\" style=\"width:617px;height:auto\" srcset=\"https:\/\/sisu.ut.ee\/wp-content\/uploads\/sites\/896\/89317f75-17e9-4bce-843e-7341cfd371a4-\u2013-koopia-2.jpg 1000w, https:\/\/sisu.ut.ee\/wp-content\/uploads\/sites\/896\/89317f75-17e9-4bce-843e-7341cfd371a4-\u2013-koopia-2-300x272.jpg 300w, https:\/\/sisu.ut.ee\/wp-content\/uploads\/sites\/896\/89317f75-17e9-4bce-843e-7341cfd371a4-\u2013-koopia-2-768x697.jpg 768w\" sizes=\"auto, (max-width: 1000px) 100vw, 1000px\"><\/figure>\n","protected":false},"excerpt":{"rendered":"<p>Lesen Sie den folgenden Text Der Palmsonntag Der Palmsonntag ist der erste Tag der Karwoche. An diesem Tag erinnert sich die Kirche an den Einzug von Jesus in Jerusalem. Viele Menschen freuen sich und winken ihm mit Palmzweigen zu. Sie &#8230;<\/p>\n","protected":false},"author":816,"featured_media":0,"parent":0,"menu_order":0,"comment_status":"closed","ping_status":"closed","template":"","meta":{"_acf_changed":false,"inline_featured_image":false,"footnotes":""},"class_list":["post-81","page","type-page","status-publish","hentry"],"acf":[],"_links":{"self":[{"href":"https:\/\/sisu.ut.ee\/gebhardt\/wp-json\/wp\/v2\/pages\/81","targetHints":{"allow":["GET"]}}],"collection":[{"href":"https:\/\/sisu.ut.ee\/gebhardt\/wp-json\/wp\/v2\/pages"}],"about":[{"href":"https:\/\/sisu.ut.ee\/gebhardt\/wp-json\/wp\/v2\/types\/page"}],"author":[{"embeddable":true,"href":"https:\/\/sisu.ut.ee\/gebhardt\/wp-json\/wp\/v2\/users\/816"}],"replies":[{"embeddable":true,"href":"https:\/\/sisu.ut.ee\/gebhardt\/wp-json\/wp\/v2\/comments?post=81"}],"version-history":[{"count":17,"href":"https:\/\/sisu.ut.ee\/gebhardt\/wp-json\/wp\/v2\/pages\/81\/revisions"}],"predecessor-version":[{"id":591,"href":"https:\/\/sisu.ut.ee\/gebhardt\/wp-json\/wp\/v2\/pages\/81\/revisions\/591"}],"wp:attachment":[{"href":"https:\/\/sisu.ut.ee\/gebhardt\/wp-json\/wp\/v2\/media?parent=81"}],"curies":[{"name":"wp","href":"https:\/\/api.w.org\/{rel}","templated":true}]}}