{"id":459,"date":"2025-04-02T13:30:19","date_gmt":"2025-04-02T10:30:19","guid":{"rendered":"https:\/\/sisu.ut.ee\/gebhardt\/?page_id=459"},"modified":"2025-05-25T21:36:49","modified_gmt":"2025-05-25T18:36:49","slug":"11-quellen","status":"publish","type":"page","link":"https:\/\/sisu.ut.ee\/gebhardt\/11-quellen\/","title":{"rendered":"11. Quellen"},"content":{"rendered":"<p>DAS TEXTB\u00dcRO B\u00dcROPIA. Was bedeutet das <em>Kar<\/em> in Karfreitag? Online unter: <a href=\"https:\/\/www.bueropia.de\/blog\/44-was-bedeutet-das-kar-in-karfreitag\">https:\/\/www.bueropia.de\/blog\/44-was-bedeutet-das-kar-in-karfreitag<\/a> (Stand: 20.02.2025)<\/p>\n<p>DIE BIBEL. Online unter: <a href=\"https:\/\/www.die-bibel.de\">https:\/\/www.die-bibel.de<\/a> (Stand: 07.03.2025)<\/p>\n<p>EELK KIRIKUSEADUSTIK. 2. OSA. S\u00f5NA JA SAKRAMENT: KIRIKU LITURGIA 5. peat\u00fckk. Liturgilised v\u00e4rvid. \u00a7 30. Liturgiliste v\u00e4rvide loetelu. Online unter: <a href=\"https:\/\/siseveeb.eelk.ee\/kiriku-korraldus\/seadusandlus\/kiriku-seadustik\/\">https:\/\/siseveeb.eelk.ee\/kiriku-korraldus\/seadusandlus\/kiriku-seadustik\/<\/a> (Stand: 02.03.2025)<\/p>\n<p>EVANGELISCHE KIRCHE IN DEUTSCHLAND (EKD): Engel \u2013 Basiswissen Glauben. Online unter: <a href=\"https:\/\/www.ekd.de\/Engel-Basiswissen-Glauben-11170.htm\">https:\/\/www.ekd.de\/Engel-Basiswissen-Glauben-11170.htm<\/a> (Stand: 15.03.2025)<\/p>\n<p>GRAUBNER, Reinhold (1938): Eduard von Gebhardts Briefe an die Familie v. Pezold. In: Beitr\u00e4ge zur Kunde Estlands 21. Reval: Estl\u00e4ndischen Liter\u00e4rischen Gesellschaft.<\/p>\n<p>GRIES, Carola Bettina (1995): Eduard von Gebhardt. Ein protestantischer Historienmaler im 19. Jahrhundert. Aachen: Mainz, Wissenschaftsverlag.<\/p>\n<p>HARTMANN, Reinhold (1954): Der Erneuerungsversuch in der christlich-religi\u00f6sen Malerei des 19. Jahrhundert. Diss. T\u00fcbingen.<\/p>\n<p>KASESALU, Helle\/Liiv, Ellen\/Lillem\u00e4e, Mare (2005): Deutsch XII. Lehrbuch. Tallinn: Koolibri.<\/p>\n<p>KITTEL, Gottfried (1930): Unser Onkel Eduard. Erinnerungen an Eduard von Gebhardt, Professor an der Kunstakademie in D\u00fcsseldorf. Stuttgart: J. F. Steinkopf.<\/p>\n<p>KREEM, Tiina-Mall (2017): Gem\u00e4lde der D\u00fcsseldorfer Malerschule in \u00f6ffentlichen Geb\u00e4uden Estlands. Schriften des Estnischen Kunstmuseums 7 [12], S. 214-258. Tallinn: Estnisches Kunstmuseum.<\/p>\n<p>ROLL, Heike\/Baur, Rupprecht S.\/Okonska, Dorota\/Sch\u00e4fer, Andrea (2017): Sprache durch Kunst. Lehr- und Lernmaterialien f\u00fcr einen f\u00e4cher\u00fcbergreifenden Deutsch- und Kunstunterricht unter Mitarbeit von Anna N\u00fcschen und Ronja Stamp. M\u00fcnster: Waxmann.<\/p>\n<p>ROSENBERG, Adolf (1899): K\u00fcnstler-Monographie. Eduard von Gebhardt. Bielefeld und Leipzig: Velhagen &amp; Klasing.<\/p>\n<p>THOMSON, Erik (1991): Eduard von Gebhardt. Leben und Werk. Aus dem Nachla\u00df bearbeitet und mit einem Nachwort versehen von G\u00fcnter Kr\u00fcger. L\u00fcneburg: Nordostdeutsches Kulturwerk.<\/p>\n<p><strong>Bildquellen<\/strong><\/p>\n<p>GEBHARDT, Eduard. Einzug Christi in Jerusalem. Online unter: <a href=\"https:\/\/sammlung.von-der-heydt-museum.de\/Details\/Index\/1562\">https:\/\/sammlung.von-der-heydt-museum.de\/Details\/Index\/1562<\/a>. (Stand: 03.03.2025).<\/p>\n<p>GEBHARDT, Eduard. Das letzte Abendmahl. Online unter: <a href=\"https:\/\/smb.museum-digital.de\/object\/143506?navlang=de\">https:\/\/smb.museum-digital.de\/object\/143506?navlang=de<\/a> (Stand: 03.03.2025).<\/p>\n<p>GEBHARDT, Eduard. Die Kreuzigung Christi. Online unter: <a href=\"https:\/\/i0.wp.com\/toomkirik.ee\/wpcontent\/uploads\/2010\/12\/Altarimaal.jpg\">https:\/\/i0.wp.com\/toomkirik.ee\/wpcontent\/uploads\/2010\/12\/Altarimaal.jpg<\/a>. (Stand: 03.03.2025).<\/p>\n<p>GEBHARDT, Eduard. Die Kreuzigung Christi. Foto: Arho Tuhkru.<\/p>\n<p>GEBHARDT, Eduard. Christus und die J\u00fcnger von Emmaus. Online unter: <a href=\"https:\/\/app.smartify.org\/en-GB\/objects\/eduard-von-gebhardt-christus-und-die-junger-von-emmaus\">https:\/\/app.smartify.org\/en-GB\/objects\/eduard-von-gebhardt-christus-und-die-junger-von-emmaus<\/a>. (Stand: 03.03.2025).<\/p>\n<p>GEBHARDT, Eduard. Himmelfahrt Christi. Wandgem\u00e4lde (Kaseinfarben) Kapelle Nordfriedhof D\u00fcsseldorf. Online unter: <a href=\"https:\/\/commons.wikimedia.org\/wiki\/File:Eduard_Gebhardt,_Wandgem%C3%A4lde_Kapelle_(Kaseinfarben_)_Nordfriedhof.jpg\">https:\/\/commons.wikimedia.org\/wiki\/File:Eduard_Gebhardt,_Wandgem%C3%A4lde_Kapelle_(Kaseinfarben_)_Nordfriedhof.jpg<\/a> (Stand: 03.03.2025).<\/p>\n<p>Die liturgischen Altardecken der Kirche von J\u00e4rva-Jaani, Textilk\u00fcnstlerin Aune Taamal. Fotos Katrin-Helena Melder.<\/p>\n","protected":false},"excerpt":{"rendered":"<p>DAS TEXTB\u00dcRO B\u00dcROPIA. Was bedeutet das Kar in Karfreitag? Online unter: https:\/\/www.bueropia.de\/blog\/44-was-bedeutet-das-kar-in-karfreitag (Stand: 20.02.2025) DIE BIBEL. Online unter: https:\/\/www.die-bibel.de (Stand: 07.03.2025) EELK KIRIKUSEADUSTIK. 2. OSA. S\u00f5NA JA SAKRAMENT: KIRIKU LITURGIA 5. peat\u00fckk. Liturgilised v\u00e4rvid. \u00a7 30. Liturgiliste v\u00e4rvide loetelu. Online &#8230;<\/p>\n","protected":false},"author":816,"featured_media":0,"parent":0,"menu_order":0,"comment_status":"closed","ping_status":"closed","template":"","meta":{"_acf_changed":false,"inline_featured_image":false,"footnotes":""},"class_list":["post-459","page","type-page","status-publish","hentry"],"acf":[],"_links":{"self":[{"href":"https:\/\/sisu.ut.ee\/gebhardt\/wp-json\/wp\/v2\/pages\/459","targetHints":{"allow":["GET"]}}],"collection":[{"href":"https:\/\/sisu.ut.ee\/gebhardt\/wp-json\/wp\/v2\/pages"}],"about":[{"href":"https:\/\/sisu.ut.ee\/gebhardt\/wp-json\/wp\/v2\/types\/page"}],"author":[{"embeddable":true,"href":"https:\/\/sisu.ut.ee\/gebhardt\/wp-json\/wp\/v2\/users\/816"}],"replies":[{"embeddable":true,"href":"https:\/\/sisu.ut.ee\/gebhardt\/wp-json\/wp\/v2\/comments?post=459"}],"version-history":[{"count":12,"href":"https:\/\/sisu.ut.ee\/gebhardt\/wp-json\/wp\/v2\/pages\/459\/revisions"}],"predecessor-version":[{"id":713,"href":"https:\/\/sisu.ut.ee\/gebhardt\/wp-json\/wp\/v2\/pages\/459\/revisions\/713"}],"wp:attachment":[{"href":"https:\/\/sisu.ut.ee\/gebhardt\/wp-json\/wp\/v2\/media?parent=459"}],"curies":[{"name":"wp","href":"https:\/\/api.w.org\/{rel}","templated":true}]}}