{"id":324,"date":"2025-03-30T20:11:08","date_gmt":"2025-03-30T17:11:08","guid":{"rendered":"https:\/\/sisu.ut.ee\/gebhardt\/?page_id=324"},"modified":"2025-04-03T13:32:32","modified_gmt":"2025-04-03T10:32:32","slug":"10-ruckmeldung-von-den-lernenden","status":"publish","type":"page","link":"https:\/\/sisu.ut.ee\/gebhardt\/10-ruckmeldung-von-den-lernenden\/","title":{"rendered":"10. R\u00fcckmeldung von den Lernenden"},"content":{"rendered":"<p><strong>Palun Teie tagasisidet, vastates kahele k\u00fcsimusele, mis on leitavad allolevalt k\u00fcsitluslehelt v\u00f5i lingilt. <\/strong><strong>Palun kindlasti \u00e4ra m\u00e4rkida, missugust \u00f5ppematerjalide osa tagasisidestate!<\/strong><\/p>\n\n\n<div class=\"video-placeholder-wrapper video-placeholder-wrapper--fixed\" style=\"height: 795px;\">\n\t\t\t    <div class=\"video-placeholder d-flex justify-content-center align-items-center\">\n\t\t\t        <div class=\"overlay text-white p-2 w-100 text-center d-block justify-content-center align-items-center\">\n\t\t\t            <div>Kolmandate osapoolte sisu n\u00e4gemiseks palun n\u00f5ustu k\u00fcpsistega.<\/div>\n\t\t\t            <button class=\"btn btn-secondary btn-sm mt-1 consent-change\">Muuda n\u00f5usolekut<\/button>\n\t\t\t        <\/div>\n\t\t\t    <\/div>\n\t\t\t<\/div>\n\n\n\n<p><a href=\"https:\/\/docs.google.com\/forms\/d\/e\/1FAIpQLSeUJnStZ5FB6NPhbLBJdsXclye_mULo-xh8ql1L6fpJqRoZaA\/viewform?usp=header\">https:\/\/docs.google.com\/forms\/d\/e\/1FAIpQLSeUJnStZ5FB6NPhbLBJdsXclye_mULo-xh8ql1L6fpJqRoZaA\/viewform?usp=header<\/a><\/p>","protected":false},"excerpt":{"rendered":"<p>Palun Teie tagasisidet, vastates kahele k\u00fcsimusele, mis on leitavad allolevalt k\u00fcsitluslehelt v\u00f5i lingilt. Palun kindlasti \u00e4ra m\u00e4rkida, missugust \u00f5ppematerjalide osa tagasisidestate! Kolmandate osapoolte sisu n\u00e4gemiseks palun n\u00f5ustu k\u00fcpsistega. Muuda n\u00f5usolekut https:\/\/docs.google.com\/forms\/d\/e\/1FAIpQLSeUJnStZ5FB6NPhbLBJdsXclye_mULo-xh8ql1L6fpJqRoZaA\/viewform?usp=header<\/p>\n","protected":false},"author":816,"featured_media":0,"parent":0,"menu_order":0,"comment_status":"closed","ping_status":"closed","template":"","meta":{"_acf_changed":false,"inline_featured_image":false,"footnotes":""},"class_list":["post-324","page","type-page","status-publish","hentry"],"acf":[],"_links":{"self":[{"href":"https:\/\/sisu.ut.ee\/gebhardt\/wp-json\/wp\/v2\/pages\/324","targetHints":{"allow":["GET"]}}],"collection":[{"href":"https:\/\/sisu.ut.ee\/gebhardt\/wp-json\/wp\/v2\/pages"}],"about":[{"href":"https:\/\/sisu.ut.ee\/gebhardt\/wp-json\/wp\/v2\/types\/page"}],"author":[{"embeddable":true,"href":"https:\/\/sisu.ut.ee\/gebhardt\/wp-json\/wp\/v2\/users\/816"}],"replies":[{"embeddable":true,"href":"https:\/\/sisu.ut.ee\/gebhardt\/wp-json\/wp\/v2\/comments?post=324"}],"version-history":[{"count":17,"href":"https:\/\/sisu.ut.ee\/gebhardt\/wp-json\/wp\/v2\/pages\/324\/revisions"}],"predecessor-version":[{"id":604,"href":"https:\/\/sisu.ut.ee\/gebhardt\/wp-json\/wp\/v2\/pages\/324\/revisions\/604"}],"wp:attachment":[{"href":"https:\/\/sisu.ut.ee\/gebhardt\/wp-json\/wp\/v2\/media?parent=324"}],"curies":[{"name":"wp","href":"https:\/\/api.w.org\/{rel}","templated":true}]}}