{"id":32,"date":"2025-03-17T11:11:35","date_gmt":"2025-03-17T09:11:35","guid":{"rendered":"https:\/\/sisu.ut.ee\/gebhardt\/?page_id=32"},"modified":"2025-05-25T19:43:42","modified_gmt":"2025-05-25T16:43:42","slug":"2-1-ubung","status":"publish","type":"page","link":"https:\/\/sisu.ut.ee\/gebhardt\/2-1-ubung\/","title":{"rendered":"2.1 Lesetext"},"content":{"rendered":"<p><\/p>\n\n\n<p><strong>Lesen Sie den folgenden Text und ziehen Sie die W\u00f6rter in die richtigen K\u00e4stchen.<\/strong><\/p>\n<p>Die Woche vor Ostern ist die wichtigste Woche im Kirchenjahr des Christentums. Sie hei\u00dft Karwoche auch \u201eHeilige Woche\u201d, \u201eGro\u00dfe Woche\u201c oder \u201ePassionswoche\u201c. Die Kirche erinnert in diesen Tagen daran, warum und wie der Sohn Gottes, Jesus Christus, gestorben und auferstanden ist. W\u00e4hrend dieser Woche werden die Feiertage <a><strong>Palmsonntag<\/strong> (der Einzug Jesu in Jerusalem), <strong>Gr\u00fcndonnerstag<\/strong> (die Einsetzung des Abendmahls), <strong>Karfreitag<\/strong> (die Kreuzigung Christi) und <strong>Ostern <\/strong>(Ostersonntag und Ostermontag) (die Auferstehung Christi) <\/a>gefeiert. Der Begriff Karwoche leitet sich vom althochdeutschen Wort <em>\u201ekara\u201c<\/em> ab, das Klage\/Wehklage, Kummer, Trauer bedeutet (bueropia.de). Vierzig Tage nach Ostern feiert die christliche Kirche die <strong>Himmelfahrt<\/strong> von Jesus.<\/p>\n\n\n<div class=\"h5p-iframe-wrapper\"><div class=\"video-placeholder-wrapper video-placeholder-wrapper--fixed\" style=\"height: 366px;\">\n\t\t\t    <div class=\"video-placeholder d-flex justify-content-center align-items-center\">\n\t\t\t        <div class=\"overlay text-white p-2 w-100 text-center d-block justify-content-center align-items-center\">\n\t\t\t            <div>Kolmandate osapoolte sisu n\u00e4gemiseks palun n\u00f5ustu k\u00fcpsistega.<\/div>\n\t\t\t            <button class=\"btn btn-secondary btn-sm mt-1 consent-change\">Muuda n\u00f5usolekut<\/button>\n\t\t\t        <\/div>\n\t\t\t    <\/div>\n\t\t\t<\/div>\n<\/div>\n","protected":false},"excerpt":{"rendered":"<p>Lesen Sie den folgenden Text und ziehen Sie die W\u00f6rter in die richtigen K\u00e4stchen. Die Woche vor Ostern ist die wichtigste Woche im Kirchenjahr des Christentums. Sie hei\u00dft Karwoche auch \u201eHeilige Woche\u201d, \u201eGro\u00dfe Woche\u201c oder \u201ePassionswoche\u201c. Die Kirche erinnert in &#8230;<\/p>\n","protected":false},"author":816,"featured_media":0,"parent":0,"menu_order":0,"comment_status":"closed","ping_status":"closed","template":"","meta":{"_acf_changed":false,"inline_featured_image":false,"footnotes":""},"class_list":["post-32","page","type-page","status-publish","hentry"],"acf":[],"_links":{"self":[{"href":"https:\/\/sisu.ut.ee\/gebhardt\/wp-json\/wp\/v2\/pages\/32","targetHints":{"allow":["GET"]}}],"collection":[{"href":"https:\/\/sisu.ut.ee\/gebhardt\/wp-json\/wp\/v2\/pages"}],"about":[{"href":"https:\/\/sisu.ut.ee\/gebhardt\/wp-json\/wp\/v2\/types\/page"}],"author":[{"embeddable":true,"href":"https:\/\/sisu.ut.ee\/gebhardt\/wp-json\/wp\/v2\/users\/816"}],"replies":[{"embeddable":true,"href":"https:\/\/sisu.ut.ee\/gebhardt\/wp-json\/wp\/v2\/comments?post=32"}],"version-history":[{"count":10,"href":"https:\/\/sisu.ut.ee\/gebhardt\/wp-json\/wp\/v2\/pages\/32\/revisions"}],"predecessor-version":[{"id":694,"href":"https:\/\/sisu.ut.ee\/gebhardt\/wp-json\/wp\/v2\/pages\/32\/revisions\/694"}],"wp:attachment":[{"href":"https:\/\/sisu.ut.ee\/gebhardt\/wp-json\/wp\/v2\/media?parent=32"}],"curies":[{"name":"wp","href":"https:\/\/api.w.org\/{rel}","templated":true}]}}