{"id":179,"date":"2025-03-19T12:18:02","date_gmt":"2025-03-19T10:18:02","guid":{"rendered":"https:\/\/sisu.ut.ee\/gebhardt\/?page_id=179"},"modified":"2025-04-02T21:42:27","modified_gmt":"2025-04-02T18:42:27","slug":"7-4-ubung","status":"publish","type":"page","link":"https:\/\/sisu.ut.ee\/gebhardt\/7-4-ubung\/","title":{"rendered":"7.3 Bildbeschreibung"},"content":{"rendered":"<figure class=\"wp-block-image alignright size-large is-resized\"><img loading=\"lazy\" decoding=\"async\" width=\"1024\" height=\"852\" src=\"https:\/\/sisu.ut.ee\/wp-content\/uploads\/sites\/896\/Eduard_Gebhardt_Wandgemalde_Kapelle_Kaseinfarben__Nordfriedhof-3-1024x852.jpg\" alt=\"\" class=\"wp-image-378\" style=\"aspect-ratio:1;object-fit:cover;width:831px;height:auto\" srcset=\"https:\/\/sisu.ut.ee\/wp-content\/uploads\/sites\/896\/Eduard_Gebhardt_Wandgemalde_Kapelle_Kaseinfarben__Nordfriedhof-3-1024x852.jpg 1024w, https:\/\/sisu.ut.ee\/wp-content\/uploads\/sites\/896\/Eduard_Gebhardt_Wandgemalde_Kapelle_Kaseinfarben__Nordfriedhof-3-300x250.jpg 300w, https:\/\/sisu.ut.ee\/wp-content\/uploads\/sites\/896\/Eduard_Gebhardt_Wandgemalde_Kapelle_Kaseinfarben__Nordfriedhof-3-768x639.jpg 768w, https:\/\/sisu.ut.ee\/wp-content\/uploads\/sites\/896\/Eduard_Gebhardt_Wandgemalde_Kapelle_Kaseinfarben__Nordfriedhof-3-1536x1277.jpg 1536w, https:\/\/sisu.ut.ee\/wp-content\/uploads\/sites\/896\/Eduard_Gebhardt_Wandgemalde_Kapelle_Kaseinfarben__Nordfriedhof-3-2048x1703.jpg 2048w, https:\/\/sisu.ut.ee\/wp-content\/uploads\/sites\/896\/Eduard_Gebhardt_Wandgemalde_Kapelle_Kaseinfarben__Nordfriedhof-3-1920x1597.jpg 1920w\" sizes=\"auto, (max-width: 1024px) 100vw, 1024px\"><\/figure>\n\n\n<p><strong>M\u00fcndliche \u00dcbung<\/strong><\/p>\n<p><strong>Schauen Sie sich Gebhardts Wandgem\u00e4lde \u201eHimmelfahrt\u201c an und versuchen Sie, die vorgenannten Fragen auch zu beantworten:<\/strong><\/p>\n<p><strong>Wo<\/strong> steht Jesus?<br><strong>Woran <\/strong>denken die Menschen, wenn sie Jesus in den Himmel auffahren sehen?<br><strong>Wie lange<\/strong> dauert die Himmelfahrt Christi?<br><strong>Woher<\/strong> kommen all diese Menschen?<br><strong>Wie viele<\/strong> Engel sind auf dem Bild zu sehen?<br><strong>Was <\/strong>sagen die Engel zu den Menschen?<br><strong>Wann<\/strong> wird die Himmelfahrt von Jesus gefeiert?<br><strong>Wen<\/strong> segnet Jesus auf dem Bild?<br><strong>Wohin<\/strong> geht Jesus?<br><strong>Wie<\/strong> die Menschen gekleidet sind?<br><strong>Wer <\/strong>kniet\/knien auf dem Gem\u00e4lde?<br><strong>Womit<\/strong> ist Jesus in den Himmel aufgenommen?<br><strong>Wozu<\/strong> haben Engel Fl\u00fcgel?<br><strong>Warum<\/strong> sind die Menschen auf diesem Bild traurig?<br><strong>Welchen<\/strong> Namen haben die Engel?<\/p>","protected":false},"excerpt":{"rendered":"<p>M\u00fcndliche \u00dcbung Schauen Sie sich Gebhardts Wandgem\u00e4lde \u201eHimmelfahrt\u201c an und versuchen Sie, die vorgenannten Fragen auch zu beantworten: Wo steht Jesus?Woran denken die Menschen, wenn sie Jesus in den Himmel auffahren sehen?Wie lange dauert die Himmelfahrt Christi?Woher kommen all diese &#8230;<\/p>\n","protected":false},"author":816,"featured_media":0,"parent":0,"menu_order":0,"comment_status":"closed","ping_status":"closed","template":"","meta":{"_acf_changed":false,"inline_featured_image":false,"footnotes":""},"class_list":["post-179","page","type-page","status-publish","hentry"],"acf":[],"_links":{"self":[{"href":"https:\/\/sisu.ut.ee\/gebhardt\/wp-json\/wp\/v2\/pages\/179","targetHints":{"allow":["GET"]}}],"collection":[{"href":"https:\/\/sisu.ut.ee\/gebhardt\/wp-json\/wp\/v2\/pages"}],"about":[{"href":"https:\/\/sisu.ut.ee\/gebhardt\/wp-json\/wp\/v2\/types\/page"}],"author":[{"embeddable":true,"href":"https:\/\/sisu.ut.ee\/gebhardt\/wp-json\/wp\/v2\/users\/816"}],"replies":[{"embeddable":true,"href":"https:\/\/sisu.ut.ee\/gebhardt\/wp-json\/wp\/v2\/comments?post=179"}],"version-history":[{"count":10,"href":"https:\/\/sisu.ut.ee\/gebhardt\/wp-json\/wp\/v2\/pages\/179\/revisions"}],"predecessor-version":[{"id":583,"href":"https:\/\/sisu.ut.ee\/gebhardt\/wp-json\/wp\/v2\/pages\/179\/revisions\/583"}],"wp:attachment":[{"href":"https:\/\/sisu.ut.ee\/gebhardt\/wp-json\/wp\/v2\/media?parent=179"}],"curies":[{"name":"wp","href":"https:\/\/api.w.org\/{rel}","templated":true}]}}