{"id":17,"date":"2025-03-17T10:46:35","date_gmt":"2025-03-17T08:46:35","guid":{"rendered":"https:\/\/sisu.ut.ee\/gebhardt\/?page_id=17"},"modified":"2025-05-24T14:14:37","modified_gmt":"2025-05-24T11:14:37","slug":"1-2-opilasele","status":"publish","type":"page","link":"https:\/\/sisu.ut.ee\/gebhardt\/1-2-opilasele\/","title":{"rendered":"1.1 Lesetext"},"content":{"rendered":"<p><strong>Lesen Sie den folgenden Text<\/strong><\/p>\n<p>Eduard von Gebhardt wurde am 1.\/13. Juni 1838 in J\u00e4rva-Jaani geboren. Sein Vater war Pastor und die Familie war sehr religi\u00f6s. Schon als Kind zeigte er gro\u00dfes Interesse an der Malerei. Mit vier Jahren zeichnete er mit Kreide die G\u00e4ste seiner Eltern auf den Fu\u00dfboden.<\/p>\n<p>Er bekam zuerst Unterricht zu Hause und ging dann auf ein Gymnasium in Reval (Tallinn). 1855 begann er seine Kunst-Ausbildung in St. Petersburg. Dort wohnte er bei dem Maler August von Pezold, mit dem er sein Leben lang in Kontakt blieb. Nach drei Jahren verlie\u00df er die Akademie und reiste nach Deutschland. Er besuchte Kunstschulen in Karlsruhe und D\u00fcsseldorf. In D\u00fcsseldorf wurde er Sch\u00fcler von Wilhelm Sohn und entschied sich, dort zu bleiben. Er bewunderte besonders die niederl\u00e4ndische Malerei, vor allem Rembrandt.<\/p>\n<p>1872 heiratete er Klara Maria Anna Jungnick und sie bekamen drei Kinder. 1874 wurde er Professor an der Kunstakademie in D\u00fcsseldorf, wo er fast 40 Jahre unterrichtete. Gebhardt malte viele religi\u00f6se Bilder und bekam viele Auftr\u00e4ge. Besonders bekannt sind seine Werke in Kirchen, zum Beispiel in D\u00fcsseldorf und Dortmund. Eine Reise nach Italien inspirierte ihn, Fresken zu malen.<\/p>\n<p>In seinen letzten Jahren malte er weniger, weil er oft m\u00fcde war. Trotzdem arbeitete er bis zum Schluss an kleinen Bildern. Am 3. Februar 1925 starb er in D\u00fcsseldorf mit 86 Jahren. Er wurde auf dem Nordfriedhof beerdigt.<\/p>\n","protected":false},"excerpt":{"rendered":"<p>Lesen Sie den folgenden Text Eduard von Gebhardt wurde am 1.\/13. Juni 1838 in J\u00e4rva-Jaani geboren. Sein Vater war Pastor und die Familie war sehr religi\u00f6s. Schon als Kind zeigte er gro\u00dfes Interesse an der Malerei. Mit vier Jahren zeichnete &#8230;<\/p>\n","protected":false},"author":816,"featured_media":0,"parent":0,"menu_order":0,"comment_status":"closed","ping_status":"closed","template":"","meta":{"_acf_changed":false,"inline_featured_image":false,"footnotes":""},"class_list":["post-17","page","type-page","status-publish","hentry"],"acf":[],"_links":{"self":[{"href":"https:\/\/sisu.ut.ee\/gebhardt\/wp-json\/wp\/v2\/pages\/17","targetHints":{"allow":["GET"]}}],"collection":[{"href":"https:\/\/sisu.ut.ee\/gebhardt\/wp-json\/wp\/v2\/pages"}],"about":[{"href":"https:\/\/sisu.ut.ee\/gebhardt\/wp-json\/wp\/v2\/types\/page"}],"author":[{"embeddable":true,"href":"https:\/\/sisu.ut.ee\/gebhardt\/wp-json\/wp\/v2\/users\/816"}],"replies":[{"embeddable":true,"href":"https:\/\/sisu.ut.ee\/gebhardt\/wp-json\/wp\/v2\/comments?post=17"}],"version-history":[{"count":10,"href":"https:\/\/sisu.ut.ee\/gebhardt\/wp-json\/wp\/v2\/pages\/17\/revisions"}],"predecessor-version":[{"id":687,"href":"https:\/\/sisu.ut.ee\/gebhardt\/wp-json\/wp\/v2\/pages\/17\/revisions\/687"}],"wp:attachment":[{"href":"https:\/\/sisu.ut.ee\/gebhardt\/wp-json\/wp\/v2\/media?parent=17"}],"curies":[{"name":"wp","href":"https:\/\/api.w.org\/{rel}","templated":true}]}}