{"id":154,"date":"2025-03-19T12:01:55","date_gmt":"2025-03-19T10:01:55","guid":{"rendered":"https:\/\/sisu.ut.ee\/gebhardt\/?page_id=154"},"modified":"2025-04-04T23:19:08","modified_gmt":"2025-04-04T20:19:08","slug":"6-2-opilasele","status":"publish","type":"page","link":"https:\/\/sisu.ut.ee\/gebhardt\/6-2-opilasele\/","title":{"rendered":"6.1 Lese- und H\u00f6rtext"},"content":{"rendered":"<p><strong>Lesen Sie den folgenden Text<\/strong><\/p>\n<p><strong>Der Ostermontag<\/strong><\/p>\n<p>Der Ostermontag ist der zweite Feiertag von Ostern. Im Evangelium (Lk 24,13\u201335) wird erz\u00e4hlt, wie zwei J\u00fcnger Jesu nach Emmaus gehen. Ein unbekannter Mann kommt zu ihnen und spricht mit ihnen. Er erkl\u00e4rt, dass der Messias leiden musste, wie es in der Schrift steht. In Emmaus brechen sie das Brot, und sie erkennen, dass der Mann Jesus ist. Er verschwindet, und die J\u00fcnger kehren nach Jerusalem zur\u00fcck, um von ihrem Erlebnis zu erz\u00e4hlen. Das Brotbrechen erinnert an die Eucharistie, die auch \u201eBrotbrechen\u201c genannt wird.<\/p>\n<p><strong>Christus und die J\u00fcnger von Emmaus <\/strong><\/p>\n<p>F\u00fcr Gebhardt war die Kreuzigung Christi das wichtigste Thema in seiner Kunst. Er malte nur ein Bild \u00fcber Ostern, das Christus und die J\u00fcnger von Emmaus zeigt. Zwei J\u00fcnger gehen nach Emmaus, nachdem sie von der Begegnung mit Christus geh\u00f6rt haben. Sie treffen einen Fremden, der mit ihnen spricht und sie zum Nachdenken bringt. Er erinnert sie an die Worte der Propheten. Das Bild zeigt den Fr\u00fchling und das Dorf im Hintergrund<strong>.<\/strong><\/p>\n<p><strong>H\u00f6ren Sie den Text<\/strong><\/p>\n<p>Der Text wird von Marcus Wetter gelesen.<\/p>\n\n\n<figure class=\"wp-block-audio\"><audio controls src=\"https:\/\/sisu.ut.ee\/wp-content\/uploads\/sites\/896\/Gebhardt-6-2-opilasele-1.mp3\"><\/audio><\/figure>\n\n\n\n<figure class=\"wp-block-image aligncenter size-full is-resized\"><img loading=\"lazy\" decoding=\"async\" width=\"448\" height=\"570\" src=\"https:\/\/sisu.ut.ee\/wp-content\/uploads\/sites\/896\/Kuvatommis-87-2.png\" alt=\"\" class=\"wp-image-569\" style=\"width:373px;height:auto\" srcset=\"https:\/\/sisu.ut.ee\/wp-content\/uploads\/sites\/896\/Kuvatommis-87-2.png 448w, https:\/\/sisu.ut.ee\/wp-content\/uploads\/sites\/896\/Kuvatommis-87-2-236x300.png 236w\" sizes=\"auto, (max-width: 448px) 100vw, 448px\"><\/figure>\n","protected":false},"excerpt":{"rendered":"<p>Lesen Sie den folgenden Text Der Ostermontag Der Ostermontag ist der zweite Feiertag von Ostern. Im Evangelium (Lk 24,13\u201335) wird erz\u00e4hlt, wie zwei J\u00fcnger Jesu nach Emmaus gehen. Ein unbekannter Mann kommt zu ihnen und spricht mit ihnen. Er erkl\u00e4rt, &#8230;<\/p>\n","protected":false},"author":816,"featured_media":0,"parent":0,"menu_order":0,"comment_status":"closed","ping_status":"closed","template":"","meta":{"_acf_changed":false,"inline_featured_image":false,"footnotes":""},"class_list":["post-154","page","type-page","status-publish","hentry"],"acf":[],"_links":{"self":[{"href":"https:\/\/sisu.ut.ee\/gebhardt\/wp-json\/wp\/v2\/pages\/154","targetHints":{"allow":["GET"]}}],"collection":[{"href":"https:\/\/sisu.ut.ee\/gebhardt\/wp-json\/wp\/v2\/pages"}],"about":[{"href":"https:\/\/sisu.ut.ee\/gebhardt\/wp-json\/wp\/v2\/types\/page"}],"author":[{"embeddable":true,"href":"https:\/\/sisu.ut.ee\/gebhardt\/wp-json\/wp\/v2\/users\/816"}],"replies":[{"embeddable":true,"href":"https:\/\/sisu.ut.ee\/gebhardt\/wp-json\/wp\/v2\/comments?post=154"}],"version-history":[{"count":8,"href":"https:\/\/sisu.ut.ee\/gebhardt\/wp-json\/wp\/v2\/pages\/154\/revisions"}],"predecessor-version":[{"id":679,"href":"https:\/\/sisu.ut.ee\/gebhardt\/wp-json\/wp\/v2\/pages\/154\/revisions\/679"}],"wp:attachment":[{"href":"https:\/\/sisu.ut.ee\/gebhardt\/wp-json\/wp\/v2\/media?parent=154"}],"curies":[{"name":"wp","href":"https:\/\/api.w.org\/{rel}","templated":true}]}}