{"id":132,"date":"2025-03-19T11:51:04","date_gmt":"2025-03-19T09:51:04","guid":{"rendered":"https:\/\/sisu.ut.ee\/gebhardt\/?page_id=132"},"modified":"2025-05-25T20:27:12","modified_gmt":"2025-05-25T17:27:12","slug":"5-2-opilasele","status":"publish","type":"page","link":"https:\/\/sisu.ut.ee\/gebhardt\/5-2-opilasele\/","title":{"rendered":"5.1 Lese- und H\u00f6rtext"},"content":{"rendered":"<p><strong>Lesen Sie den folgenden Text<\/strong><\/p>\n<p>Jesus wird im Garten Gethsemane auf dem \u00d6lberg gefangen genommen. Dann bringt man ihn zu Pontius Pilatus, dem r\u00f6mischen Statthalter in Jerusalem. Pilatus soll \u00fcber Jesus urteilen. Die Pharis\u00e4er hetzen das Volk auf, und die Menge fordert seinen Tod. Pilatus verurteilt Jesus: Er wird gegei\u00dfelt und muss sein Kreuz auf den H\u00fcgel Golgatha tragen. Dort wird er ans Kreuz genagelt.<\/p>\n<p>Am Karfreitag gibt es keinen normalen Gottesdienst. Die Glocken schweigen, und die Kirche erinnert an das Leiden und Sterben Jesu. In vielen Gemeinden gibt es an diesem Tag einen Kreuzweg.<\/p>\n<p><strong>\u201eDie Kreuzigung Christi\u201c<\/strong><\/p>\n<p>F\u00fcr den Maler Gebhardt war die Kreuzigung Jesu ein wichtiges Thema. 1866 malte er ein gro\u00dfes Bild \u201eDie Kreuzigung\u201c f\u00fcr die Domkirche in Tallinn. Das Gem\u00e4lde zeigt Jesus am Kreuz mit drei trauernden Menschen. Maria Magdalena kniet am Fu\u00df des Kreuzes und ber\u00fchrt mit ihrem Gesicht die Waden Jesu. Sie weint und betet.<\/p>\n<p>Jesus schaut auf seine Mutter Maria. Er verabschiedet sich von ihr und vertraut sie Johannes an: \u201eFrau, siehe, das ist dein Sohn!\u201c und \u201eSiehe, das ist deine Mutter!\u201c (Joh 19,26\u201327). Maria wirkt stark und klug. Sie sitzt ruhig und versteht den Sinn von Jesu Tod. Johannes legt seine Hand auf ihre Schulter, um sie zu tr\u00f6sten.<\/p>\n<p>Im Hintergrund sieht man einen einsamen Mann. Es k\u00f6nnte Nikodemus oder Joseph von Arimath\u00e4a sein, der sich vom Kreuz abwendet. Der nat\u00fcrliche Hintergrund macht die traurige Stimmung des Bildes noch st\u00e4rker.<\/p>\n<p><strong>H\u00f6ren Sie den Text<\/strong><\/p>\n<p>Der Text wird von Marcus Wetter gelesen.<\/p>\n\n\n<figure class=\"wp-block-audio\"><audio controls src=\"https:\/\/sisu.ut.ee\/wp-content\/uploads\/sites\/896\/Gebhardt-5-2-opilasele-1.mp3\"><\/audio><\/figure>\n\n\n\n<figure class=\"wp-block-image aligncenter size-full is-resized\"><img loading=\"lazy\" decoding=\"async\" width=\"1794\" height=\"2560\" src=\"https:\/\/sisu.ut.ee\/wp-content\/uploads\/sites\/896\/ED-v-Gebhatdt-toomkirik-v-A.-Tuhkru-1-scaled.jpg\" alt=\"\" class=\"wp-image-705\" style=\"width:331px;height:auto\" srcset=\"https:\/\/sisu.ut.ee\/wp-content\/uploads\/sites\/896\/ED-v-Gebhatdt-toomkirik-v-A.-Tuhkru-1-scaled.jpg 1794w, https:\/\/sisu.ut.ee\/wp-content\/uploads\/sites\/896\/ED-v-Gebhatdt-toomkirik-v-A.-Tuhkru-1-210x300.jpg 210w, https:\/\/sisu.ut.ee\/wp-content\/uploads\/sites\/896\/ED-v-Gebhatdt-toomkirik-v-A.-Tuhkru-1-718x1024.jpg 718w, https:\/\/sisu.ut.ee\/wp-content\/uploads\/sites\/896\/ED-v-Gebhatdt-toomkirik-v-A.-Tuhkru-1-768x1096.jpg 768w, https:\/\/sisu.ut.ee\/wp-content\/uploads\/sites\/896\/ED-v-Gebhatdt-toomkirik-v-A.-Tuhkru-1-1077x1536.jpg 1077w, https:\/\/sisu.ut.ee\/wp-content\/uploads\/sites\/896\/ED-v-Gebhatdt-toomkirik-v-A.-Tuhkru-1-1436x2048.jpg 1436w, https:\/\/sisu.ut.ee\/wp-content\/uploads\/sites\/896\/ED-v-Gebhatdt-toomkirik-v-A.-Tuhkru-1-1920x2739.jpg 1920w\" sizes=\"auto, (max-width: 1794px) 100vw, 1794px\"><\/figure>\n","protected":false},"excerpt":{"rendered":"<p>Lesen Sie den folgenden Text Jesus wird im Garten Gethsemane auf dem \u00d6lberg gefangen genommen. Dann bringt man ihn zu Pontius Pilatus, dem r\u00f6mischen Statthalter in Jerusalem. Pilatus soll \u00fcber Jesus urteilen. Die Pharis\u00e4er hetzen das Volk auf, und die &#8230;<\/p>\n","protected":false},"author":816,"featured_media":0,"parent":0,"menu_order":0,"comment_status":"closed","ping_status":"closed","template":"","meta":{"_acf_changed":false,"inline_featured_image":false,"footnotes":""},"class_list":["post-132","page","type-page","status-publish","hentry"],"acf":[],"_links":{"self":[{"href":"https:\/\/sisu.ut.ee\/gebhardt\/wp-json\/wp\/v2\/pages\/132","targetHints":{"allow":["GET"]}}],"collection":[{"href":"https:\/\/sisu.ut.ee\/gebhardt\/wp-json\/wp\/v2\/pages"}],"about":[{"href":"https:\/\/sisu.ut.ee\/gebhardt\/wp-json\/wp\/v2\/types\/page"}],"author":[{"embeddable":true,"href":"https:\/\/sisu.ut.ee\/gebhardt\/wp-json\/wp\/v2\/users\/816"}],"replies":[{"embeddable":true,"href":"https:\/\/sisu.ut.ee\/gebhardt\/wp-json\/wp\/v2\/comments?post=132"}],"version-history":[{"count":11,"href":"https:\/\/sisu.ut.ee\/gebhardt\/wp-json\/wp\/v2\/pages\/132\/revisions"}],"predecessor-version":[{"id":706,"href":"https:\/\/sisu.ut.ee\/gebhardt\/wp-json\/wp\/v2\/pages\/132\/revisions\/706"}],"wp:attachment":[{"href":"https:\/\/sisu.ut.ee\/gebhardt\/wp-json\/wp\/v2\/media?parent=132"}],"curies":[{"name":"wp","href":"https:\/\/api.w.org\/{rel}","templated":true}]}}