{"id":115,"date":"2025-03-19T11:29:37","date_gmt":"2025-03-19T09:29:37","guid":{"rendered":"https:\/\/sisu.ut.ee\/gebhardt\/?page_id=115"},"modified":"2025-04-02T20:25:52","modified_gmt":"2025-04-02T17:25:52","slug":"4-5-ubung","status":"publish","type":"page","link":"https:\/\/sisu.ut.ee\/gebhardt\/4-5-ubung\/","title":{"rendered":"4.4 Wortschatz\u00fcbung"},"content":{"rendered":"<p>Die J\u00fcnger auf Gebhardts Gem\u00e4lde wirken wie echte Menschen, nicht wie Idealfiguren. Der Maler hat ihre Gesichter nach dem Aussehen estnischer Bauern gestaltet.<\/p>\n<p><strong>W\u00e4hlen Sie aus der Auswahl drei Adjektive, die diesen Bauern beschreiben. Klicken Sie auf den Pfeil, um fortzufahren. Wenn Sie Hilfe beim \u00dcbersetzen von Adjektiven brauchen, benutzen Sie ein Online-W\u00f6rterbuch: <a href=\"https:\/\/et.glosbe.com\/de\/et\">https:\/\/et.glosbe.com\/de\/et<\/a> Mit dem \u201eZur\u00fcck\u201c-Taste kommen Sie wieder zur Aufgabe!<\/strong><\/p>\n\n\n<p><\/p>\n\n\n\n<div class=\"h5p-iframe-wrapper\"><div class=\"video-placeholder-wrapper video-placeholder-wrapper--fixed\" style=\"height: 366px;\">\n\t\t\t    <div class=\"video-placeholder d-flex justify-content-center align-items-center\">\n\t\t\t        <div class=\"overlay text-white p-2 w-100 text-center d-block justify-content-center align-items-center\">\n\t\t\t            <div>Kolmandate osapoolte sisu n\u00e4gemiseks palun n\u00f5ustu k\u00fcpsistega.<\/div>\n\t\t\t            <button class=\"btn btn-secondary btn-sm mt-1 consent-change\">Muuda n\u00f5usolekut<\/button>\n\t\t\t        <\/div>\n\t\t\t    <\/div>\n\t\t\t<\/div>\n<\/div>\n","protected":false},"excerpt":{"rendered":"<p>Die J\u00fcnger auf Gebhardts Gem\u00e4lde wirken wie echte Menschen, nicht wie Idealfiguren. Der Maler hat ihre Gesichter nach dem Aussehen estnischer Bauern gestaltet. W\u00e4hlen Sie aus der Auswahl drei Adjektive, die diesen Bauern beschreiben. Klicken Sie auf den Pfeil, um &#8230;<\/p>\n","protected":false},"author":816,"featured_media":0,"parent":0,"menu_order":0,"comment_status":"closed","ping_status":"closed","template":"","meta":{"_acf_changed":false,"inline_featured_image":false,"footnotes":""},"class_list":["post-115","page","type-page","status-publish","hentry"],"acf":[],"_links":{"self":[{"href":"https:\/\/sisu.ut.ee\/gebhardt\/wp-json\/wp\/v2\/pages\/115","targetHints":{"allow":["GET"]}}],"collection":[{"href":"https:\/\/sisu.ut.ee\/gebhardt\/wp-json\/wp\/v2\/pages"}],"about":[{"href":"https:\/\/sisu.ut.ee\/gebhardt\/wp-json\/wp\/v2\/types\/page"}],"author":[{"embeddable":true,"href":"https:\/\/sisu.ut.ee\/gebhardt\/wp-json\/wp\/v2\/users\/816"}],"replies":[{"embeddable":true,"href":"https:\/\/sisu.ut.ee\/gebhardt\/wp-json\/wp\/v2\/comments?post=115"}],"version-history":[{"count":12,"href":"https:\/\/sisu.ut.ee\/gebhardt\/wp-json\/wp\/v2\/pages\/115\/revisions"}],"predecessor-version":[{"id":538,"href":"https:\/\/sisu.ut.ee\/gebhardt\/wp-json\/wp\/v2\/pages\/115\/revisions\/538"}],"wp:attachment":[{"href":"https:\/\/sisu.ut.ee\/gebhardt\/wp-json\/wp\/v2\/media?parent=115"}],"curies":[{"name":"wp","href":"https:\/\/api.w.org\/{rel}","templated":true}]}}