{"id":112,"date":"2025-03-19T11:27:55","date_gmt":"2025-03-19T09:27:55","guid":{"rendered":"https:\/\/sisu.ut.ee\/gebhardt\/?page_id=112"},"modified":"2025-04-02T20:09:54","modified_gmt":"2025-04-02T17:09:54","slug":"4-4-ubung","status":"publish","type":"page","link":"https:\/\/sisu.ut.ee\/gebhardt\/4-4-ubung\/","title":{"rendered":"4.3 Wortschatztraining"},"content":{"rendered":"<p><\/p>\n\n\n\n<div class=\"h5p-iframe-wrapper\"><div class=\"video-placeholder-wrapper video-placeholder-wrapper--fixed\" style=\"height: 366px;\">\n\t\t\t    <div class=\"video-placeholder d-flex justify-content-center align-items-center\">\n\t\t\t        <div class=\"overlay text-white p-2 w-100 text-center d-block justify-content-center align-items-center\">\n\t\t\t            <div>Kolmandate osapoolte sisu n\u00e4gemiseks palun n\u00f5ustu k\u00fcpsistega.<\/div>\n\t\t\t            <button class=\"btn btn-secondary btn-sm mt-1 consent-change\">Muuda n\u00f5usolekut<\/button>\n\t\t\t        <\/div>\n\t\t\t    <\/div>\n\t\t\t<\/div>\n<\/div>\n","protected":false},"excerpt":{"rendered":"","protected":false},"author":816,"featured_media":0,"parent":0,"menu_order":0,"comment_status":"closed","ping_status":"closed","template":"","meta":{"_acf_changed":false,"inline_featured_image":false,"footnotes":""},"class_list":["post-112","page","type-page","status-publish","hentry"],"acf":[],"_links":{"self":[{"href":"https:\/\/sisu.ut.ee\/gebhardt\/wp-json\/wp\/v2\/pages\/112","targetHints":{"allow":["GET"]}}],"collection":[{"href":"https:\/\/sisu.ut.ee\/gebhardt\/wp-json\/wp\/v2\/pages"}],"about":[{"href":"https:\/\/sisu.ut.ee\/gebhardt\/wp-json\/wp\/v2\/types\/page"}],"author":[{"embeddable":true,"href":"https:\/\/sisu.ut.ee\/gebhardt\/wp-json\/wp\/v2\/users\/816"}],"replies":[{"embeddable":true,"href":"https:\/\/sisu.ut.ee\/gebhardt\/wp-json\/wp\/v2\/comments?post=112"}],"version-history":[{"count":3,"href":"https:\/\/sisu.ut.ee\/gebhardt\/wp-json\/wp\/v2\/pages\/112\/revisions"}],"predecessor-version":[{"id":533,"href":"https:\/\/sisu.ut.ee\/gebhardt\/wp-json\/wp\/v2\/pages\/112\/revisions\/533"}],"wp:attachment":[{"href":"https:\/\/sisu.ut.ee\/gebhardt\/wp-json\/wp\/v2\/media?parent=112"}],"curies":[{"name":"wp","href":"https:\/\/api.w.org\/{rel}","templated":true}]}}