{"id":109,"date":"2025-03-19T11:27:10","date_gmt":"2025-03-19T09:27:10","guid":{"rendered":"https:\/\/sisu.ut.ee\/gebhardt\/?page_id=109"},"modified":"2025-05-26T09:58:29","modified_gmt":"2025-05-26T06:58:29","slug":"4-3-ubung","status":"publish","type":"page","link":"https:\/\/sisu.ut.ee\/gebhardt\/4-3-ubung\/","title":{"rendered":"4.2 Bildbeschreibung"},"content":{"rendered":"<div class=\"h5p-iframe-wrapper\"><div class=\"video-placeholder-wrapper video-placeholder-wrapper--fixed\" style=\"height: 366px;\">\n\t\t\t    <div class=\"video-placeholder d-flex justify-content-center align-items-center\">\n\t\t\t        <div class=\"overlay text-white p-2 w-100 text-center d-block justify-content-center align-items-center\">\n\t\t\t            <div>Kolmandate osapoolte sisu n\u00e4gemiseks palun n\u00f5ustu k\u00fcpsistega.<\/div>\n\t\t\t            <button class=\"btn btn-secondary btn-sm mt-1 consent-change\">Muuda n\u00f5usolekut<\/button>\n\t\t\t        <\/div>\n\t\t\t    <\/div>\n\t\t\t<\/div>\n<\/div>\n\n\n<p><strong>2. M\u00fcndliche Aufgabe<\/strong><\/p>\n<p><strong> \u00dcben Sie das Erz\u00e4hlen anhand des Bildes: Wer sitzt wo? Verwende die folgenden Ausdr\u00fccke: links\/rechts, in der Mitte, hinter, vor auf der rechten\/linken Hand, sitzt\/sitzen.<\/strong><\/p>\n<p><strong>3. \u00dcberlegen Sie, welche Personen heute am letzten Abendmahl mit Jesus teilnehmen w\u00fcrden. Was denken Sie dar\u00fcber?<\/strong><\/p>\n<p>\u00a0<\/p>","protected":false},"excerpt":{"rendered":"<p>2. M\u00fcndliche Aufgabe \u00dcben Sie das Erz\u00e4hlen anhand des Bildes: Wer sitzt wo? Verwende die folgenden Ausdr\u00fccke: links\/rechts, in der Mitte, hinter, vor auf der rechten\/linken Hand, sitzt\/sitzen. 3. \u00dcberlegen Sie, welche Personen heute am letzten Abendmahl mit Jesus teilnehmen &#8230;<\/p>\n","protected":false},"author":816,"featured_media":0,"parent":0,"menu_order":0,"comment_status":"closed","ping_status":"closed","template":"","meta":{"_acf_changed":false,"inline_featured_image":false,"footnotes":""},"class_list":["post-109","page","type-page","status-publish","hentry"],"acf":[],"_links":{"self":[{"href":"https:\/\/sisu.ut.ee\/gebhardt\/wp-json\/wp\/v2\/pages\/109","targetHints":{"allow":["GET"]}}],"collection":[{"href":"https:\/\/sisu.ut.ee\/gebhardt\/wp-json\/wp\/v2\/pages"}],"about":[{"href":"https:\/\/sisu.ut.ee\/gebhardt\/wp-json\/wp\/v2\/types\/page"}],"author":[{"embeddable":true,"href":"https:\/\/sisu.ut.ee\/gebhardt\/wp-json\/wp\/v2\/users\/816"}],"replies":[{"embeddable":true,"href":"https:\/\/sisu.ut.ee\/gebhardt\/wp-json\/wp\/v2\/comments?post=109"}],"version-history":[{"count":17,"href":"https:\/\/sisu.ut.ee\/gebhardt\/wp-json\/wp\/v2\/pages\/109\/revisions"}],"predecessor-version":[{"id":671,"href":"https:\/\/sisu.ut.ee\/gebhardt\/wp-json\/wp\/v2\/pages\/109\/revisions\/671"}],"wp:attachment":[{"href":"https:\/\/sisu.ut.ee\/gebhardt\/wp-json\/wp\/v2\/media?parent=109"}],"curies":[{"name":"wp","href":"https:\/\/api.w.org\/{rel}","templated":true}]}}