{"id":106,"date":"2025-03-19T11:25:15","date_gmt":"2025-03-19T09:25:15","guid":{"rendered":"https:\/\/sisu.ut.ee\/gebhardt\/?page_id=106"},"modified":"2025-04-04T23:17:19","modified_gmt":"2025-04-04T20:17:19","slug":"4-2-opilasele","status":"publish","type":"page","link":"https:\/\/sisu.ut.ee\/gebhardt\/4-2-opilasele\/","title":{"rendered":"4.1 Lese- und H\u00f6rtext"},"content":{"rendered":"<p><strong>Lesen Sie den folgenden Text<\/strong><\/p>\n<p><strong>Das letzte Abendmahl von Jesus<\/strong><\/p>\n<p>Am Gr\u00fcndonnerstag isst Jesus mit seinen zw\u00f6lf J\u00fcngern das letzte Abendmahl. Er teilt Brot und Wein mit ihnen und sagt: <strong>\u201eDas ist mein Leib, das ist mein Blut\u201c<\/strong> (Lk 22,19\u201320). So beginnt das heilige Abendmahl. Jesus wei\u00df, dass ihn Judas verraten wird und dass er bald verhaftet wird. Heute feiern Christen dieses Ereignis in der Kirche mit Brot und Wein.<\/p>\n<p>Das Gem\u00e4lde <strong>\u201eDas letzte Abendmahl\u201c<\/strong> von Eduard von Gebhardt zeigt Jesus mit seinen zw\u00f6lf J\u00fcngern an einem langen Tisch. Im Hintergrund ist eine dunkle Holzwand mit Blumen zu sehen. Jesus sitzt ruhig in der Mitte. Vor ihm stehen ein Kelch und Brot. Er segnet das Essen mit einer Hand. Die J\u00fcnger reagieren unterschiedlich auf seine Worte.<\/p>\n<p><strong>H\u00f6ren Sie den Text<\/strong><\/p>\n<p>Der Text wird von Marcus Wetter gelesen.<\/p>\n\n\n<figure class=\"wp-block-audio\"><audio controls src=\"https:\/\/sisu.ut.ee\/wp-content\/uploads\/sites\/896\/Gebhardt-4-2-opilasele-1.mp3\"><\/audio><\/figure>\n\n\n\n<figure class=\"wp-block-image size-full\"><img loading=\"lazy\" decoding=\"async\" width=\"846\" height=\"524\" src=\"https:\/\/sisu.ut.ee\/wp-content\/uploads\/sites\/896\/Das-letzte-Abendmahl-Berlin-Nationalgalerie-1.png\" alt=\"\" class=\"wp-image-296\" srcset=\"https:\/\/sisu.ut.ee\/wp-content\/uploads\/sites\/896\/Das-letzte-Abendmahl-Berlin-Nationalgalerie-1.png 846w, https:\/\/sisu.ut.ee\/wp-content\/uploads\/sites\/896\/Das-letzte-Abendmahl-Berlin-Nationalgalerie-1-300x186.png 300w, https:\/\/sisu.ut.ee\/wp-content\/uploads\/sites\/896\/Das-letzte-Abendmahl-Berlin-Nationalgalerie-1-768x476.png 768w\" sizes=\"auto, (max-width: 846px) 100vw, 846px\"><\/figure>\n\n\n<p style=\"text-align: center;\">Das letzte Abendmahl (1870)<\/p>\n<p style=\"text-align: center;\">Eduard von Gebhardt<\/p>\n<p style=\"text-align: center;\">Nationalgalerie Berlin<\/p>","protected":false},"excerpt":{"rendered":"<p>Lesen Sie den folgenden Text Das letzte Abendmahl von Jesus Am Gr\u00fcndonnerstag isst Jesus mit seinen zw\u00f6lf J\u00fcngern das letzte Abendmahl. Er teilt Brot und Wein mit ihnen und sagt: \u201eDas ist mein Leib, das ist mein Blut\u201c (Lk 22,19\u201320). &#8230;<\/p>\n","protected":false},"author":816,"featured_media":0,"parent":0,"menu_order":0,"comment_status":"closed","ping_status":"closed","template":"","meta":{"_acf_changed":false,"inline_featured_image":false,"footnotes":""},"class_list":["post-106","page","type-page","status-publish","hentry"],"acf":[],"_links":{"self":[{"href":"https:\/\/sisu.ut.ee\/gebhardt\/wp-json\/wp\/v2\/pages\/106","targetHints":{"allow":["GET"]}}],"collection":[{"href":"https:\/\/sisu.ut.ee\/gebhardt\/wp-json\/wp\/v2\/pages"}],"about":[{"href":"https:\/\/sisu.ut.ee\/gebhardt\/wp-json\/wp\/v2\/types\/page"}],"author":[{"embeddable":true,"href":"https:\/\/sisu.ut.ee\/gebhardt\/wp-json\/wp\/v2\/users\/816"}],"replies":[{"embeddable":true,"href":"https:\/\/sisu.ut.ee\/gebhardt\/wp-json\/wp\/v2\/comments?post=106"}],"version-history":[{"count":9,"href":"https:\/\/sisu.ut.ee\/gebhardt\/wp-json\/wp\/v2\/pages\/106\/revisions"}],"predecessor-version":[{"id":677,"href":"https:\/\/sisu.ut.ee\/gebhardt\/wp-json\/wp\/v2\/pages\/106\/revisions\/677"}],"wp:attachment":[{"href":"https:\/\/sisu.ut.ee\/gebhardt\/wp-json\/wp\/v2\/media?parent=106"}],"curies":[{"name":"wp","href":"https:\/\/api.w.org\/{rel}","templated":true}]}}