{"id":8,"date":"2024-04-04T04:16:48","date_gmt":"2024-04-04T01:16:48","guid":{"rendered":"https:\/\/sisu.ut.ee\/fzbg\/forschungen-zur-baltischen-geschichte-9-2014\/"},"modified":"2024-04-04T04:17:08","modified_gmt":"2024-04-04T01:17:08","slug":"forschungen-zur-baltischen-geschichte-9-2014","status":"publish","type":"page","link":"https:\/\/sisu.ut.ee\/fzbg\/forschungen-zur-baltischen-geschichte-9-2014\/","title":{"rendered":"Forschungen zur baltischen Geschichte 9 \/ 2014"},"content":{"rendered":"<h3>\r\n\t<img loading=\"lazy\" decoding=\"async\" width=\"913\" height=\"1445\" class=\"alignnone wp-image-47\" style=\"width: 250px;height: 396px;float: right\" src=\"https:\/\/sisu.ut.ee\/wp-content\/uploads\/sites\/279\/fzbg-8-kaas-page-001_esikulg.jpg\" title=\"fzbg-8-kaas-page-001_esikulg.jpg\" alt=\"Forschungen zur baltischen Geschichte 9 \/ 2014\" srcset=\"https:\/\/sisu.ut.ee\/wp-content\/uploads\/sites\/279\/fzbg-8-kaas-page-001_esikulg.jpg 913w, https:\/\/sisu.ut.ee\/wp-content\/uploads\/sites\/279\/fzbg-8-kaas-page-001_esikulg-190x300.jpg 190w, https:\/\/sisu.ut.ee\/wp-content\/uploads\/sites\/279\/fzbg-8-kaas-page-001_esikulg-647x1024.jpg 647w, https:\/\/sisu.ut.ee\/wp-content\/uploads\/sites\/279\/fzbg-8-kaas-page-001_esikulg-768x1216.jpg 768w\" sizes=\"auto, (max-width: 913px) 100vw, 913px\"><a data-fid=\"63110\" href=\"https:\/\/sisu.ut.ee\/wp-content\/uploads\/sites\/279\/fzbg-9-2014.pdf\">Forschungen zur baltischen Geschichte 9 \/ 2014 (pdf)<\/a>\r\n<\/h3>\r\n\r\n<p>\r\n\t\u00a0\r\n<\/p>\r\n\r\n<p>\r\n\t<strong>Aufs\u00e4tze<\/strong>\r\n<\/p>\r\n\r\n<ul>\r\n\t<li>\r\n\t\tSergejs Coja: Die Frage der Herkunft des Chronisten Heinrich\u00a0von Lettland in der russischen Historiografie (s 11)\r\n\t<\/li>\r\n\t<li>\r\n\t\tM\u0101rti\u0146\u0161 Boiko: Die Th ese der verlorenen Klage in der lettischen\u00a0geisteswissenschaftlichen Literatur des 20. Jahrhunderts. Eine\u00a0inter disziplin\u00e4re Fallstudie (s 25)\r\n\t<\/li>\r\n\t<li>\r\n\t\tIvar Leimus: Vorl\u00e4ufi ge Bemerkungen zur Entwicklung einiger\u00a0L\u00f6hne und Preise in Reval im 16. Jahrhundert (s 50)\r\n\t<\/li>\r\n\t<li>\r\n\t\tKen Ird: Sozialdisziplinierung im fr\u00fchneuzeitlichen Livland:\u00a0F\u00e4lle von Sodomie vor dem Landgericht Pernau im 17. bis\u00a019. Jahrhundert (s\u00a067)\r\n\t<\/li>\r\n\t<li>\r\n\t\tHartmut R\u00fcss: Portrait eines Weitl\u00e4ufi gen: Anton C. F. Amelung\u00a0(1735\u20131798), Unternehmer und Wirtschaftspionier zwischen\u00a0Zeiten und Welten (s 83)\r\n\t<\/li>\r\n\t<li>\r\n\t\tDavid Feest: Vorbild oder abschreckendes Beispiel? Der \u201ebaltische\u00a0Weg\u201c in der Agrarpolitik des Russl\u00e4ndischen Imperiums (s 134)\r\n\t<\/li>\r\n\t<li>\r\n\t\t\u0112riks J\u0113kabsons: Die T\u00e4tigkeit der amerikanischen Mission in\u00a0Lettland unter der Leitung von Warwick Greene: Liep\u0101ja, April\u00a0bis Mai 1919 (s\u00a0152)\r\n\t<\/li>\r\n\t<li>\r\n\t\tTriin Tark: Die Mobilisierungen des Jahres 1944 in Estland: Ein\u00a0Triumph der deutschen Propaganda? (s 177)\r\n\t<\/li>\r\n\t<li>\r\n\t\tEva Pluha\u0159ov\u00e1-Grigien\u0117: Im Spannungsfeld von Selling Socialism\u00a0und heimatlicher Nostalgie: Fotobildb\u00e4nde zur litauischen K\u00fcste in den 1960er und 1970er Jahren (s 195)\r\n\t<\/li>\r\n\t<li>\r\n\t\tOliver Pagel: Finnische Touristen entdecken das sowjetische\u00a0Tallinn (s 215)\r\n\t<\/li>\r\n\t<li>\r\n\t\tKonrad Maier (\u2020): Die estnische Gr\u00fcne Partei: Zwischen \u00f6kologischer\u00a0Notwendigkeit und nationaler Identit\u00e4t (s\u00a0237)\r\n\t<\/li>\r\n<\/ul>\r\n\r\n<p>\r\n\t<strong>Mitteilungen<\/strong>\r\n<\/p>\r\n\r\n<ul>\r\n\t<li>\r\n\t\tMarina Bessudnova: \u201eLivo-Moscovitica\u201c im schwedischen\u00a0Reichsarchiv in Stockholm (s 253)\r\n\t<\/li>\r\n\t<li>\r\n\t\tGottfried Etzold: Johann Wilhelm von Krause: Ein Praktiker\u00a0der Aufkl\u00e4rung im Livland des 18. Jahrhunderts (s\u00a0263)\r\n\t<\/li>\r\n\t<li>\r\n\t\tAndreas Strippel: \u201e\u2026 zu allem zu gebrauchen\u201c \u2013 Die Karriere\u00a0des Dr. Martin Sandberger (s\u00a0274)\r\n\t<\/li>\r\n\t<li>\r\n\t\tKrist\u012bne Be\u0137ere, Edgars Eng\u012bzers, Vilius Ivanauskas, Igor\u00a0Kop\u00f5tin: Die sanfte Geschichtspolitik Russlands. Anmerkungen\u00a0zu einer internationalen Sommerschule in Zvenigorod 2013 (s 285)\r\n\t<\/li>\r\n<\/ul>\r\n\r\n<p>\r\n\t<strong>Besprechungen<\/strong>\r\n<\/p>\r\n\r\n<ul>\r\n\t<li>\r\n\t\tCornelius Hasselblatt: Van IJstijd tot Skype. Korte\u00a0geschiedenis van Estland [Von der Eiszeit zu Skype. Eine kurze\u00a0Geschichte Estlands] (von Jeroen Bult) (s\u00a0293)\r\n\t<\/li>\r\n\t<li>\r\n\t\tLatvijas v\u0113stures maz\u0101 bibliot\u0113ka [Kleine Geschichtsbibliothek\u00a0Lettlands] (von Detlef Henning) (s\u00a0297)\r\n\t<\/li>\r\n\t<li>\r\n\t\tSocieties of the Past: Approaches to Landscape, Burial Customs\u00a0and Grave Goods (von Andrejs Vasks) (s 299)\r\n\t<\/li>\r\n\t<li>\r\n\t\tBernhart J\u00e4hnig: Verfassung und Verwaltung des Deutschen\u00a0Ordens und seiner Herrschaft in Livland (von Andris Levans) (s\u00a0304)\r\n\t<\/li>\r\n\t<li>\r\n\t\tEesti ajalugu II: Eesti keskaeg [Geschichte Estlands II. Estnisches\u00a0Mittelalter] (von Kristjan Toomaspoeg) (s\u00a0307)\r\n\t<\/li>\r\n\t<li>\r\n\t\tEesti ajalugu III: Vene-Liivimaa s\u00f5jast P\u00f5hjas\u00f5jani [Geschichte\u00a0Estlands III. Vom Russisch-Livl\u00e4ndischen Krieg zum Gro\u00dfen\u00a0Nordischen Krieg] (von Kersti Lust) (s\u00a0312)\r\n\t<\/li>\r\n\t<li>\r\n\t\tDeniss Hanovs: Eiropas aristokr\u0101tijas kult\u016bra 17.\u201319. gadsimt\u0101\u00a0[Die Kultur der europ\u00e4ischen Aristokratie im 17.\u201319. Jahrhundert]\u00a0(von Gvido Straube) (s\u00a0316)\r\n\t<\/li>\r\n\t<li>\r\n\t\tUlrike Plath: Esten und Deutsche in den baltischen\u00a0Provinzen Russlands. Fremdheitskonstruktionen, Lebenswelten,\u00a0Kolonialphantasien 1750\u20131850 (von Lea Leppik) (s\u00a0320)\r\n\t<\/li>\r\n\t<li>\r\n\t\tGlanz und Elend \u2013 Mythos und Wirklichkeit der Herrenh\u00e4user im\u00a0Baltikum (von Karsten Br\u00fcggemann) (s\u00a0323)\r\n\t<\/li>\r\n\t<li>\r\n\t\tCornelius Hasselblatt: Estnische Literatur in deutscher\u00a0\u00dcbersetzung. Eine Rezeptionsgeschichte vom 19. bis zum 21.\u00a0Jahrhundert (von Liina Lukas) (s\u00a0330)\r\n\t<\/li>\r\n\t<li>\r\n\t\tLinda Kaljundi, Tiina-Mall Kreem: Friedrich Ludwig von\u00a0Maydelli pildid Baltimaade ajaloost. \u2013 Friedrich Ludwig von\u00a0Maydells Baltische Geschichte in Bildern. \u2013 Friedrich Ludwig\r\n\t<\/li>\r\n\t<li>\r\n\t\tvon Maydell\u2019s Baltic History in Images (von Ulrike Plath) (s\u00a0334)\r\n\t<\/li>\r\n\t<li>\r\n\t\tRossija i Pribaltijskij region v XIX\u2013XX vv.: Problemy vzaimootno\u0161enij\u00a0v menjaju\u0161\u010demsja mire [Russland und die baltische\u00a0Region im 19.\u201320. Jh.: Probleme der gegenseitigen Beziehungen\u00a0in einer sich \u00e4ndernden Welt] (von T\u00f5nu Tannberg) (s\u00a0339)\r\n\t<\/li>\r\n\t<li>\r\n\t\tAadu Must: Siber ja Eesti. Jalaraua k\u00f5lin [Sibirien und Estland.\u00a0Das Klirren der Fu\u00dffesseln] (von Aivar J\u00fcrgenson) (s 341)\r\n\t<\/li>\r\n\t<li>\r\n\t\tChristian Westerhoff: Zwangsarbeit im Ersten Weltkrieg.\u00a0Deutsche Arbeitskr\u00e4ftepolitik im besetzten Polen und\u00a0Litauen 1914\u20131918; Tilman Plath: Zwischen Schonung und\r\n\t<\/li>\r\n\t<li>\r\n\t\tMenschenjagden. Die Arbeitseinsatzpolitik in den baltischen\u00a0Generalbezirken des Reichskommissariats Ostland 1941\u20131945 (von\u00a0Toomas Hiio) (s\u00a0344)\r\n\t<\/li>\r\n\t<li>\r\n\t\t\u0112riks J\u0113kabsons: Aizmirstie karav\u012bri \u2013 ebreji Latvijas armij\u0101\u00a01918.\u20131940. gad\u0101 [Die vergessenen Soldaten \u2013 die Juden in der\u00a0lettischen Armee 1918\u20131940] (von Kaspars Zellis) (s\u00a0352)\r\n\t<\/li>\r\n\t<li>\r\n\t\tSebastian Rimestad: Th e Challenges of Modernity to the\u00a0Orthodox Church in Estonia and Latvia (1917\u20131940) (von Linda\u00a0Lainvoo) (s\u00a0356)\r\n\t<\/li>\r\n\t<li>\r\n\t\tBaltic Eugenics: Bio-Politics, Race and Nation in Interwar\u00a0Estonia, Latvia and Lithuania 1918\u20131940 (von Raiko J\u00e4\u00e4rats) (s\u00a0359)\r\n\t<\/li>\r\n\t<li>\r\n\t\tDeniss Hanovs, Valdis T\u0113raudkalns: Ultimate Freedom \u2013 No\u00a0Choice. Th e Culture of Authoritarianism in Latvia, 1934\u20131940;\u00a0Michael Kohrs: Die Litauische Nationale Union \u2013 Portr\u00e4t einer\u00a0(Staats-)Partei. Die Litauische Nationale Union (LTS) und ihre\u00a0Bedeutung f\u00fcr das autorit\u00e4re Regime der Zwischenkriegszeit in\u00a0Litauen 1924 bis 1940 (von Bj\u00f6rn M. Felder) (s 362)\r\n\t<\/li>\r\n\t<li>\r\n\t\tJulia Rosche: Zwischen den Fronten. Die Rolle Estlands\u00a0zwischen dem Hitler-Stalin-Pakt und dem Ende des\u00a0Zweiten Weltkriegs im internationalen Kontext (von Olaf\r\n\t<\/li>\r\n\t<li>\r\n\t\tMertelsmann) (s\u00a0366)\r\n\t<\/li>\r\n\t<li>\r\n\t\tPrit Buttar: Between Giants. Th e Battle for the Baltics in\u00a0World War II (von Olaf Mertelsmann) (s\u00a0370)\r\n\t<\/li>\r\n\t<li>\r\n\t\tAldis Purs: Baltic Facades. Estonia, Latvia and Lithuania since\u00a01945 (von Karsten Br\u00fcggemann) (s\u00a0372)\r\n\t<\/li>\r\n\t<li>\r\n\t\tPhilipp Herzog: Sozialistische V\u00f6lkerfreundschaft, nationaler\u00a0Widerstand oder harmloser Zeitvertreib? Zur politischen Funktion der Volkskunst im sowjetischen Estland (von Karsten\u00a0Br\u00fcggemann) (s\u00a0376)\u00a0\r\n\t<\/li>\r\n\t<li>\r\n\t\tAleksandr Gavrilin: Latvijskie pravoslavnye svja\u0161\u010dennoslu\u017eiteli\u00a0na amerika nskom kontinente [Die lettischen orthodoxen Geistlichen\u00a0auf dem amerikanischen Kontinent] (von T\u00f5nu Tannberg) (s 379)\r\n\t<\/li>\r\n\t<li>\r\n\t\tRichard C. M. Mole: Th e Baltic States From the Soviet Union\u00a0to the European Union. Identity, Discourse and Power in the\u00a0Post-Communist Transition of Estonia, Latvia and Lithuania\u00a0(von Karsten Br\u00fcggemann) (s\u00a0381)\r\n\t<\/li>\r\n\t<li>\r\n\t\tHistory of Pedagogy and Educational Sciences in the Baltic\u00a0Countries from 1940 to 1990: An Overview (von Mare Oja) (s\u00a0384)\r\n\t<\/li>\r\n\t<li>\r\n\t\tTiit Pruuli: E\u00dcE j\u00e4lg. Pildikesi \u00fcli\u00f5pilasnoorsoo elust [Die\u00a0Spur des E\u00dcE. Bilder aus dem Leben der studentischen Jugend]\u00a0(von Mati Laur) (s\u00a0389)\r\n\t<\/li>\r\n\t<li>\r\n\t\tZenonas Norkus: On Baltic Slovenia and Adriatic Lithuania. A\u00a0Qualitative Comparative Analysis of Patterns in Post-Communist\u00a0Transformation (von Lars Fredrik St\u00f6cker) (s\u00a0391)\r\n\t<\/li>\r\n<\/ul>\r\n<br><div class=\"wp-block-group attached-files-group is-layout-constrained wp-block-group-is-layout-constrained\"><div class=\"wp-block-file\"><a href=\"https:\/\/sisu.ut.ee\/wp-content\/uploads\/sites\/279\/fzbg-9-2014.pdf\" target=\"_blank\" rel=\"noreferrer noopener\">fzbg-9-2014.pdf<\/a><\/div><\/div>","protected":false},"excerpt":{"rendered":"<p>Forschungen zur baltischen Geschichte 9 \/ 2014 (pdf) \u00a0 Aufs\u00e4tze Sergejs Coja: Die Frage der Herkunft des Chronisten Heinrich\u00a0von Lettland in der russischen Historiografie (s 11) M\u0101rti\u0146\u0161 Boiko: Die Th ese der verlorenen Klage in der lettischen\u00a0geisteswissenschaftlichen Literatur des 20. &#8230;<\/p>\n","protected":false},"author":148,"featured_media":0,"parent":0,"menu_order":0,"comment_status":"closed","ping_status":"closed","template":"","meta":{"_acf_changed":false,"inline_featured_image":false,"footnotes":""},"class_list":["post-8","page","type-page","status-publish","hentry"],"acf":[],"_links":{"self":[{"href":"https:\/\/sisu.ut.ee\/fzbg\/wp-json\/wp\/v2\/pages\/8","targetHints":{"allow":["GET"]}}],"collection":[{"href":"https:\/\/sisu.ut.ee\/fzbg\/wp-json\/wp\/v2\/pages"}],"about":[{"href":"https:\/\/sisu.ut.ee\/fzbg\/wp-json\/wp\/v2\/types\/page"}],"author":[{"embeddable":true,"href":"https:\/\/sisu.ut.ee\/fzbg\/wp-json\/wp\/v2\/users\/148"}],"replies":[{"embeddable":true,"href":"https:\/\/sisu.ut.ee\/fzbg\/wp-json\/wp\/v2\/comments?post=8"}],"version-history":[{"count":2,"href":"https:\/\/sisu.ut.ee\/fzbg\/wp-json\/wp\/v2\/pages\/8\/revisions"}],"predecessor-version":[{"id":149,"href":"https:\/\/sisu.ut.ee\/fzbg\/wp-json\/wp\/v2\/pages\/8\/revisions\/149"}],"wp:attachment":[{"href":"https:\/\/sisu.ut.ee\/fzbg\/wp-json\/wp\/v2\/media?parent=8"}],"curies":[{"name":"wp","href":"https:\/\/api.w.org\/{rel}","templated":true}]}}