{"id":7,"date":"2024-04-04T04:16:47","date_gmt":"2024-04-04T01:16:47","guid":{"rendered":"https:\/\/sisu.ut.ee\/fzbg\/forschungen-zur-baltischen-geschichte-10-2015\/"},"modified":"2024-04-04T04:17:08","modified_gmt":"2024-04-04T01:17:08","slug":"forschungen-zur-baltischen-geschichte-10-2015","status":"publish","type":"page","link":"https:\/\/sisu.ut.ee\/fzbg\/forschungen-zur-baltischen-geschichte-10-2015\/","title":{"rendered":"Forschungen zur baltischen Geschichte 10 \/ 2015"},"content":{"rendered":"<h3>\r\n\t<img loading=\"lazy\" decoding=\"async\" width=\"888\" height=\"1438\" class=\"alignnone wp-image-45\" style=\"width: 250px;height: 405px;float: right\" src=\"https:\/\/sisu.ut.ee\/wp-content\/uploads\/sites\/279\/fzbg-10-kaas-page-002_esikulg.jpg\" title=\"fzbg-10-kaas-page-002_esikulg.jpg\" alt=\"Forschungen zur baltischen Geschichte 10 \/ 2015\" srcset=\"https:\/\/sisu.ut.ee\/wp-content\/uploads\/sites\/279\/fzbg-10-kaas-page-002_esikulg.jpg 888w, https:\/\/sisu.ut.ee\/wp-content\/uploads\/sites\/279\/fzbg-10-kaas-page-002_esikulg-185x300.jpg 185w, https:\/\/sisu.ut.ee\/wp-content\/uploads\/sites\/279\/fzbg-10-kaas-page-002_esikulg-632x1024.jpg 632w, https:\/\/sisu.ut.ee\/wp-content\/uploads\/sites\/279\/fzbg-10-kaas-page-002_esikulg-768x1244.jpg 768w\" sizes=\"auto, (max-width: 888px) 100vw, 888px\"><a data-fid=\"63101\" href=\"https:\/\/sisu.ut.ee\/wp-content\/uploads\/sites\/279\/fzbg-10-2015.pdf\">Forschungen zur baltischen Geschichte 10 \/ 2015 (pdf)<\/a>\r\n<\/h3>\r\n\r\n<p>\r\n\t\u00a0\r\n<\/p>\r\n\r\n<p>\r\n\t<strong>Aufs\u00e4tze<\/strong>\r\n<\/p>\r\n\r\n<ul>\r\n\t<li>\r\n\t\tAnti Selart: Gab es eine altrussische Tributherrschaft in Estland\u00a0(10.\u201312. Jahrhundert)? (s\u00a011)\r\n\t<\/li>\r\n\t<li>\r\n\t\tTimofey Guimon: Estonia during the Eleventh and Twelfth\u00a0Centuries in the Novgorodian Chronicles (s\u00a031)\r\n\t<\/li>\r\n\t<li>\r\n\t\tInna P\u00f5ltsam-J\u00fcrjo: Leben im Dunkeln: n\u00e4chtliche und winterliche\u00a0Aktivit\u00e4ten in Livland vom 13. bis zum 16. Jahrhundert (s\u00a046)\r\n\t<\/li>\r\n\t<li>\r\n\t\tEnn K\u00fcng: Die Gefangenschaft Herzog Jakobs von Kurland in\u00a0Ivangorod 1659\u20131660 (s 69)\r\n\t<\/li>\r\n\t<li>\r\n\t\tDennis Hormuth: Eine fragmentierte Sondergruppe? Betrachtungen\u00a0zu Gruppenbildungs- und Abgrenzungsmechanismen in\u00a0der Gro\u00dfen Gilde Rigas am Ende des 17. Jahrhunderts (s 92)\r\n\t<\/li>\r\n\t<li>\r\n\t\tVasilijus Safronovas: Zum Wandel des r\u00e4umlichen Begriffs\u00a0\u201eLitauen\u201c im deutschsprachigen Diskurs w\u00e4hrend und nach dem\u00a0Ersten Weltkrieg (s\u00a0109)\r\n\t<\/li>\r\n\t<li>\r\n\t\tAgo Pajur: Die estnischen Milit\u00e4reinheiten 1917\u20131918 (s 136)\r\n\t<\/li>\r\n\t<li>\r\n\t\tKaspars Zellis: Der Erste Weltkrieg und die lettischen Sch\u00fctzen\u00a0im kollektiven Ged\u00e4chtnis der Letten (s\u00a0163)\r\n\t<\/li>\r\n\t<li>\r\n\t\tTilman Plath: \u201eSchlimmer als die bolschewistische Verschleppung!\u201c\u00a0Zur Lage der slawischen Minderheiten im Baltikum unter\u00a0deutscher Besatzung 1941\u20131945 (s\u00a0188)\u00a0\r\n\t<\/li>\r\n\t<li>\r\n\t\tM\u0101rti\u0146\u0161 Mintaurs: Das Kulturerbe und seine politischen Interpretationen:\u00a0Zur Frage der Geschichtspolitik und des Denkmalschutzes\u00a0in Lettland (s\u00a0205)\r\n\t<\/li>\r\n<\/ul>\r\n\r\n<p>\r\n\t<strong>Quellenpublikation<\/strong>\r\n<\/p>\r\n\r\n<ul>\r\n\t<li>\r\n\t\tDavid Werner: \u201e\u00c6stonia Rediviva\u201c. Kommentar, Transkription\u00a0und \u00dcbersetzung (von Stefan Donecker) (s 223)\r\n\t<\/li>\r\n<\/ul>\r\n\r\n<p>\r\n\t<strong>Mitteilungen<\/strong>\r\n<\/p>\r\n\r\n<ul>\r\n\t<li>\r\n\t\tJuhan Kreem: \u00dcber das Leben im Ordenshaus. Eine Konferenz\u00a0im Stadtarchiv Tallinn (26.\u201327. September 2014) (s\u00a0271)\r\n\t<\/li>\r\n\t<li>\r\n\t\tMartin Kl\u00f6ker: Die Arbeiten der nationalen retrospektiven\u00a0Biblio grafi en in Estland und Lettland: Einige Anmerkungen aus\u00a0Anlass des Erscheinens des \u201eGesamtkatalogs der fremdsprachigen\u00a0Altdrucke Lettlands 1588\u20131830\u201c (s\u00a0278)\r\n\t<\/li>\r\n\t<li>\r\n\t\tKarsten Br\u00fcggemann: Litauen und die Sowjetunion im Zweiten\u00a0Weltkrieg: Eine Quellenpublikation zur rechten Zeit (s\u00a0296)\r\n\t<\/li>\r\n\t<li>\r\n\t\tIlgvars Mis\u0101ns: Die lettische Geschichtsliteratur in den Jahren\u00a02013 und 2014 (s\u00a0303)\r\n\t<\/li>\r\n\t<li>\r\n\t\tMati Laur: Die estnische Geschichtsliteratur in den Jahren 2013\u00a0und 2014 (s\u00a0319)\r\n\t<\/li>\r\n<\/ul>\r\n\r\n<p>\r\n\t<strong>Besprechungen<\/strong>\r\n<\/p>\r\n\r\n<ul>\r\n\t<li>\r\n\t\tDie Neuerfi ndung des Raumes. Grenz\u00fcberschreitungen und\u00a0Neuordnungen (von Stefan Donecker) (s\u00a0331)\r\n\t<\/li>\r\n\t<li>\r\n\t\tAndreas F\u00fclberth: Riga. Kleine Geschichte der Stadt (von\u00a0Ilgvars Mis\u0101ns) (s\u00a0334)\r\n\t<\/li>\r\n\t<li>\r\n\t\tTiina Kala: Jutlustajad ja hingede p\u00e4\u00e4stjad: dominiiklaste ordu ja\u00a0Tallinna P\u00fcha Katariina konvent [Preachers and saviours of souls:\u00a0the Dominican Order and the convent of St. Catherine in Reval]\u00a0(by Siiri Rebane) (s\u00a0339)\u00a0\r\n\t<\/li>\r\n\t<li>\r\n\t\tPietro U. Dini: Prelude to Baltic Linguistics. Earliest Theories\u00a0about Baltic Languages (16th Century) (von Stefan Donecker) (s\u00a0341)\r\n\t<\/li>\r\n\t<li>\r\n\t\tPreussen und Livland im Zeichen der Reformation (von Anti\u00a0Selart) (s\u00a0343)\r\n\t<\/li>\r\n\t<li>\r\n\t\tTatjana Niemsch: Reval im 16. Jahrhundert. Erfahrungsr\u00e4umliche\u00a0Deutungsmuster st\u00e4dtischer Konfl ikte (von Juhan\u00a0Kreem) (s\u00a0346)\r\n\t<\/li>\r\n\t<li>\r\n\t\tThomas Lange: Zwischen Reformation und Untergang Alt-Livlands. Der Rigaer Erzbischof Wilhelm von Brandenburg im\u00a0Beziehungsgefl echt der livl\u00e4ndischen Konf\u00f6deration und ihrer\u00a0Nachbarl\u00e4nder (von Juhan Kreem) (s\u00a0350)\r\n\t<\/li>\r\n\t<li>\r\n\t\tPeter von Brackel: Christlich Gesprech von der grawsamen\u00a0Zerst\u00f6rung in Lifl and (\u2026) (von Stefan Donecker) (s 353)\r\n\t<\/li>\r\n\t<li>\r\n\t\tJ\u016brat\u0117 Kiaupien\u0117, Ing\u0117 Luk\u0161ait\u0117: Lietuvos istorija 5. Ver\u017eli\u00a0Nauj\u0173j\u0173 laik\u0173 prad\u017eia. Lietuvos Did\u017eioji Kunigaik\u0161tyst\u0117 1529\u20131588\u00a0metais [Geschichte Litauens 5. Ungest\u00fcmer Anfang der Neuzeit.\u00a0Das Gro\u00dff\u00fcrstentum Litauen 1529\u20131588] (von Rita Regina\u00a0Trimonien\u0117) (s\u00a0356)\r\n\t<\/li>\r\n\t<li>\r\n\t\tKari Tarkiainen, \u00dclle Tarkiainen: Provinsen bortom havet.\u00a0Estlands svenska historia 1561\u20131710 [Die Provinzen jenseits\u00a0des Meeres. Estlands schwedische Geschichte 1561\u20131710]; Dies.:\u00a0Meretagune maa. Rootsi aeg Eestis 1561\u20131710 [Das Land jenseits\u00a0des Meeres. Die schwedische Zeit in Estland 1561\u20131710] (von\u00a0P\u00e4rtel Piirim\u00e4e) (s\u00a0361)\r\n\t<\/li>\r\n\t<li>\r\n\t\tSvetlana Bogojavlenska: Die j\u00fcdische Gesellschaft in Kurland\u00a0und Riga 1795\u20131915 [Th e Jewish Community in Courland and\u00a0Riga, 1795\u20131915] (by Anna Verschik) (s\u00a0364)\r\n\t<\/li>\r\n\t<li>\r\n\t\tCarl Schirren als Gelehrter im Spannungsfeld von Wissenschaft\u00a0und politischer Publizistik; Carl Schirren: Vorlesungen \u00fcber\u00a0livl\u00e4ndische Geschichte (von Karsten Br\u00fcggemann) (s 367)\r\n\t<\/li>\r\n\t<li>\r\n\t\tTerra Mariana 1186\u20131888. Albums un koment\u0101ri [Album und\u00a0Kommen tare] (von Krist\u012bne Ante &amp; Reinis Nork\u0101rkls) (s\u00a0375)\r\n\t<\/li>\r\n\t<li>\r\n\t\tToomas Karjah\u00e4rm: 1905. aasta Eestis: massiliikumine ja v\u00e4givald\u00a0maal [Das Jahr 1905 in Estland: die Massenbewegung und\u00a0die Gewalt auf dem Lande] (von Lauri Kann) (s\u00a0382)\r\n\t<\/li>\r\n\t<li>\r\n\t\tAuf Wache f\u00fcr die Nation. Erinnerungen. Der Weltkriegsagent\u00a0Juozas Gabrys berichtet (1911\u20131918) (von Mart Kuldkepp) (s\u00a0386)\r\n\t<\/li>\r\n\t<li>\r\n\t\tIseseisvusmanifest. Artikleid, dokumente ja m\u00e4lestusi [Das Unabh\u00e4ngigkeitsmanifest.\u00a0Aufs\u00e4tze, Dokumente und Erinne rungen]\u00a0(von Toomas Karjah\u00e4rm) (s\u00a0389)\r\n\t<\/li>\r\n\t<li>\r\n\t\tLeonid Arbusow (1882\u20131951) und die Erforschung des mittelalterlichen Livland (von Alexander Baranov) (s\u00a0395)\r\n\t<\/li>\r\n\t<li>\r\n\t\tUlrich Prehn: Max Hildebert Boehm: Radikales Ordnungsdenken\u00a0vom Ersten Weltkrieg bis in die Bundesrepublik (von\u00a0Karsten Br\u00fcggemann) (s\u00a0398)\r\n\t<\/li>\r\n\t<li>\r\n\t\tPer Bolin: Between National and Academic Agendas. Ethnic\u00a0Policies and \u201eNational Disciplines\u201c at the University of Latvia,\u00a01919\u20131940 (von Ineta Lip\u0161a) (s\u00a0402)\r\n\t<\/li>\r\n\t<li>\r\n\t\tIneta Lip\u0161a: Seksualit\u0101te un soci\u0101l\u0101 kontrole Latvij\u0101 1914\u20131939\u00a0[Sexualit\u00e4t und soziale Kontrolle in Lettland 1914\u20131939] (von\u00a0K\u0101rlis V\u0113rdi\u0146\u0161) (s\u00a0409)\r\n\t<\/li>\r\n\t<li>\r\n\t\tIvo Juurvee: R\u00e4\u00e4kimine h\u00f5be, vaikimine kuld. Riigisaladuse\u00a0kaitse Eesti Vabariigis 1918\u20131940 [Reden ist Silber, Schweigen ist\u00a0Gold: der Schutz von Staatsgeheimnissen in der Republik Estland\u00a0in den Jahren 1918\u20131940] (von Toomas Hiio) (s\u00a0413)\r\n\t<\/li>\r\n\t<li>\r\n\t\tDavid Vseviov, Irina Belobrovtseva, Aleksander Danilevskij:\u00a0Vaenlase kuju. Eesti kuvand N\u00f5ukogude karikatuuris 1920.\u20131940.\u00a0aastatel [Das Feindbild. Das Bild Estlands im Spiegel der sowjetischen\u00a0Karikatur in den 1920er\u20131940er Jahren] (von Liis Rannast-Kask) (s\u00a0416)\r\n\t<\/li>\r\n\t<li>\r\n\t\tPauli Heikkil\u00e4: Estonias for Europe. National Activism for\u00a0European Integration, 1922\u20131991 (von Olaf Mertelsmann) (s\u00a0419)\r\n\t<\/li>\r\n\t<li>\r\n\t\tDiane P. Koenker: Club Red. Vacation Travel and the Soviet\u00a0Dream (von Karsten Br\u00fcggemann) (s 421)\r\n\t<\/li>\r\n\t<li>\r\n\t\tThe Second World War and the Baltic States (von Tilman Plath) (s 425)\r\n\t<\/li>\r\n\t<li>\r\n\t\tKaarel Piirim\u00e4e: Roosevelt, Churchill, and the Baltic\u00a0Question. Allied Relations during the Second World War (von\u00a0Olaf Mertelsmann) (s 430)\r\n\t<\/li>\r\n\t<li>\r\n\t\tKaspars Zellis: Il\u016bziju un bai\u013cu ma\u0161in\u0113rija: propaganda nacistu\u00a0okup\u0113taj\u0101 Latvij\u0101: vara, mediji un sabiedr\u012bba (1941\u20131945) [The\u00a0Machinery of Illusion and Fear: Propaganda in Nazi-Occupied\u00a0Latvia: Power, the Media and Society] (by Andrejs Plakans) (s\u00a0432)\r\n\t<\/li>\r\n\t<li>\r\n\t\tAnu Mai K\u00f5ll: The Village and the Class War. Anti-Kulak\u00a0Campaign in Estonia (von Karsten Br\u00fcggemann) (s\u00a0437)\r\n\t<\/li>\r\n\t<li>\r\n\t\tVioleta Davoli\u016bt\u0117: The Making and Breaking of Soviet\u00a0Lithuania: Memory and Modernity in the Wake of War (von\u00a0Odeta Mik\u0161tait\u0117) (s\u00a0441)\r\n\t<\/li>\r\n<\/ul>\r\n<br><div class=\"wp-block-group attached-files-group is-layout-constrained wp-block-group-is-layout-constrained\"><div class=\"wp-block-file\"><a href=\"https:\/\/sisu.ut.ee\/wp-content\/uploads\/sites\/279\/fzbg-10-2015.pdf\" target=\"_blank\" rel=\"noreferrer noopener\">fzbg-10-2015.pdf<\/a><\/div><\/div>","protected":false},"excerpt":{"rendered":"<p>Forschungen zur baltischen Geschichte 10 \/ 2015 (pdf) \u00a0 Aufs\u00e4tze Anti Selart: Gab es eine altrussische Tributherrschaft in Estland\u00a0(10.\u201312. Jahrhundert)? (s\u00a011) Timofey Guimon: Estonia during the Eleventh and Twelfth\u00a0Centuries in the Novgorodian Chronicles (s\u00a031) Inna P\u00f5ltsam-J\u00fcrjo: Leben im Dunkeln: n\u00e4chtliche &#8230;<\/p>\n","protected":false},"author":148,"featured_media":0,"parent":0,"menu_order":0,"comment_status":"closed","ping_status":"closed","template":"","meta":{"_acf_changed":false,"inline_featured_image":false,"footnotes":""},"class_list":["post-7","page","type-page","status-publish","hentry"],"acf":[],"_links":{"self":[{"href":"https:\/\/sisu.ut.ee\/fzbg\/wp-json\/wp\/v2\/pages\/7","targetHints":{"allow":["GET"]}}],"collection":[{"href":"https:\/\/sisu.ut.ee\/fzbg\/wp-json\/wp\/v2\/pages"}],"about":[{"href":"https:\/\/sisu.ut.ee\/fzbg\/wp-json\/wp\/v2\/types\/page"}],"author":[{"embeddable":true,"href":"https:\/\/sisu.ut.ee\/fzbg\/wp-json\/wp\/v2\/users\/148"}],"replies":[{"embeddable":true,"href":"https:\/\/sisu.ut.ee\/fzbg\/wp-json\/wp\/v2\/comments?post=7"}],"version-history":[{"count":2,"href":"https:\/\/sisu.ut.ee\/fzbg\/wp-json\/wp\/v2\/pages\/7\/revisions"}],"predecessor-version":[{"id":150,"href":"https:\/\/sisu.ut.ee\/fzbg\/wp-json\/wp\/v2\/pages\/7\/revisions\/150"}],"wp:attachment":[{"href":"https:\/\/sisu.ut.ee\/fzbg\/wp-json\/wp\/v2\/media?parent=7"}],"curies":[{"name":"wp","href":"https:\/\/api.w.org\/{rel}","templated":true}]}}