{"id":6,"date":"2024-04-04T04:16:47","date_gmt":"2024-04-04T01:16:47","guid":{"rendered":"https:\/\/sisu.ut.ee\/fzbg\/forschungen-zur-baltischen-geschichte-11-2016\/"},"modified":"2024-04-04T04:17:08","modified_gmt":"2024-04-04T01:17:08","slug":"forschungen-zur-baltischen-geschichte-11-2016","status":"publish","type":"page","link":"https:\/\/sisu.ut.ee\/fzbg\/forschungen-zur-baltischen-geschichte-11-2016\/","title":{"rendered":"Forschungen zur baltischen Geschichte 11 \/ 2016"},"content":{"rendered":"<h3>\r\n\t<img loading=\"lazy\" decoding=\"async\" width=\"929\" height=\"1437\" class=\"alignnone wp-image-41\" style=\"width: 250px;height: 387px;float: right\" src=\"https:\/\/sisu.ut.ee\/wp-content\/uploads\/sites\/279\/fzbg-11-kaas-page-001_esikulg.jpg\" title=\"fzbg-11-kaas-page-001_esikulg.jpg\" alt=\"Forschungen zur baltischen Geschichte 11 \/ 2016\" srcset=\"https:\/\/sisu.ut.ee\/wp-content\/uploads\/sites\/279\/fzbg-11-kaas-page-001_esikulg.jpg 929w, https:\/\/sisu.ut.ee\/wp-content\/uploads\/sites\/279\/fzbg-11-kaas-page-001_esikulg-194x300.jpg 194w, https:\/\/sisu.ut.ee\/wp-content\/uploads\/sites\/279\/fzbg-11-kaas-page-001_esikulg-662x1024.jpg 662w, https:\/\/sisu.ut.ee\/wp-content\/uploads\/sites\/279\/fzbg-11-kaas-page-001_esikulg-768x1188.jpg 768w\" sizes=\"auto, (max-width: 929px) 100vw, 929px\"><a data-fid=\"63099\" href=\"https:\/\/sisu.ut.ee\/wp-content\/uploads\/sites\/279\/fzbg-11-2016.pdf\">Forschungen zur baltischen Geschichte 11 \/ 2016 (pdf)<\/a>\r\n<\/h3>\r\n\r\n<p>\r\n\t\u00a0\r\n<\/p>\r\n\r\n<p>\r\n\t<strong>Aufs\u00e4tze<\/strong>\r\n<\/p>\r\n\r\n<ul>\r\n\t<li>\r\n\t\tVija Stik\u0101ne: Die Vogtei im mittelalterlichen Livland. Ihre\u00a0Funktionen und Zust\u00e4ndigkeiten im Bistum und Erzbistum Riga (s\u00a011)\r\n\t<\/li>\r\n\t<li>\r\n\t\tAnu M\u00e4nd: \u00dcber die Kirchen in den Kleinst\u00e4dten Livlands: Erg\u00e4nzungen\u00a0zur sp\u00e4tmittelalterlichen Kirchengeschichte von Hapsal\u00a0und Arensburg (s\u00a040)\r\n\t<\/li>\r\n\t<li>\r\n\t\t\u0112riks J\u0113kabsons: Streit um die Festung D\u00fcnam\u00fcnde: Die Beziehungen\u00a0zwischen der Stadt Riga und der Rzeczpospolita von\u00a01561 bis zum fr\u00fchen 17. Jahrhundert (s\u00a058)\r\n\t<\/li>\r\n\t<li>\r\n\t\tManfred von Boetticher: \u201eKonfessionalisierung\u201c als historischer\u00a0Einschnitt: Zur unterschiedlichen Entwicklung in Lettgallen\u00a0und im \u00fcbrigen Lettland (s\u00a078)\r\n\t<\/li>\r\n\t<li>\r\n\t\tAnita \u010cerpinska: Die Geschichte der F\u00e4hrmannsfamilie Ranck\u00a0im 18. und 19. Jahrhundert (s\u00a096)\r\n\t<\/li>\r\n\t<li>\r\n\t\tLea Leppik: Das Gesch\u00e4ft mit der Poudrette: Zur sanit\u00e4ren Frage\u00a0in Dorpat im sp\u00e4ten 19. und fr\u00fchen 20. Jahrhundert (s\u00a0113)\r\n\t<\/li>\r\n\t<li>\r\n\t\tRaiko J\u00e4\u00e4rats: Die \u00d6ff entlichkeit in Estland vor dem \u201eschweigenden\u00a0Zeitalter\u201c (s 129)\r\n\t<\/li>\r\n\t<li>\r\n\t\tAiri Uuna: Gesellschaftliche Freir\u00e4ume in einem autorit\u00e4ren\u00a0Sys tem: Die studentischen Baubrigaden in der Estnischen SSR (s\u00a0146)\r\n\t<\/li>\r\n\t<li>\r\n\t\tSusanne M\u00fcller: \u201eDie gute alte schwedische Zeit\u201c von ihren\u00a0Anf\u00e4ngen bis zum Ende des Gro\u00dfen Nordischen Krieges in estnischen\u00a0und pommerschen Museen (s\u00a0164)\r\n\t<\/li>\r\n<\/ul>\r\n\r\n<p>\r\n\t<strong>Mitteilungen<\/strong>\r\n<\/p>\r\n\r\n<ul>\r\n\t<li>\r\n\t\tPriit Raudkivi: Die Erde unter einer Aschewolke. Der Vulkanismus\u00a0als historischer Faktor (s 181)\r\n\t<\/li>\r\n\t<li>\r\n\t\tKarsten Br\u00fcggemann: Antisemitismus, die Vilnius-Frage und\u00a0der litauische Nationalismus. Anmerkungen zu zwei Neuerscheinungen (s\u00a0197)\r\n\t<\/li>\r\n\t<li>\r\n\t\tCarol Marmor-Drews: Amnesie und Protest: Das Jahr 1980\u00a0im Palimpsest der estnischen Zeitgeschichte (s\u00a0205)\r\n\t<\/li>\r\n\t<li>\r\n\t\tAnti Selart: Dissertationen aus dem Fachbereich Geschichte\u00a0der Universit\u00e4t Tartu 2006\u20132015 (s\u00a0215)\r\n\t<\/li>\r\n\t<li>\r\n\t\tBesprechungen\u00a0Beyond the Sea. Reviewing the Manifold Dimensions of Water as\u00a0Barrier and Bridge (von Karsten Br\u00fcggemann) (s\u00a0223)\r\n\t<\/li>\r\n\t<li>\r\n\t\tMarika M\u00e4gi: Rafala. Idateest ja Tallinna algusest [Rafala. \u00dcber\u00a0den Ostweg und die Anf\u00e4nge Tallinns] (von Kristjan Oad) (s\u00a0226)\r\n\t<\/li>\r\n\t<li>\r\n\t\tDarius Baronas, Stephen C. Rowell: Th e Conversion of\u00a0Lithuania. From Pagan Barbarians to Late Medieval Christians\u00a0(von Anti Selart) (s\u00a0229)\r\n\t<\/li>\r\n\t<li>\r\n\t\tTobias K\u00e4mpf: Das Revaler Ratsurteilsbuch. Grunds\u00e4tze und\u00a0Regeln des Prozessverfahrens in der fr\u00fchneuzeitlichen Hansestadt\u00a0(von Matthias Thumser) (s\u00a0233)\r\n\t<\/li>\r\n\t<li>\r\n\t\tDie baltischen L\u00e4nder und Europa in der Fr\u00fchen Neuzeit (von\u00a0Juhan Kreem) (s\u00a0235)\r\n\t<\/li>\r\n\t<li>\r\n\t\tWandel und Anpassung in der Geschichte Estlands. 16.\u201320. Jahrhundert.\u00a0\u2013 Change and Adaptation in Estonian History. 16th\u201320th\u00a0Century (von Seppo Zetterberg) (s 237)\r\n\t<\/li>\r\n\t<li>\r\n\t\tAija Taimi\u0146a, Kaspars K\u013cavi\u0146\u0161: Tic\u012bba un netic\u012bba Livonij\u0101.\u00a0M\u0101rti\u0146\u0161 Luters &amp; Matiass Knutsens [Glaube und Unglaube in\u00a0Livland. Martin Luther und Matthias Knutzen] (von Gvido\r\n\t<\/li>\r\n\t<li>\r\n\t\tStraube) (s\u00a0241)\r\n\t<\/li>\r\n\t<li>\r\n\t\tAleksandr Il\u2019i\u010d Filju\u0161kin: Izobretaja pervuju vojnu Rossii i Evropy.\u00a0Baltijskie vojny vtoroj poloviny XVI v. glazami sovremennikov\u00a0i potomkov [Die Erfi ndung des ersten Krieges zwischen\u00a0Russland und Europa. Die baltischen Kriege der zweiten H\u00e4lfte\u00a0des 16. Jahrhunderts in den Augen der Zeitgenossen und der\u00a0Nachwelt] (von Alexander Baranov) (s\u00a0244)\r\n\t<\/li>\r\n\t<li>\r\n\t\tAlbum amicorum. Piemi\u0146as albumu kolekcija (16.\u201319. gs.) Latvijas\u00a0Universit\u0101tes Akad\u0113miskaj\u0101 bibliot\u0113k\u0101. Rokrakstu katalogs. \u2013 Die\u00a0Stammb\u00fccher der Akademischen Bibliothek der Universit\u00e4t Lettlands\u00a0(16.\u201319. Jh.). Handschriftenkatalog (von Martin Kl\u00f6ker) (s\u00a0249)\r\n\t<\/li>\r\n\t<li>\r\n\t\tTartu ajaloolistel linnaplaanidel 1600\u20132010. \u2013 Historical maps\u00a0of the city of Tartu. \u2013 Tartu auf den historischen Stadtpl\u00e4nen. \u2013\u00a0Istori\u010deskie plany goroda Tartu (von Ants Siim) (s 252)\r\n\t<\/li>\r\n\t<li>\r\n\t\tDie baltischen Kapitulationen von 1710. Kontext \u2013 Wirkungen \u2013\u00a0Interpretationen (von Erwin Oberl\u00e4nder) (s\u00a0254)\r\n\t<\/li>\r\n\t<li>\r\n\t\tT\u00f5nu Tannberg: Warten auf Napoleon. Die Landmiliz der Jahre\u00a01806\u20131807 in den baltischen Gouvernements des Zarenreichs (von\u00a0Anita \u010cerpinska) (s\u00a0258)\r\n\t<\/li>\r\n\t<li>\r\n\t\tVasilijus Safronovas: Kampf um Identit\u00e4t. Die ideologische\u00a0Auseinandersetzung in Memel\/Klaip\u0117da im 20. Jahrhundert (von\u00a0Kaspars Zellis) (s\u00a0261)\r\n\t<\/li>\r\n\t<li>\r\n\t\tEsimene maailmas\u00f5da ja Eesti [Der Erste Weltkrieg und Estland]\u00a0(von Tiit Rosenberg) (s\u00a0265)\r\n\t<\/li>\r\n\t<li>\r\n\t\tEestlased ilmas\u00f5jas. S\u00f5durite kirju, p\u00e4evikuid ja m\u00e4lestusi Esimesest\u00a0maailmas\u00f5jast [Briefe und Tageb\u00fccher der Soldaten und ihre\u00a0Erinnerungen an den Ersten Weltkrieg] (von Linda Kaljundi) (s\u00a0270)\r\n\t<\/li>\r\n\t<li>\r\n\t\tMark H. Hatlie: Riga at War 1914\u20131919. War and Wartime Experience\u00a0in a Multi-ethnic Metropolis (von Karsten Br\u00fcggemann) (s\u00a0275)\r\n\t<\/li>\r\n\t<li>\r\n\t\tWillard Sunderland: Th e Baron\u2019s Cloak. A History of the\u00a0Russian Empire in War and Revolution (von David Feest) (s\u00a0279)\r\n\t<\/li>\r\n\t<li>\r\n\t\tPeeter J\u00e4rvelaid: Eesti \u00f5igusteaduse ja \u00f5igushariduse ajalugu\u00a0[Die Geschichte der estnischen Rechtswissenschaft und der juristischen\u00a0Ausbildung] (von Lauri M\u00e4lksoo) (s 282)\r\n\t<\/li>\r\n\t<li>\r\n\t\tK\u0101rlis Kangeris, Uldis Neiburgs, Rud\u012bte V\u012bksne: Aiz \u0161iem\u00a0v\u0101rtiem vaid zeme. Salaspils nometne 1941\u20131944 [Hinter diesem\u00a0Tor st\u00f6hnt die Erde. Das Lager Salaspils 1941\u20131944] (von Tilman\u00a0Plath) (s 286)\r\n\t<\/li>\r\n\t<li>\r\n\t\tMeelis Saueauk: Propaganda ja terror. N\u00f5ukogude julgeolekuorganid ja Eestimaa Kommunistlik Partei Eesti sovetiseerimisel\u00a01944\u20131953 [Propaganda und Terror. Die sowjetischen Sicherheitsorgane\u00a0und die Estl\u00e4ndische Kommunistische Partei bei der Sowjetisierung\u00a0Estlands 1944\u20131953] (von Olaf Mertelsmann) (s\u00a0289)\r\n\t<\/li>\r\n\t<li>\r\n\t\tManfred Zeller: Das sowjetische Fieber. Fu\u00dfballfans im poststalinistischen\u00a0Vielv\u00f6lkerreich (von Karsten Br\u00fcggemann) (s\u00a0292)\r\n\t<\/li>\r\n\t<li>\r\n\t\tAnu Allas: Spiel der Unsicherheit \/ Unsicherheit des Spiels. Experimentelle\u00a0Praktiken in der estnischen Kunst und im estnischen\u00a0Theater der 1960er Jahre (von Karsten Br\u00fcggemann) (s\u00a0296)\r\n\t<\/li>\r\n\t<li>\r\n\t\tGuntis \u0160midchens: Th e Power of Song. Nonviolent National\u00a0Culture in the Baltic Singing Revolution (by Maarja Merivoo-Parro) (s\u00a0299)\r\n\t<\/li>\r\n\t<li>\r\n\t\tHeikki Rausmaa: \u201eKyll\u00e4 kulttuurin nimiss\u00e4 voi harrastella aika\u00a0paljon\u201c. Suomen ja Viron poliittiset suhteet kev\u00e4\u00e4st\u00e4 1988 diplomaattisuhteiden\u00a0solmimiseen elokuussa 1991 [\u201eUnter dem Deckmantel\u00a0der Kultur kann recht viel getan werden\u201c. Die politischen\u00a0Beziehungen zwischen Finnland und Estland ab Fr\u00fchjahr 1988 bis\u00a0zur Aufnahme diplomatischer Beziehungen im August 1991] (von\u00a0Kari Tarkiainen) (s\u00a0302)\r\n\t<\/li>\r\n\t<li>\r\n\t\tEva-Clarita Pettai, Vello Pettai: Transitional and Retrospective\u00a0Justice in the Baltic States (by Marek Tamm) (s\u00a0308)\r\n\t<\/li>\r\n\t<li>\r\n\t\tPaul Jordan: Th e Modern Fairy Tale: Nation Branding, National\u00a0Identity and the Eurovision Song Contests in Estonia (by\u00a0Marko Lehti) (s\u00a0310)\r\n\t<\/li>\r\n<\/ul>\r\n<br><div class=\"wp-block-group attached-files-group is-layout-constrained wp-block-group-is-layout-constrained\"><div class=\"wp-block-file\"><a href=\"https:\/\/sisu.ut.ee\/wp-content\/uploads\/sites\/279\/fzbg-11-2016.pdf\" target=\"_blank\" rel=\"noreferrer noopener\">fzbg-11-2016.pdf<\/a><\/div><\/div>","protected":false},"excerpt":{"rendered":"<p>Forschungen zur baltischen Geschichte 11 \/ 2016 (pdf) \u00a0 Aufs\u00e4tze Vija Stik\u0101ne: Die Vogtei im mittelalterlichen Livland. Ihre\u00a0Funktionen und Zust\u00e4ndigkeiten im Bistum und Erzbistum Riga (s\u00a011) Anu M\u00e4nd: \u00dcber die Kirchen in den Kleinst\u00e4dten Livlands: Erg\u00e4nzungen\u00a0zur sp\u00e4tmittelalterlichen Kirchengeschichte von Hapsal\u00a0und &#8230;<\/p>\n","protected":false},"author":148,"featured_media":0,"parent":0,"menu_order":0,"comment_status":"closed","ping_status":"closed","template":"","meta":{"_acf_changed":false,"inline_featured_image":false,"footnotes":""},"class_list":["post-6","page","type-page","status-publish","hentry"],"acf":[],"_links":{"self":[{"href":"https:\/\/sisu.ut.ee\/fzbg\/wp-json\/wp\/v2\/pages\/6","targetHints":{"allow":["GET"]}}],"collection":[{"href":"https:\/\/sisu.ut.ee\/fzbg\/wp-json\/wp\/v2\/pages"}],"about":[{"href":"https:\/\/sisu.ut.ee\/fzbg\/wp-json\/wp\/v2\/types\/page"}],"author":[{"embeddable":true,"href":"https:\/\/sisu.ut.ee\/fzbg\/wp-json\/wp\/v2\/users\/148"}],"replies":[{"embeddable":true,"href":"https:\/\/sisu.ut.ee\/fzbg\/wp-json\/wp\/v2\/comments?post=6"}],"version-history":[{"count":2,"href":"https:\/\/sisu.ut.ee\/fzbg\/wp-json\/wp\/v2\/pages\/6\/revisions"}],"predecessor-version":[{"id":151,"href":"https:\/\/sisu.ut.ee\/fzbg\/wp-json\/wp\/v2\/pages\/6\/revisions\/151"}],"wp:attachment":[{"href":"https:\/\/sisu.ut.ee\/fzbg\/wp-json\/wp\/v2\/media?parent=6"}],"curies":[{"name":"wp","href":"https:\/\/api.w.org\/{rel}","templated":true}]}}