{"id":4,"date":"2024-04-04T04:16:47","date_gmt":"2024-04-04T01:16:47","guid":{"rendered":"https:\/\/sisu.ut.ee\/fzbg\/forschungen-zur-baltischen-geschichte-13-2018\/"},"modified":"2024-04-04T04:17:08","modified_gmt":"2024-04-04T01:17:08","slug":"forschungen-zur-baltischen-geschichte-13-2018","status":"publish","type":"page","link":"https:\/\/sisu.ut.ee\/fzbg\/forschungen-zur-baltischen-geschichte-13-2018\/","title":{"rendered":"Forschungen zur baltischen Geschichte 13 \/ 2018"},"content":{"rendered":"<h3>\r\n\t<img loading=\"lazy\" decoding=\"async\" width=\"899\" height=\"1437\" class=\"alignnone wp-image-35\" style=\"width: 250px;height: 400px;float: right\" src=\"https:\/\/sisu.ut.ee\/wp-content\/uploads\/sites\/279\/fzbg-13-kaas-page-001_esikulg.jpg\" title=\"fzbg-13-kaas-page-001_esikulg.jpg\" alt=\"Forschungen zur baltischen Geschichte 13 \/ 2018\" srcset=\"https:\/\/sisu.ut.ee\/wp-content\/uploads\/sites\/279\/fzbg-13-kaas-page-001_esikulg.jpg 899w, https:\/\/sisu.ut.ee\/wp-content\/uploads\/sites\/279\/fzbg-13-kaas-page-001_esikulg-188x300.jpg 188w, https:\/\/sisu.ut.ee\/wp-content\/uploads\/sites\/279\/fzbg-13-kaas-page-001_esikulg-641x1024.jpg 641w, https:\/\/sisu.ut.ee\/wp-content\/uploads\/sites\/279\/fzbg-13-kaas-page-001_esikulg-768x1228.jpg 768w\" sizes=\"auto, (max-width: 899px) 100vw, 899px\"><a data-fid=\"63095\" href=\"https:\/\/sisu.ut.ee\/wp-content\/uploads\/sites\/279\/fzbg-13-2018.pdf\">Forschungen zur baltischen Geschichte 13 \/ 2018 (pdf)<\/a>\r\n<\/h3>\r\n\r\n<p>\r\n\t\u00a0\r\n<\/p>\r\n\r\n<p>\r\n\t<strong>Aufs\u00e4tze<\/strong>\r\n<\/p>\r\n\r\n<ul>\r\n\t<li>\r\n\t\tHesi Siimets-Gross &amp; Thomas Hoffmann: Der Einfluss der\u00a0Justinianischen Institutiones auf die Regelung der Leibeigenschaft\u00a0im Landrechtsentwurf David Hilchens (1599) (s\u00a09)\r\n\t<\/li>\r\n\t<li>\r\n\t\tViktors D\u0101boli\u0146\u0161: Die Dynastie der Rigaer M\u00fcnzmeister Wulff\u00a0(1557\u20131659) (s\u00a024)\r\n\t<\/li>\r\n\t<li>\r\n\t\tVadim Svjatkovski: Die Rahmenbedingungen des Narvaer\u00a0Handels in der ersten H\u00e4lfte des 18. Jahrhunderts (s\u00a048)\r\n\t<\/li>\r\n\t<li>\r\n\t\tMati Laur &amp; Ken Ird: Die Aufhebung der Schandstrafen wegen\u00a0der \u201eHurerey\u201c in Liv- und Estland (1764\u20131765) (s\u00a064)\r\n\t<\/li>\r\n\t<li>\r\n\t\tManfred von Boetticher: Das Herzogtum Kurland als Ziel liefl\u00e4ndischer \u201eL\u00e4uflinge\u201c. Zur Flucht leibeigener Bauern im 18. Jahrhundert (s\u00a083)\r\n\t<\/li>\r\n\t<li>\r\n\t\tFeliks Gornischeff: Graf Christoph Heinrich von Lieven als\u00a0russl\u00e4ndischer Diplomat in Preu\u00dfen (1810\u20131812) (s\u00a0105)\u00a0\r\n\t<\/li>\r\n<\/ul>\r\n\r\n<p>\r\n\t<strong>Quellenpublikation<\/strong>\r\n<\/p>\r\n\r\n<ul>\r\n\t<li>\r\n\t\tAivar P\u00f5ldvee &amp; Kai Tafenau: Emanuel Reger \u00fcber den Aufbau\u00a0des livl\u00e4ndischen Schulwesens (1708): Transkription und\u00a0Kommentar (s\u00a0121)\r\n\t<\/li>\r\n<\/ul>\r\n\r\n<p>\r\n\t<strong>Mitteilungen<\/strong>\r\n<\/p>\r\n\r\n<ul>\r\n\t<li>\r\n\t\tMadis Maasing: Luthers Nordosten. Die Reformation und der\u00a0Ostseeraum. Ein Tagungsbericht ( s 141)\r\n\t<\/li>\r\n\t<li>\r\n\t\tPetr Iu. Mazhara: Serving the Empire, Serving the Nation:\u00a0Prince Lieven\u2019s Crusade against the Bolsheviks (s 145)\r\n\t<\/li>\r\n\t<li>\r\n\t\tToomas Hiio: Noch einmal zu Alfred Rosenberg: Anmerkungen\u00a0zu einer neuen Biografie (s\u00a0161)\r\n\t<\/li>\r\n\t<li>\r\n\t\tDarius Sakalauskas: The Novelty of Storytelling through Location\u00a0Based Augmented Reality: Actualising Jewish History in\u00a0Lithuania (s 171)\r\n\t<\/li>\r\n<\/ul>\r\n\r\n<p>\r\n\t<br><strong>Besprechungen<\/strong>\r\n<\/p>\r\n\r\n<ul>\r\n\t<li>\r\n\t\tR\u012bga un r\u012bdzinieki arh\u012bva dokumentos [Riga und Rigenser in den\u00a0Archivdokumenten]; Lok\u0101l\u0101s v\u0113stures p\u0113tniec\u012bbas iesp\u0113jas arh\u012bva\u00a0dokumentos [Perspektiven der Erforschung der Lokalgeschichte\u00a0in den Archivdokumenten]; Starpkult\u016bru v\u0113sture Latvijas arh\u012bvu\u00a0dokumentos [Interkulturelle Geschichte in den Archivdokumenten\u00a0Lettlands] (von M\u0101rti\u0146\u0161 Mintaurs) ( s181)\r\n\t<\/li>\r\n\t<li>\r\n\t\tStadtgeschichte des Baltikums oder baltische Stadtgeschichte.\u00a0Ann\u00e4herungen an ein neues Forschungsfeld zur baltischen Geschichte\u00a0(von Thomas Br\u00fcck) (s\u00a0185)\r\n\t<\/li>\r\n\t<li>\r\n\t\tMadlena Mahling: Ad rem publicam et ad ignem. Das mittelalterliche\u00a0Schriftgut des Rigaer Rats und sein Fortbestand in der\u00a0Neuzeit (von Andris Levans) (s\u00a0194)\r\n\t<\/li>\r\n\t<li>\r\n\t\tManfred Klein: Preu\u00dfens Litauer: Studien zu einer (fast) vergessenen\u00a0Minderheit (by Vasilijus Safronovas) (s\u00a0199)\r\n\t<\/li>\r\n\t<li>\r\n\t\tBaltisch-deutsche Kulturbeziehungen vom 16. bis 19. Jahrhundert.\u00a0Medien \u2013 Institutionen \u2013 Akteure. Bd. 1: Zwischen Reformation\u00a0und Aufkl\u00e4rung (von Mati Laur) (s\u00a0203)\r\n\t<\/li>\r\n\t<li>\r\n\t\tStefan Donecker: Origines Livonorum: Fr\u00fchneuzeitliche Hypothesen\u00a0zur Herkunft der Esten und Letten (von Aivar P\u00f5ldvee) (s\u00a0207)\r\n\t<\/li>\r\n\t<li>\r\n\t\tAnna Anc\u0101ne: R\u012bgas arhitekt\u016bra un pils\u0113tb\u016bvniec\u012bba 17. gadsimta\u00a0otraj\u0101 pus\u0113 [Architektur und Stadtbau von Riga in der zweiten\u00a0H\u00e4lfte des 17. Jahrhunderts] (von Anita \u010cerpinska) (s\u00a0215)\r\n\t<\/li>\r\n\t<li>\r\n\t\tAstri Sch\u00f6nfelder: Deutsche B\u00fcrger \u201econtra homines novi\u201c.\u00a0Die st\u00e4dtischen Wahlk\u00e4mpfe in Estland 1877\u20131914 (von Lauri\u00a0Kann) (s\u00a0218)\r\n\t<\/li>\r\n\t<li>\r\n\t\tPopulation Displacement in Lithuania in the Twentieth Century.\u00a0Experiences, Identities and Legacies (by Vytautas Petronis) (s\u00a0221)\r\n\t<\/li>\r\n\t<li>\r\n\t\tEsimene maailmas\u00f5da ja Eesti [Der Erste Weltkrieg und Estland],\u00a0Bd. 2 (von Aigi Rahi-Tamm) (s 224)\r\n\t<\/li>\r\n\t<li>\r\n\t\t15. maija Latvija [Das Lettland des 15. Mai] (von Kaspars Zellis) (s 229)\r\n\t<\/li>\r\n\t<li>\r\n\t\tSovetskaja model\u2019 \u0117konomiki: sojuznyj Centr i respubliki Pribaltiki\u00a01953 g. \u2013 mart 1965 g. [Das sowjetische Wirtschaftsmodell: Das\u00a0Unionszentrum und die baltischen Republiken 1953 \u2013 M\u00e4rz 1965]\u00a0(von Olaf Mertelsmann) (s\u00a0235)\r\n\t<\/li>\r\n\t<li>\r\n\t\tVladimir Iushkin: Dnevnik sovetnika prem\u2019er-ministra [Diary\u00a0of the advisor to the Prime Minister] (by Ivan Lavrentjev) (s 239)\r\n\t<\/li>\r\n<\/ul>\r\n<br><div class=\"wp-block-group attached-files-group is-layout-constrained wp-block-group-is-layout-constrained\"><div class=\"wp-block-file\"><a href=\"https:\/\/sisu.ut.ee\/wp-content\/uploads\/sites\/279\/fzbg-13-2018.pdf\" target=\"_blank\" rel=\"noreferrer noopener\">fzbg-13-2018.pdf<\/a><\/div><\/div>","protected":false},"excerpt":{"rendered":"<p>Forschungen zur baltischen Geschichte 13 \/ 2018 (pdf) \u00a0 Aufs\u00e4tze Hesi Siimets-Gross &amp; Thomas Hoffmann: Der Einfluss der\u00a0Justinianischen Institutiones auf die Regelung der Leibeigenschaft\u00a0im Landrechtsentwurf David Hilchens (1599) (s\u00a09) Viktors D\u0101boli\u0146\u0161: Die Dynastie der Rigaer M\u00fcnzmeister Wulff\u00a0(1557\u20131659) (s\u00a024) Vadim Svjatkovski: &#8230;<\/p>\n","protected":false},"author":148,"featured_media":0,"parent":0,"menu_order":0,"comment_status":"closed","ping_status":"closed","template":"","meta":{"_acf_changed":false,"inline_featured_image":false,"footnotes":""},"class_list":["post-4","page","type-page","status-publish","hentry"],"acf":[],"_links":{"self":[{"href":"https:\/\/sisu.ut.ee\/fzbg\/wp-json\/wp\/v2\/pages\/4","targetHints":{"allow":["GET"]}}],"collection":[{"href":"https:\/\/sisu.ut.ee\/fzbg\/wp-json\/wp\/v2\/pages"}],"about":[{"href":"https:\/\/sisu.ut.ee\/fzbg\/wp-json\/wp\/v2\/types\/page"}],"author":[{"embeddable":true,"href":"https:\/\/sisu.ut.ee\/fzbg\/wp-json\/wp\/v2\/users\/148"}],"replies":[{"embeddable":true,"href":"https:\/\/sisu.ut.ee\/fzbg\/wp-json\/wp\/v2\/comments?post=4"}],"version-history":[{"count":2,"href":"https:\/\/sisu.ut.ee\/fzbg\/wp-json\/wp\/v2\/pages\/4\/revisions"}],"predecessor-version":[{"id":153,"href":"https:\/\/sisu.ut.ee\/fzbg\/wp-json\/wp\/v2\/pages\/4\/revisions\/153"}],"wp:attachment":[{"href":"https:\/\/sisu.ut.ee\/fzbg\/wp-json\/wp\/v2\/media?parent=4"}],"curies":[{"name":"wp","href":"https:\/\/api.w.org\/{rel}","templated":true}]}}