{"id":22,"date":"2024-04-04T04:16:49","date_gmt":"2024-04-04T01:16:49","guid":{"rendered":"https:\/\/sisu.ut.ee\/fzbg\/richtlinien\/"},"modified":"2024-04-04T04:17:08","modified_gmt":"2024-04-04T01:17:08","slug":"richtlinien","status":"publish","type":"page","link":"https:\/\/sisu.ut.ee\/fzbg\/richtlinien\/","title":{"rendered":"Richtlinien der Publikation"},"content":{"rendered":"<h3>\n\t<span style=\"color:#000000\">Richtlinien der Publication<\/span><br>\n<\/h3>\n<p>\n\t<span style=\"color:#000000\">Die FzbG richten sich nach den folgenden ethischen Prinzipien:<\/span>\n<\/p>\n<p>\n\t<span style=\"color:#000000\">1. Publikation und Autorenschaft<\/span>\n<\/p>\n<ul>\n<li>\n\t\t<span style=\"color:#000000\">Alle eingereichten Artikel werden einem doppelt-blinden Begutachtungsprozess unterworfen. Die mindestens zwei Rezensenten sind international anerkannte Experten in dem Bereich, den der Artikel behandelt.<\/span>\n\t<\/li>\n<li>\n\t\t<span style=\"color:#000000\">Bez\u00fcglich der Rezensionen und Miszellen wird ein einfacher Begutachtungsprozess angewendet mit nur einer Expertenmeinung.<\/span>\n\t<\/li>\n<li>\n\t\t<span style=\"color:#000000\">Artikel k\u00f6nnen daraufhin akzeptiert, mit notwendigen Verbesserungen akzeptiert oder abgelehnt werden. Abgelehnte Artikel werden keiner weiteren Begutachtung unterzogen.<\/span>\n\t<\/li>\n<li>\n\t\t<span style=\"color:#000000\">Verst\u00f6\u00dfe gegen das Copyright und Plagiate sind nicht erlaubt.<\/span>\n\t<\/li>\n<\/ul>\n<p>\n\t<span style=\"color:#000000\">2. Die Verantwortung der Autoren<\/span>\n<\/p>\n<ul>\n<li>\n\t\t<span style=\"color:#000000\">Autoren m\u00fcssen eine objektive Diskussion \u00fcber die Bedeutung ihrer Forschungen liefern sowie gen\u00fcgend Details und Belege. Bewusst falsche Behauptungen zu pr\u00e4sentieren ist unethisches Verhalten, dass nicht geduldet wird.<\/span>\n\t<\/li>\n<li>\n\t\t<span style=\"color:#000000\">Die Autoren m\u00fcssen best\u00e4tigen, dass ihre Manuskripte von ihnen stammen und nicht bereits anderswo publiziert auf \u201egr\u00f6\u00dferen\u201c Sprachen (wie z.B. Deutsch, Englisch, Franz\u00f6sisch \u00a0oder Russisch) worden sind. Ein Manuskript darf nicht zugleich bei mehreren Publikationen eingereicht werden.<\/span>\n\t<\/li>\n<li>\n\t\t<span style=\"color:#000000\">herausragende Artikel, die nur in \u201ekleineren\u201c Sprachen (z.B. Estnisch, Lettisch, Litauisch) erschienen sind, k\u00f6nnen nach Daf\u00fcrhalten der Herausgeber \u00fcbersetzt werden. Sie werden von den Autoren \u00fcberarbeitet und danach dem normalen Begutachtungsprozess unterworfen.<\/span>\n\t<\/li>\n<li>\n\t\t<span style=\"color:#000000\">Autoren m\u00fcssen bereit sein, Fehler jederzeit zu verbessern, sei es w\u00e4hrend des externen Begutachtungsprozesses, sei es sp\u00e4ter w\u00e4hrend der redaktionellen Bearbeitung und der Vorbereitung der Drucklegung.\u00a0<\/span>\n\t<\/li>\n<li>\n\t\t<span style=\"color:#000000\">Die Autoren m\u00fcssen die Herausgeber \u00fcber m\u00f6gliche Interessenskonflikte informieren.<\/span>\n\t<\/li>\n<li>\n\t\t<span style=\"color:#000000\">Die Autoren m\u00fcssen alle f\u00fcr ihr Manuskript genutzten Quellen angeben.<\/span>\n\t<\/li>\n<\/ul>\n<p>\n\t<span style=\"color:#000000\">3. Die Verantwortung der Rezensenten<\/span>\n<\/p>\n<ul>\n<li>\n\t\t<span style=\"color:#000000\">Rezensenten behandeln alle Informationen bez\u00fcglich der Artikel vertraulich.<\/span>\n\t<\/li>\n<li>\n\t\t<span style=\"color:#000000\">Rezensenten sollten ihre Ansichten klar darlegen mit Hilfe von unterst\u00fctzenden Argumenten und, wenn notwendig, auf relevante Literatur hinweisen, die im Manuskript nicht zitiert wurde.<\/span>\n\t<\/li>\n<li>\n\t\t<span style=\"color:#000000\">Rezensenten sollten keine Manuskripte bearbeiten, wenn es Interessenskonflikte geben k\u00f6nnte.<\/span>\n\t<\/li>\n<\/ul>\n<p>\n\t<span style=\"color:#000000\">4. Die Verantwortung der Herausgeber<\/span>\n<\/p>\n<ul>\n<li>\n\t\t<span style=\"color:#000000\">Die Herausgeber entscheiden \u00fcber die Annahme bzw. Ablehnung von Manuskripten und d\u00fcrfen Ver\u00e4nderungen verlangen.<\/span>\n\t<\/li>\n<li>\n\t\t<span style=\"color:#000000\">Die Herausgeber garantieren die wissenschaftliche Qualit\u00e4t der Texte. Ihre Entscheidungen basieren einzig auf der Wichtigkeit der Artikel, deren Originalit\u00e4t, Klarheit und Relevanz.<\/span>\n\t<\/li>\n<li>\n\t\t<span style=\"color:#000000\">Jedes Manuskript, das die Herausgeber zur Begutachtung erhalten, wird als vertraulich behandelt. Jedwede Information oder Ideen, die im Zuge des externen Begutachtungsprozesses anfallen, sind als vertraulich zu behandeln und d\u00fcrfen nicht zum pers\u00f6nlichen Vorteil genutzt werden.\u00a0<\/span>\n\t<\/li>\n<li>\n\t\t<span style=\"color:#000000\">Die Herausgeber sollten die Anonymit\u00e4t der Rezensenten bewahren.<\/span>\n\t<\/li>\n<li>\n\t\t<span style=\"color:#000000\">Die Herausgeber sollten garantieren, dass das publizierte Forschungsmaterial den international akzeptierten ethischen Richtlinien entspricht.<\/span>\n\t<\/li>\n<li>\n\t\t<span style=\"color:#000000\">Die Herausgeber sollten Interessenskonflikte zwischen Mitarbeitern, Autoren, Rezensenten und den Mitherausgebern vermeiden.<\/span>\n\t<\/li>\n<\/ul>\n","protected":false},"excerpt":{"rendered":"<p>Richtlinien der Publication Die FzbG richten sich nach den folgenden ethischen Prinzipien: 1. Publikation und Autorenschaft Alle eingereichten Artikel werden einem doppelt-blinden Begutachtungsprozess unterworfen. Die mindestens zwei Rezensenten sind international anerkannte Experten in dem Bereich, den der Artikel behandelt. Bez\u00fcglich &#8230;<\/p>\n","protected":false},"author":148,"featured_media":0,"parent":0,"menu_order":0,"comment_status":"closed","ping_status":"closed","template":"","meta":{"_acf_changed":false,"inline_featured_image":false,"footnotes":""},"class_list":["post-22","page","type-page","status-publish","hentry"],"acf":[],"_links":{"self":[{"href":"https:\/\/sisu.ut.ee\/fzbg\/wp-json\/wp\/v2\/pages\/22","targetHints":{"allow":["GET"]}}],"collection":[{"href":"https:\/\/sisu.ut.ee\/fzbg\/wp-json\/wp\/v2\/pages"}],"about":[{"href":"https:\/\/sisu.ut.ee\/fzbg\/wp-json\/wp\/v2\/types\/page"}],"author":[{"embeddable":true,"href":"https:\/\/sisu.ut.ee\/fzbg\/wp-json\/wp\/v2\/users\/148"}],"replies":[{"embeddable":true,"href":"https:\/\/sisu.ut.ee\/fzbg\/wp-json\/wp\/v2\/comments?post=22"}],"version-history":[{"count":1,"href":"https:\/\/sisu.ut.ee\/fzbg\/wp-json\/wp\/v2\/pages\/22\/revisions"}],"predecessor-version":[{"id":120,"href":"https:\/\/sisu.ut.ee\/fzbg\/wp-json\/wp\/v2\/pages\/22\/revisions\/120"}],"wp:attachment":[{"href":"https:\/\/sisu.ut.ee\/fzbg\/wp-json\/wp\/v2\/media?parent=22"}],"curies":[{"name":"wp","href":"https:\/\/api.w.org\/{rel}","templated":true}]}}