{"id":21,"date":"2024-04-04T04:16:49","date_gmt":"2024-04-04T01:16:49","guid":{"rendered":"https:\/\/sisu.ut.ee\/fzbg\/fur-autoren\/"},"modified":"2024-04-04T04:17:08","modified_gmt":"2024-04-04T01:17:08","slug":"fur-autoren","status":"publish","type":"page","link":"https:\/\/sisu.ut.ee\/fzbg\/fur-autoren\/","title":{"rendered":"F\u00fcr Autoren"},"content":{"rendered":"<h3>\n\tInformationen f\u00fcr Autoren<br>\n<\/h3>\n<p>\n\t<span lang=\"DE\" style=\"color:black\">Manuskripte k\u00f6nnen direkt an die Herausgeber oder an die Adresse <\/span><a href=\"mailto:fzbg@ut.ee\">fzbg@ut.ee<\/a><span lang=\"DE\" style=\"color:black\"> geschickt werden.\u00a0<\/span>\n<\/p>\n<p>\n\t\u00a0\n<\/p>\n<p>\n\t<strong><span style=\"color:#000000\">Zitierrichtlinien<\/span><\/strong>\n<\/p>\n<p>\n\t<a data-fid=\"70404\" href=\"https:\/\/sisu.ut.ee\/wp-content\/uploads\/sites\/279\/richtlinien_fzbg.docx\">download<\/a>\n<\/p>\n<p>\n\t\u00a0\n<\/p>\n<p style=\"margin:0cm;margin-bottom:.0001pt\">\n\t<strong><span lang=\"DE\" style=\"color:black\">Einreichungscheckliste<\/span><\/strong>\n<\/p>\n<p style=\"margin:0cm;margin-bottom:.0001pt\">\n\t\u00a0\n<\/p>\n<p style=\"margin:0cm;margin-bottom:.0001pt\">\n\t<span lang=\"DE\" style=\"color:black\">Eingereichte Beitr\u00e4ge k\u00f6nnen zur\u00fcckgeschickt werden, wenn die folgenden Richtlinien nicht eingehalten werden.<\/span>\n<\/p>\n<p>\n\t<span lang=\"DE\" style=\"color:black\">Der Beitrag sollte in den Formaten OpenOffice, Microsoft Word oder RTF eingereicht werden.<\/span>\n<\/p>\n<p>\n\t<span lang=\"DE\" style=\"color:black\">Illustrationen und Tabellen befinden sich bereits korrekt im Text; alternativ k\u00f6nnen sie extra eingereicht werden, wobei deren Ort im Text deutlich kenntlich gemacht werden muss (die Rechtefrage muss gekl\u00e4rt sein).<\/span>\n<\/p>\n<p>\n\t<strong>Datenschutzerkl\u00e4rung<\/strong>\n<\/p>\n<p>\n\tDie Namen und E-Mailadressen auf der Homepage dieser Zeitschrift werden nur f\u00fcr die Zwecke der Zeitschrift genutzt und werden f\u00fcr keinen anderen Zweck und keiner anderen Partei zur Verf\u00fcgung gestellt.<\/p>\n","protected":false},"excerpt":{"rendered":"<p>Informationen f\u00fcr Autoren Manuskripte k\u00f6nnen direkt an die Herausgeber oder an die Adresse fzbg@ut.ee geschickt werden.\u00a0 \u00a0 Zitierrichtlinien download \u00a0 Einreichungscheckliste \u00a0 Eingereichte Beitr\u00e4ge k\u00f6nnen zur\u00fcckgeschickt werden, wenn die folgenden Richtlinien nicht eingehalten werden. Der Beitrag sollte in den Formaten &#8230;<\/p>\n","protected":false},"author":148,"featured_media":0,"parent":0,"menu_order":0,"comment_status":"closed","ping_status":"closed","template":"","meta":{"_acf_changed":false,"inline_featured_image":false,"footnotes":""},"class_list":["post-21","page","type-page","status-publish","hentry"],"acf":[],"_links":{"self":[{"href":"https:\/\/sisu.ut.ee\/fzbg\/wp-json\/wp\/v2\/pages\/21","targetHints":{"allow":["GET"]}}],"collection":[{"href":"https:\/\/sisu.ut.ee\/fzbg\/wp-json\/wp\/v2\/pages"}],"about":[{"href":"https:\/\/sisu.ut.ee\/fzbg\/wp-json\/wp\/v2\/types\/page"}],"author":[{"embeddable":true,"href":"https:\/\/sisu.ut.ee\/fzbg\/wp-json\/wp\/v2\/users\/148"}],"replies":[{"embeddable":true,"href":"https:\/\/sisu.ut.ee\/fzbg\/wp-json\/wp\/v2\/comments?post=21"}],"version-history":[{"count":1,"href":"https:\/\/sisu.ut.ee\/fzbg\/wp-json\/wp\/v2\/pages\/21\/revisions"}],"predecessor-version":[{"id":121,"href":"https:\/\/sisu.ut.ee\/fzbg\/wp-json\/wp\/v2\/pages\/21\/revisions\/121"}],"wp:attachment":[{"href":"https:\/\/sisu.ut.ee\/fzbg\/wp-json\/wp\/v2\/media?parent=21"}],"curies":[{"name":"wp","href":"https:\/\/api.w.org\/{rel}","templated":true}]}}