{"id":20,"date":"2024-04-04T04:16:48","date_gmt":"2024-04-04T01:16:48","guid":{"rendered":"https:\/\/sisu.ut.ee\/fzbg\/redaktion\/"},"modified":"2024-04-04T04:17:08","modified_gmt":"2024-04-04T01:17:08","slug":"redaktion","status":"publish","type":"page","link":"https:\/\/sisu.ut.ee\/fzbg\/redaktion\/","title":{"rendered":"Redaktion"},"content":{"rendered":"<h3>\n\tDie Herausgeber\u00a0<br>\n<\/h3>\n<p>\n\tMati Laur (Tartu)\u00a0<br>Karsten Br\u00fcggemann (Tallinn)\u00a0\n<\/p>\n<h3>\n\tunter Mitwirkung von\u00a0<br>\n<\/h3>\n<p>\n\tAnti Selart (Tartu)\u00a0<br>Andris Levans (Riga)\u00a0\n<\/p>\n<h3>\n\tin Verbindung mit<br>\n<\/h3>\n<p>\n\tVioleta Davoli\u016bt\u0117 (Vilnius)<br>Detlef Henning (L\u00fcneburg)<br>Angela Huang (L\u00fcbeck)<br>Carsten Jahnke (Kopenhagen)<br>M\u0101r\u012bte Jakov\u013ceva (Riga)<br>Martin Kl\u00f6ker (Osnabr\u00fcck)<br>Juhan Kreem (Tallinn)<br>Enn K\u00fcng (Tartu)<br>Krzysztof Kwiatkowski (Toru\u0144)<br>Ilgvars Mis\u0101ns (Riga)<br>Evgenija Nazarova (Moskau)<br>Ulrike Plath (Tallinn)<br>Sergej Polechov (Moskau)<br>Maris Saagpakk (Tallinn)<br>Vasilijus Safronovas (Klaip\u0117da)<br>Tapio Salminen (Tampere)<br>Kristiina Savin (Uppsala)<br>Marten Seppel (Tartu)<br>Lars Fredrik St\u00f6cker (Wien)<br>Gvido Straube (Riga)<br>Gustavs Strenga (Riga)<br>T\u00f5nu Tannberg (Tartu)<br>Matthias Thumser (Berlin)<br>Ralph Tuchtenhagen (Berlin)<br>Katja Wezel (G\u00f6ttingen)\n<\/p>\n<p>\n\t\u00a0\n<\/p>\n<p>\n\t\u00a0\n<\/p>\n<p>\n\t<strong><span style=\"color:#000000\">ISSN 1736-4132<\/span><\/strong><\/p>\n","protected":false},"excerpt":{"rendered":"<p>Die Herausgeber\u00a0 Mati Laur (Tartu)\u00a0Karsten Br\u00fcggemann (Tallinn)\u00a0 unter Mitwirkung von\u00a0 Anti Selart (Tartu)\u00a0Andris Levans (Riga)\u00a0 in Verbindung mit Violeta Davoli\u016bt\u0117 (Vilnius)Detlef Henning (L\u00fcneburg)Angela Huang (L\u00fcbeck)Carsten Jahnke (Kopenhagen)M\u0101r\u012bte Jakov\u013ceva (Riga)Martin Kl\u00f6ker (Osnabr\u00fcck)Juhan Kreem (Tallinn)Enn K\u00fcng (Tartu)Krzysztof Kwiatkowski (Toru\u0144)Ilgvars Mis\u0101ns (Riga)Evgenija Nazarova &#8230;<\/p>\n","protected":false},"author":148,"featured_media":0,"parent":0,"menu_order":0,"comment_status":"closed","ping_status":"closed","template":"","meta":{"_acf_changed":false,"inline_featured_image":false,"footnotes":""},"class_list":["post-20","page","type-page","status-publish","hentry"],"acf":[],"_links":{"self":[{"href":"https:\/\/sisu.ut.ee\/fzbg\/wp-json\/wp\/v2\/pages\/20","targetHints":{"allow":["GET"]}}],"collection":[{"href":"https:\/\/sisu.ut.ee\/fzbg\/wp-json\/wp\/v2\/pages"}],"about":[{"href":"https:\/\/sisu.ut.ee\/fzbg\/wp-json\/wp\/v2\/types\/page"}],"author":[{"embeddable":true,"href":"https:\/\/sisu.ut.ee\/fzbg\/wp-json\/wp\/v2\/users\/148"}],"replies":[{"embeddable":true,"href":"https:\/\/sisu.ut.ee\/fzbg\/wp-json\/wp\/v2\/comments?post=20"}],"version-history":[{"count":1,"href":"https:\/\/sisu.ut.ee\/fzbg\/wp-json\/wp\/v2\/pages\/20\/revisions"}],"predecessor-version":[{"id":122,"href":"https:\/\/sisu.ut.ee\/fzbg\/wp-json\/wp\/v2\/pages\/20\/revisions\/122"}],"wp:attachment":[{"href":"https:\/\/sisu.ut.ee\/fzbg\/wp-json\/wp\/v2\/media?parent=20"}],"curies":[{"name":"wp","href":"https:\/\/api.w.org\/{rel}","templated":true}]}}