{"id":18,"date":"2024-04-04T04:16:48","date_gmt":"2024-04-04T01:16:48","guid":{"rendered":"https:\/\/sisu.ut.ee\/fzbg\/startseite\/"},"modified":"2024-04-04T04:17:08","modified_gmt":"2024-04-04T01:17:08","slug":"startseite","status":"publish","type":"page","link":"https:\/\/sisu.ut.ee\/fzbg\/","title":{"rendered":"Startseite"},"content":{"rendered":"<div class=\"boxTitle\">\n<p>\n\t\t\u00a0\n\t<\/p>\n<p>\n\t\t<strong>Die Forschungen zur baltischen Geschichte (FzbG) sind eine wissenschaftliche Zeitschrift, in der neueste Forschungen zur Geschichte der drei baltischen Staaten Estland, Lettland und Litauen publiziert werden. Sie werden seit 2006 von Mati Laur (Universit\u00e4t Tartu) und Karsten Br\u00fcggemann (Universit\u00e4t Tallinn) in enger Kooperation mit der Universit\u00e4t Lettlands in Riga sowie der Baltischen Historischen Kommission herausgegeben. Seit 2020 erscheinen sie im Verlag Brill-Sch\u00f6ningh.\u00a0<\/strong>\n\t<\/p>\n<p>\n\t\tDie FzbG werden finanziell mit Mitteln aus drei L\u00e4ndern getragen: Estland, Lettland und Deutschland. In den fr\u00fchen Jahren war es vor allem die estnische Wissenschaftsf\u00f6rderung, von der die Publikation finanziert wurde. Die \u00dcbersetzung und Redaktion von Artikeln lettischer Autorinnen und Autoren wird von der Universit\u00e4t Lettlands gef\u00f6rdert. In den Jahren 2011\u20132019 wurden Redaktion und Drucklegung zus\u00e4tzlich \u00fcber das Nordost-Institut L\u00fcneburg von der\/dem Beauftragten der Bundesregierung f\u00fcr Kultur und Medien aufgrund eines Beschlusses des Deutschen Bundestages gef\u00f6rdert. Die Zeitschrift wird zudem von der Baltischen Historischen Kommission unterst\u00fctzt.\u00a0\n\t<\/p>\n<h3>\n\t\tAufgaben der Zeitschrift\u00a0<br>\n\t<\/h3>\n<p>\n\t\tDie FzbG sind eine vorrezensierte wissenschaftliche Zeitschrift der estnischen Akademischen Historischen Gesellschaft (Akadeemiline Ajalooselts). Sie verstehen sich als ein akademisches Journal im Bereich der historischen Area studies, die es sich zur Aufgabe gemacht hat, den Austausch verschiedener nationaler Historiografien auf wissenschaftlicher Grundlage zu betreiben. \u00dcber den jeweils engen sprachlichen Rahmen der einzelnen Staaten Estland, Lettland und Litauen hinaus soll nicht zuletzt die innerbaltische fachliche Kommunikation gef\u00f6rdert werden. Die FzbG pflegen einen regionalen Schwerpunkt auf dem \u201ehistorischen\u201c Baltikum (Estland, Livland und Kurland, d.h. ungef\u00e4hr die heutigen Republiken Estland und Lettland), doch sind auch Beitr\u00e4ge zur litauischen Geschichte willkommen, da Litauen sp\u00e4testens seit dem 20. Jahrhundert einen integralen Bestandteil \u201ebaltischer\u201c Geschichte bildet. Der zeitliche Rahmen der Artikel reicht aber von der Fr\u00fchzeit bis zur post-sowjetischen Periode. Wir sind dar\u00fcber hinaus insbesondere an Beitr\u00e4gen interessiert, die sich mit den \u00fcberregionalen Zusammenh\u00e4ngen in Nordosteuropa auseinandersetzen.\u00a0<br>Die Sprachen dieser Zeitschrift sind Deutsch und Englisch mit Zusammenfassungen in der jeweils anderen Sprache. Dass die meisten Beitr\u00e4ge auf Deutsch publiziert werden, folgt einer historischen Tradition, da ein Gro\u00dfteil sowohl des Quellenbestands als auch der Historiografie zum historischen Baltikum deutschsprachig ist.\u00a0<br>Die Herausgeber halten die Heranziehung von Fachleuten aus den Nachbarl\u00e4ndern und anderen nicht-baltischen Staaten f\u00fcr eine ihrer wichtigsten Aufgaben, wof\u00fcr auch das internationale Redaktionskollegium steht. Dabei ist vor allem an den umfangreichen Rezensionsteil gedacht, der \u00fcber die wichtigsten neuesten Publikationen zur baltischen Geschichte informieren soll. Die mittlerweile erschienenen B\u00e4nde demonstrieren, dass \u201ebaltische Geschichte\u201c heute einen wesentlichen regionalen Aspekt der Geschichte des Ostseeraums und damit ganz Europas (inkl. Russlands) darstellt. In den Jahren ihres Bestehens haben die FzbG Beitr\u00e4ge von Autorinnen und Autoren aus den drei baltischen Staaten, Deutschland, Finnland, Schweden, D\u00e4nemark, \u00d6sterreich, den Niederlanden, dem Vereinigten K\u00f6nigreich, Italien, den USA, Kanada und der Rusl\u00e4ndischen F\u00f6deration publizieren k\u00f6nnen. In diesem Sinne sieht sich die Redaktion in einem wachsenden internationalen Resonanzrahmen.\u00a0\n\t<\/p>\n<h3>\n\t\tOnline-Zugang\u00a0<br>\n\t<\/h3>\n<p>\n\t\tTexte aus den Jahren 2006\u20132019 werden online zur Verf\u00fcgung gestellt.\u00a0\n\t<\/p>\n<h3>\n\t\tPublikationsintervall\u00a0<br>\n\t<\/h3>\n<p>\n\t\tEine Ausgabe pro Jahr (Erscheinungsdatum 1. Dezember)\n\t<\/p>\n<p>\n\t\t\u00a0\n\t<\/p>\n<\/div>\n","protected":false},"excerpt":{"rendered":"<p>\u00a0 Die Forschungen zur baltischen Geschichte (FzbG) sind eine wissenschaftliche Zeitschrift, in der neueste Forschungen zur Geschichte der drei baltischen Staaten Estland, Lettland und Litauen publiziert werden. Sie werden seit 2006 von Mati Laur (Universit\u00e4t Tartu) und Karsten Br\u00fcggemann (Universit\u00e4t &#8230;<\/p>\n","protected":false},"author":148,"featured_media":0,"parent":0,"menu_order":0,"comment_status":"closed","ping_status":"closed","template":"","meta":{"_acf_changed":false,"inline_featured_image":false,"footnotes":""},"class_list":["post-18","page","type-page","status-publish","hentry"],"acf":[],"_links":{"self":[{"href":"https:\/\/sisu.ut.ee\/fzbg\/wp-json\/wp\/v2\/pages\/18","targetHints":{"allow":["GET"]}}],"collection":[{"href":"https:\/\/sisu.ut.ee\/fzbg\/wp-json\/wp\/v2\/pages"}],"about":[{"href":"https:\/\/sisu.ut.ee\/fzbg\/wp-json\/wp\/v2\/types\/page"}],"author":[{"embeddable":true,"href":"https:\/\/sisu.ut.ee\/fzbg\/wp-json\/wp\/v2\/users\/148"}],"replies":[{"embeddable":true,"href":"https:\/\/sisu.ut.ee\/fzbg\/wp-json\/wp\/v2\/comments?post=18"}],"version-history":[{"count":1,"href":"https:\/\/sisu.ut.ee\/fzbg\/wp-json\/wp\/v2\/pages\/18\/revisions"}],"predecessor-version":[{"id":124,"href":"https:\/\/sisu.ut.ee\/fzbg\/wp-json\/wp\/v2\/pages\/18\/revisions\/124"}],"wp:attachment":[{"href":"https:\/\/sisu.ut.ee\/fzbg\/wp-json\/wp\/v2\/media?parent=18"}],"curies":[{"name":"wp","href":"https:\/\/api.w.org\/{rel}","templated":true}]}}