{"id":15,"date":"2024-04-04T04:16:48","date_gmt":"2024-04-04T01:16:48","guid":{"rendered":"https:\/\/sisu.ut.ee\/fzbg\/forschungen-zur-baltischen-geschichte-2-2007\/"},"modified":"2024-04-04T04:17:08","modified_gmt":"2024-04-04T01:17:08","slug":"forschungen-zur-baltischen-geschichte-2-2007","status":"publish","type":"page","link":"https:\/\/sisu.ut.ee\/fzbg\/forschungen-zur-baltischen-geschichte-2-2007\/","title":{"rendered":"Forschungen zur baltischen Geschichte 2 \/ 2007"},"content":{"rendered":"<h3>\r\n\t<img loading=\"lazy\" decoding=\"async\" width=\"921\" height=\"1445\" class=\"alignnone wp-image-60\" style=\"width: 250px;height: 392px;float: right\" src=\"https:\/\/sisu.ut.ee\/wp-content\/uploads\/sites\/279\/fzbg-2-kaas-page-001_esikulg.jpg\" title=\"fzbg-2-kaas-page-001_esikulg.jpg\" alt=\"Forschungen zur baltischen Geschichte 2 \/ 2007\" srcset=\"https:\/\/sisu.ut.ee\/wp-content\/uploads\/sites\/279\/fzbg-2-kaas-page-001_esikulg.jpg 921w, https:\/\/sisu.ut.ee\/wp-content\/uploads\/sites\/279\/fzbg-2-kaas-page-001_esikulg-191x300.jpg 191w, https:\/\/sisu.ut.ee\/wp-content\/uploads\/sites\/279\/fzbg-2-kaas-page-001_esikulg-653x1024.jpg 653w, https:\/\/sisu.ut.ee\/wp-content\/uploads\/sites\/279\/fzbg-2-kaas-page-001_esikulg-768x1205.jpg 768w\" sizes=\"auto, (max-width: 921px) 100vw, 921px\"><a data-fid=\"63123\" href=\"https:\/\/sisu.ut.ee\/wp-content\/uploads\/sites\/279\/fzbg-2-2007.pdf\">Forschungen zur baltischen Geschichte 2 \/ 2007<\/a>\r\n<\/h3>\r\n\r\n<p>\r\n\t\u00a0\r\n<\/p>\r\n\r\n<p>\r\n\t<strong>Aufs\u00e4tze<\/strong>\r\n<\/p>\r\n\r\n<ul>\r\n\t<li>\r\n\t\tPiret Lotman: Der Kirchenstreit zwischen schwedischen und\u00a0deutschen Geistlichen in Nyen (s\u00a09)\r\n\t<\/li>\r\n\t<li>\r\n\t\tMarite Jakovleva: Die Beziehungen zwischen Herzog Jakob\u00a0von Kurland und Russland (s\u00a024)\r\n\t<\/li>\r\n\t<li>\r\n\t\tAivar P\u00f5ldvee: Esten, Schweden und Deutsche im Kirchspiel\u00a0St. Matthias und Kreuz im 17. Jahrhundert (s\u00a057)\r\n\t<\/li>\r\n\t<li>\r\n\t\tEa Jansen: Das \u201eBaltentum\u201c, die Deutschbalten und die Esten (s 71)\r\n\t<\/li>\r\n\t<li>\r\n\t\tKalervo Hovi: Ver\u00e4nderungen der Schwerpunkte in der franz\u00f6sischen\u00a0Baltikumpolitik 1918\u20131927 (s\u00a0112)\r\n\t<\/li>\r\n\t<li>\r\n\t\tIneta Lip\u0161a: Frauen in den Parlamentswahlen der Republik\u00a0Lettland 1920\u20131934 (s\u00a0127)\r\n\t<\/li>\r\n\t<li>\r\n\t\tIlgvars Butulis: Auswirkungen der autorit\u00e4ren Ideologie von\u00a0K\u0101rlis Ulmanis auf die lettische Geschichtsschreibung (s\u00a0149)\r\n\t<\/li>\r\n\t<li>\r\n\t\tVita Zelce: Die ersten sowjetischen Zeitdokumente der Nachkriegszeit:\u00a0Kalender f\u00fcr das Jahr 1945 (s\u00a0159)\r\n\t<\/li>\r\n\t<li>\r\n\t\tT\u00f5nu Tannberg: Der Kreml und die baltische Frage 1956 (s 173)\r\n\t<\/li>\r\n<\/ul>\r\n\r\n<p>\r\n\t<strong>Mitteilungen<\/strong>\r\n<\/p>\r\n\r\n<ul>\r\n\t<li>\r\n\t\tGeiu Rohtla: Die Universit\u00e4t als Musikzentrum der Stadt Dorpat\u00a0in der ersten H\u00e4lfte des 19. Jahrhunderts: einige Einblicke in\u00a0das Forschungsgebiet (s\u00a0197)\r\n\t<\/li>\r\n\t<li>\r\n\t\tGvido Straube: Zu den Institutionen der historischen Forschung\u00a0in Lettland (s\u00a0203)\r\n\t<\/li>\r\n\t<li>\r\n\t\tInesis Feldmanis: Im Fachbereich Geschichte verteidigte Promotions-und Habilitationsarbeiten in Lettland 1991\u20132006 (s\u00a0208)\r\n\t<\/li>\r\n<\/ul>\r\n\r\n<p>\r\n\t<strong>Besprechungen<\/strong>\r\n<\/p>\r\n\r\n<ul>\r\n\t<li>\r\n\t\tMalev [Der Trupp]. Kom\u00f6die (von Linda Kaljundi) (s 219)\r\n\t<\/li>\r\n\t<li>\r\n\t\tTiina Kala, Juhan Kreem, Anu M\u00e4nd: K\u00fcmme keskaegset tallinlast\u00a0[Zehn mittelalterliche Revalenser] (von Inna P\u00f5ltsam-J\u00fcrjo) (s 225)\r\n\t<\/li>\r\n\t<li>\r\n\t\tLatvijas viduslaiku pilis [Die mittelalterlichen Burgen Lettlands]\u00a0(von Anneli Randla) (s\u00a0229)\r\n\t<\/li>\r\n\t<li>\r\n\t\tT\u00f5nu Raid: Eesti teedev\u00f5rgu kujunemine [Die Herausbildung\u00a0des Stra\u00dfennetzes in Estland] (von Enn K\u00fcng) (s\u00a0237)\r\n\t<\/li>\r\n\t<li>\r\n\t\tProtokolle des Windauer Rates und der Kaufmannsgilde im 18.\u00a0Jahrhundert \/ Ventspils r\u0101tes un tirgot\u0101ju \u0123ildes 18. gadsimta protokoli (von Ilgvars Misans) (s\u00a0249)\r\n\t<\/li>\r\n\t<li>\r\n\t\tIndrek J\u00fcrjo: Aufkl\u00e4rung im Baltikum. Leben und Werk des\u00a0livl\u00e4ndischen Gelehrten August Wilhelm Hupel (1737\u20131819) (von\u00a0Ulrich Kronauer) (s\u00a0253)\r\n\t<\/li>\r\n\t<li>\r\n\t\tVene aeg Eestis. Uurimusi 16. sajandi keskpaigast kuni 20. sajandi alguseni\u00a0[Die russische Zeit in Estland. Studien von der Mitte des 16.\u00a0Jahrhunderts bis zu Beginn des 20. Jahrhunderts] (von Mati Laur) (s\u00a0256)\u00a0\r\n\t<\/li>\r\n\t<li>\r\n\t\t\u0421\u0415\u0420\u0413\u0415\u0419 \u0413. \u0418\u0421\u0410\u041a\u041e\u0412: \u041e\u0427\u0415\u0420\u041a\u0418 \u0418\u0421\u0422\u041e\u0420\u0418\u0418 \u0420\u0423\u0421\u0421\u041a\u041e\u0419 \u041a\u0423\u041b\u042c\u0422\u0423\u0420\u042b \u0412 \u042d\u0421\u0422\u041e\u041d\u0418\u0418\u00a0[Beitr\u00e4ge zur Geschichte der russischen Kultur in Estland] (von\u00a0Csaba J\u00e1nos Ken\u00e9z) (s\u00a0261)\r\n\t<\/li>\r\n\t<li>\r\n\t\t\u042e\u0420\u0418\u0419 \u0412. \u0410\u041b\u0415\u041a\u0421\u0415\u0415\u0412, \u0410\u041d\u0414\u0420\u0415\u0419 \u0413. \u041c\u0410\u041d\u0410\u041a\u041e\u0412: \u041d\u0410\u0420 \u041e\u0414 \u0421\u0415\u0422\u0423: \u041c\u0415\u0416\u0414\u0423 \u0420\u041e\u0421\u0421\u0418\u0415\u0419 \u0418 \u042d\u0421\u0422\u041e\u041d\u0418\u0415\u0419 [Das Volk Setu zwischen Russland und Estland]\u00a0(von Ott Kurs) (s\u00a0263)\r\n\t<\/li>\r\n\t<li>\r\n\t\tKersti Lust: P\u00e4risorjast p\u00e4riskohaomanikuks. Talurahva emantsipatsioon\u00a0eestikeelse Liivimaa kroonuk\u00fclas 1819\u20131915 [Vom Leibeigenen\u00a0zum Erbeigent\u00fcmer eines Bauernhofs. Die Bauernbefreiung\u00a0auf den Dom\u00e4neng\u00fctern des estnischen Teils Livlands\u00a01819\u20131915] (von Aleksander Loit) (s 270)\r\n\t<\/li>\r\n\t<li>\r\n\t\tDaina Bleiere, Ilgvars Butulis, Antonijs Zunda, Inesis\u00a0Feldmanis, Aivars Stranga: Latvijas v\u0113sture. 20. gadsimts\u00a0[Geschichte Lettlands. 20. Jahrhundert] (von T\u00f5nu Tannberg) (s\u00a0278)\r\n\t<\/li>\r\n\t<li>\r\n\t\tEesti ajalugu VI: Vabaduss\u00f5jast taasiseseisvumiseni [Estnische\u00a0Geschichte, Bd. VI: Vom Estnischen Freiheitskrieg bis zur Wiedererlangung\u00a0der Unabh\u00e4ngigkeit] (von Indrek J\u00fcrjo) (s\u00a0281)\u00a0\r\n\t<\/li>\r\n\t<li>\r\n\t\tReigo Rosenthal: Loodearmee [Die Nordwest-Armee] (von\u00a0Karsten Br\u00fcggemann) (s\u00a0285)\u00a0\r\n\t<\/li>\r\n\t<li>\r\n\t\tVita Zelce, Vineta Sprugaine: Margin\u0101l\u0101s jeb 1376. fonds\u00a0[Die Marginalen oder der Bestand Nr. 1376] (von Ineta Lip\u0161a) (s\u00a0292)\r\n\t<\/li>\r\n\t<li>\r\n\t\tRuth Bettina Birn: Die Sicherheitspolizei in Estland 1941\u20131944.\u00a0Eine Studie zur Kollaboration im Osten; Estonia 1940\u20131945. Reports\u00a0of the Estonian International Commission for the Investigation\u00a0of Crimes Against Humanity (von Olaf Mertelsmann) (s\u00a0297)\r\n\t<\/li>\r\n\t<li>\r\n\t\tHenning von Wistinghausen: Im freien Estland. Erinnerungen\u00a0des ersten deutschen Botschafters 1991\u20131995 (von Konrad Maier) (s\u00a0304)\r\n\t<\/li>\r\n<\/ul>\r\n<br><div class=\"wp-block-group attached-files-group is-layout-constrained wp-block-group-is-layout-constrained\"><div class=\"wp-block-file\"><a href=\"https:\/\/sisu.ut.ee\/wp-content\/uploads\/sites\/279\/fzbg-2-2007.pdf\" target=\"_blank\" rel=\"noreferrer noopener\">fzbg-2-2007.pdf<\/a><\/div><\/div>","protected":false},"excerpt":{"rendered":"<p>Forschungen zur baltischen Geschichte 2 \/ 2007 \u00a0 Aufs\u00e4tze Piret Lotman: Der Kirchenstreit zwischen schwedischen und\u00a0deutschen Geistlichen in Nyen (s\u00a09) Marite Jakovleva: Die Beziehungen zwischen Herzog Jakob\u00a0von Kurland und Russland (s\u00a024) Aivar P\u00f5ldvee: Esten, Schweden und Deutsche im Kirchspiel\u00a0St. Matthias &#8230;<\/p>\n","protected":false},"author":148,"featured_media":0,"parent":0,"menu_order":0,"comment_status":"closed","ping_status":"closed","template":"","meta":{"_acf_changed":false,"inline_featured_image":false,"footnotes":""},"class_list":["post-15","page","type-page","status-publish","hentry"],"acf":[],"_links":{"self":[{"href":"https:\/\/sisu.ut.ee\/fzbg\/wp-json\/wp\/v2\/pages\/15","targetHints":{"allow":["GET"]}}],"collection":[{"href":"https:\/\/sisu.ut.ee\/fzbg\/wp-json\/wp\/v2\/pages"}],"about":[{"href":"https:\/\/sisu.ut.ee\/fzbg\/wp-json\/wp\/v2\/types\/page"}],"author":[{"embeddable":true,"href":"https:\/\/sisu.ut.ee\/fzbg\/wp-json\/wp\/v2\/users\/148"}],"replies":[{"embeddable":true,"href":"https:\/\/sisu.ut.ee\/fzbg\/wp-json\/wp\/v2\/comments?post=15"}],"version-history":[{"count":2,"href":"https:\/\/sisu.ut.ee\/fzbg\/wp-json\/wp\/v2\/pages\/15\/revisions"}],"predecessor-version":[{"id":142,"href":"https:\/\/sisu.ut.ee\/fzbg\/wp-json\/wp\/v2\/pages\/15\/revisions\/142"}],"wp:attachment":[{"href":"https:\/\/sisu.ut.ee\/fzbg\/wp-json\/wp\/v2\/media?parent=15"}],"curies":[{"name":"wp","href":"https:\/\/api.w.org\/{rel}","templated":true}]}}