{"id":11,"date":"2024-04-04T04:16:48","date_gmt":"2024-04-04T01:16:48","guid":{"rendered":"https:\/\/sisu.ut.ee\/fzbg\/forschungen-zur-baltischen-geschichte-6-2011\/"},"modified":"2024-04-04T04:17:08","modified_gmt":"2024-04-04T01:17:08","slug":"forschungen-zur-baltischen-geschichte-6-2011","status":"publish","type":"page","link":"https:\/\/sisu.ut.ee\/fzbg\/forschungen-zur-baltischen-geschichte-6-2011\/","title":{"rendered":"Forschungen zur baltischen Geschichte 6 \/ 2011"},"content":{"rendered":"<h3>\r\n\t<img loading=\"lazy\" decoding=\"async\" width=\"922\" height=\"1441\" class=\"alignnone wp-image-52\" style=\"width: 250px;height: 391px;float: right\" src=\"https:\/\/sisu.ut.ee\/wp-content\/uploads\/sites\/279\/fzbg-6-kaas-page-001_esikulg.jpg\" title=\"fzbg-6-kaas-page-001_esikulg.jpg\" alt=\"Forschungen zur baltischen Geschichte 6 \/ 2011\" srcset=\"https:\/\/sisu.ut.ee\/wp-content\/uploads\/sites\/279\/fzbg-6-kaas-page-001_esikulg.jpg 922w, https:\/\/sisu.ut.ee\/wp-content\/uploads\/sites\/279\/fzbg-6-kaas-page-001_esikulg-192x300.jpg 192w, https:\/\/sisu.ut.ee\/wp-content\/uploads\/sites\/279\/fzbg-6-kaas-page-001_esikulg-655x1024.jpg 655w, https:\/\/sisu.ut.ee\/wp-content\/uploads\/sites\/279\/fzbg-6-kaas-page-001_esikulg-768x1200.jpg 768w\" sizes=\"auto, (max-width: 922px) 100vw, 922px\"><a data-fid=\"63115\" href=\"https:\/\/sisu.ut.ee\/wp-content\/uploads\/sites\/279\/fzbg-6-2011.pdf\">Forschungen zur baltischen Geschichte 6 \/ 2011 (pdf)<\/a>\r\n<\/h3>\r\n\r\n<p>\r\n\t\u00a0\r\n<\/p>\r\n\r\n<p>\r\n\t<strong>Aufs\u00e4tze<\/strong>\r\n<\/p>\r\n\r\n<ul>\r\n\t<li>\r\n\t\tMihkel M\u00e4esalu: P\u00e4pstliche Gewalt im Kreuzzugsgebiet:\u00a0Gr\u00fcndete Wilhelm von Modena in Estland einen \u201ePufferstaat\u201c? (s\u00a011)\r\n\t<\/li>\r\n\t<li>\r\n\t\tStefan Donecker: Arbeiten und Projekte des Dorpater Professors\u00a0Friedrich Menius in den 1630er Jahren (s\u00a031)\r\n\t<\/li>\r\n\t<li>\r\n\t\tKaarel Vanam\u00f6lder: Was f\u00fcr eine Zeitung wurde in Reval am\u00a0Ende der schwedischen Zeit gelesen?\u200d (s 61)\r\n\t<\/li>\r\n\t<li>\r\n\t\tKrist\u012bne Ante: Eine unbekannte Seite der baltischen Geschichte:\u00a0Die religi\u00f6se Bewegung der Irvingianer im sp\u00e4ten 19. Jahrhundert (s\u00a084)\r\n\t<\/li>\r\n\t<li>\r\n\t\tTiina-Mall Kreem: Die \u201esichtbare Kirche\u201c: Der lutherische\u00a0Kirchenbau in Liv- und Estland unter Alexander II. (s\u00a0101)\r\n\t<\/li>\r\n\t<li>\r\n\t\tTaavi Minnik: Der Teufelskreis der Gewalt: Terror und Repressionen\u00a0in Estland 1917\u20131919 (s\u00a0120)\r\n\t<\/li>\r\n\t<li>\r\n\t\tHelen Rohtmets: Vergeltung am Erzfeind? Die Staatsb\u00fcrgerschaftsfrage\u00a0der Deutschbalten in der neugegr\u00fcndeten Republik\u00a0Estland (s\u00a0141)\r\n\t<\/li>\r\n\t<li>\r\n\t\tJ\u0101nis Keruss: Die Lehrkr\u00e4fte der Historischen Fakult\u00e4t der Lettischen\u00a0Staatsuniversit\u00e4t und das kommunistische Regime 1944\u20131953 (s\u00a0163)\r\n\t<\/li>\r\n\t<li>\r\n\t\tIneta Lip\u0161a: Die Historiker der Lettischen Staatsuniversit\u00e4t in\u00a0Riga und ihr Verh\u00e4ltnis zur Kommunistischen Partei 1954\u20131964 (s\u00a0178)\r\n\t<\/li>\r\n\t<li>\r\n\t\tT\u00f5nu Tannberg: Eine \u201eelende St\u00fcmperei\u201c? Zur Entstehungsgeschichte\u00a0der Hymne der Estnischen SSR 1944\/45 (s\u00a0196)\r\n\t<\/li>\r\n<\/ul>\r\n\r\n<p>\r\n\t<strong>Mitteilungen<\/strong>\r\n<\/p>\r\n\r\n<ul>\r\n\t<li>\r\n\t\tMarju Luts-Sootak: Die baltischen Kapitulationen von 1710:\u00a0Kontext, Wirkung, Interpretation. Ein Tagungsbericht (s\u00a0209)\r\n\t<\/li>\r\n\t<li>\r\n\t\tArvo Tering: Zur akademischen Ausbildung der Mediziner\u00a0Est-, Liv- und Kurlands im 18. Jahrhundert (s\u00a0215)\r\n\t<\/li>\r\n\t<li>\r\n\t\tKarsten Br\u00fcggemann: Ged\u00e4chtnis und Identit\u00e4t der Russen\u00a0im Baltikum: Zur Konstruktion der Geschichte einer nationalen\u00a0Minderheit (s\u00a0225)\r\n\t<\/li>\r\n<\/ul>\r\n\r\n<p>\r\n\t<br><strong>Besprechungen<\/strong>\r\n<\/p>\r\n\r\n<ul>\r\n\t<li>\r\n\t\tAndres Kasekamp: A History of the Baltic States (von Tiit\u00a0Rosenberg) (s\u00a0239)\r\n\t<\/li>\r\n\t<li>\r\n\t\tBaltisch-europ\u00e4ische Rechtsgeschichte und Lexikographie (von\u00a0Anti Selart) (s 243)\r\n\t<\/li>\r\n\t<li>\r\n\t\tZeme, vara un reli\u0123ija viduslaikos un jaunajos laikos Baltijas j\u016bras\u00a0re\u0123ion\u0101 [Land, Herrschaft und Religion im Mittelalter und in der\u00a0Neuzeit in der Ostseeregion] (von Marija Golubeva) (s\u00a0246)\r\n\t<\/li>\r\n\t<li>\r\n\t\t\u0413\u0440\u0430\u043d\u0438\u0446\u044b \u041b\u0438\u0442\u0432\u044b. \u0422\u044b\u0441\u044f\u0447\u0435\u043b\u0435\u0442\u043d\u044f\u044f \u0438\u0441\u0442\u043e\u0440\u0438\u044f [Die Grenzen Litauens.\u00a0Eine tausendj\u00e4hrige Geschichte] (von M\u0101r\u012bte Jakov\u013ceva) (s\u00a0252)\r\n\t<\/li>\r\n\t<li>\r\n\t\tKarsten Br\u00fcggemann, Ralph Tuchtenhagen: Tallinn.\u00a0Kleine Geschichte der Stadt (von Lea K\u00f5iv) (s\u00a0256)\r\n\t<\/li>\r\n\t<li>\r\n\t\tAleksandrs Ivanovs, Anatolijs Kuz\u0146ecovs: Smo\u013censkas-R\u012bgas aktis, 13. gs. \u2013 14. gs. pirm\u0101 puse. Kompleksa Moscowitica-Ruthenica dokumenti par Smo\u013censkas un R\u012bgas attiec\u012bb\u0101m \/\u00a0\u0421\u043c\u043e\u043b\u0435\u043d\u0441\u043a\u043e-\u0440\u0438\u0436\u0441\u043a\u0438\u0435 \u0430\u043a\u0442\u044b XIII \u0432. \u2013 \u043f\u0435\u0440\u0432\u0430\u044f \u043f\u043e\u043b\u043e\u0432\u0438\u043d\u0430 XIV \u0432.\u00a0\u0414\u043e\u043a\u0443\u043c\u0435\u043d\u0442\u044b \u043a\u043e\u043c\u043f\u043b\u0435\u043a\u0441\u0430 Moscowitica-Ruthenica \u043e\u0431 \u043e\u0442\u043d\u043e\u0448\u0435\u043d\u0438\u044f\u0445\u00a0\u0421\u043c\u043e\u043b\u0435\u043d\u0441\u043a\u0430 \u0438 \u0420\u0438\u0433\u0438 [Die Smolensk-Rigaer Akten, 13. Jh. \u2013 erste\u00a0H\u00e4lfte des 14. Jhs. Die Urkunden der Sammlung Moscowitica-Ruthenica \u00fcber die Beziehungen zwischen Smolensk und Riga] (von Andris Levans) (s\u00a0264)\r\n\t<\/li>\r\n\t<li>\r\n\t\t\u0411\u0430\u043b\u0442\u0438\u0439\u0441\u043a\u0438\u0439 \u0432\u043e\u043f\u0440\u043e\u0441 \u0432 \u043a\u043e\u043d\u0446\u0435 XV\u2013XVI \u0432\u0432. [Die baltische Frage\u00a0Ende des 15.\u201316. Jahrhunderts] (von Andres Adamson) (s\u00a0269)\r\n\t<\/li>\r\n\t<li>\r\n\t\tPiret Lotman: Heinrich Stahli pastoraalne tegevus Rootsi\u00a0L\u00e4\u00e4nemere provintsides 17. saj. esimesel poolel [Heinrich Stahls\u00a0T\u00e4tigkeit als Pastor in den\u00a0schwedischen\u00a0Ostseeprovinzen in der\u00a0ersten H\u00e4lfte des 17. Jahrhunderts] (von Kari Tarkiainen) (s\u00a0274)\r\n\t<\/li>\r\n\t<li>\r\n\t\tL\u00e4\u00e4nemere provintside arenguperspektiivid Rootsi suurriigis 16\/17.\u00a0sajandil [Die Entwicklungsperspektiven der Ostseeprovinzen in\u00a0der Gro\u00dfmacht Schweden im 16. und 17. Jahrhundert], Bd. 3 (von\u00a0Mati Laur) (s\u00a0279)\r\n\t<\/li>\r\n\t<li>\r\n\t\tCommunication in the Early Modern Baltic Sea Region \/\u00a0Kommunikatsioon varauusaegses L\u00e4\u00e4nemereruumis (von Ulrike\u00a0Plath) (s\u00a0283)\r\n\t<\/li>\r\n\t<li>\r\n\t\tKarl-Erik Frandsen: The Last Plague in the Baltic Region,\u00a01709\u20121713 (von Priit Raudkivi) (s\u00a0287)\r\n\t<\/li>\r\n\t<li>\r\n\t\tEesti ajalugu V: P\u00e4risorjuse kaotamisest Vabaduss\u00f5jani [Estnische\u00a0Geschichte, Bd. V: Von der Aufhebung der Leibeigenschaft bis\u00a0zum Freiheitskrieg] (von Toivo Raun) (s\u00a0291)\r\n\t<\/li>\r\n\t<li>\r\n\t\tAnja Wilhelmi: Lebenswelten von Frauen der deutschen\u00a0Obersicht im Baltikum (1800\u20131939) (von Alexander Ewig) (s 297)\r\n\t<\/li>\r\n\t<li>\r\n\t\tSeeb\u00e4der an der Ostsee im 19. und 20. Jahrhundert (von Karsten\u00a0Br\u00fcggemann) (s\u00a0302)\r\n\t<\/li>\r\n\t<li>\r\n\t\t\u0414\u043c\u0438\u0442\u0440\u0438\u0439 H.\u041a\u043e\u043f\u0435\u043b\u0435\u0432: \u041d\u0430 \u0441\u043b\u0443\u0436\u0431\u0435 \u0418\u043c\u043f\u0435\u0440\u0438\u0438. \u041d\u0435\u043c\u0446\u044b \u0438 \u0420\u043e\u0441\u0441\u0438\u0439\u0441\u043a\u0438\u0439\u00a0\u0444\u043b\u043e\u0442 \u0432 \u043f\u0435\u0440\u0432\u043e\u0439 \u043f\u043e\u043b\u043e\u0432\u0438\u043d\u0435 XIX \u0432\u0435\u043a\u0430 [Im Dienst des Imperiums.\u00a0Die Deutschen und die russische Marine in der ersten H\u00e4lfte des\u00a019. Jahrhunderts] (von T\u00f5nu Tannberg) (s\u00a0306)\r\n\t<\/li>\r\n\t<li>\r\n\t\tDarius Stali\u016bnas: Making Russians: Meaning and Practice of\u00a0Russification in Lithuania and Belarus after 1863 (von Bradley\u00a0D. Woodworth) (s\u00a0310)\r\n\t<\/li>\r\n\t<li>\r\n\t\tVene impeerium ja Baltikum: venestus, rahvuslus ja moderniseerimine\u00a019. sajandi teisel poolel ja 20. sajandi alguses [Das Russische\u00a0Reich und das Baltikum: Russifizierung, Nationalisierung und\u00a0Modernisierung in der zweiten H\u00e4lfte des 19. und zu Beginn des\u00a020. Jahrhunderts], Bd. 2 (von Konrad Maier) (s\u00a0313)\r\n\t<\/li>\r\n\t<li>\r\n\t\tReigo Rosenthal, Marko Tamming: S\u00f5da p\u00e4rast rahu.\u00a0Eesti eriteenistuste vastasseis N\u00f5ukogude luure ja p\u00f5randaaluste\u00a0kommunistidega 1920\u20131924 [Der Krieg nach dem Frieden. Die\u00a0Konfrontation zwischen den Geheimdiensten Estlands und dem\u00a0sowjetischen Abwehrdienst sowie den illegalen Kommunisten in\u00a0den Jahren 1920\u20131924] (von Ivo Juurvee) (s\u00a0319)\r\n\t<\/li>\r\n\t<li>\r\n\t\tKarl Heinz Gr\u00e4fe: Vom Donnerkreuz zum Hakenkreuz. Die\u00a0baltischen Staaten zwischen Diktatur und Okkupation (von Olaf\u00a0Mertelsmann) (s 322)\r\n\t<\/li>\r\n\t<li>\r\n\t\tVon den Restg\u00fctern zu den Sowchosen in Estland 1939\u20131953 (von\u00a0Olev Liivik) (s\u00a0326)\r\n\t<\/li>\r\n\t<li>\r\n\t\tS\u00f5ja ja rahu vahel II: Esimene punane aasta [Zwischen Krieg und\u00a0Frieden, Bd. 2: Das erste rote Jahr] (von Hiljar Tammela) (s\u00a0330)\r\n\t<\/li>\r\n\t<li>\r\n\t\t\u201e\u041f\u0440\u0430\u0436\u0441\u043a\u0430\u044f \u0432\u0435\u0441\u043d\u0430\u201c 1968 \u0433\u043e\u0434\u0430 \u0438 \u0441\u043e\u0432\u0435\u0442\u0441\u043a\u0438\u0435 \u0440\u0435\u0441\u043f\u0443\u0431\u043b\u0438\u043a\u0438. P\u0435\u0430\u043a\u0446\u0438\u044f\u00a0\u0432\u043b\u0430\u0441\u0442\u0438 \u0438 \u043e\u0431\u0449\u0435\u0441\u0442\u0432\u0430 [Der \u201ePrager Fr\u00fchling\u201c 1968 und die\u00a0Sowjetrepubliken. Die Reaktion der Macht und der Gesellschaft]\u00a0(von T\u00f5nu Tannberg) (s\u00a0334)\r\n\t<\/li>\r\n\t<li>\r\n\t\tMemory and Democratic Pluralism in the Baltic States \u2013\u00a0Rethinking the Relationship (von Ilmar Kelder) (s 340)\r\n\t<\/li>\r\n<\/ul>\r\n\r\n<p>\r\n\t\u00a0\r\n<\/p>\r\n\r\n\r\n<br><div class=\"wp-block-group attached-files-group is-layout-constrained wp-block-group-is-layout-constrained\"><div class=\"wp-block-file\"><a href=\"https:\/\/sisu.ut.ee\/wp-content\/uploads\/sites\/279\/fzbg-6-2011.pdf\" target=\"_blank\" rel=\"noreferrer noopener\">fzbg-6-2011.pdf<\/a><\/div><\/div>","protected":false},"excerpt":{"rendered":"<p>Forschungen zur baltischen Geschichte 6 \/ 2011 (pdf) \u00a0 Aufs\u00e4tze Mihkel M\u00e4esalu: P\u00e4pstliche Gewalt im Kreuzzugsgebiet:\u00a0Gr\u00fcndete Wilhelm von Modena in Estland einen \u201ePufferstaat\u201c? (s\u00a011) Stefan Donecker: Arbeiten und Projekte des Dorpater Professors\u00a0Friedrich Menius in den 1630er Jahren (s\u00a031) Kaarel Vanam\u00f6lder: &#8230;<\/p>\n","protected":false},"author":148,"featured_media":0,"parent":0,"menu_order":0,"comment_status":"closed","ping_status":"closed","template":"","meta":{"_acf_changed":false,"inline_featured_image":false,"footnotes":""},"class_list":["post-11","page","type-page","status-publish","hentry"],"acf":[],"_links":{"self":[{"href":"https:\/\/sisu.ut.ee\/fzbg\/wp-json\/wp\/v2\/pages\/11","targetHints":{"allow":["GET"]}}],"collection":[{"href":"https:\/\/sisu.ut.ee\/fzbg\/wp-json\/wp\/v2\/pages"}],"about":[{"href":"https:\/\/sisu.ut.ee\/fzbg\/wp-json\/wp\/v2\/types\/page"}],"author":[{"embeddable":true,"href":"https:\/\/sisu.ut.ee\/fzbg\/wp-json\/wp\/v2\/users\/148"}],"replies":[{"embeddable":true,"href":"https:\/\/sisu.ut.ee\/fzbg\/wp-json\/wp\/v2\/comments?post=11"}],"version-history":[{"count":2,"href":"https:\/\/sisu.ut.ee\/fzbg\/wp-json\/wp\/v2\/pages\/11\/revisions"}],"predecessor-version":[{"id":146,"href":"https:\/\/sisu.ut.ee\/fzbg\/wp-json\/wp\/v2\/pages\/11\/revisions\/146"}],"wp:attachment":[{"href":"https:\/\/sisu.ut.ee\/fzbg\/wp-json\/wp\/v2\/media?parent=11"}],"curies":[{"name":"wp","href":"https:\/\/api.w.org\/{rel}","templated":true}]}}