{"id":9,"date":"2024-04-04T08:00:38","date_gmt":"2024-04-04T05:00:38","guid":{"rendered":"https:\/\/sisu.ut.ee\/fyysikagymnaasiumile\/8-moodul\/"},"modified":"2024-04-22T15:37:59","modified_gmt":"2024-04-22T12:37:59","slug":"8-moodul","status":"publish","type":"page","link":"https:\/\/sisu.ut.ee\/fyysikagymnaasiumile\/8-moodul\/","title":{"rendered":"8. moodul"},"content":{"rendered":"<p>\u00a0\u00a0\n<\/p><blockquote>\n\t<p>\n\t\t<strong>Teemad:\u00a0<\/strong>Soojus, temperatuur, soojus\u00fclekanne, ideaalgaas, reaalgaas, termod\u00fcnaamika, energeetika.\n\t<\/p>\n<\/blockquote>\n\n<h4>\n\t<br>\u00d5ppematerjalid\n<\/h4>\n\n<p>\n\tLoe l\u00e4bi j\u00e4rgmistest f\u00fc\u00fcsika\u00f5pikutest\u00a0peat\u00fckid aine ehituse, soojusiikumise ja soojus\u00fclekande kohta:\n<\/p>\n\n<p>\n\t1. <a data-url=\"https:\/\/opik.fyysika.ee\/index.php\/book\/section\/14007\" href=\"https:\/\/opik.fyysika.ee\/index.php\/book\/section\/14007\" target=\"_blank\" title=\"\" rel=\"noopener\">Aine ehituse mudel ja soojusliikumine<\/a>\u00a0\u00f5pikust \u201cF\u00fc\u00fcsika 9. klassile\u201d (autorid Erkki Tempel, Jaan Paaver)<br>2. <a data-url=\"https:\/\/opik.fyysika.ee\/index.php\/book\/section\/14008\" href=\"https:\/\/opik.fyysika.ee\/index.php\/book\/section\/14008\" target=\"_blank\" title=\"\" rel=\"noopener\">Soojus\u00fclekanne. Kehade soojenemine ja jahtumine<\/a> \u00f5pikust \u201cF\u00fc\u00fcsika 9. klassile\u201d (autorid Erkki Tempel, Jaan Paaver)<br>3. <a data-url=\"https:\/\/opik.fyysika.ee\/index.php\/book\/section\/14009\" href=\"https:\/\/opik.fyysika.ee\/index.php\/book\/section\/14009\" target=\"_blank\" title=\"\" rel=\"noopener\">Aine olekute muutused<\/a> \u00f5pikust \u201cF\u00fc\u00fcsika 9. klassile\u201d (autorid Erkki Tempel, Jaan Paaver)<br>4. <a data-url=\"https:\/\/opik.fyysika.ee\/index.php\/book\/section\/1829\" href=\"https:\/\/opik.fyysika.ee\/index.php\/book\/section\/1829\" target=\"_blank\" title=\"\" rel=\"noopener\">Molekulide soojusliikumine<\/a> \u00f5pikust \u201cEnergia\u201d (autor Madis Reemann)<br>5. <a data-url=\"https:\/\/opik.fyysika.ee\/index.php\/book\/section\/1830\" href=\"https:\/\/opik.fyysika.ee\/index.php\/book\/section\/1830\" target=\"_blank\" title=\"\" rel=\"noopener\">Termod\u00fcnaamika<\/a> \u00f5pikust \u201cEnergia\u201d (autor Madis Reemann)\n<\/p>\n\n<h4>\n\t<br>Harjutus\u00fclesanded\n<\/h4>\n\n<div class=\"h5p-iframe-wrapper\"><div class=\"video-placeholder-wrapper video-placeholder-wrapper--fixed\" style=\"height: 366px;\">\n\t\t\t    <div class=\"video-placeholder d-flex justify-content-center align-items-center\">\n\t\t\t        <div class=\"overlay text-white p-2 w-100 text-center d-block justify-content-center align-items-center\">\n\t\t\t            <div>Kolmandate osapoolte sisu n\u00e4gemiseks palun n\u00f5ustu k\u00fcpsistega.<\/div>\n\t\t\t            <button class=\"btn btn-secondary btn-sm mt-1 consent-change\">Muuda n\u00f5usolekut<\/button>\n\t\t\t        <\/div>\n\t\t\t    <\/div>\n\t\t\t<\/div>\n<\/div>\n","protected":false},"excerpt":{"rendered":"<p>\u00a0\u00a0 Teemad:\u00a0Soojus, temperatuur, soojus\u00fclekanne, ideaalgaas, reaalgaas, termod\u00fcnaamika, energeetika. \u00d5ppematerjalid Loe l\u00e4bi j\u00e4rgmistest f\u00fc\u00fcsika\u00f5pikutest\u00a0peat\u00fckid aine ehituse, soojusiikumise ja soojus\u00fclekande kohta: 1. Aine ehituse mudel ja soojusliikumine\u00a0\u00f5pikust \u201cF\u00fc\u00fcsika 9. klassile\u201d (autorid Erkki Tempel, Jaan Paaver)2. Soojus\u00fclekanne. Kehade soojenemine ja jahtumine \u00f5pikust \u201cF\u00fc\u00fcsika &#8230;<\/p>\n","protected":false},"author":345,"featured_media":0,"parent":0,"menu_order":0,"comment_status":"closed","ping_status":"closed","template":"","meta":{"_acf_changed":false,"inline_featured_image":false,"footnotes":""},"class_list":["post-9","page","type-page","status-publish","hentry"],"acf":[],"_links":{"self":[{"href":"https:\/\/sisu.ut.ee\/fyysikagymnaasiumile\/wp-json\/wp\/v2\/pages\/9","targetHints":{"allow":["GET"]}}],"collection":[{"href":"https:\/\/sisu.ut.ee\/fyysikagymnaasiumile\/wp-json\/wp\/v2\/pages"}],"about":[{"href":"https:\/\/sisu.ut.ee\/fyysikagymnaasiumile\/wp-json\/wp\/v2\/types\/page"}],"author":[{"embeddable":true,"href":"https:\/\/sisu.ut.ee\/fyysikagymnaasiumile\/wp-json\/wp\/v2\/users\/345"}],"replies":[{"embeddable":true,"href":"https:\/\/sisu.ut.ee\/fyysikagymnaasiumile\/wp-json\/wp\/v2\/comments?post=9"}],"version-history":[{"count":4,"href":"https:\/\/sisu.ut.ee\/fyysikagymnaasiumile\/wp-json\/wp\/v2\/pages\/9\/revisions"}],"predecessor-version":[{"id":66,"href":"https:\/\/sisu.ut.ee\/fyysikagymnaasiumile\/wp-json\/wp\/v2\/pages\/9\/revisions\/66"}],"wp:attachment":[{"href":"https:\/\/sisu.ut.ee\/fyysikagymnaasiumile\/wp-json\/wp\/v2\/media?parent=9"}],"curies":[{"name":"wp","href":"https:\/\/api.w.org\/{rel}","templated":true}]}}