{"id":8,"date":"2024-04-04T08:00:38","date_gmt":"2024-04-04T05:00:38","guid":{"rendered":"https:\/\/sisu.ut.ee\/fyysikagymnaasiumile\/7-moodul\/"},"modified":"2024-04-22T15:37:34","modified_gmt":"2024-04-22T12:37:34","slug":"7-moodul","status":"publish","type":"page","link":"https:\/\/sisu.ut.ee\/fyysikagymnaasiumile\/7-moodul\/","title":{"rendered":"7. moodul"},"content":{"rendered":"<p>\u00a0\u00a0\n<\/p><blockquote>\n\t<p>\n\t\t<strong>Teemad:\u00a0<\/strong>Aine ehitus, tahkis, vedelik ja gaas, faasisiirded, fotoefekt, spektrid, aatomif\u00fc\u00fcsika, leiulained, tuumaf\u00fc\u00fcsika, radioaktiivsus, seoseenergia.\n\t<\/p>\n<\/blockquote>\n\n<h4>\n\t<br>\u00d5ppematerjalid\n<\/h4>\n\n<p>\n\tLoe l\u00e4bi Jaan Paaveri f\u00fc\u00fcsika\u00f5pikust peat\u00fckid aine ehituse ja mikromaailma f\u00fc\u00fcsika kohta:\n<\/p>\n\n<p>\n\t1. <a data-url=\"https:\/\/opik.fyysika.ee\/index.php\/book\/section\/1567\" href=\"https:\/\/opik.fyysika.ee\/index.php\/book\/section\/1567\" target=\"_blank\" title=\"\" rel=\"noopener\">Aine ehituse alused<\/a> \u00f5pikust \u201cMikro- ja megamaailma f\u00fc\u00fcsika\u201d (autor: Jaan Paaver)<br>2. <a data-url=\"https:\/\/opik.fyysika.ee\/index.php\/book\/section\/1604\" href=\"https:\/\/opik.fyysika.ee\/index.php\/book\/section\/1604\" target=\"_blank\" title=\"\" rel=\"noopener\">Mikromaailma f\u00fc\u00fcsika<\/a> \u00f5pikust \u201cMikro- ja megamaailma f\u00fc\u00fcsika\u201d (autor: Jaan Paaver)\n<\/p>\n\n<h4>\n\t<br>Harjutus\u00fclesanded\n<\/h4>\n\n<div class=\"h5p-iframe-wrapper\"><div class=\"video-placeholder-wrapper video-placeholder-wrapper--fixed\" style=\"height: 366px;\">\n\t\t\t    <div class=\"video-placeholder d-flex justify-content-center align-items-center\">\n\t\t\t        <div class=\"overlay text-white p-2 w-100 text-center d-block justify-content-center align-items-center\">\n\t\t\t            <div>Kolmandate osapoolte sisu n\u00e4gemiseks palun n\u00f5ustu k\u00fcpsistega.<\/div>\n\t\t\t            <button class=\"btn btn-secondary btn-sm mt-1 consent-change\">Muuda n\u00f5usolekut<\/button>\n\t\t\t        <\/div>\n\t\t\t    <\/div>\n\t\t\t<\/div>\n<\/div>\n","protected":false},"excerpt":{"rendered":"<p>\u00a0\u00a0 Teemad:\u00a0Aine ehitus, tahkis, vedelik ja gaas, faasisiirded, fotoefekt, spektrid, aatomif\u00fc\u00fcsika, leiulained, tuumaf\u00fc\u00fcsika, radioaktiivsus, seoseenergia. \u00d5ppematerjalid Loe l\u00e4bi Jaan Paaveri f\u00fc\u00fcsika\u00f5pikust peat\u00fckid aine ehituse ja mikromaailma f\u00fc\u00fcsika kohta: 1. Aine ehituse alused \u00f5pikust \u201cMikro- ja megamaailma f\u00fc\u00fcsika\u201d (autor: Jaan Paaver)2. &#8230;<\/p>\n","protected":false},"author":345,"featured_media":0,"parent":0,"menu_order":0,"comment_status":"closed","ping_status":"closed","template":"","meta":{"_acf_changed":false,"inline_featured_image":false,"footnotes":""},"class_list":["post-8","page","type-page","status-publish","hentry"],"acf":[],"_links":{"self":[{"href":"https:\/\/sisu.ut.ee\/fyysikagymnaasiumile\/wp-json\/wp\/v2\/pages\/8","targetHints":{"allow":["GET"]}}],"collection":[{"href":"https:\/\/sisu.ut.ee\/fyysikagymnaasiumile\/wp-json\/wp\/v2\/pages"}],"about":[{"href":"https:\/\/sisu.ut.ee\/fyysikagymnaasiumile\/wp-json\/wp\/v2\/types\/page"}],"author":[{"embeddable":true,"href":"https:\/\/sisu.ut.ee\/fyysikagymnaasiumile\/wp-json\/wp\/v2\/users\/345"}],"replies":[{"embeddable":true,"href":"https:\/\/sisu.ut.ee\/fyysikagymnaasiumile\/wp-json\/wp\/v2\/comments?post=8"}],"version-history":[{"count":4,"href":"https:\/\/sisu.ut.ee\/fyysikagymnaasiumile\/wp-json\/wp\/v2\/pages\/8\/revisions"}],"predecessor-version":[{"id":65,"href":"https:\/\/sisu.ut.ee\/fyysikagymnaasiumile\/wp-json\/wp\/v2\/pages\/8\/revisions\/65"}],"wp:attachment":[{"href":"https:\/\/sisu.ut.ee\/fyysikagymnaasiumile\/wp-json\/wp\/v2\/media?parent=8"}],"curies":[{"name":"wp","href":"https:\/\/api.w.org\/{rel}","templated":true}]}}