{"id":7,"date":"2024-04-04T08:00:38","date_gmt":"2024-04-04T05:00:38","guid":{"rendered":"https:\/\/sisu.ut.ee\/fyysikagymnaasiumile\/6-moodul\/"},"modified":"2024-04-22T15:37:11","modified_gmt":"2024-04-22T12:37:11","slug":"6-moodul","status":"publish","type":"page","link":"https:\/\/sisu.ut.ee\/fyysikagymnaasiumile\/6-moodul\/","title":{"rendered":"6. moodul"},"content":{"rendered":"<p>\u00a0\u00a0\n<\/p><blockquote>\n\t<p>\n\t\t<strong>\u00a0Teemad:\u00a0<\/strong>Elektromagnetlainete skaala, valgusallikad, soojuskiirgus, luminestsents, peegeldumine, murdumine, neeldumine, geomeetriline optika, laineoptika.\n\t<\/p>\n<\/blockquote>\n\n<h4>\n\t<br>\u00d5ppematerjalid\n<\/h4>\n\n<p>\n\tLoe l\u00e4bi j\u00e4rgmistest f\u00fc\u00fcsika\u00f5pikutest\u00a0peat\u00fckid elektromagnetv\u00e4lja, elektromagnetlainete ja optika kohta:\n<\/p>\n\n<p>\n\t1.<a data-url=\"https:\/\/opik.fyysika.ee\/index.php\/book\/section\/47428\" href=\"https:\/\/opik.fyysika.ee\/index.php\/book\/section\/47428\" target=\"_blank\" title=\"\" rel=\"noopener\">Elektromagnetv\u00e4li<\/a> (\u00f5pikust \u201cElektromagnetism\u201d, autor Riina Murulaid)<br>2. <a data-url=\"https:\/\/opik.fyysika.ee\/index.php\/book\/section\/5594\" href=\"https:\/\/opik.fyysika.ee\/index.php\/book\/section\/5594\" target=\"_blank\" title=\"\" rel=\"noopener\">Optika<\/a> \u00f5pikust \u201cF\u00fc\u00fcsika 8.klassile\u201d (autor: Erkki Tempel)<br>3. <a data-url=\"https:\/\/opik.fyysika.ee\/index.php\/book\/section\/1403\" href=\"https:\/\/opik.fyysika.ee\/index.php\/book\/section\/1403\" target=\"_blank\" title=\"\" rel=\"noopener\">Elektromagnetlained<\/a> (\u00f5pikust \u201cElektromagnetism\u201d, autorid Henn Voolaid ja Kalev Tarkpea)<br>4. <a data-fid=\"72788\" href=\"https:\/\/sisu.ut.ee\/wp-content\/uploads\/sites\/557\/p6hivara_teemal_valgus.pdf\" target=\"_blank\" rel=\"noopener\">Kokkuv\u00f5te p\u00f5hikooli valgus\u00f5petusest<\/a>\u00a0(autor: Kalev Tarkpea)<br>5. <a data-fid=\"72789\" href=\"https:\/\/sisu.ut.ee\/wp-content\/uploads\/sites\/557\/geomeetriline_optika.pdf\" target=\"_blank\" rel=\"noopener\">Kujutiste konstrueerimine geomeetrilises optikas<\/a> (autor: Kalev Tarkpea)\n<\/p>\n\n<h4>\n\t<br>Harjutus\u00fclesanded\n<\/h4>\n\n<h4>\n\t<div class=\"h5p-iframe-wrapper\"><div class=\"video-placeholder-wrapper video-placeholder-wrapper--fixed\" style=\"height: 366px;\">\n\t\t\t    <div class=\"video-placeholder d-flex justify-content-center align-items-center\">\n\t\t\t        <div class=\"overlay text-white p-2 w-100 text-center d-block justify-content-center align-items-center\">\n\t\t\t            <div>Kolmandate osapoolte sisu n\u00e4gemiseks palun n\u00f5ustu k\u00fcpsistega.<\/div>\n\t\t\t            <button class=\"btn btn-secondary btn-sm mt-1 consent-change\">Muuda n\u00f5usolekut<\/button>\n\t\t\t        <\/div>\n\t\t\t    <\/div>\n\t\t\t<\/div>\n<\/div>\n<\/h4>\n","protected":false},"excerpt":{"rendered":"<p>\u00a0\u00a0 \u00a0Teemad:\u00a0Elektromagnetlainete skaala, valgusallikad, soojuskiirgus, luminestsents, peegeldumine, murdumine, neeldumine, geomeetriline optika, laineoptika. \u00d5ppematerjalid Loe l\u00e4bi j\u00e4rgmistest f\u00fc\u00fcsika\u00f5pikutest\u00a0peat\u00fckid elektromagnetv\u00e4lja, elektromagnetlainete ja optika kohta: 1.Elektromagnetv\u00e4li (\u00f5pikust \u201cElektromagnetism\u201d, autor Riina Murulaid)2. Optika \u00f5pikust \u201cF\u00fc\u00fcsika 8.klassile\u201d (autor: Erkki Tempel)3. Elektromagnetlained (\u00f5pikust \u201cElektromagnetism\u201d, autorid Henn &#8230;<\/p>\n","protected":false},"author":345,"featured_media":0,"parent":0,"menu_order":0,"comment_status":"closed","ping_status":"closed","template":"","meta":{"_acf_changed":false,"inline_featured_image":false,"footnotes":""},"class_list":["post-7","page","type-page","status-publish","hentry"],"acf":[],"_links":{"self":[{"href":"https:\/\/sisu.ut.ee\/fyysikagymnaasiumile\/wp-json\/wp\/v2\/pages\/7","targetHints":{"allow":["GET"]}}],"collection":[{"href":"https:\/\/sisu.ut.ee\/fyysikagymnaasiumile\/wp-json\/wp\/v2\/pages"}],"about":[{"href":"https:\/\/sisu.ut.ee\/fyysikagymnaasiumile\/wp-json\/wp\/v2\/types\/page"}],"author":[{"embeddable":true,"href":"https:\/\/sisu.ut.ee\/fyysikagymnaasiumile\/wp-json\/wp\/v2\/users\/345"}],"replies":[{"embeddable":true,"href":"https:\/\/sisu.ut.ee\/fyysikagymnaasiumile\/wp-json\/wp\/v2\/comments?post=7"}],"version-history":[{"count":4,"href":"https:\/\/sisu.ut.ee\/fyysikagymnaasiumile\/wp-json\/wp\/v2\/pages\/7\/revisions"}],"predecessor-version":[{"id":64,"href":"https:\/\/sisu.ut.ee\/fyysikagymnaasiumile\/wp-json\/wp\/v2\/pages\/7\/revisions\/64"}],"wp:attachment":[{"href":"https:\/\/sisu.ut.ee\/fyysikagymnaasiumile\/wp-json\/wp\/v2\/media?parent=7"}],"curies":[{"name":"wp","href":"https:\/\/api.w.org\/{rel}","templated":true}]}}