{"id":6,"date":"2024-04-04T08:00:37","date_gmt":"2024-04-04T05:00:37","guid":{"rendered":"https:\/\/sisu.ut.ee\/fyysikagymnaasiumile\/5-moodul\/"},"modified":"2024-04-22T15:36:38","modified_gmt":"2024-04-22T12:36:38","slug":"5-moodul","status":"publish","type":"page","link":"https:\/\/sisu.ut.ee\/fyysikagymnaasiumile\/5-moodul\/","title":{"rendered":"5. moodul"},"content":{"rendered":"<blockquote>\n\t<p>\n\t\t<strong>\u00a0 \u00a0 Teemad:\u00a0<\/strong>Elektrivoolu mehhanism, magnetv\u00e4li ja elektromagnetiline induktsioon, elektromagnetv\u00f5nkumised ja -lained, vahelduvvool.\u00a0\n\t<\/p>\n<\/blockquote>\n\n<h4>\n\t<br>\u00d5ppematerjalid\n<\/h4>\n\n<p>\n\tLoe l\u00e4bi j\u00e4rgmistest f\u00fc\u00fcsika\u00f5pikutest\u00a0peat\u00fckid elektriv\u00e4lja, magnetv\u00e4lja, elektromagnetv\u00e4lja ja vahelduvvoolu\u00a0kohta:\n<\/p>\n\n<p>\n\t1. <a data-url=\"https:\/\/opik.fyysika.ee\/index.php\/book\/section\/1401\" href=\"https:\/\/opik.fyysika.ee\/index.php\/book\/section\/1401\" target=\"_blank\" title=\"\" rel=\"noopener\">Elektriv\u00e4li ja magnetv\u00e4li<\/a> (\u00f5pikust \u201cElektromagnetism\u201d, autorid Henn Voolaid ja Kalev Tarkpea)<br>2. <a data-url=\"https:\/\/opik.fyysika.ee\/index.php\/book\/section\/1402\" href=\"https:\/\/opik.fyysika.ee\/index.php\/book\/section\/1402\" target=\"_blank\" title=\"\" rel=\"noopener\">Elektromagnetv\u00e4li<\/a> (\u00f5pikust \u201cElektromagnetism\u201d, autorid Henn Voolaid ja Kalev Tarkpea)<br>3. <a data-url=\"https:\/\/opik.fyysika.ee\/index.php\/book\/section\/47427\" href=\"https:\/\/opik.fyysika.ee\/index.php\/book\/section\/47427\" target=\"_blank\" title=\"\" rel=\"noopener\">Magnetv\u00e4li<\/a> (\u00f5pikust \u201cElektromagnetism\u201d, autor Riina Murulaid)<br>4. <a data-url=\"https:\/\/opik.fyysika.ee\/index.php\/book\/section\/47428\" href=\"https:\/\/opik.fyysika.ee\/index.php\/book\/section\/47428\" target=\"_blank\" title=\"\" rel=\"noopener\">Elektromagnetv\u00e4li<\/a> (\u00f5pikust \u201cElektromagnetism\u201d, autor Riina Murulaid)<br>5. <a data-url=\"https:\/\/opik.fyysika.ee\/index.php\/book\/section\/1828\" href=\"https:\/\/opik.fyysika.ee\/index.php\/book\/section\/1828\" target=\"_blank\" title=\"\" rel=\"noopener\">Vahelduvvool<\/a> (\u00f5pikust \u201cEnergia\u201d, autor Madis Reemann)\n<\/p>\n\n<h4>\n\t<br>Videoklipid\n<\/h4>\n\n<p>\n\t<\/p><div class=\"accordion mb-3\">\n        <div class=\"accordion-item accordion-item--white\">\n        <h2 class=\"accordion-header\" id=\"accordion-69df436524c6c-heading\">\n            <button class=\"accordion-button collapsed\" type=\"button\" data-bs-toggle=\"collapse\" data-bs-target=\"#accordion-69df436524c6c-collapse\" aria-expanded=\"true\" aria-controls=\"accordion-69df436524c6c-collapse\">1. video: Magnetv\u00e4li<\/button>\n        <\/h2>\n        <div id=\"accordion-69df436524c6c-collapse\" class=\"accordion-collapse collapse\" aria-labelledby=\"accordion-69df436524c6c-heading\">\n            <div class=\"accordion-body\">\n\n\n<p>\n\t<\/p><div class=\"ratio ratio-16x9 mb-3\"><div class=\"video-placeholder-wrapper video-placeholder-wrapper--16x9\">\n\t\t\t    <div class=\"video-placeholder d-flex justify-content-center align-items-center\">\n\t\t\t        <div class=\"overlay text-white p-2 w-100 text-center d-block justify-content-center align-items-center\">\n\t\t\t            <div>Kolmandate osapoolte sisu n\u00e4gemiseks palun n\u00f5ustu k\u00fcpsistega.<\/div>\n\t\t\t            <button class=\"btn btn-secondary btn-sm mt-1 consent-change\">Muuda n\u00f5usolekut<\/button>\n\t\t\t        <\/div>\n\t\t\t    <\/div>\n\t\t\t<\/div>\n<\/div> \u00a0<\/div>\n        <\/div>\n        <\/div>\n    <\/div>\n\n\n<h4>\n\t<br>Harjutus\u00fclesanded\n<\/h4>\n\n<div class=\"h5p-iframe-wrapper\"><div class=\"video-placeholder-wrapper video-placeholder-wrapper--fixed\" style=\"height: 366px;\">\n\t\t\t    <div class=\"video-placeholder d-flex justify-content-center align-items-center\">\n\t\t\t        <div class=\"overlay text-white p-2 w-100 text-center d-block justify-content-center align-items-center\">\n\t\t\t            <div>Kolmandate osapoolte sisu n\u00e4gemiseks palun n\u00f5ustu k\u00fcpsistega.<\/div>\n\t\t\t            <button class=\"btn btn-secondary btn-sm mt-1 consent-change\">Muuda n\u00f5usolekut<\/button>\n\t\t\t        <\/div>\n\t\t\t    <\/div>\n\t\t\t<\/div>\n<\/div>\n","protected":false},"excerpt":{"rendered":"<p>\u00a0 \u00a0 Teemad:\u00a0Elektrivoolu mehhanism, magnetv\u00e4li ja elektromagnetiline induktsioon, elektromagnetv\u00f5nkumised ja -lained, vahelduvvool.\u00a0 \u00d5ppematerjalid Loe l\u00e4bi j\u00e4rgmistest f\u00fc\u00fcsika\u00f5pikutest\u00a0peat\u00fckid elektriv\u00e4lja, magnetv\u00e4lja, elektromagnetv\u00e4lja ja vahelduvvoolu\u00a0kohta: 1. Elektriv\u00e4li ja magnetv\u00e4li (\u00f5pikust \u201cElektromagnetism\u201d, autorid Henn Voolaid ja Kalev Tarkpea)2. Elektromagnetv\u00e4li (\u00f5pikust \u201cElektromagnetism\u201d, autorid Henn Voolaid &#8230;<\/p>\n","protected":false},"author":345,"featured_media":0,"parent":0,"menu_order":0,"comment_status":"closed","ping_status":"closed","template":"","meta":{"_acf_changed":false,"inline_featured_image":false,"footnotes":""},"class_list":["post-6","page","type-page","status-publish","hentry"],"acf":[],"_links":{"self":[{"href":"https:\/\/sisu.ut.ee\/fyysikagymnaasiumile\/wp-json\/wp\/v2\/pages\/6","targetHints":{"allow":["GET"]}}],"collection":[{"href":"https:\/\/sisu.ut.ee\/fyysikagymnaasiumile\/wp-json\/wp\/v2\/pages"}],"about":[{"href":"https:\/\/sisu.ut.ee\/fyysikagymnaasiumile\/wp-json\/wp\/v2\/types\/page"}],"author":[{"embeddable":true,"href":"https:\/\/sisu.ut.ee\/fyysikagymnaasiumile\/wp-json\/wp\/v2\/users\/345"}],"replies":[{"embeddable":true,"href":"https:\/\/sisu.ut.ee\/fyysikagymnaasiumile\/wp-json\/wp\/v2\/comments?post=6"}],"version-history":[{"count":4,"href":"https:\/\/sisu.ut.ee\/fyysikagymnaasiumile\/wp-json\/wp\/v2\/pages\/6\/revisions"}],"predecessor-version":[{"id":63,"href":"https:\/\/sisu.ut.ee\/fyysikagymnaasiumile\/wp-json\/wp\/v2\/pages\/6\/revisions\/63"}],"wp:attachment":[{"href":"https:\/\/sisu.ut.ee\/fyysikagymnaasiumile\/wp-json\/wp\/v2\/media?parent=6"}],"curies":[{"name":"wp","href":"https:\/\/api.w.org\/{rel}","templated":true}]}}