{"id":4,"date":"2024-04-04T08:00:37","date_gmt":"2024-04-04T05:00:37","guid":{"rendered":"https:\/\/sisu.ut.ee\/fyysikagymnaasiumile\/3-moodul\/"},"modified":"2024-04-22T15:33:40","modified_gmt":"2024-04-22T12:33:40","slug":"3-moodul","status":"publish","type":"page","link":"https:\/\/sisu.ut.ee\/fyysikagymnaasiumile\/3-moodul\/","title":{"rendered":"3. moodul"},"content":{"rendered":"<blockquote>\n\t<p>\n\t\t\u00a0<strong> Teemad:<\/strong>\u00a0Impulsi j\u00e4\u00e4vus, t\u00f6\u00f6, energia ja v\u00f5imsus, perioodilised liikumised, helilained.\n\t<\/p>\n<\/blockquote>\n\n<h4>\n\t<br>\u00d5ppematerjalid\n<\/h4>\n\n<p>\n\tLoe l\u00e4bi Indrek Peili \u00f5pikust\u00a0peat\u00fckid t\u00f6\u00f6, energia, ringliikumise ja v\u00f5nkumiste kohta:\n<\/p>\n\n<p>\n\t1.\u00a0<a data-url=\"https:\/\/opik.fyysika.ee\/index.php\/book\/section\/33306\" href=\"https:\/\/opik.fyysika.ee\/index.php\/book\/section\/33306\" target=\"_blank\" title=\"\" rel=\"noopener\">T\u00f6\u00f6 ja energia peat\u00fckk \u00f5pikust \u201cMehaanika. Perioodilised liikumised\u201d<\/a> (autor: Indrek Peil)<br>2. <a data-url=\"https:\/\/opik.fyysika.ee\/index.php\/book\/section\/33313\" href=\"https:\/\/opik.fyysika.ee\/index.php\/book\/section\/33313\" target=\"_blank\" title=\"\" rel=\"noopener\">Ringliikumine ja v\u00f5nkumised \u00f5pikust \u201cMehaanika. Perioodilised liikumised\u201d<\/a> (autor: Indrek Peil)\n<\/p>\n\n<h4>\n\tHarjutus\u00fclesanded\n<\/h4>\n\n<div class=\"h5p-iframe-wrapper\"><div class=\"video-placeholder-wrapper video-placeholder-wrapper--fixed\" style=\"height: 366px;\">\n\t\t\t    <div class=\"video-placeholder d-flex justify-content-center align-items-center\">\n\t\t\t        <div class=\"overlay text-white p-2 w-100 text-center d-block justify-content-center align-items-center\">\n\t\t\t            <div>Kolmandate osapoolte sisu n\u00e4gemiseks palun n\u00f5ustu k\u00fcpsistega.<\/div>\n\t\t\t            <button class=\"btn btn-secondary btn-sm mt-1 consent-change\">Muuda n\u00f5usolekut<\/button>\n\t\t\t        <\/div>\n\t\t\t    <\/div>\n\t\t\t<\/div>\n<\/div>\n","protected":false},"excerpt":{"rendered":"<p>\u00a0 Teemad:\u00a0Impulsi j\u00e4\u00e4vus, t\u00f6\u00f6, energia ja v\u00f5imsus, perioodilised liikumised, helilained. \u00d5ppematerjalid Loe l\u00e4bi Indrek Peili \u00f5pikust\u00a0peat\u00fckid t\u00f6\u00f6, energia, ringliikumise ja v\u00f5nkumiste kohta: 1.\u00a0T\u00f6\u00f6 ja energia peat\u00fckk \u00f5pikust \u201cMehaanika. Perioodilised liikumised\u201d (autor: Indrek Peil)2. Ringliikumine ja v\u00f5nkumised \u00f5pikust \u201cMehaanika. Perioodilised liikumised\u201d &#8230;<\/p>\n","protected":false},"author":345,"featured_media":0,"parent":0,"menu_order":0,"comment_status":"closed","ping_status":"closed","template":"","meta":{"_acf_changed":false,"inline_featured_image":false,"footnotes":""},"class_list":["post-4","page","type-page","status-publish","hentry"],"acf":[],"_links":{"self":[{"href":"https:\/\/sisu.ut.ee\/fyysikagymnaasiumile\/wp-json\/wp\/v2\/pages\/4","targetHints":{"allow":["GET"]}}],"collection":[{"href":"https:\/\/sisu.ut.ee\/fyysikagymnaasiumile\/wp-json\/wp\/v2\/pages"}],"about":[{"href":"https:\/\/sisu.ut.ee\/fyysikagymnaasiumile\/wp-json\/wp\/v2\/types\/page"}],"author":[{"embeddable":true,"href":"https:\/\/sisu.ut.ee\/fyysikagymnaasiumile\/wp-json\/wp\/v2\/users\/345"}],"replies":[{"embeddable":true,"href":"https:\/\/sisu.ut.ee\/fyysikagymnaasiumile\/wp-json\/wp\/v2\/comments?post=4"}],"version-history":[{"count":4,"href":"https:\/\/sisu.ut.ee\/fyysikagymnaasiumile\/wp-json\/wp\/v2\/pages\/4\/revisions"}],"predecessor-version":[{"id":61,"href":"https:\/\/sisu.ut.ee\/fyysikagymnaasiumile\/wp-json\/wp\/v2\/pages\/4\/revisions\/61"}],"wp:attachment":[{"href":"https:\/\/sisu.ut.ee\/fyysikagymnaasiumile\/wp-json\/wp\/v2\/media?parent=4"}],"curies":[{"name":"wp","href":"https:\/\/api.w.org\/{rel}","templated":true}]}}