{"id":3,"date":"2024-04-04T08:00:37","date_gmt":"2024-04-04T05:00:37","guid":{"rendered":"https:\/\/sisu.ut.ee\/fyysikagymnaasiumile\/2-moodul\/"},"modified":"2024-04-22T15:33:11","modified_gmt":"2024-04-22T12:33:11","slug":"2-moodul","status":"publish","type":"page","link":"https:\/\/sisu.ut.ee\/fyysikagymnaasiumile\/2-moodul\/","title":{"rendered":"2. moodul"},"content":{"rendered":"<blockquote>\n\t<p>\n\t\t\u00a0<strong> Teemad:<\/strong>\u00a0D\u00fcnaamika, erinevad j\u00f5ud, r\u00f5hk vedelikus ja gaasis, \u00fclesl\u00fckkej\u00f5ud, voolamine.\n\t<\/p>\n<\/blockquote>\n\n<h4>\n\t<br>\u00d5ppematerjalid\n<\/h4>\n\n<p>\n\tLoe l\u00e4bi Erkki Tempeli f\u00fc\u00fcsika\u00f5pikust mehaanika peat\u00fckid\u00a0ja Indrek Peili \u00f5pikust mehaanika peat\u00fckid:\n<\/p>\n\n<p>\n\t1. <a data-url=\"https:\/\/opik.fyysika.ee\/index.php\/book\/section\/5595\" href=\"https:\/\/opik.fyysika.ee\/index.php\/book\/section\/5595\" target=\"_blank\" title=\"\" rel=\"noopener\">Mehaanika peat\u00fckk \u00f5pikust \u201cF\u00fc\u00fcsika 8.klassile\u201d<\/a> (autor: Erkki Tempel)<br>2. <a data-url=\"https:\/\/opik.fyysika.ee\/index.php\/book\/section\/33294\" href=\"https:\/\/opik.fyysika.ee\/index.php\/book\/section\/33294\" target=\"_blank\" title=\"\" rel=\"noopener\">D\u00fcnaamika peat\u00fckk \u00f5pikust \u201cMehaanika\u201d<\/a> (autor: Indrek Peil)\n<\/p>\n\n<h4>\n\tVideoklipid\n<\/h4>\n\n<p>\n\t<\/p><div class=\"accordion mb-3\">\n        <div class=\"accordion-item accordion-item--white\">\n        <h2 class=\"accordion-header\" id=\"accordion-69dee7fe67f8a-heading\">\n            <button class=\"accordion-button collapsed\" type=\"button\" data-bs-toggle=\"collapse\" data-bs-target=\"#accordion-69dee7fe67f8a-collapse\" aria-expanded=\"true\" aria-controls=\"accordion-69dee7fe67f8a-collapse\">1. video: R\u00f5hk (1. osa)<\/button>\n        <\/h2>\n        <div id=\"accordion-69dee7fe67f8a-collapse\" class=\"accordion-collapse collapse\" aria-labelledby=\"accordion-69dee7fe67f8a-heading\">\n            <div class=\"accordion-body\">\n\n\n<p>\n\t<\/p><div class=\"ratio ratio-16x9 mb-3\"><div class=\"video-placeholder-wrapper video-placeholder-wrapper--16x9\">\n\t\t\t    <div class=\"video-placeholder d-flex justify-content-center align-items-center\">\n\t\t\t        <div class=\"overlay text-white p-2 w-100 text-center d-block justify-content-center align-items-center\">\n\t\t\t            <div>Kolmandate osapoolte sisu n\u00e4gemiseks palun n\u00f5ustu k\u00fcpsistega.<\/div>\n\t\t\t            <button class=\"btn btn-secondary btn-sm mt-1 consent-change\">Muuda n\u00f5usolekut<\/button>\n\t\t\t        <\/div>\n\t\t\t    <\/div>\n\t\t\t<\/div>\n<\/div><\/div>\n        <\/div>\n        <\/div>\n    <\/div>\n\n\n<p>\n\t<\/p><div class=\"accordion mb-3\">\n        <div class=\"accordion-item accordion-item--white\">\n        <h2 class=\"accordion-header\" id=\"accordion-69dee7fe67f8f-heading\">\n            <button class=\"accordion-button collapsed\" type=\"button\" data-bs-toggle=\"collapse\" data-bs-target=\"#accordion-69dee7fe67f8f-collapse\" aria-expanded=\"true\" aria-controls=\"accordion-69dee7fe67f8f-collapse\">2. video: R\u00f5hk (2. osa)<\/button>\n        <\/h2>\n        <div id=\"accordion-69dee7fe67f8f-collapse\" class=\"accordion-collapse collapse\" aria-labelledby=\"accordion-69dee7fe67f8f-heading\">\n            <div class=\"accordion-body\">\n\n\n<p>\n\t<\/p><div class=\"ratio ratio-16x9 mb-3\"><div class=\"video-placeholder-wrapper video-placeholder-wrapper--16x9\">\n\t\t\t    <div class=\"video-placeholder d-flex justify-content-center align-items-center\">\n\t\t\t        <div class=\"overlay text-white p-2 w-100 text-center d-block justify-content-center align-items-center\">\n\t\t\t            <div>Kolmandate osapoolte sisu n\u00e4gemiseks palun n\u00f5ustu k\u00fcpsistega.<\/div>\n\t\t\t            <button class=\"btn btn-secondary btn-sm mt-1 consent-change\">Muuda n\u00f5usolekut<\/button>\n\t\t\t        <\/div>\n\t\t\t    <\/div>\n\t\t\t<\/div>\n<\/div><\/div>\n        <\/div>\n        <\/div>\n    <\/div>\n\n\n<h4>\n\t<br>Harjutus\u00fclesanded\n<\/h4>\n\n<div class=\"h5p-iframe-wrapper\"><div class=\"video-placeholder-wrapper video-placeholder-wrapper--fixed\" style=\"height: 366px;\">\n\t\t\t    <div class=\"video-placeholder d-flex justify-content-center align-items-center\">\n\t\t\t        <div class=\"overlay text-white p-2 w-100 text-center d-block justify-content-center align-items-center\">\n\t\t\t            <div>Kolmandate osapoolte sisu n\u00e4gemiseks palun n\u00f5ustu k\u00fcpsistega.<\/div>\n\t\t\t            <button class=\"btn btn-secondary btn-sm mt-1 consent-change\">Muuda n\u00f5usolekut<\/button>\n\t\t\t        <\/div>\n\t\t\t    <\/div>\n\t\t\t<\/div>\n<\/div>\n","protected":false},"excerpt":{"rendered":"<p>\u00a0 Teemad:\u00a0D\u00fcnaamika, erinevad j\u00f5ud, r\u00f5hk vedelikus ja gaasis, \u00fclesl\u00fckkej\u00f5ud, voolamine. \u00d5ppematerjalid Loe l\u00e4bi Erkki Tempeli f\u00fc\u00fcsika\u00f5pikust mehaanika peat\u00fckid\u00a0ja Indrek Peili \u00f5pikust mehaanika peat\u00fckid: 1. Mehaanika peat\u00fckk \u00f5pikust \u201cF\u00fc\u00fcsika 8.klassile\u201d (autor: Erkki Tempel)2. D\u00fcnaamika peat\u00fckk \u00f5pikust \u201cMehaanika\u201d (autor: Indrek Peil) Videoklipid &#8230;<\/p>\n","protected":false},"author":345,"featured_media":0,"parent":0,"menu_order":0,"comment_status":"closed","ping_status":"closed","template":"","meta":{"_acf_changed":false,"inline_featured_image":false,"footnotes":""},"class_list":["post-3","page","type-page","status-publish","hentry"],"acf":[],"_links":{"self":[{"href":"https:\/\/sisu.ut.ee\/fyysikagymnaasiumile\/wp-json\/wp\/v2\/pages\/3","targetHints":{"allow":["GET"]}}],"collection":[{"href":"https:\/\/sisu.ut.ee\/fyysikagymnaasiumile\/wp-json\/wp\/v2\/pages"}],"about":[{"href":"https:\/\/sisu.ut.ee\/fyysikagymnaasiumile\/wp-json\/wp\/v2\/types\/page"}],"author":[{"embeddable":true,"href":"https:\/\/sisu.ut.ee\/fyysikagymnaasiumile\/wp-json\/wp\/v2\/users\/345"}],"replies":[{"embeddable":true,"href":"https:\/\/sisu.ut.ee\/fyysikagymnaasiumile\/wp-json\/wp\/v2\/comments?post=3"}],"version-history":[{"count":4,"href":"https:\/\/sisu.ut.ee\/fyysikagymnaasiumile\/wp-json\/wp\/v2\/pages\/3\/revisions"}],"predecessor-version":[{"id":60,"href":"https:\/\/sisu.ut.ee\/fyysikagymnaasiumile\/wp-json\/wp\/v2\/pages\/3\/revisions\/60"}],"wp:attachment":[{"href":"https:\/\/sisu.ut.ee\/fyysikagymnaasiumile\/wp-json\/wp\/v2\/media?parent=3"}],"curies":[{"name":"wp","href":"https:\/\/api.w.org\/{rel}","templated":true}]}}