{"id":11,"date":"2024-04-04T08:00:38","date_gmt":"2024-04-04T05:00:38","guid":{"rendered":"https:\/\/sisu.ut.ee\/fyysikagymnaasiumile\/1-moodul\/"},"modified":"2024-04-22T15:32:33","modified_gmt":"2024-04-22T12:32:33","slug":"1-moodul","status":"publish","type":"page","link":"https:\/\/sisu.ut.ee\/fyysikagymnaasiumile\/1-moodul\/","title":{"rendered":"1. moodul"},"content":{"rendered":"<blockquote>\n\t<p>\n\t\t<strong>Teemad:<\/strong>\u00a0\u00dcldoskused, peamised f\u00fc\u00fcsikalised suurused ja nende \u00fchikud, \u00fchikute teisendamine,\u00a0graafikutelt f\u00fc\u00fcsikalise info lugemine eelk\u00f5ige kinemaatika n\u00e4itel.\n\t<\/p>\n<\/blockquote>\n\n<h4>\n\t\u00d5ppematerjalid\n<\/h4>\n\n<p>\n\tLoe l\u00e4bi j\u00e4rgmised peat\u00fckid Indrek Peili ja Kalev Tarkpea f\u00fc\u00fcsika\u00f5pikust \u201cSissejuhatus f\u00fc\u00fcsikasse. Kulgliikumise kinemaatika.\u201d\n<\/p>\n\n<p>\n\t1. <a data-url=\"https:\/\/opik.fyysika.ee\/index.php\/book\/section\/33260\" href=\"https:\/\/opik.fyysika.ee\/index.php\/book\/section\/33260\" target=\"_blank\" title=\"\" rel=\"noopener\">Sissejuhatus f\u00fc\u00fcsikasse<\/a><br>2. <a data-url=\"https:\/\/opik.fyysika.ee\/index.php\/book\/section\/33261\" href=\"https:\/\/opik.fyysika.ee\/index.php\/book\/section\/33261\" target=\"_blank\" title=\"\" rel=\"noopener\">F\u00fc\u00fcsika uurimismeetod<\/a><br>3. <a data-url=\"https:\/\/opik.fyysika.ee\/index.php\/book\/section\/33274\" href=\"https:\/\/opik.fyysika.ee\/index.php\/book\/section\/33274\" target=\"_blank\" title=\"\" rel=\"noopener\">F\u00fc\u00fcsika \u00fcldmudelid<\/a><br>4. <a data-url=\"https:\/\/opik.fyysika.ee\/index.php\/book\/section\/33282\" href=\"https:\/\/opik.fyysika.ee\/index.php\/book\/section\/33282\" target=\"_blank\" title=\"\" rel=\"noopener\">Kinemaatika<\/a><br>5.\u00a0<a data-fid=\"72730\" href=\"https:\/\/sisu.ut.ee\/wp-content\/uploads\/sites\/557\/m6istekaart.png\" target=\"_blank\" rel=\"noopener\">F\u00fc\u00fcsika m\u00f5istekaart<\/a> (autor: Kalev Tarkpea)<br><span class=\"file media-element file-os-files-link\" data-file_info=\"%7B%22fid%22:72726,%22view_mode%22:%22os_files_link%22,%22type%22:%22media%22%7D\">6.\u00a0<\/span><a data-fid=\"72726\" href=\"https:\/\/sisu.ut.ee\/wp-content\/uploads\/sites\/557\/fuusikalised_suurused_mehaanika.pdf\" target=\"_blank\" rel=\"noopener\">F\u00fc\u00fcsikaliste suuruste tabel: mehaanika<\/a><span class=\"file media-element file-os-files-link\" data-file_info=\"%7B%22fid%22:72726,%22view_mode%22:%22os_files_link%22,%22type%22:%22media%22%7D\"> (autor: Kalev Tarkpea)<\/span>\n<\/p>\n\n<h4>\n\t<br>Videoklipid\n<\/h4>\n<div class=\"accordion mb-3\">\n        <div class=\"accordion-item accordion-item--white\">\n        <h2 class=\"accordion-header\" id=\"accordion-69df42c2efb08-heading\">\n            <button class=\"accordion-button collapsed\" type=\"button\" data-bs-toggle=\"collapse\" data-bs-target=\"#accordion-69df42c2efb08-collapse\" aria-expanded=\"true\" aria-controls=\"accordion-69df42c2efb08-collapse\">1. video: Loodusobjektid<\/button>\n        <\/h2>\n        <div id=\"accordion-69df42c2efb08-collapse\" class=\"accordion-collapse collapse\" aria-labelledby=\"accordion-69df42c2efb08-heading\">\n            <div class=\"accordion-body\">\n\n<p>\n\t<\/p><div class=\"ratio ratio-16x9 mb-3\"><div class=\"video-placeholder-wrapper video-placeholder-wrapper--16x9\">\n\t\t\t    <div class=\"video-placeholder d-flex justify-content-center align-items-center\">\n\t\t\t        <div class=\"overlay text-white p-2 w-100 text-center d-block justify-content-center align-items-center\">\n\t\t\t            <div>Kolmandate osapoolte sisu n\u00e4gemiseks palun n\u00f5ustu k\u00fcpsistega.<\/div>\n\t\t\t            <button class=\"btn btn-secondary btn-sm mt-1 consent-change\">Muuda n\u00f5usolekut<\/button>\n\t\t\t        <\/div>\n\t\t\t    <\/div>\n\t\t\t<\/div>\n<\/div> <\/div>\n        <\/div>\n        <\/div>\n    <\/div><div class=\"accordion mb-3\">\n        <div class=\"accordion-item accordion-item--white\">\n        <h2 class=\"accordion-header\" id=\"accordion-69df42c2efb19-heading\">\n            <button class=\"accordion-button collapsed\" type=\"button\" data-bs-toggle=\"collapse\" data-bs-target=\"#accordion-69df42c2efb19-collapse\" aria-expanded=\"true\" aria-controls=\"accordion-69df42c2efb19-collapse\">2. video: Pikkus, kiirus ja j\u00f5ud.<\/button>\n        <\/h2>\n        <div id=\"accordion-69df42c2efb19-collapse\" class=\"accordion-collapse collapse\" aria-labelledby=\"accordion-69df42c2efb19-heading\">\n            <div class=\"accordion-body\">\n\n\n<p>\n\t<\/p><div class=\"ratio ratio-16x9 mb-3\"><div class=\"video-placeholder-wrapper video-placeholder-wrapper--16x9\">\n\t\t\t    <div class=\"video-placeholder d-flex justify-content-center align-items-center\">\n\t\t\t        <div class=\"overlay text-white p-2 w-100 text-center d-block justify-content-center align-items-center\">\n\t\t\t            <div>Kolmandate osapoolte sisu n\u00e4gemiseks palun n\u00f5ustu k\u00fcpsistega.<\/div>\n\t\t\t            <button class=\"btn btn-secondary btn-sm mt-1 consent-change\">Muuda n\u00f5usolekut<\/button>\n\t\t\t        <\/div>\n\t\t\t    <\/div>\n\t\t\t<\/div>\n<\/div> <\/div>\n        <\/div>\n        <\/div>\n    <\/div> <div class=\"accordion mb-3\">\n        <div class=\"accordion-item accordion-item--white\">\n        <h2 class=\"accordion-header\" id=\"accordion-69df42c2efb1b-heading\">\n            <button class=\"accordion-button collapsed\" type=\"button\" data-bs-toggle=\"collapse\" data-bs-target=\"#accordion-69df42c2efb1b-collapse\" aria-expanded=\"true\" aria-controls=\"accordion-69df42c2efb1b-collapse\">3. video: Koordinaat, aeg, kiirendus ja mass<\/button>\n        <\/h2>\n        <div id=\"accordion-69df42c2efb1b-collapse\" class=\"accordion-collapse collapse\" aria-labelledby=\"accordion-69df42c2efb1b-heading\">\n            <div class=\"accordion-body\">\n\n\n<p>\n\t<\/p><div class=\"ratio ratio-16x9 mb-3\"><div class=\"video-placeholder-wrapper video-placeholder-wrapper--16x9\">\n\t\t\t    <div class=\"video-placeholder d-flex justify-content-center align-items-center\">\n\t\t\t        <div class=\"overlay text-white p-2 w-100 text-center d-block justify-content-center align-items-center\">\n\t\t\t            <div>Kolmandate osapoolte sisu n\u00e4gemiseks palun n\u00f5ustu k\u00fcpsistega.<\/div>\n\t\t\t            <button class=\"btn btn-secondary btn-sm mt-1 consent-change\">Muuda n\u00f5usolekut<\/button>\n\t\t\t        <\/div>\n\t\t\t    <\/div>\n\t\t\t<\/div>\n<\/div> <\/div>\n        <\/div>\n        <\/div>\n    <\/div> <div class=\"accordion mb-3\">\n        <div class=\"accordion-item accordion-item--white\">\n        <h2 class=\"accordion-header\" id=\"accordion-69df42c2efb1d-heading\">\n            <button class=\"accordion-button collapsed\" type=\"button\" data-bs-toggle=\"collapse\" data-bs-target=\"#accordion-69df42c2efb1d-collapse\" aria-expanded=\"true\" aria-controls=\"accordion-69df42c2efb1d-collapse\">4. video: T\u00f6\u00f6, energia ja v\u00f5imsus<\/button>\n        <\/h2>\n        <div id=\"accordion-69df42c2efb1d-collapse\" class=\"accordion-collapse collapse\" aria-labelledby=\"accordion-69df42c2efb1d-heading\">\n            <div class=\"accordion-body\">\n\n\n<p>\n\t<\/p><div class=\"ratio ratio-16x9 mb-3\"><div class=\"video-placeholder-wrapper video-placeholder-wrapper--16x9\">\n\t\t\t    <div class=\"video-placeholder d-flex justify-content-center align-items-center\">\n\t\t\t        <div class=\"overlay text-white p-2 w-100 text-center d-block justify-content-center align-items-center\">\n\t\t\t            <div>Kolmandate osapoolte sisu n\u00e4gemiseks palun n\u00f5ustu k\u00fcpsistega.<\/div>\n\t\t\t            <button class=\"btn btn-secondary btn-sm mt-1 consent-change\">Muuda n\u00f5usolekut<\/button>\n\t\t\t        <\/div>\n\t\t\t    <\/div>\n\t\t\t<\/div>\n<\/div> <\/div>\n        <\/div>\n        <\/div>\n    <\/div> <div class=\"accordion mb-3\">\n        <div class=\"accordion-item accordion-item--white\">\n        <h2 class=\"accordion-header\" id=\"accordion-69df42c2efb1e-heading\">\n            <button class=\"accordion-button collapsed\" type=\"button\" data-bs-toggle=\"collapse\" data-bs-target=\"#accordion-69df42c2efb1e-collapse\" aria-expanded=\"true\" aria-controls=\"accordion-69df42c2efb1e-collapse\">5. video: SI \u00fchikute s\u00fcsteem<\/button>\n        <\/h2>\n        <div id=\"accordion-69df42c2efb1e-collapse\" class=\"accordion-collapse collapse\" aria-labelledby=\"accordion-69df42c2efb1e-heading\">\n            <div class=\"accordion-body\">\n\n\n<p>\n\t<\/p><div class=\"ratio ratio-16x9 mb-3\"><div class=\"video-placeholder-wrapper video-placeholder-wrapper--16x9\">\n\t\t\t    <div class=\"video-placeholder d-flex justify-content-center align-items-center\">\n\t\t\t        <div class=\"overlay text-white p-2 w-100 text-center d-block justify-content-center align-items-center\">\n\t\t\t            <div>Kolmandate osapoolte sisu n\u00e4gemiseks palun n\u00f5ustu k\u00fcpsistega.<\/div>\n\t\t\t            <button class=\"btn btn-secondary btn-sm mt-1 consent-change\">Muuda n\u00f5usolekut<\/button>\n\t\t\t        <\/div>\n\t\t\t    <\/div>\n\t\t\t<\/div>\n<\/div> <\/div>\n        <\/div>\n        <\/div>\n    <\/div> <div class=\"accordion mb-3\">\n        <div class=\"accordion-item accordion-item--white\">\n        <h2 class=\"accordion-header\" id=\"accordion-69df42c2efb20-heading\">\n            <button class=\"accordion-button collapsed\" type=\"button\" data-bs-toggle=\"collapse\" data-bs-target=\"#accordion-69df42c2efb20-collapse\" aria-expanded=\"true\" aria-controls=\"accordion-69df42c2efb20-collapse\">6. video: \u00dchikute eesliited<\/button>\n        <\/h2>\n        <div id=\"accordion-69df42c2efb20-collapse\" class=\"accordion-collapse collapse\" aria-labelledby=\"accordion-69df42c2efb20-heading\">\n            <div class=\"accordion-body\">\n\n\n<p>\n\t<\/p><div class=\"ratio ratio-16x9 mb-3\"><div class=\"video-placeholder-wrapper video-placeholder-wrapper--16x9\">\n\t\t\t    <div class=\"video-placeholder d-flex justify-content-center align-items-center\">\n\t\t\t        <div class=\"overlay text-white p-2 w-100 text-center d-block justify-content-center align-items-center\">\n\t\t\t            <div>Kolmandate osapoolte sisu n\u00e4gemiseks palun n\u00f5ustu k\u00fcpsistega.<\/div>\n\t\t\t            <button class=\"btn btn-secondary btn-sm mt-1 consent-change\">Muuda n\u00f5usolekut<\/button>\n\t\t\t        <\/div>\n\t\t\t    <\/div>\n\t\t\t<\/div>\n<\/div> <\/div>\n        <\/div>\n        <\/div>\n    <\/div> <div class=\"accordion mb-3\">\n        <div class=\"accordion-item accordion-item--white\">\n        <h2 class=\"accordion-header\" id=\"accordion-69df42c2efb22-heading\">\n            <button class=\"accordion-button collapsed\" type=\"button\" data-bs-toggle=\"collapse\" data-bs-target=\"#accordion-69df42c2efb22-collapse\" aria-expanded=\"true\" aria-controls=\"accordion-69df42c2efb22-collapse\">7. video: \u00dchikute teisendamine<\/button>\n        <\/h2>\n        <div id=\"accordion-69df42c2efb22-collapse\" class=\"accordion-collapse collapse\" aria-labelledby=\"accordion-69df42c2efb22-heading\">\n            <div class=\"accordion-body\">\n\n\n<p>\n\t<\/p><div class=\"ratio ratio-16x9 mb-3\"><div class=\"video-placeholder-wrapper video-placeholder-wrapper--16x9\">\n\t\t\t    <div class=\"video-placeholder d-flex justify-content-center align-items-center\">\n\t\t\t        <div class=\"overlay text-white p-2 w-100 text-center d-block justify-content-center align-items-center\">\n\t\t\t            <div>Kolmandate osapoolte sisu n\u00e4gemiseks palun n\u00f5ustu k\u00fcpsistega.<\/div>\n\t\t\t            <button class=\"btn btn-secondary btn-sm mt-1 consent-change\">Muuda n\u00f5usolekut<\/button>\n\t\t\t        <\/div>\n\t\t\t    <\/div>\n\t\t\t<\/div>\n<\/div> <\/div>\n        <\/div>\n        <\/div>\n    <\/div>\n\n\n<h4>\n\t<br>Harjutus\u00fclesanded\n<\/h4>\n\n<div class=\"h5p-iframe-wrapper\"><div class=\"video-placeholder-wrapper video-placeholder-wrapper--fixed\" style=\"height: 366px;\">\n\t\t\t    <div class=\"video-placeholder d-flex justify-content-center align-items-center\">\n\t\t\t        <div class=\"overlay text-white p-2 w-100 text-center d-block justify-content-center align-items-center\">\n\t\t\t            <div>Kolmandate osapoolte sisu n\u00e4gemiseks palun n\u00f5ustu k\u00fcpsistega.<\/div>\n\t\t\t            <button class=\"btn btn-secondary btn-sm mt-1 consent-change\">Muuda n\u00f5usolekut<\/button>\n\t\t\t        <\/div>\n\t\t\t    <\/div>\n\t\t\t<\/div>\n<\/div>\n\n<h4>\n\t<br>Rists\u00f5na\n<\/h4>\n\n<div class=\"h5p-iframe-wrapper\"><div class=\"video-placeholder-wrapper video-placeholder-wrapper--fixed\" style=\"height: 366px;\">\n\t\t\t    <div class=\"video-placeholder d-flex justify-content-center align-items-center\">\n\t\t\t        <div class=\"overlay text-white p-2 w-100 text-center d-block justify-content-center align-items-center\">\n\t\t\t            <div>Kolmandate osapoolte sisu n\u00e4gemiseks palun n\u00f5ustu k\u00fcpsistega.<\/div>\n\t\t\t            <button class=\"btn btn-secondary btn-sm mt-1 consent-change\">Muuda n\u00f5usolekut<\/button>\n\t\t\t        <\/div>\n\t\t\t    <\/div>\n\t\t\t<\/div>\n<\/div>\n<br><div class=\"wp-block-group attached-files-group is-layout-constrained wp-block-group-is-layout-constrained\"><div class=\"wp-block-file\"><a href=\"https:\/\/sisu.ut.ee\/wp-content\/uploads\/sites\/557\/fuusikalised_suurused_mehaanika.pdf\" target=\"_blank\" rel=\"noreferrer noopener\">F\u00fc\u00fcsikaliste suuruste tabel: mehaanika (autor: Kalev Tarkpea)<\/a><\/div><\/div>","protected":false},"excerpt":{"rendered":"<p>Teemad:\u00a0\u00dcldoskused, peamised f\u00fc\u00fcsikalised suurused ja nende \u00fchikud, \u00fchikute teisendamine,\u00a0graafikutelt f\u00fc\u00fcsikalise info lugemine eelk\u00f5ige kinemaatika n\u00e4itel. \u00d5ppematerjalid Loe l\u00e4bi j\u00e4rgmised peat\u00fckid Indrek Peili ja Kalev Tarkpea f\u00fc\u00fcsika\u00f5pikust \u201cSissejuhatus f\u00fc\u00fcsikasse. Kulgliikumise kinemaatika.\u201d 1. Sissejuhatus f\u00fc\u00fcsikasse2. F\u00fc\u00fcsika uurimismeetod3. F\u00fc\u00fcsika \u00fcldmudelid4. Kinemaatika5.\u00a0F\u00fc\u00fcsika m\u00f5istekaart (autor: &#8230;<\/p>\n","protected":false},"author":345,"featured_media":0,"parent":0,"menu_order":0,"comment_status":"closed","ping_status":"closed","template":"","meta":{"_acf_changed":false,"inline_featured_image":false,"footnotes":""},"class_list":["post-11","page","type-page","status-publish","hentry"],"acf":[],"_links":{"self":[{"href":"https:\/\/sisu.ut.ee\/fyysikagymnaasiumile\/wp-json\/wp\/v2\/pages\/11","targetHints":{"allow":["GET"]}}],"collection":[{"href":"https:\/\/sisu.ut.ee\/fyysikagymnaasiumile\/wp-json\/wp\/v2\/pages"}],"about":[{"href":"https:\/\/sisu.ut.ee\/fyysikagymnaasiumile\/wp-json\/wp\/v2\/types\/page"}],"author":[{"embeddable":true,"href":"https:\/\/sisu.ut.ee\/fyysikagymnaasiumile\/wp-json\/wp\/v2\/users\/345"}],"replies":[{"embeddable":true,"href":"https:\/\/sisu.ut.ee\/fyysikagymnaasiumile\/wp-json\/wp\/v2\/comments?post=11"}],"version-history":[{"count":6,"href":"https:\/\/sisu.ut.ee\/fyysikagymnaasiumile\/wp-json\/wp\/v2\/pages\/11\/revisions"}],"predecessor-version":[{"id":59,"href":"https:\/\/sisu.ut.ee\/fyysikagymnaasiumile\/wp-json\/wp\/v2\/pages\/11\/revisions\/59"}],"wp:attachment":[{"href":"https:\/\/sisu.ut.ee\/fyysikagymnaasiumile\/wp-json\/wp\/v2\/media?parent=11"}],"curies":[{"name":"wp","href":"https:\/\/api.w.org\/{rel}","templated":true}]}}