{"id":10,"date":"2024-04-04T08:00:38","date_gmt":"2024-04-04T05:00:38","guid":{"rendered":"https:\/\/sisu.ut.ee\/fyysikagymnaasiumile\/avaleht\/"},"modified":"2024-05-03T12:29:53","modified_gmt":"2024-05-03T09:29:53","slug":"avaleht","status":"publish","type":"page","link":"https:\/\/sisu.ut.ee\/fyysikagymnaasiumile\/","title":{"rendered":"F\u00fc\u00fcsika kursus g\u00fcmnaasiumi\u00f5pilastele"},"content":{"rendered":"<div dir=\"ltr\">\n\t\u00a0\n<\/div>\n<h2 dir=\"ltr\">\n\tTere tulemast!<br>\n<\/h2>\n<blockquote>\n<p dir=\"ltr\">\n\t\t<i>Kursused toimusid aprillist\u00a0juunini 2022. ja 2023. aastal. Kursuse ettevalmistamist\u00a0ja l\u00e4biviimist toetas Haridus- ja Teadusministeerium. <\/i><br>Kursuse \u00f5ppematerjale saab kasutada iseseisvaks \u00f5ppimiseks.\n\t<\/p>\n<\/blockquote>\n<p dir=\"ltr\">\n\t<strong>Kursuse eesm\u00e4rgiks<\/strong>\u00a0on tasandada g\u00fcmnaasiumi f\u00fc\u00fcsikakursuse l\u00e4bimisel tekkinud \u00f5pil\u00fcngad.\n<\/p>\n<p dir=\"ltr\">\n\tKursuse \u00f5ppematerjalid on suunatud g\u00fcmnaasiumi\u00f5pilastele ja ka teistele huvilistele, kes:\n<\/p>\n<ul>\n<li>\n\t\tsoovivad oma teadmisi s\u00fcstemaatiliselt \u00fcle korrata;\n\t<\/li>\n<li>\n\t\tplaneerivad \u00fclikoolis \u00f5ppida eriala, kus on vajalikud f\u00fc\u00fcsika algteadmised;\n\t<\/li>\n<li>\n\t\ton g\u00fcmnaasiumi juba varem l\u00f5petanud.\n\t<\/li>\n<\/ul>\n<div>\n\t\u00a0\n<\/div>\n<h4>\n\tMoodulid ja teemad<br>\n<\/h4>\n<p>\n\tIga mooduli all on lingid \u00f5ppematerjalidele, harjutus\u00fclesanded ja rists\u00f5na.\n<\/p>\n<table class=\"table table-hover\" border=\"1\" cellpadding=\"3\" cellspacing=\"0\" style=\"width: 100%\">\n<tbody>\n<tr>\n<td>\n\t\t\t\t<b>Moodul<\/b>\n\t\t\t<\/td>\n<td>\n\t\t\t\t<strong>Teemad<\/strong>\n\t\t\t<\/td>\n<\/tr>\n<tr>\n<td>\n\t\t\t\t1. moodul\n\t\t\t<\/td>\n<td>\n\t\t\t\t\u00dcldoskused, peamised f\u00fc\u00fcsikalised suurused ja nende \u00fchikud, \u00fchikute teisendamine,\u00a0graafikutelt f\u00fc\u00fcsikalise info lugemine eelk\u00f5ige kinemaatika n\u00e4itel.\n\t\t\t<\/td>\n<\/tr>\n<tr>\n<td>\n\t\t\t\t2. moodul\n\t\t\t<\/td>\n<td>\n\t\t\t\tD\u00fcnaamika, erinevad j\u00f5ud, r\u00f5hk vedelikus ja gaasis, \u00fclesl\u00fckkej\u00f5ud, voolamine.\n\t\t\t<\/td>\n<\/tr>\n<tr>\n<td>\n\t\t\t\t3. moodul\n\t\t\t<\/td>\n<td>\n\t\t\t\tImpulsi j\u00e4\u00e4vus, t\u00f6\u00f6, energia ja v\u00f5imsus, perioodilised liikumised, helilained.\n\t\t\t<\/td>\n<\/tr>\n<tr>\n<td>\n\t\t\t\t4. moodul\n\t\t\t<\/td>\n<td>\n\t\t\t\tElektriv\u00e4li, v\u00e4ljatugevus, pinge, potentsiaal, mahtuvus, EMJ, takistus, eritakistus.\n\t\t\t<\/td>\n<\/tr>\n<tr>\n<td>\n\t\t\t\t5. moodul\n\t\t\t<\/td>\n<td>\n\t\t\t\tMagnetv\u00e4li ja elektromagnetiline induktsioon, elektromagnetv\u00f5nkumised ja -lained, vahelduvvool, elektromagnetlainete skaala.\n\t\t\t<\/td>\n<\/tr>\n<tr>\n<td>\n\t\t\t\t6. moodul\n\t\t\t<\/td>\n<td>\n\t\t\t\tValgusallikad, soojuskiirgus, luminestsents, peegeldumine, murdumine, neeldumine, geomeetriline optika, laineoptika, fotoefekt.\n\t\t\t<\/td>\n<\/tr>\n<tr>\n<td>\n\t\t\t\t7. moodul\n\t\t\t<\/td>\n<td>\n\t\t\t\tAine ehitus, tahkis, vedelik ja gaas, faasisiirded, spektrid, aatomif\u00fc\u00fcsika, leiulained, tuumaf\u00fc\u00fcsika, radioaktiivsus, seoseenergia.\n\t\t\t<\/td>\n<\/tr>\n<tr>\n<td>\n\t\t\t\t8. moodul\n\t\t\t<\/td>\n<td>\n\t\t\t\tSoojus, temperatuur, soojus\u00fclekanne, ideaalgaas, reaalgaas, termod\u00fcnaamika, energeetika.\n\t\t\t<\/td>\n<\/tr>\n<\/tbody>\n<\/table>\n<p>\n\t\u00a0<\/p>\n","protected":false},"excerpt":{"rendered":"<p>\u00a0 Tere tulemast! Kursused toimusid aprillist\u00a0juunini 2022. ja 2023. aastal. Kursuse ettevalmistamist\u00a0ja l\u00e4biviimist toetas Haridus- ja Teadusministeerium. Kursuse \u00f5ppematerjale saab kasutada iseseisvaks \u00f5ppimiseks. Kursuse eesm\u00e4rgiks\u00a0on tasandada g\u00fcmnaasiumi f\u00fc\u00fcsikakursuse l\u00e4bimisel tekkinud \u00f5pil\u00fcngad. Kursuse \u00f5ppematerjalid on suunatud g\u00fcmnaasiumi\u00f5pilastele ja ka teistele huvilistele, &#8230;<\/p>\n","protected":false},"author":345,"featured_media":0,"parent":0,"menu_order":0,"comment_status":"closed","ping_status":"closed","template":"","meta":{"_acf_changed":false,"inline_featured_image":false,"footnotes":""},"class_list":["post-10","page","type-page","status-publish","hentry"],"acf":[],"_links":{"self":[{"href":"https:\/\/sisu.ut.ee\/fyysikagymnaasiumile\/wp-json\/wp\/v2\/pages\/10","targetHints":{"allow":["GET"]}}],"collection":[{"href":"https:\/\/sisu.ut.ee\/fyysikagymnaasiumile\/wp-json\/wp\/v2\/pages"}],"about":[{"href":"https:\/\/sisu.ut.ee\/fyysikagymnaasiumile\/wp-json\/wp\/v2\/types\/page"}],"author":[{"embeddable":true,"href":"https:\/\/sisu.ut.ee\/fyysikagymnaasiumile\/wp-json\/wp\/v2\/users\/345"}],"replies":[{"embeddable":true,"href":"https:\/\/sisu.ut.ee\/fyysikagymnaasiumile\/wp-json\/wp\/v2\/comments?post=10"}],"version-history":[{"count":2,"href":"https:\/\/sisu.ut.ee\/fyysikagymnaasiumile\/wp-json\/wp\/v2\/pages\/10\/revisions"}],"predecessor-version":[{"id":69,"href":"https:\/\/sisu.ut.ee\/fyysikagymnaasiumile\/wp-json\/wp\/v2\/pages\/10\/revisions\/69"}],"wp:attachment":[{"href":"https:\/\/sisu.ut.ee\/fyysikagymnaasiumile\/wp-json\/wp\/v2\/media?parent=10"}],"curies":[{"name":"wp","href":"https:\/\/api.w.org\/{rel}","templated":true}]}}