{"id":99,"date":"2024-04-04T05:49:03","date_gmt":"2024-04-04T02:49:03","guid":{"rendered":"https:\/\/sisu.ut.ee\/fysioterapeutilinehindamine\/96-funktsionaalsed-testid\/"},"modified":"2024-04-04T05:52:25","modified_gmt":"2024-04-04T02:52:25","slug":"96-funktsionaalsed-testid","status":"publish","type":"page","link":"https:\/\/sisu.ut.ee\/fysioterapeutilinehindamine\/96-funktsionaalsed-testid\/","title":{"rendered":"9.6. Funktsionaalsed testid"},"content":{"rendered":"<h6>\n\tK\u00fckitamine, seismine \u00fchel jalal, seismine varvastel, h\u00fcplemine k\u00fckkasendis, trepil liikumine, jooksmine on tegevused, mis n\u00e4itavad h\u00fcppeliigeste ja labajalgade funktsionaalsust.<br>\n<\/h6>\n<p style=\"margin: 12pt 0cm\">\n\t<span lang=\"et\"><span style=\"line-height:115%\"><span style=\",serif\">H\u00fcppeliigese ja labajala piirkonna kaebusega patsienti hinnatakse funktsionaalsete testidega kui eelnevate testidega on tuvastatud funktsioonih\u00e4ire. Vastavad funktsionaalsed testid on positiivsed kui nad provotseerivad valu v\u00f5i v\u00f5imendavad s\u00fcmptomeid. Funktsionaalsed testid teostatakse individuaalse valiku printsiibil, sealjuures peab testivalikut kaaluma kui vanemaealine pole l\u00e4himinevikus teatud tegevust (tabel 4) sooritanud. Kuna funktsionaalsed testid avaldavad survet teistelegi alaj\u00e4seme liigestele, sealhulgas vaagna- ja l\u00fclisamba nimmepiirkonnale, siis peab terapeut veenduma, et vastavates liigestes puudub patoloogia.<\/span><\/span><\/span>\n<\/p>\n<p style=\"margin: 12pt 0cm\">\n\t<span lang=\"et\"><span style=\"line-height:115%\"><span style=\",serif\">H\u00fcppeliigese ja labajala funktsionaalsust saab hinnata kui paluda patsiendil k\u00fckitada (vajalik on m\u00f5lema h\u00fcppeliigese dorsaalfleksioon), seista varvastel (vajalik on m\u00f5lema h\u00fcppeliigese\u00a0<\/span><\/span><\/span><span lang=\"et\"><span style=\"line-height:115%\"><span style=\",serif\">plantaarfleksioon), h\u00fcpelda k\u00fckkasendis, seista \u00fchel jalal, seista varvastel (sh \u00fchel jalal), liikuda trepist \u00fcles ja alla, k\u00f5ndida varvastel, joosta otsesuunas, \u00fcmberp\u00f6\u00f6ramisega v\u00f5i siksak-kujuliselt, h\u00fcpata, h\u00fcpata ja laskuda s\u00fcgavk\u00fckki.<\/span><\/span><\/span>\n<\/p>\n<p style=\"margin: 12pt 0cm\">\n\t<span lang=\"et\"><span style=\"line-height:115%\"><span style=\",serif\">Tasakaalu ja propriotseptsiooni hindamiseks palutakse patsiendil algselt seista as\u00fcmptomaatilisel alaj\u00e4semel, siis s\u00fcmptomaatilisel alaj\u00e4semel, esmalt silmad avatud, siis silmad suletud. Asendis seismise aeg v\u00f5i asendi s\u00e4ilitamise raskus annavad infot propriotseptiivse v\u00f5imekuse kohta, seda eriti silmad kinni testide korral.<\/span><\/span><\/span>\n<\/p>\n<p style=\"margin: 12pt 0cm\">\n\tTrepil alla liikumiseks on vajalik h\u00fcppeliigese dorsaalfleksioonulatus kuni 20\u00ba, tasasel pinnal k\u00f5ndimisel on vajalik h\u00fcppeliigese dorsaalfleksioon 10\u00ba ja plantaarfleksioon 20-25\u00ba.\u00a0\n<\/p>\n<h5 style=\"margin: 12pt 0cm;text-align: center\">\n\t<br><span lang=\"et\"><span style=\"line-height:115%\"><span style=\",serif\">Tabel 4. H\u00fcppeliigese ja labajala funktsionaalsed testid. <\/span><\/span><\/span><br>\n<\/h5>\n<table class=\"table table-hover\">\n<tbody>\n<tr>\n<td style=\"width: 150px\">\n<p style=\"text-align: center\">\n\t\t\t\t\t<strong>Algasend<\/strong>\n\t\t\t\t<\/p>\n<\/td>\n<td>\n<p style=\"text-align: center\">\n\t\t\t\t\t<strong>Tegevus<\/strong>\n\t\t\t\t<\/p>\n<\/td>\n<td style=\"width: 40%\">\n<p style=\"text-align: center\">\n\t\t\t\t\t<strong>Funktsionaalne test<\/strong>\n\t\t\t\t<\/p>\n<\/td>\n<\/tr>\n<tr>\n<td>\n<p>\n\t\t\t\t\tSeismine \u00fchel jalal\n\t\t\t\t<\/p>\n<\/td>\n<td>\n<p>\n\t\t\t\t\tT\u00f5sta varbad ja labajala eesmine osa aluspinnalt (dorsaalfleksioon)\n\t\t\t\t<\/p>\n<\/td>\n<td>\n<p>\n\t\t\t\t\tFunktsionaalne (F): 10-15 kordust\n\t\t\t\t<\/p>\n<p>\n\t\t\t\t\tFunktsionaalsus rahuldav (FR): 5-9 kordust\n\t\t\t\t<\/p>\n<p>\n\t\t\t\t\tFunktsionaalsus puudulik (FP): 1-4 kordust\n\t\t\t\t<\/p>\n<p>\n\t\t\t\t\tMittefunktsionaalne (MF): 0 kordust\n\t\t\t\t<\/p>\n<\/td>\n<\/tr>\n<tr>\n<td>\n<p>\n\t\t\t\t\tSeismine \u00fchel jalal\n\t\t\t\t<\/p>\n<\/td>\n<td>\n<p>\n\t\t\t\t\tT\u00f5sta kannad aluspinnalt (plantaarfleksioon)\n\t\t\t\t<\/p>\n<\/td>\n<td>\n<p>\n\t\t\t\t\tF: 10-15 kordust\n\t\t\t\t<\/p>\n<p>\n\t\t\t\t\tFR: 5-9 kordust\n\t\t\t\t<\/p>\n<p>\n\t\t\t\t\tFP: 1-4 kordust\n\t\t\t\t<\/p>\n<p>\n\t\t\t\t\tMF: 0 kordust\n\t\t\t\t<\/p>\n<\/td>\n<\/tr>\n<tr>\n<td>\n<p>\n\t\t\t\t\tSeismine \u00fchel jalal\n\t\t\t\t<\/p>\n<\/td>\n<td>\n<p>\n\t\t\t\t\tT\u00f5sta labajala lateraalne serv aluspinnalt (eversioon)\n\t\t\t\t<\/p>\n<\/td>\n<td>\n<p>\n\t\t\t\t\tF: 5-6 kordust\n\t\t\t\t<\/p>\n<p>\n\t\t\t\t\tFR: 3-4 kordust\n\t\t\t\t<\/p>\n<p>\n\t\t\t\t\tFP: 1-2 kordust\n\t\t\t\t<\/p>\n<p>\n\t\t\t\t\tMF: 0 kordust\n\t\t\t\t<\/p>\n<\/td>\n<\/tr>\n<tr>\n<td>\n<p>\n\t\t\t\t\tSeismine \u00fchel jalal\n\t\t\t\t<\/p>\n<\/td>\n<td>\n<p>\n\t\t\t\t\tT\u00f5sta labajala mediaalne serv aluspinnalt (inversioon)\n\t\t\t\t<\/p>\n<\/td>\n<td>\n<p>\n\t\t\t\t\tF: 5-6 kordust\n\t\t\t\t<\/p>\n<p>\n\t\t\t\t\tFR: 3-4 kordust\n\t\t\t\t<\/p>\n<p>\n\t\t\t\t\tFP: 1-2 kordust\n\t\t\t\t<\/p>\n<p>\n\t\t\t\t\tMF: 0 kordust\n\t\t\t\t<\/p>\n<\/td>\n<\/tr>\n<tr>\n<td>\n<p>\n\t\t\t\t\tIstumine\n\t\t\t\t<\/p>\n<\/td>\n<td>\n<p>\n\t\t\t\t\tAseta v\u00e4ike r\u00e4tik varvaste alla, t\u00f5sta varvastega ja vabasta ese (nt pliiats, puuvillapall) (varvaste painutus)\n\t\t\t\t<\/p>\n<\/td>\n<td>\n<p>\n\t\t\t\t\tF: 10-15 kordust\n\t\t\t\t<\/p>\n<p>\n\t\t\t\t\tFR: 5-9 kordust\n\t\t\t\t<\/p>\n<p>\n\t\t\t\t\tFP: 1-4 kordust\n\t\t\t\t<\/p>\n<p>\n\t\t\t\t\tMF: 0 kordust\n\t\t\t\t<\/p>\n<\/td>\n<\/tr>\n<tr>\n<td>\n<p>\n\t\t\t\t\tIstumine\n\t\t\t\t<\/p>\n<\/td>\n<td>\n<p>\n\t\t\t\t\tT\u00f5sta varbad p\u00f5randalt (varvaste sirutus)\n\t\t\t\t<\/p>\n<\/td>\n<td>\n<p>\n\t\t\t\t\tF: 10-15 kordust\n\t\t\t\t<\/p>\n<p>\n\t\t\t\t\tFR: 5-9 kordust\n\t\t\t\t<\/p>\n<p>\n\t\t\t\t\tFP: 1-4 kordust\n\t\t\t\t<\/p>\n<p>\n\t\t\t\t\tMF: 0 kordust\n\t\t\t\t<\/p>\n<\/td>\n<\/tr>\n<\/tbody>\n<\/table>\n<div>\n<div>\n<p class=\"msocomtxt\">\n\t\t\t\u00a0\n\t\t<\/p>\n<\/div>\n<\/div>\n","protected":false},"excerpt":{"rendered":"<p>K\u00fckitamine, seismine \u00fchel jalal, seismine varvastel, h\u00fcplemine k\u00fckkasendis, trepil liikumine, jooksmine on tegevused, mis n\u00e4itavad h\u00fcppeliigeste ja labajalgade funktsionaalsust. H\u00fcppeliigese ja labajala piirkonna kaebusega patsienti hinnatakse funktsionaalsete testidega kui eelnevate testidega on tuvastatud funktsioonih\u00e4ire. Vastavad funktsionaalsed testid on positiivsed kui &#8230;<\/p>\n","protected":false},"author":9,"featured_media":0,"parent":0,"menu_order":0,"comment_status":"closed","ping_status":"closed","template":"","meta":{"_acf_changed":false,"inline_featured_image":false,"footnotes":""},"class_list":["post-99","page","type-page","status-publish","hentry"],"acf":[],"_links":{"self":[{"href":"https:\/\/sisu.ut.ee\/fysioterapeutilinehindamine\/wp-json\/wp\/v2\/pages\/99","targetHints":{"allow":["GET"]}}],"collection":[{"href":"https:\/\/sisu.ut.ee\/fysioterapeutilinehindamine\/wp-json\/wp\/v2\/pages"}],"about":[{"href":"https:\/\/sisu.ut.ee\/fysioterapeutilinehindamine\/wp-json\/wp\/v2\/types\/page"}],"author":[{"embeddable":true,"href":"https:\/\/sisu.ut.ee\/fysioterapeutilinehindamine\/wp-json\/wp\/v2\/users\/9"}],"replies":[{"embeddable":true,"href":"https:\/\/sisu.ut.ee\/fysioterapeutilinehindamine\/wp-json\/wp\/v2\/comments?post=99"}],"version-history":[{"count":1,"href":"https:\/\/sisu.ut.ee\/fysioterapeutilinehindamine\/wp-json\/wp\/v2\/pages\/99\/revisions"}],"predecessor-version":[{"id":514,"href":"https:\/\/sisu.ut.ee\/fysioterapeutilinehindamine\/wp-json\/wp\/v2\/pages\/99\/revisions\/514"}],"wp:attachment":[{"href":"https:\/\/sisu.ut.ee\/fysioterapeutilinehindamine\/wp-json\/wp\/v2\/media?parent=99"}],"curies":[{"name":"wp","href":"https:\/\/api.w.org\/{rel}","templated":true}]}}