{"id":97,"date":"2024-04-04T05:49:03","date_gmt":"2024-04-04T02:49:03","guid":{"rendered":"https:\/\/sisu.ut.ee\/fysioterapeutilinehindamine\/94-passiivsed-liigutused-0\/"},"modified":"2024-04-04T05:52:25","modified_gmt":"2024-04-04T02:52:25","slug":"94-passiivsed-liigutused-0","status":"publish","type":"page","link":"https:\/\/sisu.ut.ee\/fysioterapeutilinehindamine\/94-passiivsed-liigutused-0\/","title":{"rendered":"9.4. Passiivsed liigutused"},"content":{"rendered":"<h6>\n\tPassiivse liikuvuse hindamisel tuvastatud h\u00fcppe- v\u00f5i varbaliigese kontraktuur on seotud alaj\u00e4seme d\u00fcsfunktsiooniga.<br>\n<\/h6>\n<p style=\"margin-top:12.0pt;margin-right:0cm;margin-bottom:12.0pt;margin-left:0cm\">\n\t<span lang=\"et\" style=\",serif\">H\u00fcppeliigese ja labajala passiivseid liigutusi hinnatakse avatud ahelas. Nagu teistegi liigeste puhul, kui aktiivne liigesliikuvus on t\u00e4ielik, siis hindab terapeut liigese l\u00f5ppliikuvust liigesele m\u00f5\u00f5duka survet avaldades. Vaatlusel tuvastatud deformatsioonid ja as\u00fcmmeetriad tuleb hinnata\u00a0<\/span><span lang=\"et\" style=\",serif\">t\u00e4helepanelikult, sest h\u00fcppeliigese ja labajala piirkonna deformatsioonid v\u00f5ivad p\u00f5hjustada probleeme teistes alaj\u00e4seme kineetilise ahelaga seotud piirkondades. N\u00e4iteks v\u00f5ib h\u00fcppeliigese dorsaalfleksioonpiiratus v\u00f5i kanda \u00fcmbritsevate kudede j\u00e4ikus tekitada anterioorselt p\u00f5lveliigese valu v\u00f5i olla h\u00fcppeliigese vigastuse riskifaktor. Kuna kaksik-s\u00e4\u00e4remarjalihas \u00fcletab nii p\u00f5lve- kui h\u00fcppeliigest, siis peab tema elastsuse hindamiseks teostama h\u00fcppeliigese dorsaalfleksiooni sirutatud p\u00f5lveliigesega. Kui lestlihas on \u00fcletoonuses, siis on h\u00fcppeliigese dorsaalfleksioon piiratud p\u00f5lveliigese painutatud asendis.\u00a0 <\/span>\n<\/p>\n<h5 style=\"margin: 12pt 0cm;text-align: center\">\n\t<br><span lang=\"et\" style=\",serif\">Tabel 2. H\u00fcppe- ja varbaliigeste passiivsed liigutused ja nende normaalne l\u00f5ppliikuvus. <\/span><br>\n<\/h5>\n<table class=\"table table-hover\" align=\"center\" style=\"border-collapse:collapse;border:solidblack1.0pt\" width=\"375\">\n<tbody>\n<tr>\n<td style=\"width:281.25pt;border:solidblack1.0pt\" width=\"375\">\n<p style=\"margin-top:12.0pt;margin-right:0cm;margin-bottom:12.0pt;margin-left:0cm;padding:5.0pt5.0pt5.0pt5.0pt\">\n\t\t\t\t\t<span style=\"height:172.0pt\"><span lang=\"et\" style=\",serif\">Plantaarfleksioon (kudede venitus) (joonis 11A)<\/span><\/span>\n\t\t\t\t<\/p>\n<p style=\"margin-top:12.0pt;margin-right:0cm;margin-bottom:12.0pt;margin-left:0cm;padding:5.0pt5.0pt5.0pt5.0pt\">\n\t\t\t\t\t<span style=\"height:172.0pt\"><span lang=\"et\" style=\",serif\">Dorsaalfleksioon (kudede venitus) (joonis 11B)<\/span><\/span>\n\t\t\t\t<\/p>\n<p style=\"margin-top:12.0pt;margin-right:0cm;margin-bottom:12.0pt;margin-left:0cm;padding:5.0pt5.0pt5.0pt5.0pt\">\n\t\t\t\t\t<span style=\"height:172.0pt\"><span lang=\"et\" style=\",serif\">Supinatsioon (kudede venitus) (joonis 11C)<\/span><\/span>\n\t\t\t\t<\/p>\n<p style=\"margin-top:12.0pt;margin-right:0cm;margin-bottom:12.0pt;margin-left:0cm;padding:5.0pt5.0pt5.0pt5.0pt\">\n\t\t\t\t\t<span style=\"height:172.0pt\"><span lang=\"et\" style=\",serif\">Pronatsioon (kudede venitus) (joonis 11D)<\/span><\/span>\n\t\t\t\t<\/p>\n<p style=\"margin-top:12.0pt;margin-right:0cm;margin-bottom:12.0pt;margin-left:0cm;padding:5.0pt5.0pt5.0pt5.0pt\">\n\t\t\t\t\t<span style=\"height:172.0pt\"><span lang=\"et\" style=\",serif\">Varbaliigeste fleksioon (kudede venitus) (joonis 11E)<\/span><\/span>\n\t\t\t\t<\/p>\n<p style=\"margin-top:12.0pt;margin-right:0cm;margin-bottom:12.0pt;margin-left:0cm;padding:5.0pt5.0pt5.0pt5.0pt\">\n\t\t\t\t\t<span style=\"height:172.0pt\"><span lang=\"et\" style=\",serif\">Varbaliigeste ekstensioon (kudede venitus) (joonis 11F)<\/span><\/span>\n\t\t\t\t<\/p>\n<p style=\"margin-top:12.0pt;margin-right:0cm;margin-bottom:12.0pt;margin-left:0cm;padding:5.0pt5.0pt5.0pt5.0pt\">\n\t\t\t\t\t<span style=\"height:172.0pt\"><span lang=\"et\" style=\",serif\">Varbaliigeste abduktsioon (kudede venitus) (joonis 11G)<\/span><\/span>\n\t\t\t\t<\/p>\n<\/td>\n<\/tr>\n<\/tbody>\n<\/table>\n<p style=\"margin: 12pt 0cm;text-align: center\">\n\t<img loading=\"lazy\" decoding=\"async\" width=\"1196\" height=\"1220\" class=\"alignnone wp-image-287\" style=\"width: 600px;height: 612px\" src=\"https:\/\/sisu.ut.ee\/wp-content\/uploads\/sites\/414\/joonis9-11.png\" title=\"joonis9-11.png\" alt=\"Joonis 9-11\" srcset=\"https:\/\/sisu.ut.ee\/wp-content\/uploads\/sites\/414\/joonis9-11.png 1196w, https:\/\/sisu.ut.ee\/wp-content\/uploads\/sites\/414\/joonis9-11-294x300.png 294w, https:\/\/sisu.ut.ee\/wp-content\/uploads\/sites\/414\/joonis9-11-1004x1024.png 1004w, https:\/\/sisu.ut.ee\/wp-content\/uploads\/sites\/414\/joonis9-11-768x783.png 768w\" sizes=\"auto, (max-width: 1196px) 100vw, 1196px\">\n<\/p>\n<h5 style=\"margin: 12pt 0cm\">\n\t<span lang=\"et\" style=\",serif\">Joonis 11. H\u00fcppeliigese passiivsed liigutused. A \u2013 plantaarfleksioon; B \u2013 dorsaalfeksioon; C \u2013 supinatsioon; D \u2013 pronatsioon. Varbaliigese passiivsed liigutused. E \u2013 fleksioon; F \u2013 ekstensioon; G \u2013 abduktsioon.<\/span><br>\n<\/h5>\n","protected":false},"excerpt":{"rendered":"<p>Passiivse liikuvuse hindamisel tuvastatud h\u00fcppe- v\u00f5i varbaliigese kontraktuur on seotud alaj\u00e4seme d\u00fcsfunktsiooniga. H\u00fcppeliigese ja labajala passiivseid liigutusi hinnatakse avatud ahelas. Nagu teistegi liigeste puhul, kui aktiivne liigesliikuvus on t\u00e4ielik, siis hindab terapeut liigese l\u00f5ppliikuvust liigesele m\u00f5\u00f5duka survet avaldades. Vaatlusel tuvastatud &#8230;<\/p>\n","protected":false},"author":9,"featured_media":0,"parent":0,"menu_order":0,"comment_status":"closed","ping_status":"closed","template":"","meta":{"_acf_changed":false,"inline_featured_image":false,"footnotes":""},"class_list":["post-97","page","type-page","status-publish","hentry"],"acf":[],"_links":{"self":[{"href":"https:\/\/sisu.ut.ee\/fysioterapeutilinehindamine\/wp-json\/wp\/v2\/pages\/97","targetHints":{"allow":["GET"]}}],"collection":[{"href":"https:\/\/sisu.ut.ee\/fysioterapeutilinehindamine\/wp-json\/wp\/v2\/pages"}],"about":[{"href":"https:\/\/sisu.ut.ee\/fysioterapeutilinehindamine\/wp-json\/wp\/v2\/types\/page"}],"author":[{"embeddable":true,"href":"https:\/\/sisu.ut.ee\/fysioterapeutilinehindamine\/wp-json\/wp\/v2\/users\/9"}],"replies":[{"embeddable":true,"href":"https:\/\/sisu.ut.ee\/fysioterapeutilinehindamine\/wp-json\/wp\/v2\/comments?post=97"}],"version-history":[{"count":1,"href":"https:\/\/sisu.ut.ee\/fysioterapeutilinehindamine\/wp-json\/wp\/v2\/pages\/97\/revisions"}],"predecessor-version":[{"id":516,"href":"https:\/\/sisu.ut.ee\/fysioterapeutilinehindamine\/wp-json\/wp\/v2\/pages\/97\/revisions\/516"}],"wp:attachment":[{"href":"https:\/\/sisu.ut.ee\/fysioterapeutilinehindamine\/wp-json\/wp\/v2\/media?parent=97"}],"curies":[{"name":"wp","href":"https:\/\/api.w.org\/{rel}","templated":true}]}}