{"id":89,"date":"2024-04-04T05:49:02","date_gmt":"2024-04-04T02:49:02","guid":{"rendered":"https:\/\/sisu.ut.ee\/fysioterapeutilinehindamine\/84-passiivsed-liigutused\/"},"modified":"2024-04-04T05:52:26","modified_gmt":"2024-04-04T02:52:26","slug":"84-passiivsed-liigutused","status":"publish","type":"page","link":"https:\/\/sisu.ut.ee\/fysioterapeutilinehindamine\/84-passiivsed-liigutused\/","title":{"rendered":"8.4. Passiivsed liigutused"},"content":{"rendered":"<h6>\n\tP\u00f5lveliigese passiivsel painutusel toimub kudede l\u00e4henemine, sirutusel kudede venitumine.<br>\n<\/h6>\n<p style=\"margin-top:12.0pt;margin-right:0cm;margin-bottom:12.0pt;margin-left:0cm\">\n\t<span lang=\"et\" style=\",serif\">P\u00f5lveliigese aktiivse liigesliikuvuse hindamise j\u00e4rgselt v\u00f5ib hinnata passiivselt liigese l\u00f5ppliikuvust. P\u00f5lveliigese passiivsel painutusel toimub kudede l\u00e4henemine nii, et s\u00e4\u00e4r viiakse reie suunas<\/span><span lang=\"et\" style=\",serif\">. P\u00f5lveliigese passiivsel sirutusel on tunda kudede venitus nii nagu ka s\u00e4\u00e4re sise- ja v\u00e4lisrotatsioonil ning patella liikuvuse hindamisel (joonis 3). Sirutatud p\u00f5lveliigese korral peab patella liikuma kuni poole oma laiuse ulatuses mediaalsele ja lateraalsele. Kui patellat liigutatakse mediaalsele v\u00f5i lateraalsele, peab terapeut t\u00e4hele panema, kas patella j\u00e4\u00e4b paralleelselt reieluu kond\u00fc\u00fcliga v\u00f5i esineb kompensatoorseid liigutusi.\u00a0\u00a0 <\/span>\n<\/p>\n<p style=\"margin: 12pt 0cm;text-align: center\">\n\t<img loading=\"lazy\" decoding=\"async\" width=\"636\" height=\"364\" class=\"alignnone wp-image-267\" style=\"width: 300px;height: 172px\" src=\"https:\/\/sisu.ut.ee\/wp-content\/uploads\/sites\/414\/joonis8-3.png\" title=\"joonis8-3.png\" alt=\"Joonis 8-3\" srcset=\"https:\/\/sisu.ut.ee\/wp-content\/uploads\/sites\/414\/joonis8-3.png 636w, https:\/\/sisu.ut.ee\/wp-content\/uploads\/sites\/414\/joonis8-3-300x172.png 300w\" sizes=\"auto, (max-width: 636px) 100vw, 636px\">\n<\/p>\n<h5 style=\"margin: 12pt 0cm;text-align: center\">\n\t<span lang=\"et\" style=\",serif\">Joonis 3. Patella mobiliseerimine.<\/span><br>\n<\/h5>\n<p style=\"margin-top:12.0pt;margin-right:0cm;margin-bottom:12.0pt;margin-left:0cm\">\n\t<span lang=\"et\" style=\",serif\">Igap\u00e4evategevustes vajab inimene t\u00e4ielikku p\u00f5lveliigese sirutust nii seismisel kui k\u00f5ndimisel, t\u00e4ielik painutus on v\u00f5imalik kandadel p\u00f5lvitades. Ligikaudu 117\u00b0 p\u00f5lveliigese painutust on vaja k\u00fckkasendis kingapaelte sidumiseks v\u00f5i soki jalga panemiseks. Toolil istumisel on vaja 90\u00b0 p\u00f5lveliigese painutust. S\u00f5ltuvalt trepiastme k\u00f5rgusest, on trepil liikumiseks vaja ligikaudu 80\u00b0 p\u00f5lveliigese painutust.<\/span>\n<\/p>\n<p><span lang=\"et\"><span style=\"line-height:115%\"><span style=\",serif\">Et anal\u00fc\u00fcsida k\u00f5nnimustrih\u00e4ireid v\u00f5i p\u00f5lveliigestega seotud kompensatoorseid liigutusi, peab terapeut hindama ka reie nelipealihase, hamstringlihase, laisidekirme pingutajalihase, puusaliigese eemaldaja- ja l\u00e4hendajalihaste ning s\u00e4\u00e4re kolmpealihase elastsust. Lihaste \u00fcletoonus tekitab k\u00f5nnimustrih\u00e4ireid, aga ka alaj\u00e4seme teljelisuse h\u00e4ireid. N\u00e4iteks v\u00f5ib \u00fcletoonuses hamstringlihas viia patellofemoraalliigese patoloogiani liigse p\u00f5lveliigese painutuse t\u00f5ttu k\u00f5nni toeperioodi kannal\u00f6\u00f6gi faasis. Ka puusaliigese rotatsioonpiiratus p\u00f5lveliigese sirutuse ajal v\u00f5ib tekitada patellofemoraalliiigese patoloogia. Reie sirglihase \u00fcletoonuse korral on patella t\u00e4ielik liikumine reieluu p\u00f5ntade vahel limiteeritud ning sageli on t\u00e4heldatav patella k\u00f5rge asend. Laisidekirme pingutajalihase korral on patella asend lateraalsele.<\/span><\/span><\/span><\/p>\n","protected":false},"excerpt":{"rendered":"<p>P\u00f5lveliigese passiivsel painutusel toimub kudede l\u00e4henemine, sirutusel kudede venitumine. P\u00f5lveliigese aktiivse liigesliikuvuse hindamise j\u00e4rgselt v\u00f5ib hinnata passiivselt liigese l\u00f5ppliikuvust. P\u00f5lveliigese passiivsel painutusel toimub kudede l\u00e4henemine nii, et s\u00e4\u00e4r viiakse reie suunas. P\u00f5lveliigese passiivsel sirutusel on tunda kudede venitus nii nagu &#8230;<\/p>\n","protected":false},"author":9,"featured_media":0,"parent":0,"menu_order":0,"comment_status":"closed","ping_status":"closed","template":"","meta":{"_acf_changed":false,"inline_featured_image":false,"footnotes":""},"class_list":["post-89","page","type-page","status-publish","hentry"],"acf":[],"_links":{"self":[{"href":"https:\/\/sisu.ut.ee\/fysioterapeutilinehindamine\/wp-json\/wp\/v2\/pages\/89","targetHints":{"allow":["GET"]}}],"collection":[{"href":"https:\/\/sisu.ut.ee\/fysioterapeutilinehindamine\/wp-json\/wp\/v2\/pages"}],"about":[{"href":"https:\/\/sisu.ut.ee\/fysioterapeutilinehindamine\/wp-json\/wp\/v2\/types\/page"}],"author":[{"embeddable":true,"href":"https:\/\/sisu.ut.ee\/fysioterapeutilinehindamine\/wp-json\/wp\/v2\/users\/9"}],"replies":[{"embeddable":true,"href":"https:\/\/sisu.ut.ee\/fysioterapeutilinehindamine\/wp-json\/wp\/v2\/comments?post=89"}],"version-history":[{"count":1,"href":"https:\/\/sisu.ut.ee\/fysioterapeutilinehindamine\/wp-json\/wp\/v2\/pages\/89\/revisions"}],"predecessor-version":[{"id":524,"href":"https:\/\/sisu.ut.ee\/fysioterapeutilinehindamine\/wp-json\/wp\/v2\/pages\/89\/revisions\/524"}],"wp:attachment":[{"href":"https:\/\/sisu.ut.ee\/fysioterapeutilinehindamine\/wp-json\/wp\/v2\/media?parent=89"}],"curies":[{"name":"wp","href":"https:\/\/api.w.org\/{rel}","templated":true}]}}