{"id":88,"date":"2024-04-04T05:49:02","date_gmt":"2024-04-04T02:49:02","guid":{"rendered":"https:\/\/sisu.ut.ee\/fysioterapeutilinehindamine\/83-aktiivsed-liigutused\/"},"modified":"2024-04-04T05:52:26","modified_gmt":"2024-04-04T02:52:26","slug":"83-aktiivsed-liigutused","status":"publish","type":"page","link":"https:\/\/sisu.ut.ee\/fysioterapeutilinehindamine\/83-aktiivsed-liigutused\/","title":{"rendered":"8.3. Aktiivsed liigutused"},"content":{"rendered":"<p style=\"margin-top:12.0pt;margin-right:0cm;margin-bottom:12.0pt;margin-left:0cm\">\n\t<span lang=\"et\" style=\",serif\">P\u00f5lveliigese aktiivset liikuvust hinnatakse nii selili- kui k\u00f5huliasendis aga ka istudes teraapialaual. P\u00f5lveliigese sirutatud asendit t\u00e4histab 0\u00b0, t\u00e4ielik painutus p\u00f5lveliigeses on 135\u00b0. Kui patsient teostab p\u00f5lveliigese sirutuse ja painutuse, siis j\u00e4lgib terapeut liigutuse kvaliteeti ehk alaj\u00e4seme teljelisust liigutuse ajal, liikuvuse ulatust, aga ka patella liikumist. D\u00fcnaamilisel liigutusel esineb funktsioonih\u00e4ire kui patella liikumisel esineb lateraalsuunaline kalle, anteroposterioorne kalle v\u00f5i rotatsioon. Liigutusaegse valu korral tuleb t\u00e4psustada valu p\u00f5hjus v\u00f5i liigutust takistav tegur. On teada, et p\u00f5lveliigese sirutajalihased arendavad suurimat j\u00f5udu p\u00f5lveliigese 60\u02da nurga all ning p\u00f5lveliigese painutajalihased vahemikus 45\u02da-10\u02da. P\u00f5lveliigese l\u00f5ppsirutuse puudulikus v\u00f5ib tuleneda reie nelipealihase n\u00f5rkusest v\u00f5i atroofiast, traumaj\u00e4rgselt tekkinud kudedevahelistest liidetest v\u00f5i inhibeeritud refleksidest. <\/span>\n<\/p>\n<h4>\n\tP\u00f5lveliigese fleksioon<br>\n<\/h4>\n<h6>\n\tP\u00f5lveliigese normaalne fleksioonliikuvus on 135\u00b0.<br>\n<\/h6>\n<p style=\"margin-top:12.0pt;margin-right:0cm;margin-bottom:12.0pt;margin-left:0cm\">\n\t<span lang=\"et\" style=\",serif\">Normaalne p\u00f5lveliigese fleksioonliikuvus on 135\u00b0. P\u00f5lveliiges on fleksioonliikuvuse m\u00f5\u00f5tmisel\u00a0<\/span><span lang=\"et\" style=\",serif\">algasendis kui alaj\u00e4se on sirgelt \u00fchel teljel (joonis 1A).<\/span>\n<\/p>\n<p style=\"margin-top:12.0pt;margin-right:0cm;margin-bottom:12.0pt;margin-left:0cm\">\n\t<span lang=\"et\" style=\",serif\">Patsiendi k\u00f5huliasendis lihtgoniomeetriga p\u00f5lveliigese fleksiooni m\u00f5\u00f5tmisel asetatakse goniomeetri keskkoht lateraalselt p\u00f5lveliigese keskele ehk reie- ja s\u00e4\u00e4reluu p\u00f5ntade vahele, p\u00f5lveliigese pilule, statsionaarne haar asetatakse piki reie kesktelge suunaga reieluu suurele p\u00f6\u00f6rlale ning liikuv haar piki s\u00e4\u00e4reluu kesktelge suunaga s\u00e4\u00e4reluu lateraalsele malleolusele. Patsiendil palutakse painutada p\u00f5lveliiges maksimaalselt kuni valu taluvuseni v\u00f5i kompensatoorsete liigutuste tekkimiseni (joonis 1B).<\/span>\n<\/p>\n<p style=\"margin-top:12.0pt;margin-right:0cm;margin-bottom:12.0pt;margin-left:0cm\">\n\t<span lang=\"et\" style=\",serif\">Gravitatsioonigoniomeetriga p\u00f5lveliigese fleksiooni m\u00f5\u00f5tmisel, asetatakse m\u00f5\u00f5tmisvahend s\u00e4\u00e4reluu distaalsele osale postero-lateraalselt (joonis 1C).<\/span>\n<\/p>\n<p style=\"margin: 12pt 0cm;text-align: center\">\n\t<img loading=\"lazy\" decoding=\"async\" width=\"1278\" height=\"438\" class=\"alignnone wp-image-265\" style=\"width: 600px;height: 206px\" src=\"https:\/\/sisu.ut.ee\/wp-content\/uploads\/sites\/414\/joonis8-1.png\" title=\"joonis8-1.png\" alt=\"Joon is 8-1\" srcset=\"https:\/\/sisu.ut.ee\/wp-content\/uploads\/sites\/414\/joonis8-1.png 1278w, https:\/\/sisu.ut.ee\/wp-content\/uploads\/sites\/414\/joonis8-1-300x103.png 300w, https:\/\/sisu.ut.ee\/wp-content\/uploads\/sites\/414\/joonis8-1-1024x351.png 1024w, https:\/\/sisu.ut.ee\/wp-content\/uploads\/sites\/414\/joonis8-1-768x263.png 768w\" sizes=\"auto, (max-width: 1278px) 100vw, 1278px\">\n<\/p>\n<h5 style=\"margin: 12pt 0cm;text-align: center\">\n\t<span lang=\"et\" style=\",serif\">Joonis 1. P\u00f5lveliigese fleksioon. A \u2013 algasend; B \u2013 l\u00f5ppasend lihtgoniomeetriga m\u00f5\u00f5tes; C \u2013 l\u00f5ppasend gravitatsioonigoniomeetriga m\u00f5\u00f5tes. <\/span><br>\n<\/h5>\n<h4>\n\tP\u00f5lveliigese ekstensioon<br>\n<\/h4>\n<h6>\n\tP\u00f5lveliigese normaalne ekstensioon on 0\u00b0, kuid \u00fclesirutust v\u00f5ib p\u00f5lveliigeses esineda kuni 15\u00b0 ulatuses.<br>\n<\/h6>\n<p style=\"margin-top:12.0pt;margin-right:0cm;margin-bottom:12.0pt;margin-left:0cm\">\n\t<span lang=\"et\" style=\",serif\">Normaalne p\u00f5lveliigese sirutus on 0\u00b0, kuid p\u00f5lveliigese \u00fclesirutust v\u00f5ib esineda kuni 15\u00b0 ulatuses\u00a0<\/span><span lang=\"et\" style=\",serif\">spetsiifiliselt h\u00fcpermobiilsuse s\u00fcndroomiga naistel. P\u00f5lveliigese passiivse sirutuse, aga ka \u00fclesirutuse m\u00f5\u00f5tmisel on patsient k\u00f5huliasendis nii, et alaj\u00e4se on reieluu distaalsest osast \u00fcle teraapialaua \u00e4\u00e4re. Lihtgoniomeetriga p\u00f5lveliigese ekstensiooni m\u00f5\u00f5tmisel asetatakse goniomeetri keskkoht lateraalselt p\u00f5lveliigese keskele ehk reie- ja s\u00e4\u00e4reluu p\u00f5ntade vahele, p\u00f5lveliigese pilule, statsionaarne haar asetatakse piki reie kesktelge suunaga reieluu suurele p\u00f6\u00f6rlale ning liikuv haar piki s\u00e4\u00e4reluu kesktelge suunaga s\u00e4\u00e4reluu lateraalsele malleolusele. P\u00f5lveliigese sirutuse nullasend kohandatakse goniomeetri nullasendiga. Patsiendil palutakse sirutada p\u00f5lveliiges maksimaalselt (joonis 2A).<\/span>\n<\/p>\n<p style=\"margin-top:12.0pt;margin-right:0cm;margin-bottom:12.0pt;margin-left:0cm\">\n\t<span lang=\"et\" style=\",serif\">Gravitatsioonigoniomeetriga p\u00f5lveliigese ekstensiooni m\u00f5\u00f5tmisel, asetatakse m\u00f5\u00f5tmisvahend s\u00e4\u00e4reluu distaalsele osale posterioorselt (joonis 2B).<\/span>\n<\/p>\n<p style=\"margin: 12pt 0cm;text-align: center\">\n\t<img loading=\"lazy\" decoding=\"async\" width=\"1268\" height=\"374\" class=\"alignnone wp-image-266\" style=\"width: 600px;height: 177px\" src=\"https:\/\/sisu.ut.ee\/wp-content\/uploads\/sites\/414\/joonis8-2.png\" title=\"joonis8-2.png\" alt=\"Joonis 8-2\" srcset=\"https:\/\/sisu.ut.ee\/wp-content\/uploads\/sites\/414\/joonis8-2.png 1268w, https:\/\/sisu.ut.ee\/wp-content\/uploads\/sites\/414\/joonis8-2-300x88.png 300w, https:\/\/sisu.ut.ee\/wp-content\/uploads\/sites\/414\/joonis8-2-1024x302.png 1024w, https:\/\/sisu.ut.ee\/wp-content\/uploads\/sites\/414\/joonis8-2-768x227.png 768w\" sizes=\"auto, (max-width: 1268px) 100vw, 1268px\">\n<\/p>\n<h5 style=\"margin: 12pt 0cm;text-align: center\">\n\t<span lang=\"et\" style=\",serif\">Joonis 2. P\u00f5lveliigese ekstensioon. A \u2013 l\u00f5ppasend lihtgoniomeetriga m\u00f5\u00f5tes; B \u2013 l\u00f5ppasend gravitatsioonigoniomeetriga m\u00f5\u00f5tes. <\/span><br>\n<\/h5>\n<h4>\n\tS\u00e4\u00e4reluu rotatsioon reieluu suhtes<br>\n<\/h4>\n<h6>\n\tS\u00e4\u00e4reluu normaalne siserotatsioonliikuvus reieluu suhtes on 20-30\u02da ning v\u00e4lisrotatsioonliikuvus 30-40\u02da.<br>\n<\/h6>\n<p style=\"margin-top:12.0pt;margin-right:0cm;margin-bottom:12.0pt;margin-left:0cm\">\n\t<span lang=\"et\" style=\",serif\">Mitte-keharaskuse kandmise tingimustes istudes, kui p\u00f5lveliiges on painutatud 90\u00b0, on normaalne<font color=\"#215990\">\u00a0<\/font><\/span><span lang=\"et\" style=\",serif\">s\u00e4\u00e4reluu siserotatsiooni ulatus reieluu suhtes 20-30\u02da, s\u00e4\u00e4reluu v\u00e4lisrotatsiooni ulatus reieluu suhtes 30-40\u02da. S\u00e4\u00e4reluu rotatsiooni on funktsionaalselt keeruline m\u00f5\u00f5ta, sest liigutusel osaleva labajala ja h\u00fcppeliigese liigutust on s\u00e4\u00e4reluu rotatsioonist v\u00f5imatu elimineerida.<\/span><\/p>\n","protected":false},"excerpt":{"rendered":"<p>P\u00f5lveliigese aktiivset liikuvust hinnatakse nii selili- kui k\u00f5huliasendis aga ka istudes teraapialaual. P\u00f5lveliigese sirutatud asendit t\u00e4histab 0\u00b0, t\u00e4ielik painutus p\u00f5lveliigeses on 135\u00b0. Kui patsient teostab p\u00f5lveliigese sirutuse ja painutuse, siis j\u00e4lgib terapeut liigutuse kvaliteeti ehk alaj\u00e4seme teljelisust liigutuse ajal, liikuvuse &#8230;<\/p>\n","protected":false},"author":9,"featured_media":0,"parent":0,"menu_order":0,"comment_status":"closed","ping_status":"closed","template":"","meta":{"_acf_changed":false,"inline_featured_image":false,"footnotes":""},"class_list":["post-88","page","type-page","status-publish","hentry"],"acf":[],"_links":{"self":[{"href":"https:\/\/sisu.ut.ee\/fysioterapeutilinehindamine\/wp-json\/wp\/v2\/pages\/88","targetHints":{"allow":["GET"]}}],"collection":[{"href":"https:\/\/sisu.ut.ee\/fysioterapeutilinehindamine\/wp-json\/wp\/v2\/pages"}],"about":[{"href":"https:\/\/sisu.ut.ee\/fysioterapeutilinehindamine\/wp-json\/wp\/v2\/types\/page"}],"author":[{"embeddable":true,"href":"https:\/\/sisu.ut.ee\/fysioterapeutilinehindamine\/wp-json\/wp\/v2\/users\/9"}],"replies":[{"embeddable":true,"href":"https:\/\/sisu.ut.ee\/fysioterapeutilinehindamine\/wp-json\/wp\/v2\/comments?post=88"}],"version-history":[{"count":1,"href":"https:\/\/sisu.ut.ee\/fysioterapeutilinehindamine\/wp-json\/wp\/v2\/pages\/88\/revisions"}],"predecessor-version":[{"id":525,"href":"https:\/\/sisu.ut.ee\/fysioterapeutilinehindamine\/wp-json\/wp\/v2\/pages\/88\/revisions\/525"}],"wp:attachment":[{"href":"https:\/\/sisu.ut.ee\/fysioterapeutilinehindamine\/wp-json\/wp\/v2\/media?parent=88"}],"curies":[{"name":"wp","href":"https:\/\/api.w.org\/{rel}","templated":true}]}}