{"id":81,"date":"2024-04-04T05:49:01","date_gmt":"2024-04-04T02:49:01","guid":{"rendered":"https:\/\/sisu.ut.ee\/fysioterapeutilinehindamine\/74-passiivsed-liigutused\/"},"modified":"2024-04-04T05:52:26","modified_gmt":"2024-04-04T02:52:26","slug":"74-passiivsed-liigutused","status":"publish","type":"page","link":"https:\/\/sisu.ut.ee\/fysioterapeutilinehindamine\/74-passiivsed-liigutused\/","title":{"rendered":"7.4. Passiivsed liigutused"},"content":{"rendered":"<h6>\n\tK\u00f5ige enam on puusaliigese patoloogia korral piiratud puusaliigese fleksioon, abduktsioon ja siserotatsioonliikuvus.<br>\n<\/h6>\n<p style=\"margin-top:12.0pt;margin-right:0cm;margin-bottom:12.0pt;margin-left:0cm\">\n\t<span lang=\"et\" style=\",serif\">Kui patsiendi puusaliigese aktiivsed liikuvusulatused on piiratud, siis tuleb teostada passiivsed liigutused, et hinnata liigeste l\u00f5pp-liikuvus. Passiivseid liigutusi teostatakse samades liigutussuundades nagu aktiivseid liigutusi, liigutuse sooritab terapeut. K\u00f5iki puusaliigese passiivseid\u00a0<\/span><span lang=\"et\" style=\",serif\">liikuvusi, v\u00e4lja arvatud ekstensiooni, saab hinnata patsiendi seliliasendis.<\/span>\n<\/p>\n<p style=\"margin-top:12.0pt;margin-right:0cm;margin-bottom:12.0pt;margin-left:0cm\">\n\t<span lang=\"et\" style=\",serif\">Arvestades puusaliigese kapsulaarset vormi, on patoloogia korral puusaliigese fleksioon, abduktsioon ja siserotatsioon k\u00f5ige enam piiratud. Puusaliigese kontraktuuri tekke j\u00e4rjestus v\u00f5ib ka varieeruda, n\u00e4iteks v\u00f5ib k\u00f5ige enam olla piiratud puusaliigese siserotatsioon, seej\u00e4rel fleksioon ja abduktsioon.<\/span>\n<\/p>\n<p style=\"margin-top:12.0pt;margin-right:0cm;margin-bottom:12.0pt;margin-left:0cm\">\n\t<span lang=\"et\" style=\",serif\">Puusaliigese passiivsete liigutuste hindamise ajal ei v\u00f5i patsiendi vaagen liikuda. Kubemevalu ning piiratud puusaliigese siserotatsioonliikuvus viitavad puusaliigese patoloogiale. Valu puusaliigese passiivse fleksiooni, aduktsiooni ja siserotatsiooni ajal v\u00f5ib viidata puusanapa probleemidele v\u00f5i liigese fibroosk\u00f5hrelise struktuuri rebendile eriti kui esineb liigeskrepitatsioon v\u00f5i kubemevalu. <\/span>\n<\/p>\n<p style=\"margin-top:12.0pt;margin-right:0cm;margin-bottom:12.0pt;margin-left:0cm\">\n\t<span lang=\"et\" style=\",serif\">Puusaliigese passiivseid liigutusi teostades on k\u00f5ikide liigutussuundade l\u00f5ppliikuvustel tunda kudede venitust, fleksioonil ja adduktsioonil ka lisaks kudede l\u00e4hendamist ehk aproksimatsiooni.<\/span><\/p>\n","protected":false},"excerpt":{"rendered":"<p>K\u00f5ige enam on puusaliigese patoloogia korral piiratud puusaliigese fleksioon, abduktsioon ja siserotatsioonliikuvus. Kui patsiendi puusaliigese aktiivsed liikuvusulatused on piiratud, siis tuleb teostada passiivsed liigutused, et hinnata liigeste l\u00f5pp-liikuvus. Passiivseid liigutusi teostatakse samades liigutussuundades nagu aktiivseid liigutusi, liigutuse sooritab terapeut. K\u00f5iki &#8230;<\/p>\n","protected":false},"author":9,"featured_media":0,"parent":0,"menu_order":0,"comment_status":"closed","ping_status":"closed","template":"","meta":{"_acf_changed":false,"inline_featured_image":false,"footnotes":""},"class_list":["post-81","page","type-page","status-publish","hentry"],"acf":[],"_links":{"self":[{"href":"https:\/\/sisu.ut.ee\/fysioterapeutilinehindamine\/wp-json\/wp\/v2\/pages\/81","targetHints":{"allow":["GET"]}}],"collection":[{"href":"https:\/\/sisu.ut.ee\/fysioterapeutilinehindamine\/wp-json\/wp\/v2\/pages"}],"about":[{"href":"https:\/\/sisu.ut.ee\/fysioterapeutilinehindamine\/wp-json\/wp\/v2\/types\/page"}],"author":[{"embeddable":true,"href":"https:\/\/sisu.ut.ee\/fysioterapeutilinehindamine\/wp-json\/wp\/v2\/users\/9"}],"replies":[{"embeddable":true,"href":"https:\/\/sisu.ut.ee\/fysioterapeutilinehindamine\/wp-json\/wp\/v2\/comments?post=81"}],"version-history":[{"count":1,"href":"https:\/\/sisu.ut.ee\/fysioterapeutilinehindamine\/wp-json\/wp\/v2\/pages\/81\/revisions"}],"predecessor-version":[{"id":532,"href":"https:\/\/sisu.ut.ee\/fysioterapeutilinehindamine\/wp-json\/wp\/v2\/pages\/81\/revisions\/532"}],"wp:attachment":[{"href":"https:\/\/sisu.ut.ee\/fysioterapeutilinehindamine\/wp-json\/wp\/v2\/media?parent=81"}],"curies":[{"name":"wp","href":"https:\/\/api.w.org\/{rel}","templated":true}]}}