{"id":75,"date":"2024-04-04T05:49:00","date_gmt":"2024-04-04T02:49:00","guid":{"rendered":"https:\/\/sisu.ut.ee\/fysioterapeutilinehindamine\/65-isomeetrilised-testid-vastupanuga\/"},"modified":"2024-04-04T05:52:27","modified_gmt":"2024-04-04T02:52:27","slug":"65-isomeetrilised-testid-vastupanuga","status":"publish","type":"page","link":"https:\/\/sisu.ut.ee\/fysioterapeutilinehindamine\/65-isomeetrilised-testid-vastupanuga\/","title":{"rendered":"6.5. Isomeetrilised testid vastupanuga"},"content":{"rendered":"<h6>\n\tVaagnapiirkonna isomeetrilised testid vastupanuga teostatakse kehat\u00fcve v\u00f5i\u00a0 puusaliigest m\u00f5jutavate lihaste aktivatsiooni kaudu.<br>\n<\/h6>\n<p>\n\t<span lang=\"et\" style=\",serif\">Nagu eelnevalt mainitud, ei ole SI-liigeste funktsioone otseselt kontrollivaid lihaseid. Kuna vaagna- ja ristluule kinnituvate lihaste kontraktsioon m\u00f5jutab ka SI-liigeseid, siis teostatakse isomeetrilised testid\u00a0<\/span><span lang=\"et\" style=\",serif\">vastupanuga lihastele, mille kontraktsioon avaldab survet SI-liigestele. Allj\u00e4rgnevalt on loetletud funktsioonid, mille hindamiseks teostatakse isomeetrilised testid vastupanuga. Testide ajal on patsient kas selili- v\u00f5i k\u00f5huliasendis, terapeut kohandab liigutusliku vastupanu j\u00f5udu s\u00fcmptomite tekkeni v\u00f5i normaalse isomeetrilise j\u00f5u korral kuni 5 sekundit.<\/span>\n<\/p>\n<p style=\"margin-top:12.0pt\">\n\t<span lang=\"et\" style=\",serif\">Seliliasendis, patsiendi alaj\u00e4semed on puusa- ja p\u00f5lveliigestest painutatud ning labajad toetuvad aluspinnale. Kui patsient on t\u00f5stnud \u00fclakeha abaluude tasandini, siis avaldab terapeut liigutuslikku vastupanu patsiendi \u00f5lav\u00f6\u00f6tmel bilateraalselt. \u00dclakeha t\u00f5stmisel avaldavad k\u00f5hulihased survet s\u00fcmf\u00fc\u00fcsile.<\/span>\n<\/p>\n<p style=\"margin-top:12.0pt\">\n\t<span lang=\"et\" style=\",serif\">Seliliasendis, patsient painutab puusaliigese kuni 90\u00b0, terapeut avaldab liigutuslikku vastupanu reie alumisel osal puusaliigese painutuse suunal. Puusaliigese painutusel avaldab niudeluu survet SI-liigestele.<\/span>\n<\/p>\n<p style=\"margin-top:12.0pt\">\n\t<span lang=\"et\" style=\",serif\">Seliliasendis, patsient teostab puusaliigese abduktsiooni kuni 20\u00b0, terapeut avaldab liigutuslikku vastupanu reie alumisel osal lateraalselt puusaliigese eemaldamise suunal. Puusaliigese eemaldamisel avaldab keskmine tuharalihas survet SI-liigesele.<\/span>\n<\/p>\n<p style=\"margin-top:12.0pt\">\n\t<span lang=\"et\" style=\",serif\">K\u00f5huliasendis, patsient teostab puusaliigese ekstensiooni kuni 5\u00b0, terapeut avaldab liigutuslikku vastupanu reie alumisel osal puusaliigese sirutuse suunal. Suur tuharalihas ja selja sirutajalihas avaldavad j\u00f5udude sulgumise (ingl <i>cause force closure<\/i>) fenomeniga\u00a0 survet SI-liigestele. <\/span>\n<\/p>\n<p style=\"margin-top:12.0pt\">\n\t<span lang=\"et\" style=\",serif\">Seliliasendis, patsiendi alaj\u00e4semed on puusa- ja p\u00f5lveliigestest painutatud ning labajad toetuvad aluspinnale. Kui patsient on t\u00f5stnud \u00fclakeha abaluude tasandini ja sooritanud v\u00e4hese kerep\u00f6\u00f6rde, siis avaldab terapeut liigutuslikku vastupanu patsiendi k\u00f5rgemale t\u00f5stetud \u00f5lav\u00f6\u00f6tmel unilateraalselt, kere diagonaalsuunalise painutuse suunas. K\u00f5hu p\u00f5ikilihased avaldavad j\u00f5udude sulgumise fenomeniga survet SI-liigestele.<\/span>\n<\/p>\n<p style=\"margin-top:12.0pt\">\n\t<span lang=\"et\" style=\",serif\">K\u00f5huliasendis, kui patsient on t\u00f5stnud \u00fclakeha rinnatasandini ja sooritanud v\u00e4hese kerep\u00f6\u00f6rde, siis avaldab terapeut liigutuslikku vastupanu patsiendi k\u00f5rgemale t\u00f5stetud \u00f5lav\u00f6\u00f6tmel unilateraalselt, kere diagonaalsuunalise sirutuse suunas. Selja lailihas avaldab j\u00f5udude sulgumise fenomeniga survet SI-liigestele.<\/span><\/p>\n","protected":false},"excerpt":{"rendered":"<p>Vaagnapiirkonna isomeetrilised testid vastupanuga teostatakse kehat\u00fcve v\u00f5i\u00a0 puusaliigest m\u00f5jutavate lihaste aktivatsiooni kaudu. Nagu eelnevalt mainitud, ei ole SI-liigeste funktsioone otseselt kontrollivaid lihaseid. Kuna vaagna- ja ristluule kinnituvate lihaste kontraktsioon m\u00f5jutab ka SI-liigeseid, siis teostatakse isomeetrilised testid\u00a0vastupanuga lihastele, mille kontraktsioon avaldab &#8230;<\/p>\n","protected":false},"author":9,"featured_media":0,"parent":0,"menu_order":0,"comment_status":"closed","ping_status":"closed","template":"","meta":{"_acf_changed":false,"inline_featured_image":false,"footnotes":""},"class_list":["post-75","page","type-page","status-publish","hentry"],"acf":[],"_links":{"self":[{"href":"https:\/\/sisu.ut.ee\/fysioterapeutilinehindamine\/wp-json\/wp\/v2\/pages\/75","targetHints":{"allow":["GET"]}}],"collection":[{"href":"https:\/\/sisu.ut.ee\/fysioterapeutilinehindamine\/wp-json\/wp\/v2\/pages"}],"about":[{"href":"https:\/\/sisu.ut.ee\/fysioterapeutilinehindamine\/wp-json\/wp\/v2\/types\/page"}],"author":[{"embeddable":true,"href":"https:\/\/sisu.ut.ee\/fysioterapeutilinehindamine\/wp-json\/wp\/v2\/users\/9"}],"replies":[{"embeddable":true,"href":"https:\/\/sisu.ut.ee\/fysioterapeutilinehindamine\/wp-json\/wp\/v2\/comments?post=75"}],"version-history":[{"count":1,"href":"https:\/\/sisu.ut.ee\/fysioterapeutilinehindamine\/wp-json\/wp\/v2\/pages\/75\/revisions"}],"predecessor-version":[{"id":538,"href":"https:\/\/sisu.ut.ee\/fysioterapeutilinehindamine\/wp-json\/wp\/v2\/pages\/75\/revisions\/538"}],"wp:attachment":[{"href":"https:\/\/sisu.ut.ee\/fysioterapeutilinehindamine\/wp-json\/wp\/v2\/media?parent=75"}],"curies":[{"name":"wp","href":"https:\/\/api.w.org\/{rel}","templated":true}]}}