{"id":74,"date":"2024-04-04T05:49:00","date_gmt":"2024-04-04T02:49:00","guid":{"rendered":"https:\/\/sisu.ut.ee\/fysioterapeutilinehindamine\/64-passiivsed-liigutused\/"},"modified":"2024-04-04T05:52:27","modified_gmt":"2024-04-04T02:52:27","slug":"64-passiivsed-liigutused","status":"publish","type":"page","link":"https:\/\/sisu.ut.ee\/fysioterapeutilinehindamine\/64-passiivsed-liigutused\/","title":{"rendered":"6.4. Passiivsed liigutused"},"content":{"rendered":"<p style=\"margin-top:12.0pt\">\n\t<span lang=\"et\" style=\",serif\">Vaagnapiirkonna passiivsed testid on provokatsioontestid, mis avaldavad survet nii SI-liigeste ligamentidele kui liigestele endile. Need ei ole otseselt passiivsed liigutused, mida teostatakse teiste perifeersete liigestega, kuid nad on SI-liigestele provokatiivset survet avaldavad testid. Testide eesm\u00e4rk on hinnata vastavate anatoomiliste struktuuride s\u00fcmmeetriat, as\u00fcmmeetrilist j\u00e4ikust ehk h\u00fcpomobiilsust aga ka h\u00fcpermobiilsust. Olulisem on tuvastada SI-liigeste bilateraalne as\u00fcmmeetria kui hinnata nende liikuvuse ulatus. SI-liigeste liikuvusulatus ei ole v\u00f5rreldav teiste liigeste liikuvusulatusega. SI-liigeste passiivsete testide eesm\u00e4rk on patsiendi s\u00fcmptomite esile kutsumine, mitte pelgalt valu ja ebamugavustunde fikseerimine.<\/span>\n<\/p>\n<h4>\n\tGapping test<br>\n<\/h4>\n<h6>\n\tGapping test v\u00f5imaldab tuvastada eesmiste sakroiliakaalligamentide vigastuse.<br>\n<\/h6>\n<p style=\"margin-top:12.0pt\">\n\t<span lang=\"et\" style=\",serif\">Patsient lamab selili, terapeut avaldab ristatud k\u00e4tega patsiendi ASIStele survet (joonis 3). Esmalt surutakse niudeluud bilateraalselt alla, seej\u00e4rel teineteisest eemale. Test on positiivne kui unilateraalselt esineb valu tuharapiirkonnas v\u00f5i reie tagaosas, viidates eesmiste <\/span><span lang=\"et\" style=\",serif\">sakroiliakaalligamentide vigastusele. Oluline on teada, et terapeudi surve patsiendi ASIStele v\u00f5ib tekitada survevalu v\u00f5i ebamugavustunde.<\/span>\n<\/p>\n<p style=\"margin-top: 12pt;text-align: center\">\n\t<img loading=\"lazy\" decoding=\"async\" width=\"508\" height=\"424\" class=\"alignnone wp-image-239\" style=\"width: 300px;height: 250px\" src=\"https:\/\/sisu.ut.ee\/wp-content\/uploads\/sites\/414\/joonis6-3.png\" title=\"joonis6-3.png\" alt=\"Joonis 6-3\" srcset=\"https:\/\/sisu.ut.ee\/wp-content\/uploads\/sites\/414\/joonis6-3.png 508w, https:\/\/sisu.ut.ee\/wp-content\/uploads\/sites\/414\/joonis6-3-300x250.png 300w\" sizes=\"auto, (max-width: 508px) 100vw, 508px\">\n<\/p>\n<h5 style=\"margin-top: 12pt;text-align: center\">\n\t<span lang=\"et\" style=\",serif\">Joonis 3. Gapping test.<\/span><br>\n<\/h5>\n<h4>\n\tAproksimatsiooni test<br>\n<\/h4>\n<h6>\n\tAproksimatsiooni test v\u00f5imaldab tuvastada tagumiste sakroiliakaalligamentide vigastuse.<br>\n<\/h6>\n<p style=\"margin-top:12.0pt\">\n\t<span lang=\"et\" style=\",serif\">Patsient lamab k\u00fclili, terapeut asetab k\u00e4ed patsiendi niudeluuharja \u00fclaosale ning avaldab\u00a0 survet suunaga alla (joonis 4). Terapeudi liigutus avaldab eesmist survet ristluule. Ebamugavustunne v\u00f5i valulik survetunne ristluupiirkonnas viitab v\u00f5imalikule ristluu v\u00f5i SI-liigeste tagumiste ligamentide <\/span><span lang=\"et\" style=\",serif\">vigastusele.<\/span>\n<\/p>\n<p style=\"margin-top: 12pt;text-align: center\">\n\t<img loading=\"lazy\" decoding=\"async\" width=\"510\" height=\"452\" class=\"alignnone wp-image-240\" style=\"width: 300px;height: 266px\" src=\"https:\/\/sisu.ut.ee\/wp-content\/uploads\/sites\/414\/joonis6-4.png\" title=\"joonis6-4.png\" alt=\"Joonis 6-4\" srcset=\"https:\/\/sisu.ut.ee\/wp-content\/uploads\/sites\/414\/joonis6-4.png 510w, https:\/\/sisu.ut.ee\/wp-content\/uploads\/sites\/414\/joonis6-4-300x266.png 300w\" sizes=\"auto, (max-width: 510px) 100vw, 510px\">\n<\/p>\n<h5 style=\"margin-top: 12pt;text-align: center\">\n\t<span lang=\"et\" style=\",serif\">Joonis 4. Aproksimatsiooni test.<\/span><br>\n<\/h5>\n<h4>\n\tRistluu tipu test<br>\n<\/h4>\n<h6>\n\tRistluu tipu test hindab SI-liigeste patoloogiat.<br>\n<\/h6>\n<p style=\"margin-top:12.0pt\">\n\t<span lang=\"et\" style=\",serif\">Patsient lamab k\u00f5huli kindlal alusel. Terapeut asetab \u00fche labak\u00e4e p\u00f5himiku patsiendi ristluu tipule, teise labak\u00e4e alumise peale (joonis 5). Hinnates SI-liigeste elastsust, surub terapeut mitu korda SI-liigeste suunas alla. Terapeudi avaldatud surve tekitab SI-liigeste rotatsioonsuunalise nihkumise <\/span><span lang=\"et\" style=\",serif\">vaagnaluu suhtes. Kui test provotseerib valu, v\u00f5ib see viidata SI-liigeste patoloogiale.<\/span>\n<\/p>\n<p style=\"margin-top: 12pt;text-align: center\">\n\t<img loading=\"lazy\" decoding=\"async\" width=\"478\" height=\"416\" class=\"alignnone wp-image-241\" style=\"width: 300px;height: 261px\" src=\"https:\/\/sisu.ut.ee\/wp-content\/uploads\/sites\/414\/joonis6-5.png\" title=\"joonis6-5.png\" alt=\"Joonis 6-5\" srcset=\"https:\/\/sisu.ut.ee\/wp-content\/uploads\/sites\/414\/joonis6-5.png 478w, https:\/\/sisu.ut.ee\/wp-content\/uploads\/sites\/414\/joonis6-5-300x261.png 300w\" sizes=\"auto, (max-width: 478px) 100vw, 478px\">\n<\/p>\n<h5 style=\"margin-top: 12pt;text-align: center\">\n\t<span lang=\"et\" style=\",serif\">Joonis 5. Ristluu tipu test.<\/span><br>\n<\/h5>\n<h4>\n\tTorsioon-stressi test<br>\n<\/h4>\n<p style=\"margin-top:12.0pt\">\n\t<span lang=\"et\" style=\",serif\">Patsient lamab k\u00f5huli. Terapeut palpeerib ning fikseerib stabiilselt \u00fche k\u00e4e p\u00f6idlaga v\u00f5i labak\u00e4e v\u00e4lisservaga L5 l\u00fclikeha ogaj\u00e4tke. Teise k\u00e4e asetab terapeut vastaskehapoole niudeluuharjale anterioorselt, misj\u00e4rel t\u00f5stab terapeut patsiendi niudeluu \u00fcles (joonis 6). Teostatav rotatsioonsuunaline liigutus avaldab survet lumbosakraalliigesele, iliolumbaalligamendile, eesmisele sakroiliakaalligamendile ja SI-liigesele. <\/span>\n<\/p>\n<p style=\"margin: 12pt 0cm;text-align: center\">\n\t<img loading=\"lazy\" decoding=\"async\" width=\"536\" height=\"382\" class=\"alignnone wp-image-242\" style=\"width: 300px;height: 214px\" src=\"https:\/\/sisu.ut.ee\/wp-content\/uploads\/sites\/414\/joonis6-6.png\" title=\"joonis6-6.png\" alt=\"Joonis 6-6\" srcset=\"https:\/\/sisu.ut.ee\/wp-content\/uploads\/sites\/414\/joonis6-6.png 536w, https:\/\/sisu.ut.ee\/wp-content\/uploads\/sites\/414\/joonis6-6-300x214.png 300w\" sizes=\"auto, (max-width: 536px) 100vw, 536px\">\n<\/p>\n<h5 style=\"margin: 12pt 0cm;text-align: center\">\n\t<span lang=\"et\" style=\",serif\">Joonis 6. Torsioon-stressi test.<\/span><br>\n<\/h5>\n","protected":false},"excerpt":{"rendered":"<p>Vaagnapiirkonna passiivsed testid on provokatsioontestid, mis avaldavad survet nii SI-liigeste ligamentidele kui liigestele endile. Need ei ole otseselt passiivsed liigutused, mida teostatakse teiste perifeersete liigestega, kuid nad on SI-liigestele provokatiivset survet avaldavad testid. Testide eesm\u00e4rk on hinnata vastavate anatoomiliste struktuuride &#8230;<\/p>\n","protected":false},"author":9,"featured_media":0,"parent":0,"menu_order":0,"comment_status":"closed","ping_status":"closed","template":"","meta":{"_acf_changed":false,"inline_featured_image":false,"footnotes":""},"class_list":["post-74","page","type-page","status-publish","hentry"],"acf":[],"_links":{"self":[{"href":"https:\/\/sisu.ut.ee\/fysioterapeutilinehindamine\/wp-json\/wp\/v2\/pages\/74","targetHints":{"allow":["GET"]}}],"collection":[{"href":"https:\/\/sisu.ut.ee\/fysioterapeutilinehindamine\/wp-json\/wp\/v2\/pages"}],"about":[{"href":"https:\/\/sisu.ut.ee\/fysioterapeutilinehindamine\/wp-json\/wp\/v2\/types\/page"}],"author":[{"embeddable":true,"href":"https:\/\/sisu.ut.ee\/fysioterapeutilinehindamine\/wp-json\/wp\/v2\/users\/9"}],"replies":[{"embeddable":true,"href":"https:\/\/sisu.ut.ee\/fysioterapeutilinehindamine\/wp-json\/wp\/v2\/comments?post=74"}],"version-history":[{"count":1,"href":"https:\/\/sisu.ut.ee\/fysioterapeutilinehindamine\/wp-json\/wp\/v2\/pages\/74\/revisions"}],"predecessor-version":[{"id":539,"href":"https:\/\/sisu.ut.ee\/fysioterapeutilinehindamine\/wp-json\/wp\/v2\/pages\/74\/revisions\/539"}],"wp:attachment":[{"href":"https:\/\/sisu.ut.ee\/fysioterapeutilinehindamine\/wp-json\/wp\/v2\/media?parent=74"}],"curies":[{"name":"wp","href":"https:\/\/api.w.org\/{rel}","templated":true}]}}