{"id":7,"date":"2024-04-04T05:48:54","date_gmt":"2024-04-04T02:48:54","guid":{"rendered":"https:\/\/sisu.ut.ee\/fysioterapeutilinehindamine\/14-funktsionaalse-hindamise-printsiibid\/"},"modified":"2024-04-04T05:52:31","modified_gmt":"2024-04-04T02:52:31","slug":"14-funktsionaalse-hindamise-printsiibid","status":"publish","type":"page","link":"https:\/\/sisu.ut.ee\/fysioterapeutilinehindamine\/14-funktsionaalse-hindamise-printsiibid\/","title":{"rendered":"1.4. Funktsionaalse hindamise printsiibid"},"content":{"rendered":"<h6>\n\tFunktsionaalsel hindamisel v\u00f5rreldakse aktiivset liigesliikuvust passiivse liigesliikuvusega, haaratud kehapoole liigese, lihase v\u00f5i liigutuse funktsiooni mittehaaratud kehapoole sama funktsiooniga.<br>\n<\/h6>\n<ol dir=\"ltr\">\n<li>\n\t\tKui puudub vajadus bilateraalse hindamise j\u00e4rele, siis hinnatakse mittehaaratud kehapool esimesena. See v\u00f5imaldab v\u00f5rrelda kui palju erineb haaratud kehapoole funktsioonih\u00e4irega liigutus normaalsest.\n\t<\/li>\n<li>\n\t\tEsmalt sooritab patsient aktiivse liigutuse, siis teostab sama liigutuse passiivselt terapeut, sellele j\u00e4rgneb omakorda isomeetriline liigutus vastupanuga.\n\t<\/li>\n<li>\n\t\tEt v\u00e4ltida s\u00fcmptomite v\u00e4ljendumist liigutustes, mis on valuvabad, sooritada valusad liigutused viimasena.\n\t<\/li>\n<li>\n\t\tKui liigese aktiivne liikuvusulatus ei ole t\u00e4ielik, siis v\u00f5ib passiivset survet avaldada suure ettevaatlikkusega, et v\u00e4ltida s\u00fcmptomite \u00e4genemist.\n\t<\/li>\n<li>\n\t\tKui aktiivse liigutuse ajal on liigese liikuvus t\u00e4ielik, siis v\u00f5ib passiivset survet avaldada liigese l\u00f5ppliikuvuse hindamiseks. Selle testi sooritamise j\u00e4rgselt puudub vajadus liigese passiivse liikuvuse hindamiseks.\n\t<\/li>\n<li>\n\t\tNii aktiivset, passiivset kui isomeetrilist liigutust vastupanuga v\u00f5ib teostada mitu korda, v\u00f5i s\u00e4ilitada testiasendit teatud aja jooksul, et hinnata s\u00fcmptomite v\u00f5imendumist kas lihasn\u00f5rkuse v\u00f5i vaskulaarse h\u00e4ire t\u00f5ttu.\n\t<\/li>\n<li>\n\t\tIsomeetrilised testid vastupanuga teostatakse liigese neutraal- v\u00f5i puhkeasendis nii, et pinge liigest \u00fcmbritsevates kudedes oleks minimaalne. Testi ajal tekkinud s\u00fcmptomid on tingitud liigutusega kaasnenud kontraktiilsete kudede probleemidest.\n\t<\/li>\n<li>\n\t\tPassiivse liigesliikuvuse v\u00f5i liigessidemete hindamisel ei ole oluline ainult liikuvusulatus vaid ka liigutuse kvaliteet (l\u00f5ppliikuvus).\n\t<\/li>\n<li>\n\t\tLiigessidemete hindamisel avaldatakse struktuurile sobivat survet ettevaatlikult, testi v\u00f5ib sooritada mitu korda. Liigessidemele avaldatavat survet suurendatakse kuni valu piirini, kuid mitte sellest rohkem. Testi tulemus n\u00e4itab maksimaalset liigessideme ebastabiilsust ilma lihase spasmi tekketa.\n\t<\/li>\n<li>\n\t\tKui hinnatakse m\u00fcotoomiga (lihasgrupp, mille innervatsioon on seotud kindla n\u00e4rvijuurega) seotud lihasn\u00f5rkust, siis s\u00e4ilitatakse lihaskontraktsioon minimaalselt 5 sekundit. M\u00fcotoomiga seotud n\u00f5rkuse arenemiseks on vaja aega.\n\t<\/li>\n<li>\n\t\tKuna korrektne f\u00fcsioterapeutiline hindamine sisaldab erinevatele kudedele surve avaldamist, siis peab terapeut patsienti hoiatama, et s\u00fcmptomite s\u00fcvenemine on seotud hindamisega. See v\u00f5imaldab v\u00e4ltida patsiendi hirme edaspidise teraapia ees.\n\t<\/li>\n<li>\n\t\tKui f\u00fcsioterapeutilise hindamise k\u00e4igus ilmneb midagi ebatavalist v\u00f5i sellist, mille osas puudub terapeudil p\u00e4devus, siis tuleb soovitada patsiendile teist tervishoiuspetsialisti.\n\t<\/li>\n<\/ol>\n","protected":false},"excerpt":{"rendered":"<p>Funktsionaalsel hindamisel v\u00f5rreldakse aktiivset liigesliikuvust passiivse liigesliikuvusega, haaratud kehapoole liigese, lihase v\u00f5i liigutuse funktsiooni mittehaaratud kehapoole sama funktsiooniga. Kui puudub vajadus bilateraalse hindamise j\u00e4rele, siis hinnatakse mittehaaratud kehapool esimesena. See v\u00f5imaldab v\u00f5rrelda kui palju erineb haaratud kehapoole funktsioonih\u00e4irega liigutus normaalsest. &#8230;<\/p>\n","protected":false},"author":9,"featured_media":0,"parent":0,"menu_order":0,"comment_status":"closed","ping_status":"closed","template":"","meta":{"_acf_changed":false,"inline_featured_image":false,"footnotes":""},"class_list":["post-7","page","type-page","status-publish","hentry"],"acf":[],"_links":{"self":[{"href":"https:\/\/sisu.ut.ee\/fysioterapeutilinehindamine\/wp-json\/wp\/v2\/pages\/7","targetHints":{"allow":["GET"]}}],"collection":[{"href":"https:\/\/sisu.ut.ee\/fysioterapeutilinehindamine\/wp-json\/wp\/v2\/pages"}],"about":[{"href":"https:\/\/sisu.ut.ee\/fysioterapeutilinehindamine\/wp-json\/wp\/v2\/types\/page"}],"author":[{"embeddable":true,"href":"https:\/\/sisu.ut.ee\/fysioterapeutilinehindamine\/wp-json\/wp\/v2\/users\/9"}],"replies":[{"embeddable":true,"href":"https:\/\/sisu.ut.ee\/fysioterapeutilinehindamine\/wp-json\/wp\/v2\/comments?post=7"}],"version-history":[{"count":1,"href":"https:\/\/sisu.ut.ee\/fysioterapeutilinehindamine\/wp-json\/wp\/v2\/pages\/7\/revisions"}],"predecessor-version":[{"id":606,"href":"https:\/\/sisu.ut.ee\/fysioterapeutilinehindamine\/wp-json\/wp\/v2\/pages\/7\/revisions\/606"}],"wp:attachment":[{"href":"https:\/\/sisu.ut.ee\/fysioterapeutilinehindamine\/wp-json\/wp\/v2\/media?parent=7"}],"curies":[{"name":"wp","href":"https:\/\/api.w.org\/{rel}","templated":true}]}}