{"id":69,"date":"2024-04-04T05:49:00","date_gmt":"2024-04-04T02:49:00","guid":{"rendered":"https:\/\/sisu.ut.ee\/fysioterapeutilinehindamine\/6-vaagnapiirkonna-funktsionaalne-hindamine\/"},"modified":"2024-04-04T05:52:27","modified_gmt":"2024-04-04T02:52:27","slug":"6-vaagnapiirkonna-funktsionaalne-hindamine","status":"publish","type":"page","link":"https:\/\/sisu.ut.ee\/fysioterapeutilinehindamine\/6-vaagnapiirkonna-funktsionaalne-hindamine\/","title":{"rendered":"6. Vaagnapiirkonna funktsionaalne hindamine"},"content":{"rendered":"<p style=\"margin-top:12.0pt\">\n\t<img loading=\"lazy\" decoding=\"async\" width=\"340\" height=\"296\" class=\"alignnone wp-image-236\" style=\"width: 120px;height: 104px;float: left;margin: 10px\" src=\"https:\/\/sisu.ut.ee\/wp-content\/uploads\/sites\/414\/joonis6-0.png\" title=\"joonis6-0.png\" alt=\"Joonis 6-0\" srcset=\"https:\/\/sisu.ut.ee\/wp-content\/uploads\/sites\/414\/joonis6-0.png 340w, https:\/\/sisu.ut.ee\/wp-content\/uploads\/sites\/414\/joonis6-0-300x261.png 300w\" sizes=\"auto, (max-width: 340px) 100vw, 340px\"><span lang=\"et\" style=\",serif\">Sakroiliakaalliigesed, olles sidekudede kaudu \u00fchenduses kahe niude- ja h\u00e4bemeluuga moodustavad elastse vaagnaringi, l\u00e4bi mille toimub keharaskuse kandmine seljast alaj\u00e4semetesse. Nimetatud anatoomiliste struktuuride triaad toimib puhvrina ka \u00fclakeha suhtes, mil alaj\u00e4semete kontaktil aluspinnaga tekkiv j\u00f5ud absorbeeritakse distaalselt perifeersele. T\u00e4nu koormust v\u00e4hendavale funktsioonile, on sakroiliakaalliigeste ja h\u00e4bemeliiduse ehk s\u00fcmf\u00fc\u00fcsi struktuur erinev teistest hinnatavatest liigestest. Sakroiliakaalliigeste ja s\u00fcmf\u00fc\u00fcsi hindamine tuleb teostada l\u00fclisamba nimmeosa ja puusaliigese funktsionaalse hindamise ajal kui patsiendi kaebus ja tema anamnees viitab vaagnapiirkonna probleemile. Eriti oluline on vastavaid liigeseid hinnata siis, kui puudub otsene, nimetatud liigeste traumaga seotud juhtum. Tavaliselt ei teostata sakroiliakaalliigeste hindamist enne kui on hinnatud l\u00fclisamba nimmeosa ja puusaliigeste funktsionaalsus. Kui l\u00fclisamba nimmeosa ja puusaliigeste funktsionaalse hindamise j\u00e4rgselt pole probleem tuvastatud, siis on vaja teostada vaagnapiirkonna hindamine. <\/span>\n<\/p>\n<p style=\"margin-top:12.0pt\">\n\t<span lang=\"et\" style=\",serif\">Vaatamata sellele, et sakroiliakaalliigesed on v\u00f5rdlemisi elastsed noortel inimestel, v\u00e4heneb liigest \u00fcmbritsevate kudede elastsus progresseeruvalt vanuse kasvades, m\u00f5ningatel juhtudel v\u00f5ib areneda ka liigesj\u00e4ikus ehk ank\u00fcloos. Sakroiliakaalliigeste ning s\u00fcmf\u00fc\u00fcsi liigutused on v\u00f5rreldavad l\u00fclisamba liigestega. Sakroiliakaalliigeseid ja s\u00fcmf\u00fc\u00fcsi ei kontrolli otseselt \u00fckski lihas, ehkki vaagnav\u00f6\u00f6tme piirkonna lihased tagavad vaagna stabiilsuse. Sakroiliakaalliigesed ja s\u00fcmf\u00fc\u00fcs on m\u00f5jutatud lihastest, mis teostavad l\u00fclisamba nimmeosa ja puusaliigese liigutusi, sest paljud lihased kinnituvad ristluule ja niudeluule. Lihased, mis toetavad l\u00fclisamba nimmeosa, puusaliigest ning vaagent jaotatakse kahte gruppi. Sisemised ehk s\u00fcvad lihased on k\u00f5hu ristilihas, diafragma, multifidiuslihased ja vaagnap\u00f5hjalihased. V\u00e4limiselt moodustub neli gruppi lihaseid: s\u00fcgaval pikisuunas kulgev selja sirutajalihas, torakolumbaalfastsia ja hamstringlihased koos ristluuk\u00f6bru ligamendiga; pindmiselt, posterioorselt ning p\u00f5ikisuunas kulgev selja lailihas, suur tuharalihas ja nende vahel olev torakolumbaalfastsia; eesmiselt p\u00f5ikisuunas kulgev sisemine ja v\u00e4limine k\u00f5hu p\u00f5ikilihas, kontralateraalselt puusaliigese l\u00e4hendajalihased ning k\u00f5htmine fastsia nende vahel; lateraalselt kulgev keskmine ja v\u00e4ike tuharalihas ning kontralateraalselt puusaliigese l\u00e4hendajalihased. Nimetatud lihased stabiliseerivad vaagnapiirkonna liigeseid ning panustavad m\u00e4rkimisv\u00e4\u00e4rselt j\u00f5udude \u00fclekandesse vaagna rotatsioonsuunaliste tegevuste aga ka k\u00f5ndimise ja jooksmise ajal.<\/span><\/p>\n","protected":false},"excerpt":{"rendered":"<p>Sakroiliakaalliigesed, olles sidekudede kaudu \u00fchenduses kahe niude- ja h\u00e4bemeluuga moodustavad elastse vaagnaringi, l\u00e4bi mille toimub keharaskuse kandmine seljast alaj\u00e4semetesse. Nimetatud anatoomiliste struktuuride triaad toimib puhvrina ka \u00fclakeha suhtes, mil alaj\u00e4semete kontaktil aluspinnaga tekkiv j\u00f5ud absorbeeritakse distaalselt perifeersele. T\u00e4nu koormust v\u00e4hendavale &#8230;<\/p>\n","protected":false},"author":9,"featured_media":0,"parent":0,"menu_order":0,"comment_status":"closed","ping_status":"closed","template":"","meta":{"_acf_changed":false,"inline_featured_image":false,"footnotes":""},"class_list":["post-69","page","type-page","status-publish","hentry"],"acf":[],"_links":{"self":[{"href":"https:\/\/sisu.ut.ee\/fysioterapeutilinehindamine\/wp-json\/wp\/v2\/pages\/69","targetHints":{"allow":["GET"]}}],"collection":[{"href":"https:\/\/sisu.ut.ee\/fysioterapeutilinehindamine\/wp-json\/wp\/v2\/pages"}],"about":[{"href":"https:\/\/sisu.ut.ee\/fysioterapeutilinehindamine\/wp-json\/wp\/v2\/types\/page"}],"author":[{"embeddable":true,"href":"https:\/\/sisu.ut.ee\/fysioterapeutilinehindamine\/wp-json\/wp\/v2\/users\/9"}],"replies":[{"embeddable":true,"href":"https:\/\/sisu.ut.ee\/fysioterapeutilinehindamine\/wp-json\/wp\/v2\/comments?post=69"}],"version-history":[{"count":1,"href":"https:\/\/sisu.ut.ee\/fysioterapeutilinehindamine\/wp-json\/wp\/v2\/pages\/69\/revisions"}],"predecessor-version":[{"id":544,"href":"https:\/\/sisu.ut.ee\/fysioterapeutilinehindamine\/wp-json\/wp\/v2\/pages\/69\/revisions\/544"}],"wp:attachment":[{"href":"https:\/\/sisu.ut.ee\/fysioterapeutilinehindamine\/wp-json\/wp\/v2\/media?parent=69"}],"curies":[{"name":"wp","href":"https:\/\/api.w.org\/{rel}","templated":true}]}}