{"id":63,"date":"2024-04-04T05:48:59","date_gmt":"2024-04-04T02:48:59","guid":{"rendered":"https:\/\/sisu.ut.ee\/fysioterapeutilinehindamine\/55-perifeersete-liigeste-hindamine\/"},"modified":"2024-04-04T05:52:28","modified_gmt":"2024-04-04T02:52:28","slug":"55-perifeersete-liigeste-hindamine","status":"publish","type":"page","link":"https:\/\/sisu.ut.ee\/fysioterapeutilinehindamine\/55-perifeersete-liigeste-hindamine\/","title":{"rendered":"5.5. Perifeersete liigeste hindamine"},"content":{"rendered":"<h6>\n\tPerifeersete liigeste hindamine v\u00f5imaldab tuvastada liigesliikuvuse ulatused liikuvussuundades, milles terapeut kahtlustab piiratusi.<br>\n<\/h6>\n<p style=\"margin-top:12.0pt;margin-right:0cm;margin-bottom:12.0pt;margin-left:0cm\">\n\t<span lang=\"et\" style=\",serif\">Kui l\u00fclisamba nimmeosa lihaste j\u00f5ud on hinnatud ning terapeudil on kahtlused perifeersete liigeste patoloogiale, siis tuleb vastavate liigeste patoloogilise seisundi tuvastamiseks v\u00f5i v\u00e4listamiseks teostada perifeersete liigeste funktsionaalne hindamine. Hinnatakse sakroiliakaalliigest, puusa-, p\u00f5lve-<\/span><span lang=\"et\" style=\",serif\">\u00a0ja h\u00fcppeliigest ning labajala liigeseid.<\/span>\n<\/p>\n<p style=\"margin-top:12.0pt;margin-right:0cm;margin-bottom:12.0pt;margin-left:0cm\">\n\t<span lang=\"et\" style=\",serif\">Sakroiliakaalliigese hindamisel seisab terapeut patsiendi selja taga. Terapeut palpeerib \u00fche k\u00e4e p\u00f6idlaga patsiendi parema vaagna tagumis-\u00fclemise niudeluuoga, teise k\u00e4e p\u00f6idlaga ristluu \u00fclemise ogaj\u00e4tke. Patsient painutab t\u00e4ielikult parema alaj\u00e4seme nii puusa- kui p\u00f5lveliigesest. Terapeut hindab tagumis-\u00fclemise niudeluuoga liikumist ristluu \u00fclemise ogaj\u00e4tke suhtes. Sakroiliakaalliigese h\u00fcpomobiilsuse korral liigub tagumis-\u00fclemine niudeluuoga ristluu \u00fclemise ogaj\u00e4tke suhtes \u00fcles. Normaalsel juhul tagumis-\u00fclemine niudeluuoga liigub ristluu \u00fclemise ogaj\u00e4tke suhtes alla. Test sooritatakse ka vasakul kehapoolel.<\/span>\n<\/p>\n<p style=\"margin-top:12.0pt;margin-right:0cm;margin-bottom:12.0pt;margin-left:0cm\">\n\t<span lang=\"et\" style=\",serif\">Teise testiga t\u00e4psustatakse istmikuluu liikumine ristluu suhtes. Terapeut seisab patsiendi selja taga ning palpeerib \u00fche k\u00e4e p\u00f6idlaga patsiendi parema istmikuluu alumise nurga, teise k\u00e4e p\u00f6idlaga ristluu alumise tipu. Patsient painutab t\u00e4ielikult parema alaj\u00e4seme nii puusa- kui p\u00f5lveliigesest. Terapeut hindab istmikuluu liikumist ristluu alumise tipu suhtes. Sakroiliakaalliigese h\u00fcpomobiilsuse korral liigub istmikuluul olev p\u00f6ial \u00fcles. Normaalsel juhul liigub terapeudi istmikuluul olev p\u00f6ial lateraalsele. Test sooritatakse ka vasakul kehapoolel.<\/span>\n<\/p>\n<p style=\"margin-top:12.0pt\">\n\t<span lang=\"et\" style=\",serif\">Puusaliigese hindamiseks teostab patsient aktiivsed liigutused puusaliigese fleksioonil, ekstensioonil, abduktsioonil, adduktsioonil, sise- ja v\u00e4lisrotatsioonil maksimaalses liikuvusulatuses. Terapeut peab t\u00e4heldama v\u00f5imalikud s\u00fcmptomid, liikuvuse piiratused v\u00f5i eba\u00f5iged liigutusmustrid. Test sooritatakse bilateraalselt.<\/span>\n<\/p>\n<p style=\"margin-top:12.0pt\">\n\t<span lang=\"et\" style=\",serif\">P\u00f5lveliigese hindamiseks teostab patsient aktiivsed liigutused p\u00f5lveliigese fleksioonil ja ekstensioonil maksimaalses liikuvusulatuses. Terapeut peab t\u00e4heldama v\u00f5imalikud s\u00fcmptomid, liikuvuse piiratused v\u00f5i eba\u00f5iged liigutusmustrid. Test sooritatakse bilateraalselt.<\/span>\n<\/p>\n<p style=\"margin-top:12.0pt\">\n\t<span lang=\"et\" style=\",serif\">H\u00fcppe- ja labajala liigeste hindamiseks teostab patsient aktiivsed liigutused h\u00fcppeliigese plantaar- ja dorsaalfleksioonil, supinatsioonil ja pronatsioonil ning varbaliigeste fleksioonil ja ekstensioonil maksimaalses liikuvusulatuses. Terapeut peab t\u00e4heldama v\u00f5imalikud s\u00fcmptomid, liikuvuse piiratused v\u00f5i eba\u00f5iged liigutusmustrid. Test sooritatakse bilateraalselt.<\/span>\n<\/p>\n<div>\n<div>\n<div class=\"msocomtxt\" id=\"_com_1\">\n\t\t\t\u00a0\n\t\t<\/div>\n<\/div>\n<\/div>\n","protected":false},"excerpt":{"rendered":"<p>Perifeersete liigeste hindamine v\u00f5imaldab tuvastada liigesliikuvuse ulatused liikuvussuundades, milles terapeut kahtlustab piiratusi. Kui l\u00fclisamba nimmeosa lihaste j\u00f5ud on hinnatud ning terapeudil on kahtlused perifeersete liigeste patoloogiale, siis tuleb vastavate liigeste patoloogilise seisundi tuvastamiseks v\u00f5i v\u00e4listamiseks teostada perifeersete liigeste funktsionaalne hindamine. &#8230;<\/p>\n","protected":false},"author":9,"featured_media":0,"parent":0,"menu_order":0,"comment_status":"closed","ping_status":"closed","template":"","meta":{"_acf_changed":false,"inline_featured_image":false,"footnotes":""},"class_list":["post-63","page","type-page","status-publish","hentry"],"acf":[],"_links":{"self":[{"href":"https:\/\/sisu.ut.ee\/fysioterapeutilinehindamine\/wp-json\/wp\/v2\/pages\/63","targetHints":{"allow":["GET"]}}],"collection":[{"href":"https:\/\/sisu.ut.ee\/fysioterapeutilinehindamine\/wp-json\/wp\/v2\/pages"}],"about":[{"href":"https:\/\/sisu.ut.ee\/fysioterapeutilinehindamine\/wp-json\/wp\/v2\/types\/page"}],"author":[{"embeddable":true,"href":"https:\/\/sisu.ut.ee\/fysioterapeutilinehindamine\/wp-json\/wp\/v2\/users\/9"}],"replies":[{"embeddable":true,"href":"https:\/\/sisu.ut.ee\/fysioterapeutilinehindamine\/wp-json\/wp\/v2\/comments?post=63"}],"version-history":[{"count":1,"href":"https:\/\/sisu.ut.ee\/fysioterapeutilinehindamine\/wp-json\/wp\/v2\/pages\/63\/revisions"}],"predecessor-version":[{"id":550,"href":"https:\/\/sisu.ut.ee\/fysioterapeutilinehindamine\/wp-json\/wp\/v2\/pages\/63\/revisions\/550"}],"wp:attachment":[{"href":"https:\/\/sisu.ut.ee\/fysioterapeutilinehindamine\/wp-json\/wp\/v2\/media?parent=63"}],"curies":[{"name":"wp","href":"https:\/\/api.w.org\/{rel}","templated":true}]}}