{"id":62,"date":"2024-04-04T05:48:59","date_gmt":"2024-04-04T02:48:59","guid":{"rendered":"https:\/\/sisu.ut.ee\/fysioterapeutilinehindamine\/14-palpatsioon\/"},"modified":"2024-04-04T05:52:28","modified_gmt":"2024-04-04T02:52:28","slug":"14-palpatsioon","status":"publish","type":"page","link":"https:\/\/sisu.ut.ee\/fysioterapeutilinehindamine\/14-palpatsioon\/","title":{"rendered":"14. Palpatsioon"},"content":{"rendered":"<p><img loading=\"lazy\" decoding=\"async\" width=\"358\" height=\"358\" class=\"alignnone wp-image-212\" style=\"width: 100px;height: 100px;margin-left: 10px;margin-right: 10px;float: left\" src=\"https:\/\/sisu.ut.ee\/wp-content\/uploads\/sites\/414\/14-0.png\" title=\"14-0.png\" alt=\"Joonis\" srcset=\"https:\/\/sisu.ut.ee\/wp-content\/uploads\/sites\/414\/14-0.png 358w, https:\/\/sisu.ut.ee\/wp-content\/uploads\/sites\/414\/14-0-300x300.png 300w, https:\/\/sisu.ut.ee\/wp-content\/uploads\/sites\/414\/14-0-150x150.png 150w\" sizes=\"auto, (max-width: 358px) 100vw, 358px\">Palpatsioon on funktsionaalse hindamise meetod, mida arstid, \u00f5ed, f\u00fcsioterapeudid, tegevusterapeudid v\u00f5i mass\u00f6\u00f6rid rakendavad, et m\u00e4\u00e4rata kudede anatoomiline asukoht, tuvastada koe patoloogiline seisund v\u00f5i patoloogilise piirkonna palpatoorne tundlikkus, tajuda temperatuurimuutusi, hinnata pulssi, tundlikkush\u00e4iret, lihaskontraktsiooni, lihastoonust v\u00f5i liigesliikuvust. Palpatsiooni kasutatakse valulike piirkondade m\u00e4\u00e4ramiseks, patsientide poolt tunnetatud valu kvalifitseerimiseks, teraapia eesm\u00e4rkide t\u00e4psustamiseks ning teraapia efektiivsuse hindamiseks. Et toetuda palpatsiooni suunamisel v\u00f5i manuaalsete v\u00f5tete sooritamisel, aga ka anatoomiliste struktuuride v\u00f5i patoloogiate tajumisel s\u00f5rmeotstest saadud aistingutele, on v\u00e4ga oluline arendada praktika lisandudes kompimismeelt. Palpatsioonil saadud tulemuste t\u00f5lgendamine on seda kvaliteetsem, mida suuremad on palpeerimise kogemused ning paremad anatoomia alased teadmised ja kliinilise m\u00f5tlemise oskused. Palpatsioon on vaid osa kliinilisest ja funktsionaalsest hindamisest, kliinilise v\u00f5i f\u00fcsioterapeutilise diagnoosi kinnitamiseks on vaja teostada lisaks palpatsioonile t\u00e4iendavaid kliinilisi uuringuid v\u00f5i funktsionaalseid teste.<\/p>\n<p style=\"margin-top:12.0pt;margin-right:0cm;margin-bottom:10.0pt;margin-left:0cm\">\n\t<span lang=\"et\" style=\",serif\">Palpatsiooni teostamiseks peab patsient v\u00f5i palpeeritav piirkond olema v\u00f5imalikult l\u00f5dvestunud ning toetatud. F\u00fcsioterapeut peab palpatsiooniga suutma eristada vedelikukogumit, lihase \u00fcletoonust ja alatoonust, lihastreemorit, lihaskiudude kulgemissuunda ning pehmete kudede liiteid v\u00f5i s\u00f5lmjaid moodustisi. Ka luulist deformatsiooni, mida n\u00e4iteks luustuva m\u00fcosiidi (<i>myositis ossificans<\/i> \u2012 seisund, mille korral lihaskoes tekib luukude) korral esineb, on v\u00f5imalik palpatoorselt tuvastada. Terapeut peab m\u00e4rkama kudede tundlikkust, tihkenemist v\u00f5i teisi s\u00fcmptomeid, mis viitavad patoloogiale.\u00a0 <\/span>\n<\/p>\n<p><span lang=\"et\"><span style=\"line-height:115%\"><span style=\",serif\">Palpatsioonil avaldatav surve peab olema kohandatud vastavalt patoloogilisele seisundile \u2012 \u00e4gedas etapis eriti ettevaatlik, kroonilises etapis tugevam. S\u00f5ltumata patoloogilise seisundi etapist, on palpatsiooni alguses terapeudi liigutused aeglased, ettevaatlikud ja pindmised, seej\u00e4rel lisatakse kerge, siis s\u00fcgavam palpatoorne surve kuni tuvastatakse koe patoloogiline seisund v\u00f5i muutus koe elastsuses. Et eristada patoloogiline seisund normaalsest, peab liigese ja liigest \u00fcmbritsevate kudede palpatsioon olema teostatud s\u00fcstemaatilise eesm\u00e4rgiga hinnata k\u00f5ik vajalikud struktuurid alates l\u00e4hte struktuurist k\u00f5rvalstruktuurideni. Et patsiendil tekiks arusaam palpatsioonist ning terapeut saaks tunnetada tervet kude, v\u00f5ib mittehaaratud kehapoole vastava piirkonna palpeerida enne haaratud kehaosa palpeerimist. Palpatoorsed leiud tuleb t\u00e4heldada ning siduda patsiendi diagnoosiga.\u00a0 <\/span><\/span><\/span><\/p>\n","protected":false},"excerpt":{"rendered":"<p>Palpatsioon on funktsionaalse hindamise meetod, mida arstid, \u00f5ed, f\u00fcsioterapeudid, tegevusterapeudid v\u00f5i mass\u00f6\u00f6rid rakendavad, et m\u00e4\u00e4rata kudede anatoomiline asukoht, tuvastada koe patoloogiline seisund v\u00f5i patoloogilise piirkonna palpatoorne tundlikkus, tajuda temperatuurimuutusi, hinnata pulssi, tundlikkush\u00e4iret, lihaskontraktsiooni, lihastoonust v\u00f5i liigesliikuvust. Palpatsiooni kasutatakse valulike piirkondade &#8230;<\/p>\n","protected":false},"author":9,"featured_media":0,"parent":0,"menu_order":0,"comment_status":"closed","ping_status":"closed","template":"","meta":{"_acf_changed":false,"inline_featured_image":false,"footnotes":""},"class_list":["post-62","page","type-page","status-publish","hentry"],"acf":[],"_links":{"self":[{"href":"https:\/\/sisu.ut.ee\/fysioterapeutilinehindamine\/wp-json\/wp\/v2\/pages\/62","targetHints":{"allow":["GET"]}}],"collection":[{"href":"https:\/\/sisu.ut.ee\/fysioterapeutilinehindamine\/wp-json\/wp\/v2\/pages"}],"about":[{"href":"https:\/\/sisu.ut.ee\/fysioterapeutilinehindamine\/wp-json\/wp\/v2\/types\/page"}],"author":[{"embeddable":true,"href":"https:\/\/sisu.ut.ee\/fysioterapeutilinehindamine\/wp-json\/wp\/v2\/users\/9"}],"replies":[{"embeddable":true,"href":"https:\/\/sisu.ut.ee\/fysioterapeutilinehindamine\/wp-json\/wp\/v2\/comments?post=62"}],"version-history":[{"count":1,"href":"https:\/\/sisu.ut.ee\/fysioterapeutilinehindamine\/wp-json\/wp\/v2\/pages\/62\/revisions"}],"predecessor-version":[{"id":551,"href":"https:\/\/sisu.ut.ee\/fysioterapeutilinehindamine\/wp-json\/wp\/v2\/pages\/62\/revisions\/551"}],"wp:attachment":[{"href":"https:\/\/sisu.ut.ee\/fysioterapeutilinehindamine\/wp-json\/wp\/v2\/media?parent=62"}],"curies":[{"name":"wp","href":"https:\/\/api.w.org\/{rel}","templated":true}]}}