{"id":6,"date":"2024-04-04T05:48:54","date_gmt":"2024-04-04T02:48:54","guid":{"rendered":"https:\/\/sisu.ut.ee\/fysioterapeutilinehindamine\/13-vaatlus-0\/"},"modified":"2024-04-04T05:52:31","modified_gmt":"2024-04-04T02:52:31","slug":"13-vaatlus-0","status":"publish","type":"page","link":"https:\/\/sisu.ut.ee\/fysioterapeutilinehindamine\/13-vaatlus-0\/","title":{"rendered":"1.3. Vaatlus"},"content":{"rendered":"<h6>\n\tVaatlus on f\u00fcsioterapeutilise hindamise meetod, mis v\u00f5imaldab visuaalselt tuvastada patsiendi r\u00fchih\u00e4ire v\u00f5i liigutusliku tegevush\u00e4ire.<br>\n<\/h6>\n<p dir=\"ltr\">\n\tVaatluse eesm\u00e4rk on koguda informatsiooni n\u00e4htavatest defektidest, funktsionaalsetest h\u00e4iretest ning r\u00fchiga seotud keha teljelisuse h\u00e4iretest. Vaatamata sellele, et suur osa vaatlusest sisaldab patsiendi r\u00fchi hindamist, vaadeldakse patsienti ka funktsionaalselt. Kui r\u00fchi vaatlusel on patsient passiivne, siis funktsionaalne vaatlus sisaldab patsiendi liigutussoorituse hindamist. Vaatlust v\u00f5ib teostada juba patsiendi sisenedes teraapiaruumi, mil patsient ei ole protsessist teadlik. Vaatluse ajaks palutakse patsiendil eemaldada hindamist segavad riided, vaatluse eesm\u00e4rk ning leiud selgitatakse patsiendile.\u00a0\u00a0\n<\/p>\n<p dir=\"ltr\">\n\tLisaks r\u00fchile hinnatakse vaatluse k\u00e4igus patsiendi k\u00f5ndi, strukturaalseid, funktsionaalseid v\u00f5i d\u00fcnaamilisi deformatsioone<a href=\"#\" data-bs-toggle=\"modal\" data-bs-target=\"#popup-modal\" data-title=\"*\" data-content=\"Struktuursed deformatsioonid on n\u00e4htavad isegi puhkeasendis nt k\u00f5\u00f5rkaelsus, luumurd, skolioos, k\u00fcfoos; funktsionaalsed deformatsioonid on seotud r\u00fchih\u00e4iretega; d\u00fcnaamilised deformatsioonid on p\u00f5hjustatud lihasaktivatsioonist ning see tekib kui lihas kontrahheerub v\u00f5i liiges liigub.&amp;nbsp;\">*<\/a>, pehmete kudede kontuure, naha v\u00e4rvust, turset, punetust, arme, mis viitavad hiljutisele vigastusele v\u00f5i operatsioonile, liigese krepitatsiooni v\u00f5i pl\u00f5ksatust liigese liigutamisel. Vaatlusel v\u00f5ib v\u00e4ljenduda patsiendi suhtumine enda kaebuse v\u00f5i terapeudi osas, vaatlusel saab hinnata kas patsient on kartlik, tunneb end ebamugavalt, on v\u00e4sinud ilmega? Kas patsient on n\u00f5us liikuma, kas tema liigutusmustrid on normaalsed v\u00f5i h\u00e4irunud? K\u00f5ik funktsionaalsed h\u00e4ired tuleb t\u00e4heldada ning t\u00e4psustada eraldi hindamistega.\n<\/p>\n<p dir=\"ltr\">\n\tP\u00e4rast vaatluse teostamist saab hinnata, kas anamneesi p\u00f5hjal pandud diagnoosi on vaja vaatlusel saadud info alusel muuta v\u00f5i mitte.\n<\/p>\n<hr>\n<p>* <em>Struktuursed deformatsioonid on n\u00e4htavad isegi puhkeasendis nt k\u00f5\u00f5rkaelsus, luumurd, skolioos, k\u00fcfoos; funktsionaalsed deformatsioonid on seotud r\u00fchih\u00e4iretega; d\u00fcnaamilised deformatsioonid on p\u00f5hjustatud lihasaktivatsioonist ning see tekib kui lihas kontrahheerub v\u00f5i liiges liigub.\u00a0<\/em><\/p>\n","protected":false},"excerpt":{"rendered":"<p>Vaatlus on f\u00fcsioterapeutilise hindamise meetod, mis v\u00f5imaldab visuaalselt tuvastada patsiendi r\u00fchih\u00e4ire v\u00f5i liigutusliku tegevush\u00e4ire. Vaatluse eesm\u00e4rk on koguda informatsiooni n\u00e4htavatest defektidest, funktsionaalsetest h\u00e4iretest ning r\u00fchiga seotud keha teljelisuse h\u00e4iretest. Vaatamata sellele, et suur osa vaatlusest sisaldab patsiendi r\u00fchi hindamist, vaadeldakse &#8230;<\/p>\n","protected":false},"author":9,"featured_media":0,"parent":0,"menu_order":0,"comment_status":"closed","ping_status":"closed","template":"","meta":{"_acf_changed":false,"inline_featured_image":false,"footnotes":""},"class_list":["post-6","page","type-page","status-publish","hentry"],"acf":[],"_links":{"self":[{"href":"https:\/\/sisu.ut.ee\/fysioterapeutilinehindamine\/wp-json\/wp\/v2\/pages\/6","targetHints":{"allow":["GET"]}}],"collection":[{"href":"https:\/\/sisu.ut.ee\/fysioterapeutilinehindamine\/wp-json\/wp\/v2\/pages"}],"about":[{"href":"https:\/\/sisu.ut.ee\/fysioterapeutilinehindamine\/wp-json\/wp\/v2\/types\/page"}],"author":[{"embeddable":true,"href":"https:\/\/sisu.ut.ee\/fysioterapeutilinehindamine\/wp-json\/wp\/v2\/users\/9"}],"replies":[{"embeddable":true,"href":"https:\/\/sisu.ut.ee\/fysioterapeutilinehindamine\/wp-json\/wp\/v2\/comments?post=6"}],"version-history":[{"count":1,"href":"https:\/\/sisu.ut.ee\/fysioterapeutilinehindamine\/wp-json\/wp\/v2\/pages\/6\/revisions"}],"predecessor-version":[{"id":607,"href":"https:\/\/sisu.ut.ee\/fysioterapeutilinehindamine\/wp-json\/wp\/v2\/pages\/6\/revisions\/607"}],"wp:attachment":[{"href":"https:\/\/sisu.ut.ee\/fysioterapeutilinehindamine\/wp-json\/wp\/v2\/media?parent=6"}],"curies":[{"name":"wp","href":"https:\/\/api.w.org\/{rel}","templated":true}]}}