{"id":58,"date":"2024-04-04T05:48:59","date_gmt":"2024-04-04T02:48:59","guid":{"rendered":"https:\/\/sisu.ut.ee\/fysioterapeutilinehindamine\/52-vaatlus\/"},"modified":"2024-04-04T05:52:28","modified_gmt":"2024-04-04T02:52:28","slug":"52-vaatlus","status":"publish","type":"page","link":"https:\/\/sisu.ut.ee\/fysioterapeutilinehindamine\/52-vaatlus\/","title":{"rendered":"5.2. Vaatlus"},"content":{"rendered":"<h6>\n\tLisaks tavap\u00e4rasele r\u00fchivaatlusele annab kliinilisele m\u00f5tlemisele ainest ka patsiendi kehat\u00fc\u00fcbi hindamine.<br>\n<\/h6>\n<p>\n\t<span style=\"line-height:120%\"><span lang=\"et\" style=\",serif\">L\u00fclisamba nimmeosa kaebusega patsiendi vaatlusel saab tuvastada patsiendi kehat\u00fc\u00fcbi: ektomorf ehk asteeniline (k\u00f5hn), mesomorf ehk atleetlik ning endomorf ehk p\u00fckniline (\u00fclekaaluline). Samuti saab vaatlusega hinnata, kuidas patsient k\u00f5nnib teraapiaruumis, kas esineb k\u00f5nnimustrih\u00e4ireid? K\u00f5nnimustrih\u00e4irete korral peab t\u00e4psustama valu p\u00f5hjuse- on see alaj\u00e4semes v\u00f5i p\u00fc\u00fctakse k\u00f5nnimustri muutusega leevendada s\u00fcmptomeid mujal kehapiirkonnas? Milline on patsiendi suhtumine, on ta pinges, letargiline (haiguslikult unine), t\u00fcdinenud, tervisliku v\u00e4limusega? Akuutse seljavalu korral on t\u00fc\u00fcpiline antalgiline (valulik) kehaasend, kus nimmelordoos on lamenenud ning sundasendi p\u00f5hjuseks on lihasspasm. Paljud seljavalupatsiendid pole v\u00f5imelised s\u00e4ilitama vaagna neutraalasendit, mille korral eesmis-\u00fclemised niudeluuogad (<i>anterior superior iliac spine<\/i>-ASIS) on v\u00e4hesel m\u00e4\u00e4ral madalamal kui tagumis-\u00fclemised niudeluuogad (<i>posterior superior iliac spine<\/i>-PSIS). Ka seljavalukaebusega patsiendi r\u00fchti vaadeldakse \u00fcldiste r\u00fchivaatluse p\u00f5him\u00f5tete alusel eest-, k\u00fclg- ning tagantvaates.<\/span><\/span>\n<\/p>\n<h4>\n\tVaagna ristis\u00fcndroom<br>\n<\/h4>\n<p style=\"margin-top:12.0pt;margin-right:0cm;margin-bottom:12.0pt;margin-left:0cm\">\n\t<span style=\"line-height:120%\"><span lang=\"et\" style=\",serif\">Vaagna ristis\u00fcndroomi (ingl <i>pelvic crossed syndrome<\/i>) korral on posturaalsed ehk staatilised lihased (<i>m iliopsoas<\/i>) \u00fcletoonuses ning l\u00fchenud kompensatoorselt vastavalt r\u00fchih\u00e4irele, samal ajal d\u00fcnaamilistel ehk faasilistel lihastel (k\u00f5hulihased) on tendents atroofiale. Vaagna rists\u00fcndroomi korral m\u00f5jutab vaagnapiirkonna lihaste, aga ka kere- ja alaj\u00e4semelihaste d\u00fcsbalanss vaagna neutraalasendit (joonis 1). On leitud, et kombinatsioon n\u00f5rkadest (ingl <i>weak muscles<\/i>), venitunud (ingl <i>long muscles<\/i>) ja tugevatest (ingl <i>strong muscles<\/i>) ning l\u00fchenenud (ingl <i>short muscles<\/i>) lihastest viib seljavalu tekkeni. Vaagna ebastabiilsuse v\u00f5i alaseljalihaste spastilisusega (\u00fcletoonusega) patsiendil esinevad vaevused istuma laskumisel. Diskogeense valu korral esineb valu ette painutusel ning istumisel, sealjuures mida kauem istutakse, seda suurem on valu.<\/span><\/span>\n<\/p>\n<h6>\n\tVaagna ristis\u00fcndroomi korral on n\u00f5rgad ning venitunud k\u00f5hulihased ja suur tuharalihas, l\u00fchenenud ning \u00fcletoonuses on puusa painutaja- ja selja sirutajalihased.<br>\n<\/h6>\n<p style=\"margin-top:12.0pt\">\n\t<span lang=\"et\" style=\",serif\">Vaagna ristis\u00fcndroomi korral on n\u00f5rgad ning venitunud k\u00f5hulihased ja suur tuharalihas, l\u00fchenenud ja <\/span><span lang=\"et\" style=\",serif\">\u00fcletoonuses on puusaliigese painutaja- ja selja sirutajalihased. Lihaste d\u00fcsbalanss soodustab vaagna anterioorse kalde ja \u00fclem\u00e4\u00e4rase nimmelordoosi teket ning puusaliigese painutajalihaste l\u00fchenemist (kontraktuuri), mis h\u00fcperaktiivsuse (\u00fcletoonuse) t\u00f5ttu soodustavad k\u00f5hulihaste j\u00f5un\u00e4itajate v\u00e4henemist. N\u00f5rgad tuharalihased omakorda soodustavad hamstringlihaste ja selja sirutajalihaste toonuse suurenemist ning \u00fclem\u00e4\u00e4rast puusaliigese sirutust. Vaatamata sellele, et pikk selja sirutajalihas on \u00fcletoonuses, on l\u00fchikesed selja sirutajalihased (multifidiused ja rotaatorlihased) n\u00f5rgad. Hamstringlihaste l\u00fchenemine soodustab vaagna posterioorset asendit, mis tekib kompensatoorselt l\u00fchenenud puusaliigese painutajalihaste ning vaagna anterioorse kalde tasakaalustamiseks. Keskmise tuharalihase n\u00f5rkus suurendab toonust sama kehapoole nimmeruutlihases (<i>m quadratus lumborum<\/i>) ja lai-sidekirmelihases (<i>m tensor fasciae latae<\/i>). Vaagna ristis\u00fcndroom on sageli seotud \u00fclakeha ristis\u00fcndroomiga. <\/span>\n<\/p>\n<p style=\"margin: 12pt 0cm;text-align: center\">\n\t<img loading=\"lazy\" decoding=\"async\" width=\"372\" height=\"714\" class=\"alignnone wp-image-203\" style=\"width: 200px;height: 384px\" src=\"https:\/\/sisu.ut.ee\/wp-content\/uploads\/sites\/414\/joonis5-1.png\" title=\"joonis5-1.png\" alt=\"Joonis 5-1\" srcset=\"https:\/\/sisu.ut.ee\/wp-content\/uploads\/sites\/414\/joonis5-1.png 372w, https:\/\/sisu.ut.ee\/wp-content\/uploads\/sites\/414\/joonis5-1-156x300.png 156w\" sizes=\"auto, (max-width: 372px) 100vw, 372px\">\n<\/p>\n<h5 style=\"margin: 12pt 0cm;text-align: center\">\n\t<span style=\"line-height:120%\"><span lang=\"et\" style=\",serif\">Joonis 1. Vaagna ristis\u00fcndroom.<\/span><\/span><br>\n<\/h5>\n<h4>\n\tFunktsionaalne alaj\u00e4semete pikkuse erinevus<br>\n<\/h4>\n<p style=\"margin-top:12.0pt\">\n\t<span lang=\"et\" style=\",serif\">Et m\u00f5ista kumulatiivse \u00fclekoormuse tekkep\u00f5hjusi alaseljavalu kaebusega patsiendil v\u00f5ib tema hindamisel esineda vajadus tuvastada funktsionaalne alaj\u00e4semete pikkuse erinevus. Kui tavap\u00e4raselt on patsiendi eest- ja tagantvaates, nii eesmised kui tagumised niudeluuogad bilateraalselt s\u00fcmmeetrilisel joonel, siis vastavate luum\u00e4rkpunktide as\u00fcmmeetria korral v\u00f5ib vaagna lateraalsuunalise kalde p\u00f5hjustada ka funktsionaalne alaj\u00e4semete pikkuse erinevus, mis v\u00f5ib olla tingitud luu pikkuskasvu h\u00e4irest, alaj\u00e4seme teljelisuse h\u00e4irest (O- v\u00f5i X-jalgsus, s\u00e4\u00e4reluu deviatsioonasend) v\u00f5i teatud liigese d\u00fcsfunktsioonist (tabel 3).<\/span>\n<\/p>\n<h5 style=\"margin-top: 12pt\">\n\t<span lang=\"et\"><span style=\"line-height:115%\"><span style=\",serif\">Tabel 3. Funktsionaalne alaj\u00e4semete pikkuse erinevus.<\/span><\/span><\/span><br>\n<\/h5>\n<table class=\"table table-hover\" align=\"center\" style=\"border-collapse:collapse;border:solidblack1.0pt\" width=\"549\">\n<tbody>\n<tr style=\"height:24.25pt\">\n<td style=\"width: 87pt\" width=\"116\">\n<p style=\"margin-top: 12pt;text-align: center\">\n\t\t\t\t\t<span style=\"height:24.25pt\"><b><span lang=\"et\" style=\",serif\">Liiges<\/span><\/b><\/span>\n\t\t\t\t<\/p>\n<\/td>\n<td style=\"width: 164.25pt;border-left: none\" width=\"219\">\n<p style=\"margin-top: 12pt;text-align: center\">\n\t\t\t\t\t<span style=\"height:24.25pt\"><b><span lang=\"et\" style=\",serif\">Funktsionaalne pikenemine<\/span><\/b><\/span>\n\t\t\t\t<\/p>\n<\/td>\n<td style=\"width: 160.5pt;border-left: none\" width=\"214\">\n<p style=\"margin-top: 12pt;text-align: center\">\n\t\t\t\t\t<span style=\"height:24.25pt\"><b><span lang=\"et\" style=\",serif\">Funktsionaalne l\u00fchenemine<\/span><\/b><\/span>\n\t\t\t\t<\/p>\n<\/td>\n<\/tr>\n<tr style=\"height:24.25pt\">\n<td style=\"width:87.0pt;border:solidblack1.0pt;border-top:none\" width=\"116\">\n<p style=\"margin-top:12.0pt;padding:5.0pt5.0pt5.0pt5.0pt\">\n\t\t\t\t\t<span style=\"height:24.25pt\"><span lang=\"et\" style=\",serif\">h\u00fcppeliiges<\/span><\/span>\n\t\t\t\t<\/p>\n<\/td>\n<td style=\"width:164.25pt;border-top:none;border-left:none;border-bottom:solidblack1.0pt;border-right:solidblack1.0pt\" width=\"219\">\n<p style=\"margin-top:12.0pt;padding:5.0pt5.0pt5.0pt5.0pt\">\n\t\t\t\t\t<span style=\"height:24.25pt\"><span lang=\"et\" style=\",serif\">supinatsioon<\/span><\/span>\n\t\t\t\t<\/p>\n<\/td>\n<td style=\"width:160.5pt;border-top:none;border-left:none;border-bottom:solidblack1.0pt;border-right:solidblack1.0pt\" width=\"214\">\n<p style=\"margin-top:12.0pt;padding:5.0pt5.0pt5.0pt5.0pt\">\n\t\t\t\t\t<span style=\"height:24.25pt\"><span lang=\"et\" style=\",serif\">pronatsioon<\/span><\/span>\n\t\t\t\t<\/p>\n<\/td>\n<\/tr>\n<tr style=\"height:24.25pt\">\n<td style=\"width:87.0pt;border:solidblack1.0pt;border-top:none\" width=\"116\">\n<p style=\"margin-top:12.0pt;padding:5.0pt5.0pt5.0pt5.0pt\">\n\t\t\t\t\t<span style=\"height:24.25pt\"><span lang=\"et\" style=\",serif\">p\u00f5lveliiges<\/span><\/span>\n\t\t\t\t<\/p>\n<\/td>\n<td style=\"width:164.25pt;border-top:none;border-left:none;border-bottom:solidblack1.0pt;border-right:solidblack1.0pt\" width=\"219\">\n<p style=\"margin-top:12.0pt;padding:5.0pt5.0pt5.0pt5.0pt\">\n\t\t\t\t\t<span style=\"height:24.25pt\"><span lang=\"et\" style=\",serif\">ekstensioon<\/span><\/span>\n\t\t\t\t<\/p>\n<\/td>\n<td style=\"width:160.5pt;border-top:none;border-left:none;border-bottom:solidblack1.0pt;border-right:solidblack1.0pt\" width=\"214\">\n<p style=\"margin-top:12.0pt;padding:5.0pt5.0pt5.0pt5.0pt\">\n\t\t\t\t\t<span style=\"height:24.25pt\"><span lang=\"et\" style=\",serif\">fleksioon<\/span><\/span>\n\t\t\t\t<\/p>\n<\/td>\n<\/tr>\n<tr style=\"height:76.0pt\">\n<td style=\"width:87.0pt;border:solidblack1.0pt;border-top:none\" width=\"116\">\n<p style=\"margin-top:12.0pt;padding:5.0pt5.0pt5.0pt5.0pt\">\n\t\t\t\t\t<span style=\"height:76.0pt\"><span lang=\"et\" style=\",serif\">puusaliiges<\/span><\/span>\n\t\t\t\t<\/p>\n<\/td>\n<td style=\"width:164.25pt;border-top:none;border-left:none;border-bottom:solidblack1.0pt;border-right:solidblack1.0pt\" width=\"219\">\n<p style=\"margin-top:12.0pt;padding:5.0pt5.0pt5.0pt5.0pt\">\n\t\t\t\t\t<span style=\"height:76.0pt\"><span lang=\"et\" style=\",serif\">madalamal (ingl <i>lowering<\/i>)<\/span><\/span>\n\t\t\t\t<\/p>\n<p style=\"margin-top:12.0pt;padding:5.0pt5.0pt5.0pt5.0pt\">\n\t\t\t\t\t<span style=\"height:76.0pt\"><span lang=\"et\" style=\",serif\">ekstensioon<\/span><\/span>\n\t\t\t\t<\/p>\n<p style=\"margin-top:12.0pt;padding:5.0pt5.0pt5.0pt5.0pt\">\n\t\t\t\t\t<span style=\"height:76.0pt\"><span lang=\"et\" style=\",serif\">v\u00e4lisrotatsioon<\/span><\/span>\n\t\t\t\t<\/p>\n<\/td>\n<td style=\"width:160.5pt;border-top:none;border-left:none;border-bottom:solidblack1.0pt;border-right:solidblack1.0pt\" width=\"214\">\n<p style=\"margin-top:12.0pt;padding:5.0pt5.0pt5.0pt5.0pt\">\n\t\t\t\t\t<span style=\"height:76.0pt\"><span lang=\"et\" style=\",serif\">t\u00f5stetud (ingl <i>lifting<\/i>)<\/span><\/span>\n\t\t\t\t<\/p>\n<p style=\"margin-top:12.0pt;padding:5.0pt5.0pt5.0pt5.0pt\">\n\t\t\t\t\t<span style=\"height:76.0pt\"><span lang=\"et\" style=\",serif\">fleksioon<\/span><\/span>\n\t\t\t\t<\/p>\n<p style=\"margin-top:12.0pt;padding:5.0pt5.0pt5.0pt5.0pt\">\n\t\t\t\t\t<span style=\"height:76.0pt\"><span lang=\"et\" style=\",serif\">siserotatsioon<\/span><\/span>\n\t\t\t\t<\/p>\n<\/td>\n<\/tr>\n<tr style=\"height:24.25pt\">\n<td style=\"width:87.0pt;border:solidblack1.0pt;border-top:none\" width=\"116\">\n<p style=\"margin-top:12.0pt;padding:5.0pt5.0pt5.0pt5.0pt\">\n\t\t\t\t\t<span style=\"height:24.25pt\"><span lang=\"et\" style=\",serif\">ristluu<\/span><\/span>\n\t\t\t\t<\/p>\n<\/td>\n<td style=\"width:164.25pt;border-top:none;border-left:none;border-bottom:solidblack1.0pt;border-right:solidblack1.0pt\" width=\"219\">\n<p style=\"margin-top:12.0pt;padding:5.0pt5.0pt5.0pt5.0pt\">\n\t\t\t\t\t<span style=\"height:24.25pt\"><span lang=\"et\" style=\",serif\">anterioorne rotatsioon<\/span><\/span>\n\t\t\t\t<\/p>\n<\/td>\n<td style=\"width:160.5pt;border-top:none;border-left:none;border-bottom:solidblack1.0pt;border-right:solidblack1.0pt\" width=\"214\">\n<p style=\"margin-top:12.0pt;padding:5.0pt5.0pt5.0pt5.0pt\">\n\t\t\t\t\t<span style=\"height:24.25pt\"><span lang=\"et\" style=\",serif\">posterioorne rotatsioon<\/span><\/span>\n\t\t\t\t<\/p>\n<\/td>\n<\/tr>\n<\/tbody>\n<\/table>\n<p style=\"margin-top:12.0pt;margin-right:0cm;margin-bottom:12.0pt;margin-left:0cm\">\n\t\u00a0<\/p>\n","protected":false},"excerpt":{"rendered":"<p>Lisaks tavap\u00e4rasele r\u00fchivaatlusele annab kliinilisele m\u00f5tlemisele ainest ka patsiendi kehat\u00fc\u00fcbi hindamine. L\u00fclisamba nimmeosa kaebusega patsiendi vaatlusel saab tuvastada patsiendi kehat\u00fc\u00fcbi: ektomorf ehk asteeniline (k\u00f5hn), mesomorf ehk atleetlik ning endomorf ehk p\u00fckniline (\u00fclekaaluline). Samuti saab vaatlusega hinnata, kuidas patsient k\u00f5nnib teraapiaruumis, &#8230;<\/p>\n","protected":false},"author":9,"featured_media":0,"parent":0,"menu_order":0,"comment_status":"closed","ping_status":"closed","template":"","meta":{"_acf_changed":false,"inline_featured_image":false,"footnotes":""},"class_list":["post-58","page","type-page","status-publish","hentry"],"acf":[],"_links":{"self":[{"href":"https:\/\/sisu.ut.ee\/fysioterapeutilinehindamine\/wp-json\/wp\/v2\/pages\/58","targetHints":{"allow":["GET"]}}],"collection":[{"href":"https:\/\/sisu.ut.ee\/fysioterapeutilinehindamine\/wp-json\/wp\/v2\/pages"}],"about":[{"href":"https:\/\/sisu.ut.ee\/fysioterapeutilinehindamine\/wp-json\/wp\/v2\/types\/page"}],"author":[{"embeddable":true,"href":"https:\/\/sisu.ut.ee\/fysioterapeutilinehindamine\/wp-json\/wp\/v2\/users\/9"}],"replies":[{"embeddable":true,"href":"https:\/\/sisu.ut.ee\/fysioterapeutilinehindamine\/wp-json\/wp\/v2\/comments?post=58"}],"version-history":[{"count":1,"href":"https:\/\/sisu.ut.ee\/fysioterapeutilinehindamine\/wp-json\/wp\/v2\/pages\/58\/revisions"}],"predecessor-version":[{"id":555,"href":"https:\/\/sisu.ut.ee\/fysioterapeutilinehindamine\/wp-json\/wp\/v2\/pages\/58\/revisions\/555"}],"wp:attachment":[{"href":"https:\/\/sisu.ut.ee\/fysioterapeutilinehindamine\/wp-json\/wp\/v2\/media?parent=58"}],"curies":[{"name":"wp","href":"https:\/\/api.w.org\/{rel}","templated":true}]}}