{"id":56,"date":"2024-04-04T05:48:59","date_gmt":"2024-04-04T02:48:59","guid":{"rendered":"https:\/\/sisu.ut.ee\/fysioterapeutilinehindamine\/5-lulisamba-nimmeosa-hindamine\/"},"modified":"2024-04-04T05:52:28","modified_gmt":"2024-04-04T02:52:28","slug":"5-lulisamba-nimmeosa-hindamine","status":"publish","type":"page","link":"https:\/\/sisu.ut.ee\/fysioterapeutilinehindamine\/5-lulisamba-nimmeosa-hindamine\/","title":{"rendered":"5. L\u00fclisamba nimmeosa hindamine"},"content":{"rendered":"<p>\n\t<img loading=\"lazy\" decoding=\"async\" width=\"130\" height=\"130\" class=\"alignnone wp-image-202\" style=\"width: 130px;height: 130px;margin-right: 10px;float: left\" src=\"https:\/\/sisu.ut.ee\/wp-content\/uploads\/sites\/414\/5-0.png\" title=\"5-0.png\" alt=\"L\u00fclisamba nimmeosa hindamine\">S\u00f5ltumata ametialasest tegevusest, kogeb v\u00e4ga palju inimesi elu jooksul v\u00e4hemalt \u00fcks kord seljavalu. L\u00fclisamba nimmeosa toetab \u00fclakeha ning kannab \u00fclakeha raskuse vaagnale ja alaj\u00e4semetele. L\u00fclisamba nimmeosa strateegilise lokalisatsiooni t\u00f5ttu, peab nimetatud piirkonna struktuure hindama ka siis kui patoloogia kahtlus on mujal seljapiirkonnas (nt r\u00fchi hindamine), aga ka siis kui hinnatakse puusaliigese v\u00f5i sakroiliakaalliigese d\u00fcsfunktsioone. Kui v\u00e4lja arvata traumaga seotud vigastuse piirkond, siis on sageli raske tuvastada, kas patoloogia l\u00e4htub alaseljast, sakroiliakaalliigesest v\u00f5i\u00a0puusaliigesest, ning seet\u00f5ttu on nimetatud kolme piirkonna s\u00fcstemaatiline hindamine vajalik.\n<\/p>\n<p>\n\tL\u00fclisamba nimmeosa kaebusega patsiendi hindamisel on oluline arvestada, et alaseljas esinev \u00fclekoormuss\u00fcndroom v\u00f5ib olla seotud nii l\u00fclisamba kaela-, rinna-, nimmeosa, vaagnav\u00f6\u00f6tme v\u00f5i alaj\u00e4semete teljelisuse h\u00e4irest tingitud r\u00fchih\u00e4irega. Vaagnav\u00f6\u00f6tme spetsiifilised r\u00fchih\u00e4ired on vaagna lateraalsuunaline kalle, vaagna anterioorne v\u00f5i posterioorne asend, vaagna rotatsioonasend. Alaj\u00e4seme teljelisuse h\u00e4ire v\u00f5ib kumulatiivselt tekitada vaagnav\u00f6\u00f6tme r\u00fchih\u00e4ire, mis omakorda on alaselja- ja vaagnav\u00f6\u00f6tmelihaste d\u00fcsbalansi p\u00f5hjus. L\u00fclisamba nimmeosa kaebusega patsiendi lihasd\u00fcsbalansi hindamisel tuleb selgitada, millised kehat\u00fcve- v\u00f5i vaagnav\u00f6\u00f6tmelihased on patsiendi r\u00fchih\u00e4irega seonduvalt \u00fcletoonuses, l\u00fchenenud, n\u00f5rgad v\u00f5i venitunud.<\/p>\n","protected":false},"excerpt":{"rendered":"<p>S\u00f5ltumata ametialasest tegevusest, kogeb v\u00e4ga palju inimesi elu jooksul v\u00e4hemalt \u00fcks kord seljavalu. L\u00fclisamba nimmeosa toetab \u00fclakeha ning kannab \u00fclakeha raskuse vaagnale ja alaj\u00e4semetele. L\u00fclisamba nimmeosa strateegilise lokalisatsiooni t\u00f5ttu, peab nimetatud piirkonna struktuure hindama ka siis kui patoloogia kahtlus on &#8230;<\/p>\n","protected":false},"author":9,"featured_media":0,"parent":0,"menu_order":0,"comment_status":"closed","ping_status":"closed","template":"","meta":{"_acf_changed":false,"inline_featured_image":false,"footnotes":""},"class_list":["post-56","page","type-page","status-publish","hentry"],"acf":[],"_links":{"self":[{"href":"https:\/\/sisu.ut.ee\/fysioterapeutilinehindamine\/wp-json\/wp\/v2\/pages\/56","targetHints":{"allow":["GET"]}}],"collection":[{"href":"https:\/\/sisu.ut.ee\/fysioterapeutilinehindamine\/wp-json\/wp\/v2\/pages"}],"about":[{"href":"https:\/\/sisu.ut.ee\/fysioterapeutilinehindamine\/wp-json\/wp\/v2\/types\/page"}],"author":[{"embeddable":true,"href":"https:\/\/sisu.ut.ee\/fysioterapeutilinehindamine\/wp-json\/wp\/v2\/users\/9"}],"replies":[{"embeddable":true,"href":"https:\/\/sisu.ut.ee\/fysioterapeutilinehindamine\/wp-json\/wp\/v2\/comments?post=56"}],"version-history":[{"count":1,"href":"https:\/\/sisu.ut.ee\/fysioterapeutilinehindamine\/wp-json\/wp\/v2\/pages\/56\/revisions"}],"predecessor-version":[{"id":557,"href":"https:\/\/sisu.ut.ee\/fysioterapeutilinehindamine\/wp-json\/wp\/v2\/pages\/56\/revisions\/557"}],"wp:attachment":[{"href":"https:\/\/sisu.ut.ee\/fysioterapeutilinehindamine\/wp-json\/wp\/v2\/media?parent=56"}],"curies":[{"name":"wp","href":"https:\/\/api.w.org\/{rel}","templated":true}]}}