{"id":51,"date":"2024-04-04T05:48:58","date_gmt":"2024-04-04T02:48:58","guid":{"rendered":"https:\/\/sisu.ut.ee\/fysioterapeutilinehindamine\/4-lulisamba-rinnaosa-hindamine\/"},"modified":"2024-04-04T05:52:28","modified_gmt":"2024-04-04T02:52:28","slug":"4-lulisamba-rinnaosa-hindamine","status":"publish","type":"page","link":"https:\/\/sisu.ut.ee\/fysioterapeutilinehindamine\/4-lulisamba-rinnaosa-hindamine\/","title":{"rendered":"4. L\u00fclisamba rinnaosa hindamine"},"content":{"rendered":"<p>\n\t<img loading=\"lazy\" decoding=\"async\" width=\"130\" height=\"130\" class=\"alignnone wp-image-184\" style=\"width: 130px;height: 130px;margin-right: 10px;float: left\" src=\"https:\/\/sisu.ut.ee\/wp-content\/uploads\/sites\/414\/4-0.png\" title=\"4-0.png\" alt=\"L\u00fclisamba rinnaosa hindamine\">L\u00fclisamba rinnaosa hindamisel peab arvestama, et rinnakorvi t\u00f5ttu on nimetatud osa l\u00fclisambast k\u00f5ige j\u00e4igem. Rinnakorvi funktsioon on kaitsta s\u00fcdant ja kopse. Normaalsel juhul esineb l\u00fclisamba rinnaosas v\u00e4hene k\u00fcfoos (posterioorne k\u00f5verdumine) ning kaela- ja nimmeosas v\u00e4hene lordoos (anterioorne k\u00f5verdumine). Kui terapeut hindab l\u00fclisamba rinnaosa, on oluline, et ka kaela- ja nimmeosa hinnatakse samal ajal.\n<\/p>\n<p>\n\tRindkere piirkonna patoloogia tuvastamise eesm\u00e4rgil k\u00e4sitletakse l\u00fclisamba rinnaosa hindamise peat\u00fckis rindkere deformatsioone, kirjeldatakse l\u00fclisamba rinnaosa aktiivse liikuvuse hindamist, spetsiifilisi neurod\u00fcnaamilisi teste ning l\u00fclisamba segmentaalset elastsust hindavat testi.<\/p>\n","protected":false},"excerpt":{"rendered":"<p>L\u00fclisamba rinnaosa hindamisel peab arvestama, et rinnakorvi t\u00f5ttu on nimetatud osa l\u00fclisambast k\u00f5ige j\u00e4igem. Rinnakorvi funktsioon on kaitsta s\u00fcdant ja kopse. Normaalsel juhul esineb l\u00fclisamba rinnaosas v\u00e4hene k\u00fcfoos (posterioorne k\u00f5verdumine) ning kaela- ja nimmeosas v\u00e4hene lordoos (anterioorne k\u00f5verdumine). Kui terapeut &#8230;<\/p>\n","protected":false},"author":9,"featured_media":0,"parent":0,"menu_order":0,"comment_status":"closed","ping_status":"closed","template":"","meta":{"_acf_changed":false,"inline_featured_image":false,"footnotes":""},"class_list":["post-51","page","type-page","status-publish","hentry"],"acf":[],"_links":{"self":[{"href":"https:\/\/sisu.ut.ee\/fysioterapeutilinehindamine\/wp-json\/wp\/v2\/pages\/51","targetHints":{"allow":["GET"]}}],"collection":[{"href":"https:\/\/sisu.ut.ee\/fysioterapeutilinehindamine\/wp-json\/wp\/v2\/pages"}],"about":[{"href":"https:\/\/sisu.ut.ee\/fysioterapeutilinehindamine\/wp-json\/wp\/v2\/types\/page"}],"author":[{"embeddable":true,"href":"https:\/\/sisu.ut.ee\/fysioterapeutilinehindamine\/wp-json\/wp\/v2\/users\/9"}],"replies":[{"embeddable":true,"href":"https:\/\/sisu.ut.ee\/fysioterapeutilinehindamine\/wp-json\/wp\/v2\/comments?post=51"}],"version-history":[{"count":1,"href":"https:\/\/sisu.ut.ee\/fysioterapeutilinehindamine\/wp-json\/wp\/v2\/pages\/51\/revisions"}],"predecessor-version":[{"id":562,"href":"https:\/\/sisu.ut.ee\/fysioterapeutilinehindamine\/wp-json\/wp\/v2\/pages\/51\/revisions\/562"}],"wp:attachment":[{"href":"https:\/\/sisu.ut.ee\/fysioterapeutilinehindamine\/wp-json\/wp\/v2\/media?parent=51"}],"curies":[{"name":"wp","href":"https:\/\/api.w.org\/{rel}","templated":true}]}}