{"id":49,"date":"2024-04-04T05:48:58","date_gmt":"2024-04-04T02:48:58","guid":{"rendered":"https:\/\/sisu.ut.ee\/fysioterapeutilinehindamine\/36-funktsionaalsed-testid\/"},"modified":"2024-04-04T05:52:29","modified_gmt":"2024-04-04T02:52:29","slug":"36-funktsionaalsed-testid","status":"publish","type":"page","link":"https:\/\/sisu.ut.ee\/fysioterapeutilinehindamine\/36-funktsionaalsed-testid\/","title":{"rendered":"3.6. Funktsionaalsed testid"},"content":{"rendered":"<p style=\"margin-top:12.0pt;margin-right:0cm;margin-bottom:12.0pt;margin-left:0cm\">\n\t<span lang=\"et\" style=\",serif\">Patsiendi l\u00fclisamba kaelaosa funktsionaalset seisundit v\u00f5imaldavad hinnata mitmed funktsionaalsed testid. Testide sooritamisel on oluline arvestada patsiendi vanuse ning tervisliku seisundiga.<\/span>\n<\/p>\n<p style=\"margin-top:12.0pt;margin-right:0cm;margin-bottom:12.0pt;margin-left:0cm\">\n\t<b><span lang=\"et\" style=\",serif\">Hingamine. <\/span><\/b><span lang=\"et\" style=\",serif\">Normaalse, loomuliku hingamise korral on suu suletud.<\/span>\n<\/p>\n<p style=\"margin-top:12.0pt;margin-right:0cm;margin-bottom:12.0pt;margin-left:0cm\">\n\t<b><span lang=\"et\" style=\",serif\">Lakke vaatamine.<\/span><\/b><span lang=\"et\" style=\",serif\"> Igap\u00e4evategevustega seoses n\u00f5uab lakke vaatamine v\u00e4hemalt 40-50\u00b0 l\u00fclisamba kaelaosa sirutust. Kui vastav sirutuspuudulikkus kaelas esineb, siis painutab patsient end seljast Funktsionaalselt\u00a0 p\u00f5lvedest, et saavutada soovitud n\u00e4gemisv\u00e4li.\u00a0 <\/span>\n<\/p>\n<h6>\n\tKaelavaevustega patsiendi funktsionaalsel hindamisel v\u00f5ib paluda patsiendil vaadata lakke, \u00fcle \u00f5la v\u00f5i jalatsite suunas.<br>\n<\/h6>\n<p style=\"margin-top:12.0pt;margin-right:0cm;margin-bottom:12.0pt;margin-left:0cm\">\n\t<b><span lang=\"et\" style=\",serif\">P\u00fcksirihma v\u00f5i jalatsite suunas alla vaatamine.<\/span><\/b><span lang=\"et\" style=\",serif\"> Et kinnitada p\u00fcksiv\u00f6\u00f6 v\u00f5i panna jalga kingad on <\/span><span lang=\"et\" style=\",serif\">vajalik 60-70\u00b0 kaela painutus. Kui vastav liigutus on piiratud, painutab patsient selga, et sooritada tegevus.<\/span>\n<\/p>\n<p style=\"margin-top:12.0pt;margin-right:0cm;margin-bottom:12.0pt;margin-left:0cm\">\n\t<b><span lang=\"et\" style=\",serif\">\u00dcle \u00f5la vaatamine.<\/span><\/b><span lang=\"et\" style=\",serif\"> V\u00e4hemalt 60-70\u00b0 on vaja kaela rotatsiooni, et vaadata \u00fcle \u00f5la. Vastava piiratuse korral teostatakse pea p\u00f6\u00f6ramine kompensatoorselt rindkerest.<\/span>\n<\/p>\n<p style=\"margin-top:12.0pt;margin-right:0cm;margin-bottom:12.0pt;margin-left:0cm\">\n\t<b><span lang=\"et\" style=\",serif\">L\u00f5ualuu asend. <\/span><\/b><span lang=\"et\" style=\",serif\">Kui alal\u00f5ualuu on \u00fclal\u00f5ualuust tagapool (alal\u00f5ug sees), siis on l\u00fclisamba kaela \u00fclaosas \u00fclem\u00e4\u00e4rane fleksioon- ning alaosas ekstensioonasend. Kui alal\u00f5ualuu on \u00fclal\u00f5ualuuga v\u00f5rreldes ees, on l\u00fclisamba kaela \u00fclaosas \u00fclem\u00e4\u00e4rane ekstensioon- ning alaosas fleksioonasend.<\/span>\n<\/p>\n<p style=\"margin-top:12.0pt;margin-right:0cm;margin-bottom:12.0pt;margin-left:0cm\">\n\t<b><span lang=\"et\" style=\",serif\">Lihasj\u00f5ud.<\/span><\/b><span lang=\"et\" style=\",serif\"> Kaelavigastuste riski v\u00e4hendamise eesm\u00e4rgil, on sportlaste puhul oluline, et kaelalihaste j\u00f5ud oleks v\u00e4hemalt 30% kehamassist. Kaelalihaste j\u00f5u hindamise testid on toodud tabelis 5.<\/span>\n<\/p>\n<p style=\"margin-top:12.0pt;margin-right:0cm;margin-bottom:12.0pt;margin-left:0cm\">\n\t<b><span lang=\"et\" style=\",serif\">Paresteesia.<\/span><\/b><span lang=\"et\" style=\",serif\"> Kui paresteesia esineb \u00fclaj\u00e4semetes, v\u00f5ib nt toidu valmistamine v\u00f5i t\u00f6\u00f6riistade k\u00e4sitlemine olla raskendatud v\u00f5i isegi ohtlik.<\/span>\n<\/p>\n<h5 style=\"text-align: center\">\n\tTabel 5. L\u00fclisamba kaelaosa funktsionaalsed lihastestid.<br>\n<\/h5>\n<table class=\"table table-hover\" align=\"center\" style=\"border-collapse: collapse;width: 90%\" width=\"0\">\n<tbody>\n<tr>\n<td style=\"width: 105pt\" width=\"140\">\n<p style=\"text-align: center\">\n\t\t\t\t\t<strong>Algasend<\/strong>\n\t\t\t\t<\/p>\n<\/td>\n<td style=\"width: 119.25pt;border-left: none\" width=\"159\">\n<p style=\"text-align: center\">\n\t\t\t\t\t<strong>Testi sooritus<\/strong>\n\t\t\t\t<\/p>\n<\/td>\n<td style=\"width: 218.25pt;border-left: none\" width=\"291\">\n<p style=\"text-align: center\">\n\t\t\t\t\t<strong>Funktsionaalne test<\/strong>\n\t\t\t\t<\/p>\n<\/td>\n<\/tr>\n<tr>\n<td style=\"border-top: none\">\n<p>\n\t\t\t\t\tSelililiamang\n\t\t\t\t<\/p>\n<\/td>\n<td style=\"border-top: none;border-left: none\">\n<p>\n\t\t\t\t\tT\u00f5sta pea, s\u00e4ilita alal\u00f5ua keskasend kaela fleksioon\n\t\t\t\t<\/p>\n<\/td>\n<td style=\"border-top: none;border-left: none\">\n<ul>\n<li>\n\t\t\t\t\t\t6-8 soorituskordust: funktsionaalne\n\t\t\t\t\t<\/li>\n<li>\n\t\t\t\t\t\t3-5 soorituskordust: funktsionaalsus rahuldav\n\t\t\t\t\t<\/li>\n<li>\n\t\t\t\t\t\t1-2 soorituskordust: funktsionaalsus puudulik\n\t\t\t\t\t<\/li>\n<li>\n\t\t\t\t\t\t0 soorituskordust: mittefunktsionaalne\n\t\t\t\t\t<\/li>\n<\/ul>\n<\/td>\n<\/tr>\n<tr>\n<td style=\"width:105.0pt;border:solidblack1.0pt;border-top:none\" width=\"140\">\n<p>\n\t\t\t\t\tK\u00f5hulilamang\n\t\t\t\t<\/p>\n<\/td>\n<td style=\"width:119.25pt;border-top:none;border-left:none;border-bottom:solidblack1.0pt;border-right:solidblack1.0pt\" width=\"159\">\n<p>\n\t\t\t\t\tT\u00f5sta pea \u00fcles- kaela ekstensioon\n\t\t\t\t<\/p>\n<\/td>\n<td style=\"width:218.25pt;border-top:none;border-left:none;border-bottom:solidblack1.0pt;border-right:solidblack1.0pt\" width=\"291\">\n<ul>\n<li>\n\t\t\t\t\t\tAsendi s\u00e4ilitamine: 20-25 sek: funktsionaalne\n\t\t\t\t\t<\/li>\n<li>\n\t\t\t\t\t\tAsendi s\u00e4ilitamine 10-19 sek: funktsionaalsus rahuldav\n\t\t\t\t\t<\/li>\n<li>\n\t\t\t\t\t\tAsendi s\u00e4ilitamine 1-9 sek: funktsionaalsus puudulik\n\t\t\t\t\t<\/li>\n<li>\n\t\t\t\t\t\tAsendi s\u00e4ilitamine 0 sek: mittefunktsionaalne\n\t\t\t\t\t<\/li>\n<\/ul>\n<\/td>\n<\/tr>\n<tr>\n<td style=\"width:105.0pt;border:solidblack1.0pt;border-top:none\" width=\"140\">\n<p>\n\t\t\t\t\tK\u00fclililamang (padi pea all, et kael ei oleks lateraalfleksioonis)\n\t\t\t\t<\/p>\n<\/td>\n<td style=\"width:119.25pt;border-top:none;border-left:none;border-bottom:solidblack1.0pt;border-right:solidblack1.0pt\" width=\"159\">\n<p>\n\t\t\t\t\tT\u00f5sta pea k\u00fcljele- kaela lateraalfleksioon; sooritada bilateraalselt\n\t\t\t\t<\/p>\n<\/td>\n<td style=\"width:218.25pt;border-top:none;border-left:none;border-bottom:solidblack1.0pt;border-right:solidblack1.0pt\" width=\"291\">\n<ul>\n<li>\n\t\t\t\t\t\tAsendi s\u00e4ilitamine: 20-25 sek: funktsionaalne\n\t\t\t\t\t<\/li>\n<li>\n\t\t\t\t\t\tAsendi s\u00e4ilitamine 10-19 sek: funktsionaalsus rahuldav\n\t\t\t\t\t<\/li>\n<li>\n\t\t\t\t\t\tAsendi s\u00e4ilitamine 1-9 sek: funktsionaalsus puudulik\n\t\t\t\t\t<\/li>\n<li>\n\t\t\t\t\t\tAsendi s\u00e4ilitamine 0 sek: mittefunktsionaalne\n\t\t\t\t\t<\/li>\n<\/ul>\n<\/td>\n<\/tr>\n<tr>\n<td style=\"width:105.0pt;border:solidblack1.0pt;border-top:none\" width=\"140\">\n<p>\n\t\t\t\t\tSelililamang\n\t\t\t\t<\/p>\n<\/td>\n<td style=\"width:119.25pt;border-top:none;border-left:none;border-bottom:solidblack1.0pt;border-right:solidblack1.0pt\" width=\"159\">\n<p>\n\t\t\t\t\tT\u00f5sta pea ning p\u00f6\u00f6rata (roteerida) paremale\/vasakule ja s\u00e4ilitada asendit; sooritada bilateraalselt\n\t\t\t\t<\/p>\n<\/td>\n<td style=\"width:218.25pt;border-top:none;border-left:none;border-bottom:solidblack1.0pt;border-right:solidblack1.0pt\" width=\"291\">\n<ul>\n<li>\n\t\t\t\t\t\tAsendi s\u00e4ilitamine: 20-25 sek: funktsionaalne\n\t\t\t\t\t<\/li>\n<li>\n\t\t\t\t\t\tAsendi s\u00e4ilitamine 10-19 sek: funktsionaalsus rahuldav\n\t\t\t\t\t<\/li>\n<li>\n\t\t\t\t\t\tAsendi s\u00e4ilitamine 1-9 sek: funktsionaalsus puudulik\n\t\t\t\t\t<\/li>\n<li>\n\t\t\t\t\t\tAsendi s\u00e4ilitamine 0 sek: mittefunktsionaalne\n\t\t\t\t\t<\/li>\n<\/ul>\n<\/td>\n<\/tr>\n<\/tbody>\n<\/table>\n","protected":false},"excerpt":{"rendered":"<p>Patsiendi l\u00fclisamba kaelaosa funktsionaalset seisundit v\u00f5imaldavad hinnata mitmed funktsionaalsed testid. Testide sooritamisel on oluline arvestada patsiendi vanuse ning tervisliku seisundiga. Hingamine. Normaalse, loomuliku hingamise korral on suu suletud. Lakke vaatamine. Igap\u00e4evategevustega seoses n\u00f5uab lakke vaatamine v\u00e4hemalt 40-50\u00b0 l\u00fclisamba kaelaosa sirutust. &#8230;<\/p>\n","protected":false},"author":9,"featured_media":0,"parent":0,"menu_order":0,"comment_status":"closed","ping_status":"closed","template":"","meta":{"_acf_changed":false,"inline_featured_image":false,"footnotes":""},"class_list":["post-49","page","type-page","status-publish","hentry"],"acf":[],"_links":{"self":[{"href":"https:\/\/sisu.ut.ee\/fysioterapeutilinehindamine\/wp-json\/wp\/v2\/pages\/49","targetHints":{"allow":["GET"]}}],"collection":[{"href":"https:\/\/sisu.ut.ee\/fysioterapeutilinehindamine\/wp-json\/wp\/v2\/pages"}],"about":[{"href":"https:\/\/sisu.ut.ee\/fysioterapeutilinehindamine\/wp-json\/wp\/v2\/types\/page"}],"author":[{"embeddable":true,"href":"https:\/\/sisu.ut.ee\/fysioterapeutilinehindamine\/wp-json\/wp\/v2\/users\/9"}],"replies":[{"embeddable":true,"href":"https:\/\/sisu.ut.ee\/fysioterapeutilinehindamine\/wp-json\/wp\/v2\/comments?post=49"}],"version-history":[{"count":1,"href":"https:\/\/sisu.ut.ee\/fysioterapeutilinehindamine\/wp-json\/wp\/v2\/pages\/49\/revisions"}],"predecessor-version":[{"id":564,"href":"https:\/\/sisu.ut.ee\/fysioterapeutilinehindamine\/wp-json\/wp\/v2\/pages\/49\/revisions\/564"}],"wp:attachment":[{"href":"https:\/\/sisu.ut.ee\/fysioterapeutilinehindamine\/wp-json\/wp\/v2\/media?parent=49"}],"curies":[{"name":"wp","href":"https:\/\/api.w.org\/{rel}","templated":true}]}}